{"id":4399,"date":"2013-04-18T06:56:03","date_gmt":"2013-04-18T06:56:03","guid":{"rendered":"http:\/\/www.alpine-comfort.ch\/your-stay\/travel\/"},"modified":"2017-06-05T19:45:02","modified_gmt":"2017-06-05T19:45:02","slug":"anreise-informationen","status":"publish","type":"page","link":"https:\/\/alpine-comfort.com\/de\/ferien-bei-uns\/anreise-informationen\/","title":{"rendered":"Anreise"},"content":{"rendered":"<div class=\"fusion-fullwidth fullwidth-box fusion-builder-row-1 hundred-percent-fullwidth non-hundred-percent-height-scrolling\" style=\"--awb-border-radius-top-left:0px;--awb-border-radius-top-right:0px;--awb-border-radius-bottom-right:0px;--awb-border-radius-bottom-left:0px;--awb-overflow:visible;--awb-flex-wrap:wrap;\" ><div class=\"fusion-builder-row fusion-row\"><div class=\"fusion-layout-column fusion_builder_column fusion-builder-column-0 fusion_builder_column_1_1 1_1 fusion-one-full fusion-column-first fusion-column-last fusion-column-no-min-height\" style=\"--awb-bg-size:cover;--awb-margin-bottom:0px;\"><div class=\"fusion-column-wrapper fusion-flex-column-wrapper-legacy\"><div class=\"fusion-title title fusion-title-1 fusion-title-text fusion-title-size-two\" style=\"--awb-margin-top-small:10px;--awb-margin-right-small:0px;--awb-margin-bottom-small:10px;--awb-margin-left-small:0px;\"><h2 class=\"fusion-title-heading title-heading-left\" style=\"margin:0;\">Anreise Informationen<\/h2><span class=\"awb-title-spacer\"><\/span><div class=\"title-sep-container\"><div class=\"title-sep sep-double sep-solid\" style=\"border-color:var(--awb-color3);\"><\/div><\/div><\/div>\n<p>Ob per Flugzeug, Auto oder Bahn &#8211; in jedem Fall ist Ihre Anreise nach Nendaz sehr einfach. Die Anreise informationen in diesem Abschnitt sollen Ihnen helfen, sich f\u00fcr den Weg zu entscheiden, der f\u00fcr Sie der bequemste ist.<\/p>\n<p>Der Hauptan- und Abreisetag f\u00fcr die meisten anderen Reiseveranstalter ist der Samstag. Aus diesem Grund bevorzugen wir es, im Winter an den Sonntagen zu wechseln. F\u00fcr diese Entscheidung gibt es viele gute Gr\u00fcnde: Sie haben den ganzen Samstag Zeit, um in Ruhe Ihre letzten Urlaubsvorbereitungen zu treffen, finden g\u00fcnstigere Fl\u00fcge und ruhigere Strassen. An Ihrem letzten Ferientag werden die Pisten und Wanderwege Ihnen ganz allein geh\u00f6ren, da alle anderen packen und nach Hause fahren.<\/p>\n<div class=\"fusion-clearfix\"><\/div><\/div><\/div><div class=\"fusion-layout-column fusion_builder_column fusion-builder-column-1 fusion_builder_column_1_1 1_1 fusion-one-full fusion-column-first fusion-column-last fusion-column-no-min-height\" style=\"--awb-bg-size:cover;--awb-margin-bottom:0px;\"><div class=\"fusion-column-wrapper fusion-flex-column-wrapper-legacy\"><ul style=\"--awb-line-height:27.2px;--awb-icon-width:27.2px;--awb-icon-height:27.2px;--awb-icon-margin:11.2px;--awb-content-margin:38.4px;--awb-circlecolor:#a0ce4e;--awb-circle-yes-font-size:14.08px;\" class=\"fusion-checklist fusion-checklist-1 fusion-checklist-default type-icons\">\n\n<li class=\"fusion-li-item\" style=\"\"><span class=\"icon-wrapper circle-yes\"><i class=\"fusion-li-icon awb-icon-check\" aria-hidden=\"true\"><\/i><\/span><div class=\"fusion-li-item-content\"><strong>Mit dem Flugzeug&#8230;<\/strong>\u00a0Der n\u00e4chste gr\u00f6ssere Flughafen ist Genf, von Nendaz knapp 2 Stunden entfernt. Fl\u00fcge nach Genf bieten die meisten internationalen Flugh\u00e4fen an.<\/div><\/li>\n<li class=\"fusion-li-item\" style=\"\"><span class=\"icon-wrapper circle-yes\"><i class=\"fusion-li-icon awb-icon-check\" aria-hidden=\"true\"><\/i><\/span><div class=\"fusion-li-item-content\"><strong>Privater Mini-Bus&#8230;<\/strong>\u00a0Von Genf nach Nendaz k\u00f6nnen Sie auf unseren komfortablen privaten Minibus-Transver zur\u00fcckgreifen. Unser Chauffeur holt Sie am Flughafen ab. Stressfrei d\u00fcrfen Sie die wundersch\u00f6ne Landschaft entlang des Genfer Sees und das beeindruckende Rhone-Tal geniessen. Die Fahrt dauert knapp 2 Stunden. Bez\u00fcglich der Kosten schauen Sie bitte unter Preise\/Infos nach.<\/div><\/li>\n<li class=\"fusion-li-item\" style=\"\"><span class=\"icon-wrapper circle-yes\"><i class=\"fusion-li-icon awb-icon-check\" aria-hidden=\"true\"><\/i><\/span><div class=\"fusion-li-item-content\"><strong>Mit dem Zug&#8230;\u00a0<\/strong>Sollten Sie eine Anreise mit der Schweizer Eisenbahn erw\u00e4gen, kontaktieren Sie die SBB (Schweizerische Bundesbahn) bez\u00fcglich aller Fahrplandetails. Ihre Zielstation ist Sion, wo Sie von unserem privaten Chauffeur abgeholt werden. Ein kostenloser Transfer von Sion nach Nendaz ist im Chalet Preis imbegriffen.<\/div><\/li>\n<li class=\"fusion-li-item\" style=\"\"><span class=\"icon-wrapper circle-yes\"><i class=\"fusion-li-icon awb-icon-check\" aria-hidden=\"true\"><\/i><\/span><div class=\"fusion-li-item-content\"><strong>Mit dem Auto&#8230;<\/strong>Reisen Sie aus einem Nachbarland der Schweiz bzw. aus dem Flachland an, sollte Ihr Auto auf die ver\u00e4nderten Bedingungen vorbereitet sein. Das betrifft die H\u00f6henlage und die mit ihr zusammenh\u00e4ngenden tieferen Temperaturen um den Gefrierpunkt. Im Winter empfiehlt sich Allradantrieb. Schneereifen und \/oder -ketten sollten vorhanden sein, da manche Strassen innerhalb unserer Ortschaft sehr steil sind.\u00a0Jedes Land verf\u00fcgt \u00fcber eigene Regeln und gesetzlich festgeschriebene Anforderungen. Wir empfehlen, dass Sie sich in jedem Fall vor Ihrer Abreise von zu Hause gr\u00fcndlich informieren. Sie sorgen damit f\u00fcr Ihre und unser aller Sicherheit..<\/div><\/li>\n\n<\/ul>\n<div class=\"fusion-clearfix\"><\/div><\/div><\/div><div class=\"fusion-layout-column fusion_builder_column fusion-builder-column-2 fusion_builder_column_1_1 1_1 fusion-one-full fusion-column-first fusion-column-last fusion-column-no-min-height\" style=\"--awb-bg-size:cover;--awb-margin-bottom:0px;\"><div class=\"fusion-column-wrapper fusion-flex-column-wrapper-legacy\"><div class=\"fusion-title title fusion-title-2 fusion-title-text fusion-title-size-three\" style=\"--awb-margin-top-small:10px;--awb-margin-right-small:0px;--awb-margin-bottom-small:10px;--awb-margin-left-small:0px;\"><h3 class=\"fusion-title-heading title-heading-left\" style=\"margin:0;\">Hier ein paar Grunds\u00e4tze<\/h3><span class=\"awb-title-spacer\"><\/span><div class=\"title-sep-container\"><div class=\"title-sep sep-double sep-solid\" style=\"border-color:var(--awb-color3);\"><\/div><\/div><\/div>\n<div class=\"fusion-clearfix\"><\/div><\/div><\/div><div class=\"fusion-layout-column fusion_builder_column fusion-builder-column-3 fusion_builder_column_1_1 1_1 fusion-one-full fusion-column-first fusion-column-last fusion-column-no-min-height\" style=\"--awb-bg-size:cover;--awb-margin-bottom:0px;\"><div class=\"fusion-column-wrapper fusion-flex-column-wrapper-legacy\"><ul style=\"--awb-line-height:27.2px;--awb-icon-width:27.2px;--awb-icon-height:27.2px;--awb-icon-margin:11.2px;--awb-content-margin:38.4px;--awb-circlecolor:#a0ce4e;--awb-circle-yes-font-size:14.08px;\" class=\"fusion-checklist fusion-checklist-2 fusion-checklist-default type-icons\">\n\n<li class=\"fusion-li-item\" style=\"\"><span class=\"icon-wrapper circle-yes\"><i class=\"fusion-li-icon awb-icon-check\" aria-hidden=\"true\"><\/i><\/span><div class=\"fusion-li-item-content\">Wandler-Scheinwerfer &#8211; werden in Frankreich und der Schweiz ben\u00f6tigt<\/div><\/li>\n<li class=\"fusion-li-item\" style=\"\"><span class=\"icon-wrapper circle-yes\"><i class=\"fusion-li-icon awb-icon-check\" aria-hidden=\"true\"><\/i><\/span><div class=\"fusion-li-item-content\">Warndreieck &#8211; wird in der Schweiz ben\u00f6tigt<\/div><\/li>\n<li class=\"fusion-li-item\" style=\"\"><span class=\"icon-wrapper circle-yes\"><i class=\"fusion-li-icon awb-icon-check\" aria-hidden=\"true\"><\/i><\/span><div class=\"fusion-li-item-content\">Kinder unter 10 Jahren &#8211; in Frankreich und in der Schweiz d\u00fcrfen nicht auf den Vordersitzen sitzen.<\/div><\/li>\n<li class=\"fusion-li-item\" style=\"\"><span class=\"icon-wrapper circle-yes\"><i class=\"fusion-li-icon awb-icon-check\" aria-hidden=\"true\"><\/i><\/span><div class=\"fusion-li-item-content\">Eine Autobahn -Vignette ben\u00f6tigen Sie bei der Einreise in die Schweiz. Sie kostet 40 CHF oder 30 Euro und ist f\u00fcr ein Jahr g\u00fcltig.<\/div><\/li>\n\n<\/ul>\n<div class=\"fusion-clearfix\"><\/div><\/div><\/div><div class=\"fusion-layout-column fusion_builder_column fusion-builder-column-4 fusion_builder_column_1_1 1_1 fusion-one-full fusion-column-first fusion-column-last fusion-column-no-min-height\" style=\"--awb-bg-size:cover;--awb-margin-bottom:0px;\"><div class=\"fusion-column-wrapper fusion-flex-column-wrapper-legacy\"><div class=\"fusion-title title fusion-title-3 fusion-title-text fusion-title-size-two\" style=\"--awb-margin-top-small:10px;--awb-margin-right-small:0px;--awb-margin-bottom-small:10px;--awb-margin-left-small:0px;\"><h2 class=\"fusion-title-heading title-heading-left\" style=\"margin:0;\">F\u00fcr weitere Informationen \u00fcber Ihre Anreise nehmen Sie bitte Kontakt mit uns auf.<\/h2><span class=\"awb-title-spacer\"><\/span><div class=\"title-sep-container\"><div class=\"title-sep sep-double sep-solid\" style=\"border-color:var(--awb-color3);\"><\/div><\/div><\/div>\n<div class=\"fusion-clearfix\"><\/div><\/div><\/div><div class=\"fusion-layout-column fusion_builder_column fusion-builder-column-5 fusion_builder_column_1_1 1_1 fusion-one-full fusion-column-first fusion-column-last fusion-column-no-min-height\" style=\"--awb-bg-size:cover;--awb-margin-bottom:0px;\"><div class=\"fusion-column-wrapper fusion-flex-column-wrapper-legacy\"><ul style=\"--awb-line-height:27.2px;--awb-icon-width:27.2px;--awb-icon-height:27.2px;--awb-icon-margin:11.2px;--awb-content-margin:38.4px;--awb-circlecolor:#a0ce4e;--awb-circle-yes-font-size:14.08px;\" class=\"fusion-checklist fusion-checklist-3 fusion-checklist-default type-icons\">\n\n<li class=\"fusion-li-item\" style=\"\"><span class=\"icon-wrapper circle-yes\"><i class=\"fusion-li-icon awb-icon-check\" aria-hidden=\"true\"><\/i><\/span><div class=\"fusion-li-item-content\">Unterst\u00fctzung bei der Buchung Ihres Fluges<\/div><\/li>\n<li class=\"fusion-li-item\" style=\"\"><span class=\"icon-wrapper circle-yes\"><i class=\"fusion-li-icon awb-icon-check\" aria-hidden=\"true\"><\/i><\/span><div class=\"fusion-li-item-content\">Privater Mini-Bus vom Flughafen Genf<\/div><\/li>\n<li class=\"fusion-li-item\" style=\"\"><span class=\"icon-wrapper circle-yes\"><i class=\"fusion-li-icon awb-icon-check\" aria-hidden=\"true\"><\/i><\/span><div class=\"fusion-li-item-content\">Gratis-Transfer vom Bahnhof Sion<\/div><\/li>\n<li class=\"fusion-li-item\" style=\"\"><span class=\"icon-wrapper circle-yes\"><i class=\"fusion-li-icon awb-icon-check\" aria-hidden=\"true\"><\/i><\/span><div class=\"fusion-li-item-content\">Road-Trip-Beschreibung<\/div><\/li>\n\n<\/ul><div class=\"fusion-clearfix\"><\/div><\/div><\/div><\/div><\/div>\n","protected":false},"excerpt":{"rendered":"","protected":false},"author":1,"featured_media":0,"parent":4286,"menu_order":32,"comment_status":"open","ping_status":"open","template":"side-navigation.php","meta":{"footnotes":""},"class_list":["post-4399","page","type-page","status-publish","hentry"],"yoast_head":"<!-- This site is optimized with the Yoast SEO plugin v27.3 - https:\/\/yoast.com\/product\/yoast-seo-wordpress\/ -->\n<title>Ferien Anreise informationen, Nendaz, 4 Vall\u00e9es, Verbier, Schweiz<\/title>\n<meta name=\"description\" content=\"Diese Reise informationen in diesem Abschnitt sollen Ihnen helfen, sich f\u00fcr den Weg zu entscheiden, der f\u00fcr Sie und Ihre Familie der bequemste ist.\" \/>\n<meta name=\"robots\" content=\"index, follow, max-snippet:-1, max-image-preview:large, max-video-preview:-1\" \/>\n<link rel=\"canonical\" href=\"https:\/\/alpine-comfort.com\/de\/ferien-bei-uns\/anreise-informationen\/\" \/>\n<meta property=\"og:locale\" content=\"de_DE\" \/>\n<meta property=\"og:type\" content=\"article\" \/>\n<meta property=\"og:title\" content=\"Ferien Anreise informationen, Nendaz, 4 Vall\u00e9es, Verbier, Schweiz\" \/>\n<meta property=\"og:description\" content=\"Diese Reise informationen in diesem Abschnitt sollen Ihnen helfen, sich f\u00fcr den Weg zu entscheiden, der f\u00fcr Sie und Ihre Familie der bequemste ist.\" \/>\n<meta property=\"og:url\" content=\"https:\/\/alpine-comfort.com\/de\/ferien-bei-uns\/anreise-informationen\/\" \/>\n<meta property=\"og:site_name\" content=\"Alpine Comfort\" \/>\n<meta property=\"article:modified_time\" content=\"2017-06-05T19:45:02+00:00\" \/>\n<meta name=\"twitter:label1\" content=\"Gesch\u00e4tzte Lesezeit\" \/>\n\t<meta name=\"twitter:data1\" content=\"4\u00a0Minuten\" \/>\n<script type=\"application\/ld+json\" class=\"yoast-schema-graph\">{\"@context\":\"https:\\\/\\\/schema.org\",\"@graph\":[{\"@type\":\"WebPage\",\"@id\":\"https:\\\/\\\/alpine-comfort.com\\\/de\\\/ferien-bei-uns\\\/anreise-informationen\\\/\",\"url\":\"https:\\\/\\\/alpine-comfort.com\\\/de\\\/ferien-bei-uns\\\/anreise-informationen\\\/\",\"name\":\"Ferien Anreise informationen, Nendaz, 4 Vall\u00e9es, Verbier, Schweiz\",\"isPartOf\":{\"@id\":\"https:\\\/\\\/alpine-comfort.com\\\/#website\"},\"datePublished\":\"2013-04-18T06:56:03+00:00\",\"dateModified\":\"2017-06-05T19:45:02+00:00\",\"description\":\"Diese Reise informationen in diesem Abschnitt sollen Ihnen helfen, sich f\u00fcr den Weg zu entscheiden, der f\u00fcr Sie und Ihre Familie der bequemste ist.\",\"breadcrumb\":{\"@id\":\"https:\\\/\\\/alpine-comfort.com\\\/de\\\/ferien-bei-uns\\\/anreise-informationen\\\/#breadcrumb\"},\"inLanguage\":\"de\",\"potentialAction\":[{\"@type\":\"ReadAction\",\"target\":[\"https:\\\/\\\/alpine-comfort.com\\\/de\\\/ferien-bei-uns\\\/anreise-informationen\\\/\"]}]},{\"@type\":\"BreadcrumbList\",\"@id\":\"https:\\\/\\\/alpine-comfort.com\\\/de\\\/ferien-bei-uns\\\/anreise-informationen\\\/#breadcrumb\",\"itemListElement\":[{\"@type\":\"ListItem\",\"position\":1,\"name\":\"Ferien bei Uns\",\"item\":\"https:\\\/\\\/alpine-comfort.com\\\/de\\\/\"},{\"@type\":\"ListItem\",\"position\":2,\"name\":\"Anreise\"}]},{\"@type\":\"WebSite\",\"@id\":\"https:\\\/\\\/alpine-comfort.com\\\/#website\",\"url\":\"https:\\\/\\\/alpine-comfort.com\\\/\",\"name\":\"Alpine Comfort\",\"description\":\"Pure Luxury Mountain Accommodation\",\"potentialAction\":[{\"@type\":\"SearchAction\",\"target\":{\"@type\":\"EntryPoint\",\"urlTemplate\":\"https:\\\/\\\/alpine-comfort.com\\\/?s={search_term_string}\"},\"query-input\":{\"@type\":\"PropertyValueSpecification\",\"valueRequired\":true,\"valueName\":\"search_term_string\"}}],\"inLanguage\":\"de\"}]}<\/script>\n<!-- \/ Yoast SEO plugin. -->","yoast_head_json":{"title":"Ferien Anreise informationen, Nendaz, 4 Vall\u00e9es, Verbier, Schweiz","description":"Diese Reise informationen in diesem Abschnitt sollen Ihnen helfen, sich f\u00fcr den Weg zu entscheiden, der f\u00fcr Sie und Ihre Familie der bequemste ist.","robots":{"index":"index","follow":"follow","max-snippet":"max-snippet:-1","max-image-preview":"max-image-preview:large","max-video-preview":"max-video-preview:-1"},"canonical":"https:\/\/alpine-comfort.com\/de\/ferien-bei-uns\/anreise-informationen\/","og_locale":"de_DE","og_type":"article","og_title":"Ferien Anreise informationen, Nendaz, 4 Vall\u00e9es, Verbier, Schweiz","og_description":"Diese Reise informationen in diesem Abschnitt sollen Ihnen helfen, sich f\u00fcr den Weg zu entscheiden, der f\u00fcr Sie und Ihre Familie der bequemste ist.","og_url":"https:\/\/alpine-comfort.com\/de\/ferien-bei-uns\/anreise-informationen\/","og_site_name":"Alpine Comfort","article_modified_time":"2017-06-05T19:45:02+00:00","twitter_misc":{"Gesch\u00e4tzte Lesezeit":"4\u00a0Minuten"},"schema":{"@context":"https:\/\/schema.org","@graph":[{"@type":"WebPage","@id":"https:\/\/alpine-comfort.com\/de\/ferien-bei-uns\/anreise-informationen\/","url":"https:\/\/alpine-comfort.com\/de\/ferien-bei-uns\/anreise-informationen\/","name":"Ferien Anreise informationen, Nendaz, 4 Vall\u00e9es, Verbier, Schweiz","isPartOf":{"@id":"https:\/\/alpine-comfort.com\/#website"},"datePublished":"2013-04-18T06:56:03+00:00","dateModified":"2017-06-05T19:45:02+00:00","description":"Diese Reise informationen in diesem Abschnitt sollen Ihnen helfen, sich f\u00fcr den Weg zu entscheiden, der f\u00fcr Sie und Ihre Familie der bequemste ist.","breadcrumb":{"@id":"https:\/\/alpine-comfort.com\/de\/ferien-bei-uns\/anreise-informationen\/#breadcrumb"},"inLanguage":"de","potentialAction":[{"@type":"ReadAction","target":["https:\/\/alpine-comfort.com\/de\/ferien-bei-uns\/anreise-informationen\/"]}]},{"@type":"BreadcrumbList","@id":"https:\/\/alpine-comfort.com\/de\/ferien-bei-uns\/anreise-informationen\/#breadcrumb","itemListElement":[{"@type":"ListItem","position":1,"name":"Ferien bei Uns","item":"https:\/\/alpine-comfort.com\/de\/"},{"@type":"ListItem","position":2,"name":"Anreise"}]},{"@type":"WebSite","@id":"https:\/\/alpine-comfort.com\/#website","url":"https:\/\/alpine-comfort.com\/","name":"Alpine Comfort","description":"Pure Luxury Mountain Accommodation","potentialAction":[{"@type":"SearchAction","target":{"@type":"EntryPoint","urlTemplate":"https:\/\/alpine-comfort.com\/?s={search_term_string}"},"query-input":{"@type":"PropertyValueSpecification","valueRequired":true,"valueName":"search_term_string"}}],"inLanguage":"de"}]}},"_links":{"self":[{"href":"https:\/\/alpine-comfort.com\/de\/wp-json\/wp\/v2\/pages\/4399","targetHints":{"allow":["GET"]}}],"collection":[{"href":"https:\/\/alpine-comfort.com\/de\/wp-json\/wp\/v2\/pages"}],"about":[{"href":"https:\/\/alpine-comfort.com\/de\/wp-json\/wp\/v2\/types\/page"}],"author":[{"embeddable":true,"href":"https:\/\/alpine-comfort.com\/de\/wp-json\/wp\/v2\/users\/1"}],"replies":[{"embeddable":true,"href":"https:\/\/alpine-comfort.com\/de\/wp-json\/wp\/v2\/comments?post=4399"}],"version-history":[{"count":7,"href":"https:\/\/alpine-comfort.com\/de\/wp-json\/wp\/v2\/pages\/4399\/revisions"}],"predecessor-version":[{"id":11997,"href":"https:\/\/alpine-comfort.com\/de\/wp-json\/wp\/v2\/pages\/4399\/revisions\/11997"}],"up":[{"embeddable":true,"href":"https:\/\/alpine-comfort.com\/de\/wp-json\/wp\/v2\/pages\/4286"}],"wp:attachment":[{"href":"https:\/\/alpine-comfort.com\/de\/wp-json\/wp\/v2\/media?parent=4399"}],"curies":[{"name":"wp","href":"https:\/\/api.w.org\/{rel}","templated":true}]}}