{"id":4479,"date":"2013-04-22T18:40:48","date_gmt":"2013-04-22T18:40:48","guid":{"rendered":"http:\/\/www.alpine-comfort.ch\/summer-photos-2\/"},"modified":"2017-06-04T12:05:30","modified_gmt":"2017-06-04T12:05:30","slug":"summer-photos","status":"publish","type":"page","link":"https:\/\/alpine-comfort.com\/de\/photos\/summer-photos\/","title":{"rendered":"Sommer Fotos"},"content":{"rendered":"<div id=\"jig1\" class=\"justified-image-grid jig-847c409fc018d481a419b0fad99bf5fb jig-preset-global\"><div class=\"jig-clearfix\"><\/div><noscript id=\"jig1-html\" class=\"justified-image-grid-html\" data-lazy-src=\"skiplazyload\" data-src=\"skipunveillazyload\"><ul><li><a href=\"https:\/\/alpine-comfort.com\/wp-content\/uploads\/2013\/04\/summer_bisse_walk.jpg\" title=\"summer_bisse_walk\"><img decoding=\"async\" src=\"https:\/\/alpine-comfort.com\/wp-content\/plugins\/justified-image-grid\/timthumb.php?src=https%3A%2F%2Falpine-comfort.com%2Fwp-content%2Fuploads%2F2013%2F04%2Fsummer_bisse_walk.jpg&amp;h=190&amp;q=90&amp;f=.jpg\" alt=\"summer_bisse_walk\" width=\"138\" height=\"190\" \/><\/a><p class=\"jig-HTMLdescription\">summer_bisse_walk<\/p><\/li><li><a href=\"https:\/\/alpine-comfort.com\/wp-content\/uploads\/2013\/04\/summer_sion_castel_1.jpg\" title=\"summer_sion_castel_1\"><img decoding=\"async\" src=\"https:\/\/alpine-comfort.com\/wp-content\/plugins\/justified-image-grid\/timthumb.php?src=https%3A%2F%2Falpine-comfort.com%2Fwp-content%2Fuploads%2F2013%2F04%2Fsummer_sion_castel_1.jpg&amp;h=190&amp;q=90&amp;f=.jpg\" alt=\"summer_sion_castel_1\" width=\"199\" height=\"190\" \/><\/a><p class=\"jig-HTMLdescription\">summer_sion_castel_1<\/p><\/li><li><a href=\"https:\/\/alpine-comfort.com\/wp-content\/uploads\/2013\/04\/summer_binking_4valleys_tour.jpg\" title=\"summer_binking_4valleys_tour\"><img decoding=\"async\" src=\"https:\/\/alpine-comfort.com\/wp-content\/plugins\/justified-image-grid\/timthumb.php?src=https%3A%2F%2Falpine-comfort.com%2Fwp-content%2Fuploads%2F2013%2F04%2Fsummer_binking_4valleys_tour.jpg&amp;h=190&amp;q=90&amp;f=.jpg\" alt=\"summer_binking_4valleys_tour\" width=\"352\" height=\"190\" \/><\/a><p class=\"jig-HTMLdescription\">summer_binking_4valleys_tour<\/p><\/li><li><a href=\"https:\/\/alpine-comfort.com\/wp-content\/uploads\/2013\/04\/summer_hiking_sanetch_area.jpg\" title=\"summer_hiking_sanetch_area\"><img decoding=\"async\" src=\"https:\/\/alpine-comfort.com\/wp-content\/plugins\/justified-image-grid\/timthumb.php?src=https%3A%2F%2Falpine-comfort.com%2Fwp-content%2Fuploads%2F2013%2F04%2Fsummer_hiking_sanetch_area.jpg&amp;h=190&amp;q=90&amp;f=.jpg\" alt=\"summer_hiking_sanetch_area\" width=\"285\" height=\"190\" \/><\/a><p class=\"jig-HTMLdescription\">summer_hiking_sanetch_area<\/p><\/li><li><a href=\"https:\/\/alpine-comfort.com\/wp-content\/uploads\/2013\/04\/summer_valasi_house.jpg\" title=\"summer_valasi_house\"><img decoding=\"async\" src=\"https:\/\/alpine-comfort.com\/wp-content\/plugins\/justified-image-grid\/timthumb.php?src=https%3A%2F%2Falpine-comfort.com%2Fwp-content%2Fuploads%2F2013%2F04%2Fsummer_valasi_house.jpg&amp;h=190&amp;q=90&amp;f=.jpg\" alt=\"summer_valasi_house\" width=\"124\" height=\"190\" \/><\/a><p class=\"jig-HTMLdescription\">summer_valasi_house<\/p><\/li><li><a href=\"https:\/\/alpine-comfort.com\/wp-content\/uploads\/2013\/04\/summer_walking.jpg\" title=\"summer_walking\"><img decoding=\"async\" src=\"https:\/\/alpine-comfort.com\/wp-content\/plugins\/justified-image-grid\/timthumb.php?src=https%3A%2F%2Falpine-comfort.com%2Fwp-content%2Fuploads%2F2013%2F04%2Fsummer_walking.jpg&amp;h=190&amp;q=90&amp;f=.jpg\" alt=\"summer_walking\" width=\"133\" height=\"190\" \/><\/a><p class=\"jig-HTMLdescription\">summer_walking<\/p><\/li><li><a href=\"https:\/\/alpine-comfort.com\/wp-content\/uploads\/2013\/04\/summer_festival_alphorn.jpg\" title=\"summer_festival_alphorn\"><img decoding=\"async\" src=\"https:\/\/alpine-comfort.com\/wp-content\/plugins\/justified-image-grid\/timthumb.php?src=https%3A%2F%2Falpine-comfort.com%2Fwp-content%2Fuploads%2F2013%2F04%2Fsummer_festival_alphorn.jpg&amp;h=190&amp;q=90&amp;f=.jpg\" alt=\"summer_festival_alphorn\" width=\"279\" height=\"190\" \/><\/a><p class=\"jig-HTMLdescription\">summer_festival_alphorn<\/p><\/li><li><a href=\"https:\/\/alpine-comfort.com\/wp-content\/uploads\/2013\/04\/summer_Les_vache_du_valais.jpg\" title=\"summer_Les_vache_du_valais\"><img decoding=\"async\" src=\"https:\/\/alpine-comfort.com\/wp-content\/plugins\/justified-image-grid\/timthumb.php?src=https%3A%2F%2Falpine-comfort.com%2Fwp-content%2Fuploads%2F2013%2F04%2Fsummer_Les_vache_du_valais.jpg&amp;h=190&amp;q=90&amp;f=.jpg\" alt=\"summer_Les_vache_du_valais\" width=\"112\" height=\"190\" \/><\/a><p class=\"jig-HTMLdescription\">summer_Les_vache_du_valais<\/p><\/li><li><a href=\"https:\/\/alpine-comfort.com\/wp-content\/uploads\/2013\/04\/summer_entry_to_castel.jpg\" title=\"summer_entry_to_castel\"><img decoding=\"async\" src=\"https:\/\/alpine-comfort.com\/wp-content\/plugins\/justified-image-grid\/timthumb.php?src=https%3A%2F%2Falpine-comfort.com%2Fwp-content%2Fuploads%2F2013%2F04%2Fsummer_entry_to_castel.jpg&amp;h=190&amp;q=90&amp;f=.jpg\" alt=\"summer_entry_to_castel\" width=\"122\" height=\"190\" \/><\/a><p class=\"jig-HTMLdescription\">summer_entry_to_castel<\/p><\/li><li><a href=\"https:\/\/alpine-comfort.com\/wp-content\/uploads\/2013\/04\/summer_japonese_garden.jpg\" title=\"summer_japonese_garden\"><img decoding=\"async\" src=\"https:\/\/alpine-comfort.com\/wp-content\/plugins\/justified-image-grid\/timthumb.php?src=https%3A%2F%2Falpine-comfort.com%2Fwp-content%2Fuploads%2F2013%2F04%2Fsummer_japonese_garden.jpg&amp;h=190&amp;q=90&amp;f=.jpg\" alt=\"summer_japonese_garden\" width=\"288\" height=\"190\" \/><\/a><p class=\"jig-HTMLdescription\">summer_japonese_garden<\/p><\/li><li><a href=\"https:\/\/alpine-comfort.com\/wp-content\/uploads\/2013\/04\/summer_4valleys.jpg\" title=\"summer_4valleys\"><img decoding=\"async\" src=\"https:\/\/alpine-comfort.com\/wp-content\/plugins\/justified-image-grid\/timthumb.php?src=https%3A%2F%2Falpine-comfort.com%2Fwp-content%2Fuploads%2F2013%2F04%2Fsummer_4valleys.jpg&amp;h=190&amp;q=90&amp;f=.jpg\" alt=\"summer_4valleys\" width=\"253\" height=\"190\" \/><\/a><p class=\"jig-HTMLdescription\">summer_4valleys<\/p><\/li><li><a href=\"https:\/\/alpine-comfort.com\/wp-content\/uploads\/2013\/04\/summer_on_the_top.jpg\" title=\"summer_on_the_top\"><img decoding=\"async\" src=\"https:\/\/alpine-comfort.com\/wp-content\/plugins\/justified-image-grid\/timthumb.php?src=https%3A%2F%2Falpine-comfort.com%2Fwp-content%2Fuploads%2F2013%2F04%2Fsummer_on_the_top.jpg&amp;h=190&amp;q=90&amp;f=.jpg\" alt=\"summer_on_the_top\" width=\"388\" height=\"190\" \/><\/a><p class=\"jig-HTMLdescription\">summer_on_the_top<\/p><\/li><li><a href=\"https:\/\/alpine-comfort.com\/wp-content\/uploads\/2013\/04\/summer_biking.jpg\" title=\"summer_biking\"><img decoding=\"async\" src=\"https:\/\/alpine-comfort.com\/wp-content\/plugins\/justified-image-grid\/timthumb.php?src=https%3A%2F%2Falpine-comfort.com%2Fwp-content%2Fuploads%2F2013%2F04%2Fsummer_biking.jpg&amp;h=190&amp;q=90&amp;f=.jpg\" alt=\"summer_biking\" width=\"349\" height=\"190\" \/><\/a><p class=\"jig-HTMLdescription\">summer_biking<\/p><\/li><li><a href=\"https:\/\/alpine-comfort.com\/wp-content\/uploads\/2013\/04\/summer_mountain_flowers.jpg\" title=\"summer_mountain_flowers\"><img decoding=\"async\" src=\"https:\/\/alpine-comfort.com\/wp-content\/plugins\/justified-image-grid\/timthumb.php?src=https%3A%2F%2Falpine-comfort.com%2Fwp-content%2Fuploads%2F2013%2F04%2Fsummer_mountain_flowers.jpg&amp;h=190&amp;q=90&amp;f=.jpg\" alt=\"summer_mountain_flowers\" width=\"186\" height=\"190\" \/><\/a><p class=\"jig-HTMLdescription\">summer_mountain_flowers<\/p><\/li><li><a href=\"https:\/\/alpine-comfort.com\/wp-content\/uploads\/2013\/04\/summer_walkway_in_the_vines.jpg\" title=\"summer_walkway_in_the_vines\"><img decoding=\"async\" src=\"https:\/\/alpine-comfort.com\/wp-content\/plugins\/justified-image-grid\/timthumb.php?src=https%3A%2F%2Falpine-comfort.com%2Fwp-content%2Fuploads%2F2013%2F04%2Fsummer_walkway_in_the_vines.jpg&amp;h=190&amp;q=90&amp;f=.jpg\" alt=\"summer_walkway_in_the_vines\" width=\"285\" height=\"190\" \/><\/a><p class=\"jig-HTMLdescription\">summer_walkway_in_the_vines<\/p><\/li><li><a href=\"https:\/\/alpine-comfort.com\/wp-content\/uploads\/2013\/04\/summer_sion.jpg\" title=\"summer_sion\"><img decoding=\"async\" src=\"https:\/\/alpine-comfort.com\/wp-content\/plugins\/justified-image-grid\/timthumb.php?src=https%3A%2F%2Falpine-comfort.com%2Fwp-content%2Fuploads%2F2013%2F04%2Fsummer_sion.jpg&amp;h=190&amp;q=90&amp;f=.jpg\" alt=\"summer_sion\" width=\"285\" height=\"190\" \/><\/a><p class=\"jig-HTMLdescription\">summer_sion<\/p><\/li><li><a href=\"https:\/\/alpine-comfort.com\/wp-content\/uploads\/2013\/04\/Summer_4valleys_switzerland.jpg\" title=\"Summer_4valleys_switzerland\"><img decoding=\"async\" src=\"https:\/\/alpine-comfort.com\/wp-content\/plugins\/justified-image-grid\/timthumb.php?src=https%3A%2F%2Falpine-comfort.com%2Fwp-content%2Fuploads%2F2013%2F04%2FSummer_4valleys_switzerland.jpg&amp;h=190&amp;q=90&amp;f=.jpg\" alt=\"Summer_4valleys_switzerland\" width=\"170\" height=\"190\" \/><\/a><p class=\"jig-HTMLdescription\">Summer_4valleys_switzerland<\/p><\/li><li><a href=\"https:\/\/alpine-comfort.com\/wp-content\/uploads\/2013\/04\/summer_walk_to_la_dent_de_nendaz.jpg\" title=\"summer_walk_to_la_dent_de_nendaz\"><img decoding=\"async\" src=\"https:\/\/alpine-comfort.com\/wp-content\/plugins\/justified-image-grid\/timthumb.php?src=https%3A%2F%2Falpine-comfort.com%2Fwp-content%2Fuploads%2F2013%2F04%2Fsummer_walk_to_la_dent_de_nendaz.jpg&amp;h=190&amp;q=90&amp;f=.jpg\" alt=\"summer_walk_to_la_dent_de_nendaz\" width=\"277\" height=\"190\" \/><\/a><p class=\"jig-HTMLdescription\">summer_walk_to_la_dent_de_nendaz<\/p><\/li><li><a href=\"https:\/\/alpine-comfort.com\/wp-content\/uploads\/2013\/04\/summer_adventure_park_sion-569x1024.jpg\"><img decoding=\"async\" src=\"https:\/\/alpine-comfort.com\/wp-content\/plugins\/justified-image-grid\/timthumb.php?src=https%3A%2F%2Falpine-comfort.com%2Fwp-content%2Fuploads%2F2013%2F04%2Fsummer_adventure_park_sion-569x1024.jpg&amp;h=190&amp;q=90&amp;f=.jpg\" alt=\"\" width=\"105\" height=\"190\" \/><\/a><\/li><li><a href=\"https:\/\/alpine-comfort.com\/wp-content\/uploads\/2013\/04\/summer_cleuson_plan_de_fou-1024x694.jpg\"><img decoding=\"async\" src=\"https:\/\/alpine-comfort.com\/wp-content\/plugins\/justified-image-grid\/timthumb.php?src=https%3A%2F%2Falpine-comfort.com%2Fwp-content%2Fuploads%2F2013%2F04%2Fsummer_cleuson_plan_de_fou-1024x694.jpg&amp;h=190&amp;q=90&amp;f=.jpg\" alt=\"\" width=\"280\" height=\"190\" \/><\/a><\/li><li><a href=\"https:\/\/alpine-comfort.com\/wp-content\/uploads\/2013\/04\/summer_sion_castel.jpg\" title=\"summer_sion_castel\"><img decoding=\"async\" src=\"https:\/\/alpine-comfort.com\/wp-content\/plugins\/justified-image-grid\/timthumb.php?src=https%3A%2F%2Falpine-comfort.com%2Fwp-content%2Fuploads%2F2013%2F04%2Fsummer_sion_castel.jpg&amp;h=190&amp;q=90&amp;f=.jpg\" alt=\"summer_sion_castel\" width=\"303\" height=\"190\" \/><\/a><p class=\"jig-HTMLdescription\">summer_sion_castel<\/p><\/li><li><a href=\"https:\/\/alpine-comfort.com\/wp-content\/uploads\/2013\/04\/summer_festival_nendaz.jpg\" title=\"summer_festival_nendaz\"><img decoding=\"async\" src=\"https:\/\/alpine-comfort.com\/wp-content\/plugins\/justified-image-grid\/timthumb.php?src=https%3A%2F%2Falpine-comfort.com%2Fwp-content%2Fuploads%2F2013%2F04%2Fsummer_festival_nendaz.jpg&amp;h=190&amp;q=90&amp;f=.jpg\" alt=\"summer_festival_nendaz\" width=\"125\" height=\"190\" \/><\/a><p class=\"jig-HTMLdescription\">summer_festival_nendaz<\/p><\/li><li><a href=\"https:\/\/alpine-comfort.com\/wp-content\/uploads\/2013\/04\/summer_walking_trail_nendaz.jpg\" title=\"summer_walking_trail_nendaz\"><img decoding=\"async\" src=\"https:\/\/alpine-comfort.com\/wp-content\/plugins\/justified-image-grid\/timthumb.php?src=https%3A%2F%2Falpine-comfort.com%2Fwp-content%2Fuploads%2F2013%2F04%2Fsummer_walking_trail_nendaz.jpg&amp;h=190&amp;q=90&amp;f=.jpg\" alt=\"summer_walking_trail_nendaz\" width=\"263\" height=\"190\" \/><\/a><p class=\"jig-HTMLdescription\">summer_walking_trail_nendaz<\/p><\/li><li><a href=\"https:\/\/alpine-comfort.com\/wp-content\/uploads\/2013\/04\/summer_our_service.jpg\" title=\"summer_our_service\"><img decoding=\"async\" src=\"https:\/\/alpine-comfort.com\/wp-content\/plugins\/justified-image-grid\/timthumb.php?src=https%3A%2F%2Falpine-comfort.com%2Fwp-content%2Fuploads%2F2013%2F04%2Fsummer_our_service.jpg&amp;h=190&amp;q=90&amp;f=.jpg\" alt=\"summer_our_service\" width=\"128\" height=\"190\" \/><\/a><p class=\"jig-HTMLdescription\">summer_our_service<\/p><\/li><li><a href=\"https:\/\/alpine-comfort.com\/wp-content\/uploads\/2013\/04\/summer_view_to_the_ruin.jpg\" title=\"summer_view_to_the_ruin\"><img decoding=\"async\" src=\"https:\/\/alpine-comfort.com\/wp-content\/plugins\/justified-image-grid\/timthumb.php?src=https%3A%2F%2Falpine-comfort.com%2Fwp-content%2Fuploads%2F2013%2F04%2Fsummer_view_to_the_ruin.jpg&amp;h=190&amp;q=90&amp;f=.jpg\" alt=\"summer_view_to_the_ruin\" width=\"264\" height=\"190\" \/><\/a><p class=\"jig-HTMLdescription\">summer_view_to_the_ruin<\/p><\/li><li><a href=\"https:\/\/alpine-comfort.com\/wp-content\/uploads\/2013\/04\/summer_another_bisse_walk.jpg\" title=\"summer_another_bisse_walk\"><img decoding=\"async\" src=\"https:\/\/alpine-comfort.com\/wp-content\/plugins\/justified-image-grid\/timthumb.php?src=https%3A%2F%2Falpine-comfort.com%2Fwp-content%2Fuploads%2F2013%2F04%2Fsummer_another_bisse_walk.jpg&amp;h=190&amp;q=90&amp;f=.jpg\" alt=\"summer_another_bisse_walk\" width=\"119\" height=\"190\" \/><\/a><p class=\"jig-HTMLdescription\">summer_another_bisse_walk<\/p><\/li><\/ul><\/noscript><\/div>\n","protected":false},"excerpt":{"rendered":"","protected":false},"author":1,"featured_media":0,"parent":4485,"menu_order":101,"comment_status":"open","ping_status":"closed","template":"side-navigation.php","meta":{"footnotes":""},"class_list":["post-4479","page","type-page","status-publish","hentry"],"yoast_head":"<!-- This site is optimized with the Yoast SEO plugin v27.3 - https:\/\/yoast.com\/product\/yoast-seo-wordpress\/ -->\n<title>Alpine Chalet Spezial Angebote f\u00fcr Luxus Chalet Urlaub<\/title>\n<meta name=\"description\" content=\"Hoffentlich m\u00f6gen Sie unsere Chalet Fotos und dass wir Sie sehr bald begr\u00fc\u00dfen k\u00f6nnen. Unsere Zimmer sind nicht die gr\u00f6\u00dften, aber unser Service ist super!\" \/>\n<meta name=\"robots\" content=\"index, follow, max-snippet:-1, max-image-preview:large, max-video-preview:-1\" \/>\n<link rel=\"canonical\" href=\"https:\/\/alpine-comfort.com\/de\/photos\/summer-photos\/\" \/>\n<meta property=\"og:locale\" content=\"de_DE\" \/>\n<meta property=\"og:type\" content=\"article\" \/>\n<meta property=\"og:title\" content=\"Alpine Chalet Spezial Angebote f\u00fcr Luxus Chalet Urlaub\" \/>\n<meta property=\"og:description\" content=\"Hoffentlich m\u00f6gen Sie unsere Chalet Fotos und dass wir Sie sehr bald begr\u00fc\u00dfen k\u00f6nnen. Unsere Zimmer sind nicht die gr\u00f6\u00dften, aber unser Service ist super!\" \/>\n<meta property=\"og:url\" content=\"https:\/\/alpine-comfort.com\/de\/photos\/summer-photos\/\" \/>\n<meta property=\"og:site_name\" content=\"Alpine Comfort\" \/>\n<meta property=\"article:modified_time\" content=\"2017-06-04T12:05:30+00:00\" \/>\n<meta property=\"og:image\" content=\"http:\/\/skiplazyload\" \/>\n<script type=\"application\/ld+json\" class=\"yoast-schema-graph\">{\"@context\":\"https:\\\/\\\/schema.org\",\"@graph\":[{\"@type\":\"WebPage\",\"@id\":\"https:\\\/\\\/alpine-comfort.com\\\/de\\\/photos\\\/summer-photos\\\/\",\"url\":\"https:\\\/\\\/alpine-comfort.com\\\/de\\\/photos\\\/summer-photos\\\/\",\"name\":\"Alpine Chalet Spezial Angebote f\u00fcr Luxus Chalet Urlaub\",\"isPartOf\":{\"@id\":\"https:\\\/\\\/alpine-comfort.com\\\/#website\"},\"datePublished\":\"2013-04-22T18:40:48+00:00\",\"dateModified\":\"2017-06-04T12:05:30+00:00\",\"description\":\"Hoffentlich m\u00f6gen Sie unsere Chalet Fotos und dass wir Sie sehr bald begr\u00fc\u00dfen k\u00f6nnen. Unsere Zimmer sind nicht die gr\u00f6\u00dften, aber unser Service ist super!\",\"breadcrumb\":{\"@id\":\"https:\\\/\\\/alpine-comfort.com\\\/de\\\/photos\\\/summer-photos\\\/#breadcrumb\"},\"inLanguage\":\"de\",\"potentialAction\":[{\"@type\":\"ReadAction\",\"target\":[\"https:\\\/\\\/alpine-comfort.com\\\/de\\\/photos\\\/summer-photos\\\/\"]}]},{\"@type\":\"BreadcrumbList\",\"@id\":\"https:\\\/\\\/alpine-comfort.com\\\/de\\\/photos\\\/summer-photos\\\/#breadcrumb\",\"itemListElement\":[{\"@type\":\"ListItem\",\"position\":1,\"name\":\"Chalet Cygnet Fotos\",\"item\":\"https:\\\/\\\/alpine-comfort.com\\\/de\\\/photos\\\/\"},{\"@type\":\"ListItem\",\"position\":2,\"name\":\"Sommer Fotos\"}]},{\"@type\":\"WebSite\",\"@id\":\"https:\\\/\\\/alpine-comfort.com\\\/#website\",\"url\":\"https:\\\/\\\/alpine-comfort.com\\\/\",\"name\":\"Alpine Comfort\",\"description\":\"Pure Luxury Mountain Accommodation\",\"potentialAction\":[{\"@type\":\"SearchAction\",\"target\":{\"@type\":\"EntryPoint\",\"urlTemplate\":\"https:\\\/\\\/alpine-comfort.com\\\/?s={search_term_string}\"},\"query-input\":{\"@type\":\"PropertyValueSpecification\",\"valueRequired\":true,\"valueName\":\"search_term_string\"}}],\"inLanguage\":\"de\"}]}<\/script>\n<!-- \/ Yoast SEO plugin. -->","yoast_head_json":{"title":"Alpine Chalet Spezial Angebote f\u00fcr Luxus Chalet Urlaub","description":"Hoffentlich m\u00f6gen Sie unsere Chalet Fotos und dass wir Sie sehr bald begr\u00fc\u00dfen k\u00f6nnen. Unsere Zimmer sind nicht die gr\u00f6\u00dften, aber unser Service ist super!","robots":{"index":"index","follow":"follow","max-snippet":"max-snippet:-1","max-image-preview":"max-image-preview:large","max-video-preview":"max-video-preview:-1"},"canonical":"https:\/\/alpine-comfort.com\/de\/photos\/summer-photos\/","og_locale":"de_DE","og_type":"article","og_title":"Alpine Chalet Spezial Angebote f\u00fcr Luxus Chalet Urlaub","og_description":"Hoffentlich m\u00f6gen Sie unsere Chalet Fotos und dass wir Sie sehr bald begr\u00fc\u00dfen k\u00f6nnen. Unsere Zimmer sind nicht die gr\u00f6\u00dften, aber unser Service ist super!","og_url":"https:\/\/alpine-comfort.com\/de\/photos\/summer-photos\/","og_site_name":"Alpine Comfort","article_modified_time":"2017-06-04T12:05:30+00:00","og_image":[{"url":"skiplazyload","type":"","width":"","height":""}],"schema":{"@context":"https:\/\/schema.org","@graph":[{"@type":"WebPage","@id":"https:\/\/alpine-comfort.com\/de\/photos\/summer-photos\/","url":"https:\/\/alpine-comfort.com\/de\/photos\/summer-photos\/","name":"Alpine Chalet Spezial Angebote f\u00fcr Luxus Chalet Urlaub","isPartOf":{"@id":"https:\/\/alpine-comfort.com\/#website"},"datePublished":"2013-04-22T18:40:48+00:00","dateModified":"2017-06-04T12:05:30+00:00","description":"Hoffentlich m\u00f6gen Sie unsere Chalet Fotos und dass wir Sie sehr bald begr\u00fc\u00dfen k\u00f6nnen. Unsere Zimmer sind nicht die gr\u00f6\u00dften, aber unser Service ist super!","breadcrumb":{"@id":"https:\/\/alpine-comfort.com\/de\/photos\/summer-photos\/#breadcrumb"},"inLanguage":"de","potentialAction":[{"@type":"ReadAction","target":["https:\/\/alpine-comfort.com\/de\/photos\/summer-photos\/"]}]},{"@type":"BreadcrumbList","@id":"https:\/\/alpine-comfort.com\/de\/photos\/summer-photos\/#breadcrumb","itemListElement":[{"@type":"ListItem","position":1,"name":"Chalet Cygnet Fotos","item":"https:\/\/alpine-comfort.com\/de\/photos\/"},{"@type":"ListItem","position":2,"name":"Sommer Fotos"}]},{"@type":"WebSite","@id":"https:\/\/alpine-comfort.com\/#website","url":"https:\/\/alpine-comfort.com\/","name":"Alpine Comfort","description":"Pure Luxury Mountain Accommodation","potentialAction":[{"@type":"SearchAction","target":{"@type":"EntryPoint","urlTemplate":"https:\/\/alpine-comfort.com\/?s={search_term_string}"},"query-input":{"@type":"PropertyValueSpecification","valueRequired":true,"valueName":"search_term_string"}}],"inLanguage":"de"}]}},"_links":{"self":[{"href":"https:\/\/alpine-comfort.com\/de\/wp-json\/wp\/v2\/pages\/4479","targetHints":{"allow":["GET"]}}],"collection":[{"href":"https:\/\/alpine-comfort.com\/de\/wp-json\/wp\/v2\/pages"}],"about":[{"href":"https:\/\/alpine-comfort.com\/de\/wp-json\/wp\/v2\/types\/page"}],"author":[{"embeddable":true,"href":"https:\/\/alpine-comfort.com\/de\/wp-json\/wp\/v2\/users\/1"}],"replies":[{"embeddable":true,"href":"https:\/\/alpine-comfort.com\/de\/wp-json\/wp\/v2\/comments?post=4479"}],"version-history":[{"count":8,"href":"https:\/\/alpine-comfort.com\/de\/wp-json\/wp\/v2\/pages\/4479\/revisions"}],"predecessor-version":[{"id":10240,"href":"https:\/\/alpine-comfort.com\/de\/wp-json\/wp\/v2\/pages\/4479\/revisions\/10240"}],"up":[{"embeddable":true,"href":"https:\/\/alpine-comfort.com\/de\/wp-json\/wp\/v2\/pages\/4485"}],"wp:attachment":[{"href":"https:\/\/alpine-comfort.com\/de\/wp-json\/wp\/v2\/media?parent=4479"}],"curies":[{"name":"wp","href":"https:\/\/api.w.org\/{rel}","templated":true}]}}