{"id":4483,"date":"2013-04-21T12:25:32","date_gmt":"2013-04-21T12:25:32","guid":{"rendered":"http:\/\/www.alpine-comfort.ch\/chalet-rental-2\/"},"modified":"2017-06-05T19:52:55","modified_gmt":"2017-06-05T19:52:55","slug":"luxus-chalet-vermietung","status":"publish","type":"page","link":"https:\/\/alpine-comfort.com\/de\/luxus-chalet-vermietung\/","title":{"rendered":"Andere Chalets"},"content":{"rendered":"<p><div class=\"fusion-fullwidth fullwidth-box fusion-builder-row-1 hundred-percent-fullwidth non-hundred-percent-height-scrolling\" style=\"--awb-border-radius-top-left:0px;--awb-border-radius-top-right:0px;--awb-border-radius-bottom-right:0px;--awb-border-radius-bottom-left:0px;--awb-overflow:visible;--awb-flex-wrap:wrap;\" ><div class=\"fusion-builder-row fusion-row\"><div class=\"fusion-layout-column fusion_builder_column fusion-builder-column-0 fusion_builder_column_1_1 1_1 fusion-one-full fusion-column-first fusion-column-last fusion-column-no-min-height\" style=\"--awb-bg-size:cover;--awb-margin-bottom:0px;\"><div class=\"fusion-column-wrapper fusion-flex-column-wrapper-legacy\"><div class=\"fusion-title title fusion-title-1 fusion-title-text fusion-title-size-two\" style=\"--awb-margin-top-small:10px;--awb-margin-right-small:0px;--awb-margin-bottom-small:10px;--awb-margin-left-small:0px;\"><h2 class=\"fusion-title-heading title-heading-left\" style=\"margin:0;\">Unsere Luxus Chalets in Nendaz<\/h2><span class=\"awb-title-spacer\"><\/span><div class=\"title-sep-container\"><div class=\"title-sep sep-double sep-solid\" style=\"border-color:var(--awb-color3);\"><\/div><\/div><\/div>\n<p>Willkommen in unserem etablierten Luxus Chalet Portfolio.<\/p>\n<p>Die folgenden luxuri\u00f6sen Chalets befinden sich entweder oberhalb des Dorfes von Nendaz unmittelbar oder in der N\u00e4he der Skipiste und im Sommer den unz\u00e4hligen Wanderwegen, oder sind innerhalb des Dorfes in einer ruhigen Lage. Alle bieten einen Atemberaubenden\u00a0 Panoramablick auf die Berner Alpen und das Rhonetal.<br \/>\nDiese Luxus-Chalets sind zu Vermieten mit oder ohne Verpflegung \/ Hotel service w\u00e4hrend des ganzen Jahr hindurch.<\/p>\n<p>Bitte <a title=\"kontakt\" href=\"http:\/\/alpine-comfort.com\/de\/kontakt-alpine-comfort\/\">kontaktieren<\/a> Sie uns f\u00fcr weitere Details.<\/p>\n<div class=\"fusion-clearfix\"><\/div><\/div><\/div><\/div><\/div><div class=\"fusion-fullwidth fullwidth-box fusion-builder-row-2 hundred-percent-fullwidth non-hundred-percent-height-scrolling\" style=\"--awb-border-radius-top-left:0px;--awb-border-radius-top-right:0px;--awb-border-radius-bottom-right:0px;--awb-border-radius-bottom-left:0px;--awb-overflow:visible;--awb-flex-wrap:wrap;\" ><div class=\"fusion-builder-row fusion-row\"><div class=\"fusion-layout-column fusion_builder_column fusion-builder-column-1 fusion_builder_column_1_1 1_1 fusion-one-full fusion-column-first fusion-column-last fusion-column-no-min-height\" style=\"--awb-bg-size:cover;--awb-margin-bottom:0px;\"><div class=\"fusion-column-wrapper fusion-flex-column-wrapper-legacy\"><style type=\"text\/css\">.fusion-portfolio-wrapper#fusion-portfolio-1 .fusion-portfolio-content{  text-align: left; }<\/style><div class=\"fusion-recent-works fusion-portfolio-element fusion-portfolio fusion-portfolio-1 fusion-portfolio-grid fusion-portfolio-paging-pagination fusion-portfolio-two fusion-portfolio-unboxed fusion-portfolio-text fusion-portfolio-rollover\" data-id=\"-rw-1\" data-columns=\"two\"><style type=\"text\/css\">.fusion-portfolio-1 .fusion-portfolio-wrapper .fusion-col-spacing{padding:10px;}<\/style><div class=\"fusion-portfolio-wrapper\" id=\"fusion-portfolio-1\" data-picturesize=\"fixed\" data-pages=\"1\" style=\"margin:-10px;\"><article id=\"portfolio-1-post-11255\" class=\"fusion-portfolio-post cosy-de garage-de hot-tub-de fusion-col-spacing post-11255\"><div class=\"fusion-portfolio-content-wrapper\" style=\"border:none;\"><span class=\"vcard rich-snippet-hidden\"><span class=\"fn\"><a href=\"https:\/\/alpine-comfort.com\/de\/author\/alpine-comfort\/\" title=\"Beitr\u00e4ge von Alpine Comfort\" rel=\"author\">Alpine Comfort<\/a><\/span><\/span><span class=\"updated rich-snippet-hidden\">2026-04-03T22:13:23+00:00<\/span><div  class=\"fusion-image-wrapper fusion-image-size-fixed\" aria-haspopup=\"true\">\n\t\t\t\t<img decoding=\"async\" width=\"460\" height=\"295\" src=\"https:\/\/alpine-comfort.com\/wp-content\/uploads\/2016\/07\/condor_1-460x295.jpg\" class=\"attachment-portfolio-two size-portfolio-two wp-post-image\" alt=\"\" \/><div class=\"fusion-rollover\">\n\t<div class=\"fusion-rollover-content\">\n\n\t\t\t\t\t\t\t\t\t\t\t\t\t\t<a class=\"fusion-rollover-link\" href=\"https:\/\/alpine-comfort.com\/de\/chalets\/nendaz-chalet-condor\/\">Nendaz Chalet Condor<\/a>\n\t\t\t\n\t\t\t\t\t\t\t\t\t\t\t\t\t\t\n\t\t\t\t\t\t\t\t\n\t\t\t\t\t\t\t\t\t\t\t\t\t<div class=\"fusion-rollover-sep\"><\/div>\n\t\t\t\t\n\t\t\t\t\t\t\t\t\t\t\t\t\t\t\t\t\t\t<a class=\"fusion-rollover-gallery\" href=\"https:\/\/alpine-comfort.com\/wp-content\/uploads\/2016\/07\/condor_1.jpg\" data-options=\"\" data-id=\"11255\" data-rel=\"iLightbox[gallery-rw-1]\" data-title=\"condor_1\" data-caption=\"\">\n\t\t\t\t\t\tGallery\t\t\t\t\t<\/a>\n\t\t\t\t\t\t\t\t\t\t\t\t\t\t\n\t\t\n\t\t\t\t\t\t\t\t\t\t\t\t<h4 class=\"fusion-rollover-title\">\n\t\t\t\t\t<a class=\"fusion-rollover-title-link\" href=\"https:\/\/alpine-comfort.com\/de\/chalets\/nendaz-chalet-condor\/\">\n\t\t\t\t\t\tNendaz Chalet Condor\t\t\t\t\t<\/a>\n\t\t\t\t<\/h4>\n\t\t\t\n\t\t\t\t\t\t\t\t\t\t<div class=\"fusion-rollover-categories\"><a href=\"https:\/\/alpine-comfort.com\/de\/portfolio_category\/cosy-de\/\" rel=\"tag\">cosy<\/a>, <a href=\"https:\/\/alpine-comfort.com\/de\/portfolio_category\/garage-de\/\" rel=\"tag\">garage<\/a>, <a href=\"https:\/\/alpine-comfort.com\/de\/portfolio_category\/hot-tub-de\/\" rel=\"tag\">hot tub<\/a><\/div>\t\t\t\t\t\n\t\t\n\t\t\t\t\t\t<a class=\"fusion-link-wrapper\" href=\"https:\/\/alpine-comfort.com\/de\/chalets\/nendaz-chalet-condor\/\" aria-label=\"Nendaz Chalet Condor\"><\/a>\n\t<\/div>\n<\/div>\n<\/div>\n<div class=\"fusion-portfolio-content\"><h2 class=\"entry-title fusion-post-title\"><a href=\"https:\/\/alpine-comfort.com\/de\/chalets\/nendaz-chalet-condor\/\">Nendaz Chalet Condor<\/a><\/h2><div class=\"fusion-portfolio-meta\"><a href=\"https:\/\/alpine-comfort.com\/de\/portfolio_category\/cosy-de\/\" rel=\"tag\">cosy<\/a>, <a href=\"https:\/\/alpine-comfort.com\/de\/portfolio_category\/garage-de\/\" rel=\"tag\">garage<\/a>, <a href=\"https:\/\/alpine-comfort.com\/de\/portfolio_category\/hot-tub-de\/\" rel=\"tag\">hot tub<\/a><\/div><div class=\"fusion-post-content\"><p>Dieses Luxus Nendaz Chalet bietet einen hervorragenden Komfort f\u00fcr eine Familie oder eine Gruppe von Freunden. Mit einer herrlichen Aussicht \u00fcber die Berner-Alpen platziert in einer ruhigen Lage am Rande  [...]<\/p><\/div><\/div><\/div><\/article><article id=\"portfolio-1-post-5029\" class=\"fusion-portfolio-post fusion-col-spacing post-5029\"><div class=\"fusion-portfolio-content-wrapper\" style=\"border:none;\"><span class=\"vcard rich-snippet-hidden\"><span class=\"fn\"><a href=\"https:\/\/alpine-comfort.com\/de\/author\/admin\/\" title=\"Beitr\u00e4ge von admin\" rel=\"author\">admin<\/a><\/span><\/span><span class=\"updated rich-snippet-hidden\">2026-04-01T20:08:51+00:00<\/span><div  class=\"fusion-image-wrapper fusion-image-size-fixed\" aria-haspopup=\"true\">\n\t\t\t\t<img decoding=\"async\" width=\"460\" height=\"295\" src=\"https:\/\/alpine-comfort.com\/wp-content\/uploads\/2013\/05\/nendaz_chalet_002-460x295.jpg\" class=\"attachment-portfolio-two size-portfolio-two wp-post-image\" alt=\"\" \/><div class=\"fusion-rollover\">\n\t<div class=\"fusion-rollover-content\">\n\n\t\t\t\t\t\t\t\t\t\t\t\t\t\t<a class=\"fusion-rollover-link\" href=\"https:\/\/alpine-comfort.com\/de\/chalets\/familien-chalet-mit-ausblick\/\">Nendaz Chalet Dahu<\/a>\n\t\t\t\n\t\t\t\t\t\t\t\t\t\t\t\t\t\t\n\t\t\t\t\t\t\t\t\n\t\t\t\t\t\t\t\t\t\t\t\t\t<div class=\"fusion-rollover-sep\"><\/div>\n\t\t\t\t\n\t\t\t\t\t\t\t\t\t\t\t\t\t\t\t\t\t\t<a class=\"fusion-rollover-gallery\" href=\"https:\/\/alpine-comfort.com\/wp-content\/uploads\/2013\/05\/nendaz_chalet_002.jpg\" data-options=\"\" data-id=\"5029\" data-rel=\"iLightbox[gallery-rw-1]\" data-title=\"nendaz_chalet_002\" data-caption=\"\">\n\t\t\t\t\t\tGallery\t\t\t\t\t<\/a>\n\t\t\t\t\t\t\t\t\t\t\t\t\t\t\n\t\t\n\t\t\t\t\t\t\t\t\t\t\t\t<h4 class=\"fusion-rollover-title\">\n\t\t\t\t\t<a class=\"fusion-rollover-title-link\" href=\"https:\/\/alpine-comfort.com\/de\/chalets\/familien-chalet-mit-ausblick\/\">\n\t\t\t\t\t\tNendaz Chalet Dahu\t\t\t\t\t<\/a>\n\t\t\t\t<\/h4>\n\t\t\t\n\t\t\t\t\t\t\t\t\t\t\t\t\t\t\t\n\t\t\n\t\t\t\t\t\t<a class=\"fusion-link-wrapper\" href=\"https:\/\/alpine-comfort.com\/de\/chalets\/familien-chalet-mit-ausblick\/\" aria-label=\"Nendaz Chalet Dahu\"><\/a>\n\t<\/div>\n<\/div>\n<\/div>\n<div class=\"fusion-portfolio-content\"><h2 class=\"entry-title fusion-post-title\"><a href=\"https:\/\/alpine-comfort.com\/de\/chalets\/familien-chalet-mit-ausblick\/\">Nendaz Chalet Dahu<\/a><\/h2><div class=\"fusion-post-content\"><p>Ein gem\u00fctliches Familien Chalet auf 3 Ebenen mit herrlichem Blick \u00fcber das Rhonetal. Das Chalet befindet sich in unmittelbarer N\u00e4he der Anf\u00e4nger\u00a0 Skipiste was den Zugang zur Skipiste mit den  [...]<\/p><\/div><\/div><\/div><\/article><article id=\"portfolio-1-post-5084\" class=\"fusion-portfolio-post swimming-pool-de fusion-col-spacing post-5084\"><div class=\"fusion-portfolio-content-wrapper\" style=\"border:none;\"><span class=\"vcard rich-snippet-hidden\"><span class=\"fn\"><a href=\"https:\/\/alpine-comfort.com\/de\/author\/admin\/\" title=\"Beitr\u00e4ge von admin\" rel=\"author\">admin<\/a><\/span><\/span><span class=\"updated rich-snippet-hidden\">2026-04-01T20:05:38+00:00<\/span><div  class=\"fusion-image-wrapper fusion-image-size-fixed\" aria-haspopup=\"true\">\n\t\t\t\t<img decoding=\"async\" width=\"460\" height=\"295\" src=\"https:\/\/alpine-comfort.com\/wp-content\/uploads\/2013\/05\/swimmingpool_nendaz_chalet-460x295.jpg\" class=\"attachment-portfolio-two size-portfolio-two wp-post-image\" alt=\"\" \/><div class=\"fusion-rollover\">\n\t<div class=\"fusion-rollover-content\">\n\n\t\t\t\t\t\t\t\t\t\t\t\t\t\t<a class=\"fusion-rollover-link\" href=\"https:\/\/alpine-comfort.com\/de\/chalets\/luxus-mit-schwimmbad\/\">Nendaz Chalet Kalibu<\/a>\n\t\t\t\n\t\t\t\t\t\t\t\t\t\t\t\t\t\t\n\t\t\t\t\t\t\t\t\n\t\t\t\t\t\t\t\t\t\t\t\t\t<div class=\"fusion-rollover-sep\"><\/div>\n\t\t\t\t\n\t\t\t\t\t\t\t\t\t\t\t\t\t\t\t\t\t\t<a class=\"fusion-rollover-gallery\" href=\"https:\/\/alpine-comfort.com\/wp-content\/uploads\/2013\/05\/swimmingpool_nendaz_chalet.jpg\" data-options=\"\" data-id=\"5084\" data-rel=\"iLightbox[gallery-rw-1]\" data-title=\"swimmingpool_nendaz_chalet\" data-caption=\"\">\n\t\t\t\t\t\tGallery\t\t\t\t\t<\/a>\n\t\t\t\t\t\t\t\t\t\t\t\t\t\t\n\t\t\n\t\t\t\t\t\t\t\t\t\t\t\t<h4 class=\"fusion-rollover-title\">\n\t\t\t\t\t<a class=\"fusion-rollover-title-link\" href=\"https:\/\/alpine-comfort.com\/de\/chalets\/luxus-mit-schwimmbad\/\">\n\t\t\t\t\t\tNendaz Chalet Kalibu\t\t\t\t\t<\/a>\n\t\t\t\t<\/h4>\n\t\t\t\n\t\t\t\t\t\t\t\t\t\t<div class=\"fusion-rollover-categories\"><a href=\"https:\/\/alpine-comfort.com\/de\/portfolio_category\/swimming-pool-de\/\" rel=\"tag\">swimming pool<\/a><\/div>\t\t\t\t\t\n\t\t\n\t\t\t\t\t\t<a class=\"fusion-link-wrapper\" href=\"https:\/\/alpine-comfort.com\/de\/chalets\/luxus-mit-schwimmbad\/\" aria-label=\"Nendaz Chalet Kalibu\"><\/a>\n\t<\/div>\n<\/div>\n<\/div>\n<div class=\"fusion-portfolio-content\"><h2 class=\"entry-title fusion-post-title\"><a href=\"https:\/\/alpine-comfort.com\/de\/chalets\/luxus-mit-schwimmbad\/\">Nendaz Chalet Kalibu<\/a><\/h2><div class=\"fusion-portfolio-meta\"><a href=\"https:\/\/alpine-comfort.com\/de\/portfolio_category\/swimming-pool-de\/\" rel=\"tag\">swimming pool<\/a><\/div><div class=\"fusion-post-content\"><p>Unser\u00a0 Top-Luxus-Chalet mit hochwertigem Innenausbau direkt neben der Ski-Piste in Nendaz. Das Chalet bietet luxus mit Schwimmbad und dazu einem atemberaubenden Blick auf die Bergwelt. Ein super Chalet auch w\u00e4hrend  [...]<\/p><\/div><\/div><\/div><\/article><article id=\"portfolio-1-post-5087\" class=\"fusion-portfolio-post hot-tub-de fusion-col-spacing post-5087\"><div class=\"fusion-portfolio-content-wrapper\" style=\"border:none;\"><span class=\"vcard rich-snippet-hidden\"><span class=\"fn\"><a href=\"https:\/\/alpine-comfort.com\/de\/author\/admin\/\" title=\"Beitr\u00e4ge von admin\" rel=\"author\">admin<\/a><\/span><\/span><span class=\"updated rich-snippet-hidden\">2026-04-01T20:20:01+00:00<\/span><div  class=\"fusion-image-wrapper fusion-image-size-fixed\" aria-haspopup=\"true\">\n\t\t\t\t<img decoding=\"async\" width=\"460\" height=\"295\" src=\"https:\/\/alpine-comfort.com\/wp-content\/uploads\/2013\/05\/winter_chalet_nendaz1-460x295.jpg\" class=\"attachment-portfolio-two size-portfolio-two wp-post-image\" alt=\"\" \/><div class=\"fusion-rollover\">\n\t<div class=\"fusion-rollover-content\">\n\n\t\t\t\t\t\t\t\t\t\t\t\t\t\t<a class=\"fusion-rollover-link\" href=\"https:\/\/alpine-comfort.com\/de\/chalets\/nendaz-luxus-sauna-jacuzzi\/\">Nendaz Chalet Sorbier<\/a>\n\t\t\t\n\t\t\t\t\t\t\t\t\t\t\t\t\t\t\n\t\t\t\t\t\t\t\t\n\t\t\t\t\t\t\t\t\t\t\t\t\t<div class=\"fusion-rollover-sep\"><\/div>\n\t\t\t\t\n\t\t\t\t\t\t\t\t\t\t\t\t\t\t\t\t\t\t<a class=\"fusion-rollover-gallery\" href=\"https:\/\/alpine-comfort.com\/wp-content\/uploads\/2013\/05\/winter_chalet_nendaz1.jpg\" data-options=\"\" data-id=\"5087\" data-rel=\"iLightbox[gallery-rw-1]\" data-title=\"winter_chalet_nendaz\" data-caption=\"\">\n\t\t\t\t\t\tGallery\t\t\t\t\t<\/a>\n\t\t\t\t\t\t\t\t\t\t\t\t\t\t\n\t\t\n\t\t\t\t\t\t\t\t\t\t\t\t<h4 class=\"fusion-rollover-title\">\n\t\t\t\t\t<a class=\"fusion-rollover-title-link\" href=\"https:\/\/alpine-comfort.com\/de\/chalets\/nendaz-luxus-sauna-jacuzzi\/\">\n\t\t\t\t\t\tNendaz Chalet Sorbier\t\t\t\t\t<\/a>\n\t\t\t\t<\/h4>\n\t\t\t\n\t\t\t\t\t\t\t\t\t\t<div class=\"fusion-rollover-categories\"><a href=\"https:\/\/alpine-comfort.com\/de\/portfolio_category\/hot-tub-de\/\" rel=\"tag\">hot tub<\/a><\/div>\t\t\t\t\t\n\t\t\n\t\t\t\t\t\t<a class=\"fusion-link-wrapper\" href=\"https:\/\/alpine-comfort.com\/de\/chalets\/nendaz-luxus-sauna-jacuzzi\/\" aria-label=\"Nendaz Chalet Sorbier\"><\/a>\n\t<\/div>\n<\/div>\n<\/div>\n<div class=\"fusion-portfolio-content\"><h2 class=\"entry-title fusion-post-title\"><a href=\"https:\/\/alpine-comfort.com\/de\/chalets\/nendaz-luxus-sauna-jacuzzi\/\">Nendaz Chalet Sorbier<\/a><\/h2><div class=\"fusion-portfolio-meta\"><a href=\"https:\/\/alpine-comfort.com\/de\/portfolio_category\/hot-tub-de\/\" rel=\"tag\">hot tub<\/a><\/div><div class=\"fusion-post-content\"><p>Luxus-Nendaz Chalet in ruhiger Lage in unmittelbarer\u00a0 N\u00e4he der Skipiste. Das Chalet verf\u00fcgt \u00fcber eine eigene Sauna und einen Au\u00dfen-Jacuzzi. W\u00e4hrend der Sommermonate ist dies das ideale Chalet um zu  [...]<\/p><\/div><\/div><\/div><\/article><article id=\"portfolio-1-post-5090\" class=\"fusion-portfolio-post hot-tub-de swimming-pool-de fusion-col-spacing post-5090\"><div class=\"fusion-portfolio-content-wrapper\" style=\"border:none;\"><span class=\"vcard rich-snippet-hidden\"><span class=\"fn\"><a href=\"https:\/\/alpine-comfort.com\/de\/author\/admin\/\" title=\"Beitr\u00e4ge von admin\" rel=\"author\">admin<\/a><\/span><\/span><span class=\"updated rich-snippet-hidden\">2026-04-01T20:20:38+00:00<\/span><div  class=\"fusion-image-wrapper fusion-image-size-fixed\" aria-haspopup=\"true\">\n\t\t\t\t<img decoding=\"async\" width=\"460\" height=\"295\" src=\"https:\/\/alpine-comfort.com\/wp-content\/uploads\/2013\/05\/spa-460x295.jpg\" class=\"attachment-portfolio-two size-portfolio-two wp-post-image\" alt=\"\" \/><div class=\"fusion-rollover\">\n\t<div class=\"fusion-rollover-content\">\n\n\t\t\t\t\t\t\t\t\t\t\t\t\t\t<a class=\"fusion-rollover-link\" href=\"https:\/\/alpine-comfort.com\/de\/chalets\/chalet-luxus\/\">Nendaz Chalet Ighzer<\/a>\n\t\t\t\n\t\t\t\t\t\t\t\t\t\t\t\t\t\t\n\t\t\t\t\t\t\t\t\n\t\t\t\t\t\t\t\t\t\t\t\t\t<div class=\"fusion-rollover-sep\"><\/div>\n\t\t\t\t\n\t\t\t\t\t\t\t\t\t\t\t\t\t\t\t\t\t\t<a class=\"fusion-rollover-gallery\" href=\"https:\/\/alpine-comfort.com\/wp-content\/uploads\/2013\/05\/spa.jpg\" data-options=\"\" data-id=\"5090\" data-rel=\"iLightbox[gallery-rw-1]\" data-title=\"spa\" data-caption=\"\">\n\t\t\t\t\t\tGallery\t\t\t\t\t<\/a>\n\t\t\t\t\t\t\t\t\t\t\t\t\t\t\n\t\t\n\t\t\t\t\t\t\t\t\t\t\t\t<h4 class=\"fusion-rollover-title\">\n\t\t\t\t\t<a class=\"fusion-rollover-title-link\" href=\"https:\/\/alpine-comfort.com\/de\/chalets\/chalet-luxus\/\">\n\t\t\t\t\t\tNendaz Chalet Ighzer\t\t\t\t\t<\/a>\n\t\t\t\t<\/h4>\n\t\t\t\n\t\t\t\t\t\t\t\t\t\t<div class=\"fusion-rollover-categories\"><a href=\"https:\/\/alpine-comfort.com\/de\/portfolio_category\/hot-tub-de\/\" rel=\"tag\">hot tub<\/a>, <a href=\"https:\/\/alpine-comfort.com\/de\/portfolio_category\/swimming-pool-de\/\" rel=\"tag\">swimming pool<\/a><\/div>\t\t\t\t\t\n\t\t\n\t\t\t\t\t\t<a class=\"fusion-link-wrapper\" href=\"https:\/\/alpine-comfort.com\/de\/chalets\/chalet-luxus\/\" aria-label=\"Nendaz Chalet Ighzer\"><\/a>\n\t<\/div>\n<\/div>\n<\/div>\n<div class=\"fusion-portfolio-content\"><h2 class=\"entry-title fusion-post-title\"><a href=\"https:\/\/alpine-comfort.com\/de\/chalets\/chalet-luxus\/\">Nendaz Chalet Ighzer<\/a><\/h2><div class=\"fusion-portfolio-meta\"><a href=\"https:\/\/alpine-comfort.com\/de\/portfolio_category\/hot-tub-de\/\" rel=\"tag\">hot tub<\/a>, <a href=\"https:\/\/alpine-comfort.com\/de\/portfolio_category\/swimming-pool-de\/\" rel=\"tag\">swimming pool<\/a><\/div><div class=\"fusion-post-content\"><p>Dieses authentische Luxus Chalet bietet 400 qm Luxus und verf\u00fcgt \u00fcber einen eigenen Wellnessbereich mit Pool, Jacuzzi, Sauna und Fitnessraum. Das Chalet liegt nur ein paar Autominuten vom Zentrum von  [...]<\/p><\/div><\/div><\/div><\/article><article id=\"portfolio-1-post-5093\" class=\"fusion-portfolio-post fusion-col-spacing post-5093\"><div class=\"fusion-portfolio-content-wrapper\" style=\"border:none;\"><span class=\"vcard rich-snippet-hidden\"><span class=\"fn\"><a href=\"https:\/\/alpine-comfort.com\/de\/author\/admin\/\" title=\"Beitr\u00e4ge von admin\" rel=\"author\">admin<\/a><\/span><\/span><span class=\"updated rich-snippet-hidden\">2026-04-01T18:42:50+00:00<\/span><div  class=\"fusion-image-wrapper fusion-image-size-fixed\" aria-haspopup=\"true\">\n\t\t\t\t<img decoding=\"async\" width=\"460\" height=\"295\" src=\"https:\/\/alpine-comfort.com\/wp-content\/uploads\/2013\/05\/winter-2014-460x295.jpg\" class=\"attachment-portfolio-two size-portfolio-two wp-post-image\" alt=\"\" \/><div class=\"fusion-rollover\">\n\t<div class=\"fusion-rollover-content\">\n\n\t\t\t\t\t\t\t\t\t\t\t\t\t\t<a class=\"fusion-rollover-link\" href=\"https:\/\/alpine-comfort.com\/de\/chalets\/luxus-nendaz-chalet\/\">Nendaz Chalet Orignal<\/a>\n\t\t\t\n\t\t\t\t\t\t\t\t\t\t\t\t\t\t\n\t\t\t\t\t\t\t\t\n\t\t\t\t\t\t\t\t\t\t\t\t\t<div class=\"fusion-rollover-sep\"><\/div>\n\t\t\t\t\n\t\t\t\t\t\t\t\t\t\t\t\t\t\t\t\t\t\t<a class=\"fusion-rollover-gallery\" href=\"https:\/\/alpine-comfort.com\/wp-content\/uploads\/2013\/05\/winter-2014.jpg\" data-options=\"\" data-id=\"5093\" data-rel=\"iLightbox[gallery-rw-1]\" data-title=\"winter-2014\" data-caption=\"\">\n\t\t\t\t\t\tGallery\t\t\t\t\t<\/a>\n\t\t\t\t\t\t\t\t\t\t\t\t\t\t\n\t\t\n\t\t\t\t\t\t\t\t\t\t\t\t<h4 class=\"fusion-rollover-title\">\n\t\t\t\t\t<a class=\"fusion-rollover-title-link\" href=\"https:\/\/alpine-comfort.com\/de\/chalets\/luxus-nendaz-chalet\/\">\n\t\t\t\t\t\tNendaz Chalet Orignal\t\t\t\t\t<\/a>\n\t\t\t\t<\/h4>\n\t\t\t\n\t\t\t\t\t\t\t\t\t\t\t\t\t\t\t\n\t\t\n\t\t\t\t\t\t<a class=\"fusion-link-wrapper\" href=\"https:\/\/alpine-comfort.com\/de\/chalets\/luxus-nendaz-chalet\/\" aria-label=\"Nendaz Chalet Orignal\"><\/a>\n\t<\/div>\n<\/div>\n<\/div>\n<div class=\"fusion-portfolio-content\"><h2 class=\"entry-title fusion-post-title\"><a href=\"https:\/\/alpine-comfort.com\/de\/chalets\/luxus-nendaz-chalet\/\">Nendaz Chalet Orignal<\/a><\/h2><div class=\"fusion-post-content\"><p>Dieses sch\u00f6ne Luxus Nendaz Chalet mit ungest\u00f6rtem Blick \u00fcber die Berner und Waadtl\u00e4nder Alpen bietet Komfort und Luxus in einem. Das Chalet bietet 2 Lounge-Bereiche je mit Kamin und Panoramafenster.  [...]<\/p><\/div><\/div><\/div><\/article><\/div><\/div><div class=\"fusion-clearfix\"><\/div><\/div><\/div><\/div><\/div><\/p>\n","protected":false},"excerpt":{"rendered":"","protected":false},"author":1,"featured_media":0,"parent":0,"menu_order":90,"comment_status":"open","ping_status":"open","template":"","meta":{"footnotes":""},"class_list":["post-4483","page","type-page","status-publish","hentry"],"yoast_head":"<!-- This site is optimized with the Yoast SEO plugin v27.3 - https:\/\/yoast.com\/product\/yoast-seo-wordpress\/ -->\n<title>Luxus Chalet Vermietung in Haute Nendaz | Familien Alpine Urlaub<\/title>\n<meta name=\"description\" content=\"Alle unsere Luxus chalets befinden sich im Dorf Haute Nendaz oder direkt dar\u00fcber in Les Cl\u00e9ves, in unmittelbarer N\u00e4he der Skipiste und Sommerwanderwege.\" \/>\n<meta name=\"robots\" content=\"index, follow, max-snippet:-1, max-image-preview:large, max-video-preview:-1\" \/>\n<link rel=\"canonical\" href=\"https:\/\/alpine-comfort.com\/de\/luxus-chalet-vermietung\/\" \/>\n<meta property=\"og:locale\" content=\"de_DE\" \/>\n<meta property=\"og:type\" content=\"article\" \/>\n<meta property=\"og:title\" content=\"Luxus Chalet Vermietung in Haute Nendaz | Familien Alpine Urlaub\" \/>\n<meta property=\"og:description\" content=\"Alle unsere Luxus chalets befinden sich im Dorf Haute Nendaz oder direkt dar\u00fcber in Les Cl\u00e9ves, in unmittelbarer N\u00e4he der Skipiste und Sommerwanderwege.\" \/>\n<meta property=\"og:url\" content=\"https:\/\/alpine-comfort.com\/de\/luxus-chalet-vermietung\/\" \/>\n<meta property=\"og:site_name\" content=\"Alpine Comfort\" \/>\n<meta property=\"article:modified_time\" content=\"2017-06-05T19:52:55+00:00\" \/>\n<meta name=\"twitter:label1\" content=\"Gesch\u00e4tzte Lesezeit\" \/>\n\t<meta name=\"twitter:data1\" content=\"1\u00a0Minute\" \/>\n<script type=\"application\/ld+json\" class=\"yoast-schema-graph\">{\"@context\":\"https:\\\/\\\/schema.org\",\"@graph\":[{\"@type\":\"WebPage\",\"@id\":\"https:\\\/\\\/alpine-comfort.com\\\/de\\\/luxus-chalet-vermietung\\\/\",\"url\":\"https:\\\/\\\/alpine-comfort.com\\\/de\\\/luxus-chalet-vermietung\\\/\",\"name\":\"Luxus Chalet Vermietung in Haute Nendaz | Familien Alpine Urlaub\",\"isPartOf\":{\"@id\":\"https:\\\/\\\/alpine-comfort.com\\\/#website\"},\"datePublished\":\"2013-04-21T12:25:32+00:00\",\"dateModified\":\"2017-06-05T19:52:55+00:00\",\"description\":\"Alle unsere Luxus chalets befinden sich im Dorf Haute Nendaz oder direkt dar\u00fcber in Les Cl\u00e9ves, in unmittelbarer N\u00e4he der Skipiste und Sommerwanderwege.\",\"inLanguage\":\"de\",\"potentialAction\":[{\"@type\":\"ReadAction\",\"target\":[\"https:\\\/\\\/alpine-comfort.com\\\/de\\\/luxus-chalet-vermietung\\\/\"]}]},{\"@type\":\"WebSite\",\"@id\":\"https:\\\/\\\/alpine-comfort.com\\\/#website\",\"url\":\"https:\\\/\\\/alpine-comfort.com\\\/\",\"name\":\"Alpine Comfort\",\"description\":\"Pure Luxury Mountain Accommodation\",\"potentialAction\":[{\"@type\":\"SearchAction\",\"target\":{\"@type\":\"EntryPoint\",\"urlTemplate\":\"https:\\\/\\\/alpine-comfort.com\\\/?s={search_term_string}\"},\"query-input\":{\"@type\":\"PropertyValueSpecification\",\"valueRequired\":true,\"valueName\":\"search_term_string\"}}],\"inLanguage\":\"de\"}]}<\/script>\n<!-- \/ Yoast SEO plugin. -->","yoast_head_json":{"title":"Luxus Chalet Vermietung in Haute Nendaz | Familien Alpine Urlaub","description":"Alle unsere Luxus chalets befinden sich im Dorf Haute Nendaz oder direkt dar\u00fcber in Les Cl\u00e9ves, in unmittelbarer N\u00e4he der Skipiste und Sommerwanderwege.","robots":{"index":"index","follow":"follow","max-snippet":"max-snippet:-1","max-image-preview":"max-image-preview:large","max-video-preview":"max-video-preview:-1"},"canonical":"https:\/\/alpine-comfort.com\/de\/luxus-chalet-vermietung\/","og_locale":"de_DE","og_type":"article","og_title":"Luxus Chalet Vermietung in Haute Nendaz | Familien Alpine Urlaub","og_description":"Alle unsere Luxus chalets befinden sich im Dorf Haute Nendaz oder direkt dar\u00fcber in Les Cl\u00e9ves, in unmittelbarer N\u00e4he der Skipiste und Sommerwanderwege.","og_url":"https:\/\/alpine-comfort.com\/de\/luxus-chalet-vermietung\/","og_site_name":"Alpine Comfort","article_modified_time":"2017-06-05T19:52:55+00:00","twitter_misc":{"Gesch\u00e4tzte Lesezeit":"1\u00a0Minute"},"schema":{"@context":"https:\/\/schema.org","@graph":[{"@type":"WebPage","@id":"https:\/\/alpine-comfort.com\/de\/luxus-chalet-vermietung\/","url":"https:\/\/alpine-comfort.com\/de\/luxus-chalet-vermietung\/","name":"Luxus Chalet Vermietung in Haute Nendaz | Familien Alpine Urlaub","isPartOf":{"@id":"https:\/\/alpine-comfort.com\/#website"},"datePublished":"2013-04-21T12:25:32+00:00","dateModified":"2017-06-05T19:52:55+00:00","description":"Alle unsere Luxus chalets befinden sich im Dorf Haute Nendaz oder direkt dar\u00fcber in Les Cl\u00e9ves, in unmittelbarer N\u00e4he der Skipiste und Sommerwanderwege.","inLanguage":"de","potentialAction":[{"@type":"ReadAction","target":["https:\/\/alpine-comfort.com\/de\/luxus-chalet-vermietung\/"]}]},{"@type":"WebSite","@id":"https:\/\/alpine-comfort.com\/#website","url":"https:\/\/alpine-comfort.com\/","name":"Alpine Comfort","description":"Pure Luxury Mountain Accommodation","potentialAction":[{"@type":"SearchAction","target":{"@type":"EntryPoint","urlTemplate":"https:\/\/alpine-comfort.com\/?s={search_term_string}"},"query-input":{"@type":"PropertyValueSpecification","valueRequired":true,"valueName":"search_term_string"}}],"inLanguage":"de"}]}},"_links":{"self":[{"href":"https:\/\/alpine-comfort.com\/de\/wp-json\/wp\/v2\/pages\/4483","targetHints":{"allow":["GET"]}}],"collection":[{"href":"https:\/\/alpine-comfort.com\/de\/wp-json\/wp\/v2\/pages"}],"about":[{"href":"https:\/\/alpine-comfort.com\/de\/wp-json\/wp\/v2\/types\/page"}],"author":[{"embeddable":true,"href":"https:\/\/alpine-comfort.com\/de\/wp-json\/wp\/v2\/users\/1"}],"replies":[{"embeddable":true,"href":"https:\/\/alpine-comfort.com\/de\/wp-json\/wp\/v2\/comments?post=4483"}],"version-history":[{"count":22,"href":"https:\/\/alpine-comfort.com\/de\/wp-json\/wp\/v2\/pages\/4483\/revisions"}],"predecessor-version":[{"id":11939,"href":"https:\/\/alpine-comfort.com\/de\/wp-json\/wp\/v2\/pages\/4483\/revisions\/11939"}],"wp:attachment":[{"href":"https:\/\/alpine-comfort.com\/de\/wp-json\/wp\/v2\/media?parent=4483"}],"curies":[{"name":"wp","href":"https:\/\/api.w.org\/{rel}","templated":true}]}}