{"id":4485,"date":"2013-04-20T07:36:10","date_gmt":"2013-04-20T07:36:10","guid":{"rendered":"http:\/\/www.alpine-comfort.ch\/photos-2\/"},"modified":"2017-06-05T19:51:25","modified_gmt":"2017-06-05T19:51:25","slug":"photos","status":"publish","type":"page","link":"https:\/\/alpine-comfort.com\/de\/photos\/","title":{"rendered":"Chalet Cygnet Fotos"},"content":{"rendered":"<div class=\"fusion-fullwidth fullwidth-box fusion-builder-row-1 hundred-percent-fullwidth non-hundred-percent-height-scrolling\" style=\"--awb-border-radius-top-left:0px;--awb-border-radius-top-right:0px;--awb-border-radius-bottom-right:0px;--awb-border-radius-bottom-left:0px;--awb-overflow:visible;--awb-flex-wrap:wrap;\" ><div class=\"fusion-builder-row fusion-row\"><div class=\"fusion-layout-column fusion_builder_column fusion-builder-column-0 fusion_builder_column_1_1 1_1 fusion-one-full fusion-column-first fusion-column-last fusion-column-no-min-height\" style=\"--awb-bg-size:cover;--awb-margin-bottom:0px;\"><div class=\"fusion-column-wrapper fusion-flex-column-wrapper-legacy\"><div class=\"fusion-reading-box-container reading-box-container-1\" style=\"--awb-title-color:#ad0202;--awb-margin-top:0px;--awb-margin-bottom:84px;\"><div class=\"reading-box\" style=\"background-color:#f0f0f0;border-width:0px;border-color:#f0f0f0;border-left-width:3px;border-left-color:var(--primary_color);border-style:solid;\"><div class=\"reading-box-description\">Wir hoffen, dass Ihnen unser Chalet gef\u00e4llt und dass wir Sie bald schon bei uns begr\u00fcssen d\u00fcrfen. Unsere Zimmer sind nicht die gr\u00f6\u00dften, aber unser Service ist super!<\/div><div class=\"fusion-clearfix\"><\/div><\/div><\/div>\n<div class=\"fusion-sep-clear\"><\/div><div class=\"fusion-separator fusion-full-width-sep\" style=\"margin-left: auto;margin-right: auto;margin-top:-40px;margin-bottom:-40px;width:100%;\"><\/div><div class=\"fusion-sep-clear\"><\/div>\n<div class=\"fusion-clearfix\"><\/div><\/div><\/div><div class=\"fusion-layout-column fusion_builder_column fusion-builder-column-1 fusion_builder_column_1_1 1_1 fusion-one-full fusion-column-first fusion-column-last fusion-column-no-min-height\" style=\"--awb-bg-size:cover;--awb-margin-bottom:0px;\"><div class=\"fusion-column-wrapper fusion-flex-column-wrapper-legacy\">\n<div id=\"jig1\" class=\"justified-image-grid jig-d16303c827af150bb7c239aee10a352c jig-preset-global\"><div class=\"jig-clearfix\"><\/div><noscript id=\"jig1-html\" class=\"justified-image-grid-html\" data-lazy-src=\"skiplazyload\" data-src=\"skipunveillazyload\"><ul><li><a href=\"https:\/\/alpine-comfort.com\/wp-content\/uploads\/2013\/04\/master-bedroom3-1024x679.jpg\"><img decoding=\"async\" src=\"https:\/\/alpine-comfort.com\/wp-content\/plugins\/justified-image-grid\/timthumb.php?src=https%3A%2F%2Falpine-comfort.com%2Fwp-content%2Fuploads%2F2013%2F04%2Fmaster-bedroom3-1024x679.jpg&amp;h=190&amp;q=90&amp;f=.jpg\" alt=\"\" width=\"286\" height=\"190\" \/><\/a><\/li><li><a href=\"https:\/\/alpine-comfort.com\/wp-content\/uploads\/2013\/04\/bedroom_cygnet3-1024x679.jpg\"><img decoding=\"async\" src=\"https:\/\/alpine-comfort.com\/wp-content\/plugins\/justified-image-grid\/timthumb.php?src=https%3A%2F%2Falpine-comfort.com%2Fwp-content%2Fuploads%2F2013%2F04%2Fbedroom_cygnet3-1024x679.jpg&amp;h=190&amp;q=90&amp;f=.jpg\" alt=\"\" width=\"286\" height=\"190\" \/><\/a><\/li><li><a href=\"https:\/\/alpine-comfort.com\/wp-content\/uploads\/2013\/04\/room1_ousdide_New1.jpg\" title=\"room1_ousdide_New1\"><img decoding=\"async\" src=\"https:\/\/alpine-comfort.com\/wp-content\/plugins\/justified-image-grid\/timthumb.php?src=https%3A%2F%2Falpine-comfort.com%2Fwp-content%2Fuploads%2F2013%2F04%2Froom1_ousdide_New1.jpg&amp;h=190&amp;q=90&amp;f=.jpg\" alt=\"room1_ousdide_New1\" width=\"285\" height=\"190\" \/><\/a><p class=\"jig-HTMLdescription\">room1_ousdide_New1<\/p><\/li><li><a href=\"https:\/\/alpine-comfort.com\/wp-content\/uploads\/2013\/04\/decor_new1.jpg\" title=\"decor_new1\"><img decoding=\"async\" src=\"https:\/\/alpine-comfort.com\/wp-content\/plugins\/justified-image-grid\/timthumb.php?src=https%3A%2F%2Falpine-comfort.com%2Fwp-content%2Fuploads%2F2013%2F04%2Fdecor_new1.jpg&amp;h=190&amp;q=90&amp;f=.jpg\" alt=\"decor_new1\" width=\"285\" height=\"190\" \/><\/a><p class=\"jig-HTMLdescription\">decor_new1<\/p><\/li><li><a href=\"https:\/\/alpine-comfort.com\/wp-content\/uploads\/2013\/04\/bedroom4_1.jpg\" title=\"bedroom4_1\"><img decoding=\"async\" src=\"https:\/\/alpine-comfort.com\/wp-content\/plugins\/justified-image-grid\/timthumb.php?src=https%3A%2F%2Falpine-comfort.com%2Fwp-content%2Fuploads%2F2013%2F04%2Fbedroom4_1.jpg&amp;h=190&amp;q=90&amp;f=.jpg\" alt=\"bedroom4_1\" width=\"285\" height=\"190\" \/><\/a><p class=\"jig-HTMLdescription\">bedroom4_1<\/p><\/li><li><a href=\"https:\/\/alpine-comfort.com\/wp-content\/uploads\/2013\/04\/chalet_cygnet_winter.gif\" title=\"chalet_cygnet_winter\"><img decoding=\"async\" src=\"https:\/\/alpine-comfort.com\/wp-content\/plugins\/justified-image-grid\/timthumb.php?src=https%3A%2F%2Falpine-comfort.com%2Fwp-content%2Fuploads%2F2013%2F04%2Fchalet_cygnet_winter.gif&amp;h=190&amp;q=90&amp;f=.gif\" alt=\"chalet_cygnet_winter\" width=\"127\" height=\"190\" \/><\/a><p class=\"jig-HTMLdescription\">chalet_cygnet_winter<\/p><\/li><li><a href=\"https:\/\/alpine-comfort.com\/wp-content\/uploads\/2013\/04\/chalet_cygnet_summer_1.jpg\" title=\"chalet_cygnet_summer_1\"><img decoding=\"async\" src=\"https:\/\/alpine-comfort.com\/wp-content\/plugins\/justified-image-grid\/timthumb.php?src=https%3A%2F%2Falpine-comfort.com%2Fwp-content%2Fuploads%2F2013%2F04%2Fchalet_cygnet_summer_1.jpg&amp;h=190&amp;q=90&amp;f=.jpg\" alt=\"chalet_cygnet_summer_1\" width=\"253\" height=\"190\" \/><\/a><p class=\"jig-HTMLdescription\">chalet_cygnet_summer_1<\/p><\/li><li><a href=\"https:\/\/alpine-comfort.com\/wp-content\/uploads\/2013\/04\/diningarea1.jpg\" title=\"diningarea1\"><img decoding=\"async\" src=\"https:\/\/alpine-comfort.com\/wp-content\/plugins\/justified-image-grid\/timthumb.php?src=https%3A%2F%2Falpine-comfort.com%2Fwp-content%2Fuploads%2F2013%2F04%2Fdiningarea1.jpg&amp;h=190&amp;q=90&amp;f=.jpg\" alt=\"diningarea1\" width=\"285\" height=\"190\" \/><\/a><p class=\"jig-HTMLdescription\">diningarea1<\/p><\/li><li><a href=\"https:\/\/alpine-comfort.com\/wp-content\/uploads\/2013\/04\/deco-4.jpg\"><img decoding=\"async\" src=\"https:\/\/alpine-comfort.com\/wp-content\/plugins\/justified-image-grid\/timthumb.php?src=https%3A%2F%2Falpine-comfort.com%2Fwp-content%2Fuploads%2F2013%2F04%2Fdeco-4.jpg&amp;h=190&amp;q=90&amp;f=.jpg\" alt=\"\" width=\"285\" height=\"190\" \/><\/a><\/li><li><a href=\"https:\/\/alpine-comfort.com\/wp-content\/uploads\/2013\/04\/cygnet_in_summer.jpg\" title=\"cygnet_in_summer\"><img decoding=\"async\" src=\"https:\/\/alpine-comfort.com\/wp-content\/plugins\/justified-image-grid\/timthumb.php?src=https%3A%2F%2Falpine-comfort.com%2Fwp-content%2Fuploads%2F2013%2F04%2Fcygnet_in_summer.jpg&amp;h=190&amp;q=90&amp;f=.jpg\" alt=\"cygnet_in_summer\" width=\"282\" height=\"190\" \/><\/a><p class=\"jig-HTMLdescription\">cygnet_in_summer<\/p><\/li><li><a href=\"https:\/\/alpine-comfort.com\/wp-content\/uploads\/2013\/04\/chalet_cygnet_christmas_lig.jpg\" title=\"chalet_cygnet_christmas_lig\"><img decoding=\"async\" src=\"https:\/\/alpine-comfort.com\/wp-content\/plugins\/justified-image-grid\/timthumb.php?src=https%3A%2F%2Falpine-comfort.com%2Fwp-content%2Fuploads%2F2013%2F04%2Fchalet_cygnet_christmas_lig.jpg&amp;h=190&amp;q=90&amp;f=.jpg\" alt=\"chalet_cygnet_christmas_lig\" width=\"271\" height=\"190\" \/><\/a><p class=\"jig-HTMLdescription\">chalet_cygnet_christmas_lig<\/p><\/li><li><a href=\"https:\/\/alpine-comfort.com\/wp-content\/uploads\/2013\/04\/bathroom2_1.jpg\" title=\"bathroom2_1\"><img decoding=\"async\" src=\"https:\/\/alpine-comfort.com\/wp-content\/plugins\/justified-image-grid\/timthumb.php?src=https%3A%2F%2Falpine-comfort.com%2Fwp-content%2Fuploads%2F2013%2F04%2Fbathroom2_1.jpg&amp;h=190&amp;q=90&amp;f=.jpg\" alt=\"bathroom2_1\" width=\"285\" height=\"190\" \/><\/a><p class=\"jig-HTMLdescription\">bathroom2_1<\/p><\/li><li><a href=\"https:\/\/alpine-comfort.com\/wp-content\/uploads\/2013\/04\/bedroom_33-1024x679.jpg\"><img decoding=\"async\" src=\"https:\/\/alpine-comfort.com\/wp-content\/plugins\/justified-image-grid\/timthumb.php?src=https%3A%2F%2Falpine-comfort.com%2Fwp-content%2Fuploads%2F2013%2F04%2Fbedroom_33-1024x679.jpg&amp;h=190&amp;q=90&amp;f=.jpg\" alt=\"\" width=\"286\" height=\"190\" \/><\/a><\/li><\/ul><\/noscript><\/div>\n<div class=\"fusion-clearfix\"><\/div><\/div><\/div><\/div><\/div>\n","protected":false},"excerpt":{"rendered":"","protected":false},"author":1,"featured_media":0,"parent":0,"menu_order":100,"comment_status":"open","ping_status":"open","template":"side-navigation.php","meta":{"footnotes":""},"class_list":["post-4485","page","type-page","status-publish","hentry"],"yoast_head":"<!-- This site is optimized with the Yoast SEO plugin v27.3 - https:\/\/yoast.com\/product\/yoast-seo-wordpress\/ -->\n<title>Alpine Chalet Fotos | Luxus Chalet Fotos von Corina Swan<\/title>\n<meta name=\"description\" content=\"Wir hoffen, dass Sie unsere Chalet Fotos m\u00f6gen und dass wir Sie sehr bald begr\u00fc\u00dfen k\u00f6nnen. Unsere Zimmer sind nicht die gr\u00f6\u00dften, aber unser Service ist!\" \/>\n<meta name=\"robots\" content=\"index, follow, max-snippet:-1, max-image-preview:large, max-video-preview:-1\" \/>\n<link rel=\"canonical\" href=\"https:\/\/alpine-comfort.com\/de\/photos\/\" \/>\n<meta property=\"og:locale\" content=\"de_DE\" \/>\n<meta property=\"og:type\" content=\"article\" \/>\n<meta property=\"og:title\" content=\"Alpine Chalet Fotos | Luxus Chalet Fotos von Corina Swan\" \/>\n<meta property=\"og:description\" content=\"Wir hoffen, dass Sie unsere Chalet Fotos m\u00f6gen und dass wir Sie sehr bald begr\u00fc\u00dfen k\u00f6nnen. Unsere Zimmer sind nicht die gr\u00f6\u00dften, aber unser Service ist!\" \/>\n<meta property=\"og:url\" content=\"https:\/\/alpine-comfort.com\/de\/photos\/\" \/>\n<meta property=\"og:site_name\" content=\"Alpine Comfort\" \/>\n<meta property=\"article:modified_time\" content=\"2017-06-05T19:51:25+00:00\" \/>\n<meta name=\"twitter:label1\" content=\"Gesch\u00e4tzte Lesezeit\" \/>\n\t<meta name=\"twitter:data1\" content=\"1\u00a0Minute\" \/>\n<script type=\"application\/ld+json\" class=\"yoast-schema-graph\">{\"@context\":\"https:\\\/\\\/schema.org\",\"@graph\":[{\"@type\":\"WebPage\",\"@id\":\"https:\\\/\\\/alpine-comfort.com\\\/de\\\/photos\\\/\",\"url\":\"https:\\\/\\\/alpine-comfort.com\\\/de\\\/photos\\\/\",\"name\":\"Alpine Chalet Fotos | Luxus Chalet Fotos von Corina Swan\",\"isPartOf\":{\"@id\":\"https:\\\/\\\/alpine-comfort.com\\\/#website\"},\"datePublished\":\"2013-04-20T07:36:10+00:00\",\"dateModified\":\"2017-06-05T19:51:25+00:00\",\"description\":\"Wir hoffen, dass Sie unsere Chalet Fotos m\u00f6gen und dass wir Sie sehr bald begr\u00fc\u00dfen k\u00f6nnen. Unsere Zimmer sind nicht die gr\u00f6\u00dften, aber unser Service ist!\",\"inLanguage\":\"de\",\"potentialAction\":[{\"@type\":\"ReadAction\",\"target\":[\"https:\\\/\\\/alpine-comfort.com\\\/de\\\/photos\\\/\"]}]},{\"@type\":\"WebSite\",\"@id\":\"https:\\\/\\\/alpine-comfort.com\\\/#website\",\"url\":\"https:\\\/\\\/alpine-comfort.com\\\/\",\"name\":\"Alpine Comfort\",\"description\":\"Pure Luxury Mountain Accommodation\",\"potentialAction\":[{\"@type\":\"SearchAction\",\"target\":{\"@type\":\"EntryPoint\",\"urlTemplate\":\"https:\\\/\\\/alpine-comfort.com\\\/?s={search_term_string}\"},\"query-input\":{\"@type\":\"PropertyValueSpecification\",\"valueRequired\":true,\"valueName\":\"search_term_string\"}}],\"inLanguage\":\"de\"}]}<\/script>\n<!-- \/ Yoast SEO plugin. -->","yoast_head_json":{"title":"Alpine Chalet Fotos | Luxus Chalet Fotos von Corina Swan","description":"Wir hoffen, dass Sie unsere Chalet Fotos m\u00f6gen und dass wir Sie sehr bald begr\u00fc\u00dfen k\u00f6nnen. Unsere Zimmer sind nicht die gr\u00f6\u00dften, aber unser Service ist!","robots":{"index":"index","follow":"follow","max-snippet":"max-snippet:-1","max-image-preview":"max-image-preview:large","max-video-preview":"max-video-preview:-1"},"canonical":"https:\/\/alpine-comfort.com\/de\/photos\/","og_locale":"de_DE","og_type":"article","og_title":"Alpine Chalet Fotos | Luxus Chalet Fotos von Corina Swan","og_description":"Wir hoffen, dass Sie unsere Chalet Fotos m\u00f6gen und dass wir Sie sehr bald begr\u00fc\u00dfen k\u00f6nnen. Unsere Zimmer sind nicht die gr\u00f6\u00dften, aber unser Service ist!","og_url":"https:\/\/alpine-comfort.com\/de\/photos\/","og_site_name":"Alpine Comfort","article_modified_time":"2017-06-05T19:51:25+00:00","twitter_misc":{"Gesch\u00e4tzte Lesezeit":"1\u00a0Minute"},"schema":{"@context":"https:\/\/schema.org","@graph":[{"@type":"WebPage","@id":"https:\/\/alpine-comfort.com\/de\/photos\/","url":"https:\/\/alpine-comfort.com\/de\/photos\/","name":"Alpine Chalet Fotos | Luxus Chalet Fotos von Corina Swan","isPartOf":{"@id":"https:\/\/alpine-comfort.com\/#website"},"datePublished":"2013-04-20T07:36:10+00:00","dateModified":"2017-06-05T19:51:25+00:00","description":"Wir hoffen, dass Sie unsere Chalet Fotos m\u00f6gen und dass wir Sie sehr bald begr\u00fc\u00dfen k\u00f6nnen. Unsere Zimmer sind nicht die gr\u00f6\u00dften, aber unser Service ist!","inLanguage":"de","potentialAction":[{"@type":"ReadAction","target":["https:\/\/alpine-comfort.com\/de\/photos\/"]}]},{"@type":"WebSite","@id":"https:\/\/alpine-comfort.com\/#website","url":"https:\/\/alpine-comfort.com\/","name":"Alpine Comfort","description":"Pure Luxury Mountain Accommodation","potentialAction":[{"@type":"SearchAction","target":{"@type":"EntryPoint","urlTemplate":"https:\/\/alpine-comfort.com\/?s={search_term_string}"},"query-input":{"@type":"PropertyValueSpecification","valueRequired":true,"valueName":"search_term_string"}}],"inLanguage":"de"}]}},"_links":{"self":[{"href":"https:\/\/alpine-comfort.com\/de\/wp-json\/wp\/v2\/pages\/4485","targetHints":{"allow":["GET"]}}],"collection":[{"href":"https:\/\/alpine-comfort.com\/de\/wp-json\/wp\/v2\/pages"}],"about":[{"href":"https:\/\/alpine-comfort.com\/de\/wp-json\/wp\/v2\/types\/page"}],"author":[{"embeddable":true,"href":"https:\/\/alpine-comfort.com\/de\/wp-json\/wp\/v2\/users\/1"}],"replies":[{"embeddable":true,"href":"https:\/\/alpine-comfort.com\/de\/wp-json\/wp\/v2\/comments?post=4485"}],"version-history":[{"count":17,"href":"https:\/\/alpine-comfort.com\/de\/wp-json\/wp\/v2\/pages\/4485\/revisions"}],"predecessor-version":[{"id":11992,"href":"https:\/\/alpine-comfort.com\/de\/wp-json\/wp\/v2\/pages\/4485\/revisions\/11992"}],"wp:attachment":[{"href":"https:\/\/alpine-comfort.com\/de\/wp-json\/wp\/v2\/media?parent=4485"}],"curies":[{"name":"wp","href":"https:\/\/api.w.org\/{rel}","templated":true}]}}