{"id":4495,"date":"2013-04-19T19:52:00","date_gmt":"2013-04-19T19:52:00","guid":{"rendered":"http:\/\/www.alpine-comfort.ch\/prices-bookings-2\/"},"modified":"2017-06-05T19:58:25","modified_gmt":"2017-06-05T19:58:25","slug":"luxus-chalet-buchung-preise","status":"publish","type":"page","link":"https:\/\/alpine-comfort.com\/de\/luxus-chalet-buchung-preise\/","title":{"rendered":"Preise &#038; Infos"},"content":{"rendered":"<div class=\"fusion-fullwidth fullwidth-box fusion-builder-row-1 hundred-percent-fullwidth non-hundred-percent-height-scrolling\" style=\"--awb-border-radius-top-left:0px;--awb-border-radius-top-right:0px;--awb-border-radius-bottom-right:0px;--awb-border-radius-bottom-left:0px;--awb-overflow:visible;--awb-flex-wrap:wrap;\" ><div class=\"fusion-builder-row fusion-row\"><div class=\"fusion-layout-column fusion_builder_column fusion-builder-column-0 fusion_builder_column_1_1 1_1 fusion-one-full fusion-column-first fusion-column-last fusion-column-no-min-height\" style=\"--awb-bg-size:cover;--awb-margin-bottom:0px;\"><div class=\"fusion-column-wrapper fusion-flex-column-wrapper-legacy\"><div class=\"fusion-title title fusion-title-1 fusion-title-text fusion-title-size-two\" style=\"--awb-margin-top-small:10px;--awb-margin-right-small:0px;--awb-margin-bottom-small:10px;--awb-margin-left-small:0px;\"><h2 class=\"fusion-title-heading title-heading-left\" style=\"margin:0;\">Wie Buche Ich<\/h2><span class=\"awb-title-spacer\"><\/span><div class=\"title-sep-container\"><div class=\"title-sep sep-double sep-solid\" style=\"border-color:var(--awb-color3);\"><\/div><\/div><\/div>\n<p>Rufen Sie uns bitte an unter +41 (0) 27 288 22 12, oder schreiben Sie uns eine email an\u00a0<a href=\"mailto:info@alpine-comfort.com\">info@alpine-comfort.com<\/a>\u00a0damit wir zusammen Ihre Urlaubsvorstellungen besprechen k\u00f6nnen. Wenn es f\u00fcr Sie bequemer und leichter ist, k\u00f6nnen Sie uns das Ferien-Kontakt-Formular auf unserer Webseite zusenden und wir werden mit Ihnen Kontakt aufnehmen &#8211; entweder telefonisch oder per E-Mail wie Sie es w\u00fcnschen.<\/p>\n<p>Wir sind jederzeit in der Lage, Informationen \u00fcber freie Kapazit\u00e4ten zu liefern, individuelle Anforderungen und eine pers\u00f6nliche Offerte abzugeben, die auch einen detaillierten Kostenvoranschlag enth\u00e4lt. Bitte beachten Sie, dass Chalet Cygnet maximal acht Personen plus ein Kleinkind beherbergen kann, das in einem Kinderbett im Zimmer der Eltern oder des Vormunds schl\u00e4ft.<\/p>\n<p><strong>VORL\u00c4UFIGE RESERVIERUNGEN\u00a0<\/strong><br \/>\nSie k\u00f6nnen eine vorl\u00e4ufige Reservierung ohne zus\u00e4tzliche Kosten vornehmen. Um Ihnen Zeit zu geben, die Details mit anderen Mitgliedern Ihrer Reisegruppe abzusprechen, gilt eine vorl\u00e4ufige Reservierung zun\u00e4chst f\u00fcr einen Zeitraum von drei Tagen. Wenn Sie innerhalb dieser Zeit Ihre Buchung nicht best\u00e4tigen, wird die Reservierung des Chalets hinf\u00e4llig und es wird anderweitig angeboten. Sollte es nach Ablauf Ihrer Reservierungszeit keine anderen Interessenten f\u00fcr den von Ihnen gew\u00e4hlten Zeitraum geben, ist auch eine Verl\u00e4ngerung der Reservierung m\u00f6glich.<strong>\u00a0<\/strong><\/p>\n<p><strong>SICHERN IHRER BUCHUNG\u00a0<\/strong><br \/>\nZur Best\u00e4tigung Ihrer Buchung senden wir Ihnen das Buchungs-Formular zu. Nachdem Sie unsere Buchungsbedingungen gelesen haben und mit ihnen einverstanden sind, senden Sie uns bitte das ausgef\u00fcllte Buchungs-Formular unterschrieben einschliesslich der erforderlichen, nicht r\u00fcckzahlbaren Anzahlung von SFR.300 pro Person wieder zu. Im Sommer ben\u00f6tigen wir f\u00fcr Buchungen von weniger als einer Woche eine nicht r\u00fcckerstattbare Anzahlung von 50% des Gesamtbetrags.<\/p>\n<p>Wenn die unterzeichneten Papiere an uns ohne einen Zahlungsbeleg zur\u00fcckgeschickt werden, m\u00fcssen Ihre Kreditkarten-Details auf dem unterzeichneten Buchungsvertrag des Chalet angegeben sein. Durch die Bereitstellung dieser Daten geben Sie Ihre Zustimmung dazu, dass Alpine Comfort S\u00e0rl 7 Tage nach Erhalt Ihres unterzeichneten Buchungsvertrages Ihre Karte f\u00fcr den vollen zahlbaren Betrag belasten darf, sollte der Betrag nicht inzwischen bei uns eingegangen sein.<\/p>\n<div class=\"fusion-clearfix\"><\/div><\/div><\/div><div class=\"fusion-layout-column fusion_builder_column fusion-builder-column-1 fusion_builder_column_1_1 1_1 fusion-one-full fusion-column-first fusion-column-last fusion-column-no-min-height\" style=\"--awb-bg-size:cover;--awb-margin-bottom:0px;\"><div class=\"fusion-column-wrapper fusion-flex-column-wrapper-legacy\"><ul style=\"--awb-line-height:27.2px;--awb-icon-width:27.2px;--awb-icon-height:27.2px;--awb-icon-margin:11.2px;--awb-content-margin:38.4px;--awb-circlecolor:#a0ce4e;--awb-circle-yes-font-size:14.08px;\" class=\"fusion-checklist fusion-checklist-1 fusion-checklist-default type-icons\">\n\n<li class=\"fusion-li-item\" style=\"\"><span class=\"icon-wrapper circle-yes\"><i class=\"fusion-li-icon awb-icon-check\" aria-hidden=\"true\"><\/i><\/span><div class=\"fusion-li-item-content\">Sie k\u00f6nnen den Vertrag auch per Fax an uns schicken unter +41 (0) 27 288 22 12<\/div><\/li>\n<li class=\"fusion-li-item\" style=\"\"><span class=\"icon-wrapper circle-yes\"><i class=\"fusion-li-icon awb-icon-check\" aria-hidden=\"true\"><\/i><\/span><div class=\"fusion-li-item-content\">Die endg\u00fcltige Zahlung ist 56 Tage vor Ihrer Anreise erforderlich. Eine volle Zahlung ist erforderlich, wenn die Buchung innerhalb dieser Zeit ist.<\/div><\/li>\n\n<\/ul>\n<p><strong>BEST\u00c4TIGUNG\u00a0<\/strong><br \/>\nNach Eingang Ihres unterzeichneten Buchungs-Formulars und der notwendigen Zahlungsbetr\u00e4ge werden wir eine Rechnungsbest\u00e4tigung vorbehaltlich unserer Buchungsbedingungen ausstellen und Ihnen zuschicken. Erst zu diesem Zeitpunkt ist Ihre Buchung best\u00e4tigt. Bitte buchen Sie keine Fl\u00fcge oder andere Verkehrsmittel, bis Sie im Besitz dieser Best\u00e4tigung sind. \u00dcberpr\u00fcfen Sie Ihre Rechnungs-Best\u00e4tigung sorgf\u00e4ltig und informieren Sie uns innerhalb von 10 Tagen, sollten \u00c4nderungen vorgenommen werden m\u00fcssen.<\/p>\n<p><strong>ZAHLUNG<\/strong><br \/>\nDie Zahlung erfolgt vor Ihrem Urlaub. Wir akzeptieren Zahlungen per Scheck, Bank\u00fcberweisung (ohne Kosten) oder per Visa- und MasterCard Kreditkarten. Bei allen Zahlungen mit Kredit\/Debitkarten,entstehen Aufschl\u00e4ge von 3,7%. Wir Akzeptieren keine Schecks.<\/p>\n<div class=\"fusion-clearfix\"><\/div><\/div><\/div><div class=\"fusion-layout-column fusion_builder_column fusion-builder-column-2 fusion_builder_column_1_1 1_1 fusion-one-full fusion-column-first fusion-column-last fusion-column-no-min-height\" style=\"--awb-bg-size:cover;--awb-margin-bottom:0px;\"><div class=\"fusion-column-wrapper fusion-flex-column-wrapper-legacy\"><ul style=\"--awb-line-height:27.2px;--awb-icon-width:27.2px;--awb-icon-height:27.2px;--awb-icon-margin:11.2px;--awb-content-margin:38.4px;--awb-circlecolor:#a0ce4e;--awb-circle-yes-font-size:14.08px;\" class=\"fusion-checklist fusion-checklist-2 fusion-checklist-default type-icons\">\n\n<li class=\"fusion-li-item\" style=\"\"><span class=\"icon-wrapper circle-yes\"><i class=\"fusion-li-icon awb-icon-check\" aria-hidden=\"true\"><\/i><\/span><div class=\"fusion-li-item-content\">\u00dcberweisungen oder Zahlungen in anderen W\u00e4hrungen als Schweizer Franken, wenden Sie sich bitte an uns bez\u00fcglich der Bankverbindung und der geltenden Wechselkurse.<\/div><\/li>\n\n<\/ul>\n<p>Bezahlung vor Ort.<br \/>\nBarzahlungen werden nur in lokaler W\u00e4hrung, Schweizer Franken, akzeptiert. Visa- und MasterCard-Zahlungen werden nur in Schweizer Franken, SFR akzeptiert. Die \u00fcberwiegende Mehrheit von Dienstleistungen die wir im Resort zur Verf\u00fcgung stellen, sind zum Selbstkostenpreis ohne Bearbeitungsgeb\u00fchr. Eine Geb\u00fchr von 3,7% wird erhoben f\u00fcr alle In-Resort Kredit- und Debitkartenzahlungen zur Deckung der Karten-Geb\u00fchren.<\/p>\n<p><strong>BUCHUNGEN DURCH EINE AGENTUR<\/strong><br \/>\nBitte senden Sie Ihre Papiere unterzeichnet und einschliesslich aller Zahlungen an Ihre Reise-Agentur. Bitte z\u00f6gern Sie nicht, Alpine Comfort S\u00e0rl direkt zu kontaktieren f\u00fcr Ihre Luxus Chalet Buchung und all\u00e4llige Informationen.<div class=\"fusion-clearfix\"><\/div><\/div><\/div><\/div><\/div>\n","protected":false},"excerpt":{"rendered":"","protected":false},"author":1,"featured_media":0,"parent":0,"menu_order":50,"comment_status":"open","ping_status":"open","template":"side-navigation.php","meta":{"footnotes":""},"class_list":["post-4495","page","type-page","status-publish","hentry"],"yoast_head":"<!-- This site is optimized with the Yoast SEO plugin v27.3 - https:\/\/yoast.com\/product\/yoast-seo-wordpress\/ -->\n<title>Luxus Chalet Buchung &amp; 2013 Preise | Chalet \/ B&amp;B Preise<\/title>\n<meta name=\"description\" content=\"Bitte z\u00f6gern Sie nicht, Alpine Comfort S\u00e0rl direkt zu kontaktieren f\u00fcr all\u00e4llige Informationenf\u00fcr Ihren Luxus Chalet Urlaub in Haute-Nendaz .\" \/>\n<meta name=\"robots\" content=\"index, follow, max-snippet:-1, max-image-preview:large, max-video-preview:-1\" \/>\n<link rel=\"canonical\" href=\"https:\/\/alpine-comfort.com\/de\/luxus-chalet-buchung-preise\/\" \/>\n<meta property=\"og:locale\" content=\"de_DE\" \/>\n<meta property=\"og:type\" content=\"article\" \/>\n<meta property=\"og:title\" content=\"Luxus Chalet Buchung &amp; 2013 Preise | Chalet \/ B&amp;B Preise\" \/>\n<meta property=\"og:description\" content=\"Bitte z\u00f6gern Sie nicht, Alpine Comfort S\u00e0rl direkt zu kontaktieren f\u00fcr all\u00e4llige Informationenf\u00fcr Ihren Luxus Chalet Urlaub in Haute-Nendaz .\" \/>\n<meta property=\"og:url\" content=\"https:\/\/alpine-comfort.com\/de\/luxus-chalet-buchung-preise\/\" \/>\n<meta property=\"og:site_name\" content=\"Alpine Comfort\" \/>\n<meta property=\"article:modified_time\" content=\"2017-06-05T19:58:25+00:00\" \/>\n<meta name=\"twitter:label1\" content=\"Gesch\u00e4tzte Lesezeit\" \/>\n\t<meta name=\"twitter:data1\" content=\"4\u00a0Minuten\" \/>\n<script type=\"application\/ld+json\" class=\"yoast-schema-graph\">{\"@context\":\"https:\\\/\\\/schema.org\",\"@graph\":[{\"@type\":\"WebPage\",\"@id\":\"https:\\\/\\\/alpine-comfort.com\\\/de\\\/luxus-chalet-buchung-preise\\\/\",\"url\":\"https:\\\/\\\/alpine-comfort.com\\\/de\\\/luxus-chalet-buchung-preise\\\/\",\"name\":\"Luxus Chalet Buchung & 2013 Preise | Chalet \\\/ B&B Preise\",\"isPartOf\":{\"@id\":\"https:\\\/\\\/alpine-comfort.com\\\/#website\"},\"datePublished\":\"2013-04-19T19:52:00+00:00\",\"dateModified\":\"2017-06-05T19:58:25+00:00\",\"description\":\"Bitte z\u00f6gern Sie nicht, Alpine Comfort S\u00e0rl direkt zu kontaktieren f\u00fcr all\u00e4llige Informationenf\u00fcr Ihren Luxus Chalet Urlaub in Haute-Nendaz .\",\"inLanguage\":\"de\",\"potentialAction\":[{\"@type\":\"ReadAction\",\"target\":[\"https:\\\/\\\/alpine-comfort.com\\\/de\\\/luxus-chalet-buchung-preise\\\/\"]}]},{\"@type\":\"WebSite\",\"@id\":\"https:\\\/\\\/alpine-comfort.com\\\/#website\",\"url\":\"https:\\\/\\\/alpine-comfort.com\\\/\",\"name\":\"Alpine Comfort\",\"description\":\"Pure Luxury Mountain Accommodation\",\"potentialAction\":[{\"@type\":\"SearchAction\",\"target\":{\"@type\":\"EntryPoint\",\"urlTemplate\":\"https:\\\/\\\/alpine-comfort.com\\\/?s={search_term_string}\"},\"query-input\":{\"@type\":\"PropertyValueSpecification\",\"valueRequired\":true,\"valueName\":\"search_term_string\"}}],\"inLanguage\":\"de\"}]}<\/script>\n<!-- \/ Yoast SEO plugin. -->","yoast_head_json":{"title":"Luxus Chalet Buchung & 2013 Preise | Chalet \/ B&B Preise","description":"Bitte z\u00f6gern Sie nicht, Alpine Comfort S\u00e0rl direkt zu kontaktieren f\u00fcr all\u00e4llige Informationenf\u00fcr Ihren Luxus Chalet Urlaub in Haute-Nendaz .","robots":{"index":"index","follow":"follow","max-snippet":"max-snippet:-1","max-image-preview":"max-image-preview:large","max-video-preview":"max-video-preview:-1"},"canonical":"https:\/\/alpine-comfort.com\/de\/luxus-chalet-buchung-preise\/","og_locale":"de_DE","og_type":"article","og_title":"Luxus Chalet Buchung & 2013 Preise | Chalet \/ B&B Preise","og_description":"Bitte z\u00f6gern Sie nicht, Alpine Comfort S\u00e0rl direkt zu kontaktieren f\u00fcr all\u00e4llige Informationenf\u00fcr Ihren Luxus Chalet Urlaub in Haute-Nendaz .","og_url":"https:\/\/alpine-comfort.com\/de\/luxus-chalet-buchung-preise\/","og_site_name":"Alpine Comfort","article_modified_time":"2017-06-05T19:58:25+00:00","twitter_misc":{"Gesch\u00e4tzte Lesezeit":"4\u00a0Minuten"},"schema":{"@context":"https:\/\/schema.org","@graph":[{"@type":"WebPage","@id":"https:\/\/alpine-comfort.com\/de\/luxus-chalet-buchung-preise\/","url":"https:\/\/alpine-comfort.com\/de\/luxus-chalet-buchung-preise\/","name":"Luxus Chalet Buchung & 2013 Preise | Chalet \/ B&B Preise","isPartOf":{"@id":"https:\/\/alpine-comfort.com\/#website"},"datePublished":"2013-04-19T19:52:00+00:00","dateModified":"2017-06-05T19:58:25+00:00","description":"Bitte z\u00f6gern Sie nicht, Alpine Comfort S\u00e0rl direkt zu kontaktieren f\u00fcr all\u00e4llige Informationenf\u00fcr Ihren Luxus Chalet Urlaub in Haute-Nendaz .","inLanguage":"de","potentialAction":[{"@type":"ReadAction","target":["https:\/\/alpine-comfort.com\/de\/luxus-chalet-buchung-preise\/"]}]},{"@type":"WebSite","@id":"https:\/\/alpine-comfort.com\/#website","url":"https:\/\/alpine-comfort.com\/","name":"Alpine Comfort","description":"Pure Luxury Mountain Accommodation","potentialAction":[{"@type":"SearchAction","target":{"@type":"EntryPoint","urlTemplate":"https:\/\/alpine-comfort.com\/?s={search_term_string}"},"query-input":{"@type":"PropertyValueSpecification","valueRequired":true,"valueName":"search_term_string"}}],"inLanguage":"de"}]}},"_links":{"self":[{"href":"https:\/\/alpine-comfort.com\/de\/wp-json\/wp\/v2\/pages\/4495","targetHints":{"allow":["GET"]}}],"collection":[{"href":"https:\/\/alpine-comfort.com\/de\/wp-json\/wp\/v2\/pages"}],"about":[{"href":"https:\/\/alpine-comfort.com\/de\/wp-json\/wp\/v2\/types\/page"}],"author":[{"embeddable":true,"href":"https:\/\/alpine-comfort.com\/de\/wp-json\/wp\/v2\/users\/1"}],"replies":[{"embeddable":true,"href":"https:\/\/alpine-comfort.com\/de\/wp-json\/wp\/v2\/comments?post=4495"}],"version-history":[{"count":4,"href":"https:\/\/alpine-comfort.com\/de\/wp-json\/wp\/v2\/pages\/4495\/revisions"}],"predecessor-version":[{"id":11743,"href":"https:\/\/alpine-comfort.com\/de\/wp-json\/wp\/v2\/pages\/4495\/revisions\/11743"}],"wp:attachment":[{"href":"https:\/\/alpine-comfort.com\/de\/wp-json\/wp\/v2\/media?parent=4495"}],"curies":[{"name":"wp","href":"https:\/\/api.w.org\/{rel}","templated":true}]}}