{"id":4505,"date":"2013-04-18T07:00:41","date_gmt":"2013-04-18T07:00:41","guid":{"rendered":"http:\/\/www.alpine-comfort.ch\/your-stay\/family\/"},"modified":"2017-05-30T13:53:53","modified_gmt":"2017-05-30T13:53:53","slug":"luxus-familien-chalet","status":"publish","type":"page","link":"https:\/\/alpine-comfort.com\/de\/ferien-bei-uns\/luxus-familien-chalet\/","title":{"rendered":"Familie"},"content":{"rendered":"<p><div class=\"fusion-fullwidth fullwidth-box fusion-builder-row-1 hundred-percent-fullwidth non-hundred-percent-height-scrolling\" style=\"--awb-border-radius-top-left:0px;--awb-border-radius-top-right:0px;--awb-border-radius-bottom-right:0px;--awb-border-radius-bottom-left:0px;--awb-overflow:visible;--awb-flex-wrap:wrap;\" ><div class=\"fusion-builder-row fusion-row\"><div class=\"fusion-layout-column fusion_builder_column fusion-builder-column-0 fusion_builder_column_1_1 1_1 fusion-one-full fusion-column-first fusion-column-last fusion-column-no-min-height\" style=\"--awb-bg-size:cover;--awb-margin-bottom:0px;\"><div class=\"fusion-column-wrapper fusion-flex-column-wrapper-legacy\"><div class=\"fusion-title title fusion-title-1 fusion-title-text fusion-title-size-two\" style=\"--awb-margin-top-small:10px;--awb-margin-right-small:0px;--awb-margin-bottom-small:10px;--awb-margin-left-small:0px;\"><h2 class=\"fusion-title-heading title-heading-left\" style=\"margin:0;\">Luxus Familien Chalet<\/h2><span class=\"awb-title-spacer\"><\/span><div class=\"title-sep-container\"><div class=\"title-sep sep-double sep-solid\" style=\"border-color:var(--awb-color3);\"><\/div><\/div><\/div>\n<p>Bei einem Aufenthalt in einem Luxus Familien Chalet holen Sie immer das Maximum aus ihrem Urlaub heraus und k\u00f6nnen ihn perfekt geniessen. Kinder jedes Alters sind bei Alpine Comfort herzlich willkommen. Chalet Cygnet ist wie f\u00fcr sie geschaffen, denn es erm\u00f6glicht die Nutzung von Gemeinschaftsr\u00e4umen und Einrichtungen, wie man sie in Hotels nicht kennt.<\/p>\n<div class=\"fusion-clearfix\"><\/div><\/div><\/div><div class=\"fusion-layout-column fusion_builder_column fusion-builder-column-1 fusion_builder_column_1_1 1_1 fusion-one-full fusion-column-first fusion-column-last fusion-column-no-min-height\" style=\"--awb-bg-size:cover;--awb-margin-bottom:0px;\"><div class=\"fusion-column-wrapper fusion-flex-column-wrapper-legacy\"><ul style=\"--awb-line-height:27.2px;--awb-icon-width:27.2px;--awb-icon-height:27.2px;--awb-icon-margin:11.2px;--awb-content-margin:38.4px;--awb-circlecolor:#a0ce4e;--awb-circle-yes-font-size:14.08px;\" class=\"fusion-checklist fusion-checklist-1 fusion-checklist-default type-icons\">\n\n<li class=\"fusion-li-item\" style=\"\"><span class=\"icon-wrapper circle-yes\"><i class=\"fusion-li-icon awb-icon-check\" aria-hidden=\"true\"><\/i><\/span><div class=\"fusion-li-item-content\"><strong>Familienerm\u00e4ssigung..<\/strong>. F\u00fcr die verschiedenen Kinder Rabatte im Chalet Cygnet gehen Sie bitte auf die Preis\/info Seite. Liftp\u00e4sse sind f\u00fcr Familien noch g\u00fcnstiger zu haben. Mindestens drei Personen &#8211; ein Elternteil eingeschlossen &#8211; z\u00e4hlen als Familie und profitieren mit bis zu 15% Rabatt auf den verschiedenen Bergbahnen. Bitte beachten Sie, dass sich diese Erm\u00e4ssigungen jederzeit \u00e4ndern k\u00f6nnen.<\/div><\/li>\n<li class=\"fusion-li-item\" style=\"\"><span class=\"icon-wrapper circle-yes\"><i class=\"fusion-li-icon awb-icon-check\" aria-hidden=\"true\"><\/i><\/span><div class=\"fusion-li-item-content\"><strong>Kinderbetreuung&#8230;<\/strong>\u00a0Im Chalet Cygnet kann Kinderbetreuung auf Ihren Wunsch arrangiert werden. Wir sorgen daf\u00fcr, dass Sie Ihre Zeit in den Bergen sorgenfrei geniessen k\u00f6nnen, immer im Wissen, dass Ihre Kinder Spass haben und bestens betreut in einer Umgebung weilen, die sie bald ihr Zuhause nennen werden.<\/div><\/li>\n<li class=\"fusion-li-item\" style=\"\"><span class=\"icon-wrapper circle-yes\"><i class=\"fusion-li-icon awb-icon-check\" aria-hidden=\"true\"><\/i><\/span><div class=\"fusion-li-item-content\"><strong>Kindermahlzeiten&#8230;<\/strong>\u00a0werden immer um 18.00 Uhr serviert. Wenn Sie das ganze Chalet buchen und Ihre Kinder lieber mit Ihnen die gleichen Men\u00fcs essen sollen, dann informieren Sie uns bitte bei der Buchung dar\u00fcber. Auch \u00fcber Informationen bez\u00fcglich eventueller Nahrungsmittelallergien Ihrer Kinder w\u00e4ren wir dankbar. Details zu unseren Kinder-Men\u00fcs werden Ihnen nach der Buchung zugesendet. So koennen Sie gemeinsam mit ihren Kindern eventuelle \u00c4nderungen vornehmen, damit auch die Kleinen Freude an ihrem Urlaubsschmaus haben.<\/div><\/li>\n<li class=\"fusion-li-item\" style=\"\"><span class=\"icon-wrapper circle-yes\"><i class=\"fusion-li-icon awb-icon-check\" aria-hidden=\"true\"><\/i><\/span><div class=\"fusion-li-item-content\"><strong>Kinder-Ausr\u00fcstung&#8230;<\/strong>\u00a0Alles Notwendige, um Ihre Kleinen gl\u00fccklich zu machen und Ihnen einen sch\u00f6nen Aufenthalt bei uns zu sichern, steht selbstverst\u00e4ndlich zu Ihrer Verf\u00fcgung. Bei Bedarf gibt es z. B. ein Babybett, einen Hochstuhl, verschiedene Spielzeuge, Spiele und Kinder-DVDs.<\/div><\/li>\n<li class=\"fusion-li-item\" style=\"\"><span class=\"icon-wrapper circle-yes\"><i class=\"fusion-li-icon awb-icon-check\" aria-hidden=\"true\"><\/i><\/span><div class=\"fusion-li-item-content\"><\/div><\/li><strong>Einkaufsliste&#8230;\u00a0<\/strong>Um Ihnen 100 % Urlaub zu sichern, erledigen wir gern Ihre Einkaufsliste, ob darauf nun Windeln, Wischt\u00fccher oder die liebste Babynahrung sich finden. Alle Produkte werden am Ende Ihres Urlaubs zum Einkaufspreis auf Ihre Abschlussrechnung aufgeschlagen. Teilen Sie es uns bitte mindestens zwei Wochen im Voraus mit, wenn sie diesen Service zu beanspruchen <\/ul><div class=\"fusion-clearfix\"><\/div><\/div><\/div><\/div><\/div><\/li>\n<\/ul>\n","protected":false},"excerpt":{"rendered":"","protected":false},"author":1,"featured_media":0,"parent":4286,"menu_order":33,"comment_status":"open","ping_status":"open","template":"side-navigation.php","meta":{"footnotes":""},"class_list":["post-4505","page","type-page","status-publish","hentry"],"yoast_head":"<!-- This site is optimized with the Yoast SEO plugin v27.3 - https:\/\/yoast.com\/product\/yoast-seo-wordpress\/ -->\n<title>Luxus Familien Chalet | Schweizer Alpen | Kinderfreundliches Chalet<\/title>\n<meta name=\"description\" content=\"Bei einem Aufenthalt in einem Luxus Familien Chalet holen Sie immer das Maximum aus ihrem Urlaub heraus und k\u00f6nnen ihn perfekt geniessen.\" \/>\n<meta name=\"robots\" content=\"index, follow, max-snippet:-1, max-image-preview:large, max-video-preview:-1\" \/>\n<link rel=\"canonical\" href=\"https:\/\/alpine-comfort.com\/de\/ferien-bei-uns\/luxus-familien-chalet\/\" \/>\n<meta property=\"og:locale\" content=\"de_DE\" \/>\n<meta property=\"og:type\" content=\"article\" \/>\n<meta property=\"og:title\" content=\"Luxus Familien Chalet | Schweizer Alpen | Kinderfreundliches Chalet\" \/>\n<meta property=\"og:description\" content=\"Bei einem Aufenthalt in einem Luxus Familien Chalet holen Sie immer das Maximum aus ihrem Urlaub heraus und k\u00f6nnen ihn perfekt geniessen.\" \/>\n<meta property=\"og:url\" content=\"https:\/\/alpine-comfort.com\/de\/ferien-bei-uns\/luxus-familien-chalet\/\" \/>\n<meta property=\"og:site_name\" content=\"Alpine Comfort\" \/>\n<meta property=\"article:modified_time\" content=\"2017-05-30T13:53:53+00:00\" \/>\n<meta name=\"twitter:label1\" content=\"Gesch\u00e4tzte Lesezeit\" \/>\n\t<meta name=\"twitter:data1\" content=\"2\u00a0Minuten\" \/>\n<script type=\"application\/ld+json\" class=\"yoast-schema-graph\">{\"@context\":\"https:\\\/\\\/schema.org\",\"@graph\":[{\"@type\":\"WebPage\",\"@id\":\"https:\\\/\\\/alpine-comfort.com\\\/de\\\/ferien-bei-uns\\\/luxus-familien-chalet\\\/\",\"url\":\"https:\\\/\\\/alpine-comfort.com\\\/de\\\/ferien-bei-uns\\\/luxus-familien-chalet\\\/\",\"name\":\"Luxus Familien Chalet | Schweizer Alpen | Kinderfreundliches Chalet\",\"isPartOf\":{\"@id\":\"https:\\\/\\\/alpine-comfort.com\\\/#website\"},\"datePublished\":\"2013-04-18T07:00:41+00:00\",\"dateModified\":\"2017-05-30T13:53:53+00:00\",\"description\":\"Bei einem Aufenthalt in einem Luxus Familien Chalet holen Sie immer das Maximum aus ihrem Urlaub heraus und k\u00f6nnen ihn perfekt geniessen.\",\"breadcrumb\":{\"@id\":\"https:\\\/\\\/alpine-comfort.com\\\/de\\\/ferien-bei-uns\\\/luxus-familien-chalet\\\/#breadcrumb\"},\"inLanguage\":\"de\",\"potentialAction\":[{\"@type\":\"ReadAction\",\"target\":[\"https:\\\/\\\/alpine-comfort.com\\\/de\\\/ferien-bei-uns\\\/luxus-familien-chalet\\\/\"]}]},{\"@type\":\"BreadcrumbList\",\"@id\":\"https:\\\/\\\/alpine-comfort.com\\\/de\\\/ferien-bei-uns\\\/luxus-familien-chalet\\\/#breadcrumb\",\"itemListElement\":[{\"@type\":\"ListItem\",\"position\":1,\"name\":\"Ferien bei Uns\",\"item\":\"https:\\\/\\\/alpine-comfort.com\\\/de\\\/\"},{\"@type\":\"ListItem\",\"position\":2,\"name\":\"Familie\"}]},{\"@type\":\"WebSite\",\"@id\":\"https:\\\/\\\/alpine-comfort.com\\\/#website\",\"url\":\"https:\\\/\\\/alpine-comfort.com\\\/\",\"name\":\"Alpine Comfort\",\"description\":\"Pure Luxury Mountain Accommodation\",\"potentialAction\":[{\"@type\":\"SearchAction\",\"target\":{\"@type\":\"EntryPoint\",\"urlTemplate\":\"https:\\\/\\\/alpine-comfort.com\\\/?s={search_term_string}\"},\"query-input\":{\"@type\":\"PropertyValueSpecification\",\"valueRequired\":true,\"valueName\":\"search_term_string\"}}],\"inLanguage\":\"de\"}]}<\/script>\n<!-- \/ Yoast SEO plugin. -->","yoast_head_json":{"title":"Luxus Familien Chalet | Schweizer Alpen | Kinderfreundliches Chalet","description":"Bei einem Aufenthalt in einem Luxus Familien Chalet holen Sie immer das Maximum aus ihrem Urlaub heraus und k\u00f6nnen ihn perfekt geniessen.","robots":{"index":"index","follow":"follow","max-snippet":"max-snippet:-1","max-image-preview":"max-image-preview:large","max-video-preview":"max-video-preview:-1"},"canonical":"https:\/\/alpine-comfort.com\/de\/ferien-bei-uns\/luxus-familien-chalet\/","og_locale":"de_DE","og_type":"article","og_title":"Luxus Familien Chalet | Schweizer Alpen | Kinderfreundliches Chalet","og_description":"Bei einem Aufenthalt in einem Luxus Familien Chalet holen Sie immer das Maximum aus ihrem Urlaub heraus und k\u00f6nnen ihn perfekt geniessen.","og_url":"https:\/\/alpine-comfort.com\/de\/ferien-bei-uns\/luxus-familien-chalet\/","og_site_name":"Alpine Comfort","article_modified_time":"2017-05-30T13:53:53+00:00","twitter_misc":{"Gesch\u00e4tzte Lesezeit":"2\u00a0Minuten"},"schema":{"@context":"https:\/\/schema.org","@graph":[{"@type":"WebPage","@id":"https:\/\/alpine-comfort.com\/de\/ferien-bei-uns\/luxus-familien-chalet\/","url":"https:\/\/alpine-comfort.com\/de\/ferien-bei-uns\/luxus-familien-chalet\/","name":"Luxus Familien Chalet | Schweizer Alpen | Kinderfreundliches Chalet","isPartOf":{"@id":"https:\/\/alpine-comfort.com\/#website"},"datePublished":"2013-04-18T07:00:41+00:00","dateModified":"2017-05-30T13:53:53+00:00","description":"Bei einem Aufenthalt in einem Luxus Familien Chalet holen Sie immer das Maximum aus ihrem Urlaub heraus und k\u00f6nnen ihn perfekt geniessen.","breadcrumb":{"@id":"https:\/\/alpine-comfort.com\/de\/ferien-bei-uns\/luxus-familien-chalet\/#breadcrumb"},"inLanguage":"de","potentialAction":[{"@type":"ReadAction","target":["https:\/\/alpine-comfort.com\/de\/ferien-bei-uns\/luxus-familien-chalet\/"]}]},{"@type":"BreadcrumbList","@id":"https:\/\/alpine-comfort.com\/de\/ferien-bei-uns\/luxus-familien-chalet\/#breadcrumb","itemListElement":[{"@type":"ListItem","position":1,"name":"Ferien bei Uns","item":"https:\/\/alpine-comfort.com\/de\/"},{"@type":"ListItem","position":2,"name":"Familie"}]},{"@type":"WebSite","@id":"https:\/\/alpine-comfort.com\/#website","url":"https:\/\/alpine-comfort.com\/","name":"Alpine Comfort","description":"Pure Luxury Mountain Accommodation","potentialAction":[{"@type":"SearchAction","target":{"@type":"EntryPoint","urlTemplate":"https:\/\/alpine-comfort.com\/?s={search_term_string}"},"query-input":{"@type":"PropertyValueSpecification","valueRequired":true,"valueName":"search_term_string"}}],"inLanguage":"de"}]}},"_links":{"self":[{"href":"https:\/\/alpine-comfort.com\/de\/wp-json\/wp\/v2\/pages\/4505","targetHints":{"allow":["GET"]}}],"collection":[{"href":"https:\/\/alpine-comfort.com\/de\/wp-json\/wp\/v2\/pages"}],"about":[{"href":"https:\/\/alpine-comfort.com\/de\/wp-json\/wp\/v2\/types\/page"}],"author":[{"embeddable":true,"href":"https:\/\/alpine-comfort.com\/de\/wp-json\/wp\/v2\/users\/1"}],"replies":[{"embeddable":true,"href":"https:\/\/alpine-comfort.com\/de\/wp-json\/wp\/v2\/comments?post=4505"}],"version-history":[{"count":8,"href":"https:\/\/alpine-comfort.com\/de\/wp-json\/wp\/v2\/pages\/4505\/revisions"}],"predecessor-version":[{"id":11983,"href":"https:\/\/alpine-comfort.com\/de\/wp-json\/wp\/v2\/pages\/4505\/revisions\/11983"}],"up":[{"embeddable":true,"href":"https:\/\/alpine-comfort.com\/de\/wp-json\/wp\/v2\/pages\/4286"}],"wp:attachment":[{"href":"https:\/\/alpine-comfort.com\/de\/wp-json\/wp\/v2\/media?parent=4505"}],"curies":[{"name":"wp","href":"https:\/\/api.w.org\/{rel}","templated":true}]}}