{"id":4507,"date":"2013-04-17T06:10:22","date_gmt":"2013-04-17T06:10:22","guid":{"rendered":"http:\/\/www.alpine-comfort.ch\/ski-lessons-hire-2\/"},"modified":"2017-04-17T06:22:11","modified_gmt":"2017-04-17T06:22:11","slug":"4-vallees-skischule","status":"publish","type":"page","link":"https:\/\/alpine-comfort.com\/de\/4-vallees\/4-vallees-skischule\/","title":{"rendered":"Skischule\/Ausr\u00fcstung"},"content":{"rendered":"<div class=\"fusion-fullwidth fullwidth-box fusion-builder-row-1 hundred-percent-fullwidth non-hundred-percent-height-scrolling\" style=\"--awb-border-radius-top-left:0px;--awb-border-radius-top-right:0px;--awb-border-radius-bottom-right:0px;--awb-border-radius-bottom-left:0px;--awb-overflow:visible;--awb-flex-wrap:wrap;\" ><div class=\"fusion-builder-row fusion-row\"><div class=\"fusion-layout-column fusion_builder_column fusion-builder-column-0 fusion_builder_column_1_1 1_1 fusion-one-full fusion-column-first fusion-column-last fusion-column-no-min-height\" style=\"--awb-bg-size:cover;--awb-margin-bottom:0px;\"><div class=\"fusion-column-wrapper fusion-flex-column-wrapper-legacy\"><div class=\"fusion-title title fusion-title-1 fusion-title-text fusion-title-size-two\" style=\"--awb-margin-top-small:10px;--awb-margin-right-small:0px;--awb-margin-bottom-small:10px;--awb-margin-left-small:0px;\"><h2 class=\"fusion-title-heading title-heading-left\" style=\"margin:0;\">4 Vall\u00e9es Skischule &amp; Ausr\u00fcstung<\/h2><span class=\"awb-title-spacer\"><\/span><div class=\"title-sep-container\"><div class=\"title-sep sep-double sep-solid\" style=\"border-color:var(--awb-color3);\"><\/div><\/div><\/div>\n<p>Wir haben ein gutes Verh\u00e4ltnis zur \u00f6rtlichen Skischule und dem Sportfachgesch\u00e4ft. Professionelle und leidenschaftliche Lehrer und Skifahrer stellen sicher, dass Sie von jeder Unterrichtsstunde profitieren werden und Ihre gef\u00fchrten Ski-Ausfl\u00fcge von Erfolg gekr\u00f6nt sind. Ihre Zufriedenheit liegt uns am Herzen.<\/p>\n<div class=\"fusion-clearfix\"><\/div><\/div><\/div><div class=\"fusion-layout-column fusion_builder_column fusion-builder-column-1 fusion_builder_column_1_1 1_1 fusion-one-full fusion-column-first fusion-column-last fusion-column-no-min-height\" style=\"--awb-bg-size:cover;--awb-margin-bottom:0px;\"><div class=\"fusion-column-wrapper fusion-flex-column-wrapper-legacy\"><ul style=\"--awb-line-height:27.2px;--awb-icon-width:27.2px;--awb-icon-height:27.2px;--awb-icon-margin:11.2px;--awb-content-margin:38.4px;--awb-circlecolor:#a0ce4e;--awb-circle-yes-font-size:14.08px;\" class=\"fusion-checklist fusion-checklist-1 fusion-checklist-default type-icons\">\n\n<li class=\"fusion-li-item\" style=\"\"><span class=\"icon-wrapper circle-yes\"><i class=\"fusion-li-icon awb-icon-check\" aria-hidden=\"true\"><\/i><\/span><div class=\"fusion-li-item-content\"><strong>Ausr\u00fcstung&#8230;<\/strong>\u00a0Ihre gesamte Ausr\u00fcstung k\u00f6nnen Sie bei uns vorbestellen und, wenn Sie es w\u00fcnschen, auch im Voraus bezahlen, so dass Ihr erster Tag in Nendaz v\u00f6llig problemlos und stressfrei verl\u00e4uft. Wir k\u00fcmmern uns um alles. Die Preise variieren enorm &#8211; je nach Art der Ausr\u00fcstung, die Sie ben\u00f6tigen. Und haben Sie bitte auch Verst\u00e4ndnis daf\u00fcr, dass die neuesten technischen Ausr\u00fcstungen entsprechend teurer sind.<br \/>\nWir begleiten Sie nach Ihrer Ankunft gerne zu den empfohlenen Gesch\u00e4ften. So k\u00f6nnen Sie von der Vielfalt, die dort vorzufinden ist, profitieren und Ihre Lieblingsskier oder das neuste Snowboard aussuchen.<br \/>\nWenn Sie bereits wissen, welche Ausr\u00fcstung Sie mieten m\u00f6chten, w\u00fcrden wir uns freuen, im Voraus alles f\u00fcr Sie buchen zu d\u00fcrfen. Am Ende Ihres Urlaubs k\u00f6nnen Sie einfach alle gemieteten Gegenst\u00e4nde im Chalet Cygnet lassen &#8211; wir k\u00fcmmern uns dann um sie.<\/div><\/li>\n<li class=\"fusion-li-item\" style=\"\"><span class=\"icon-wrapper circle-yes\"><i class=\"fusion-li-icon awb-icon-check\" aria-hidden=\"true\"><\/i><\/span><div class=\"fusion-li-item-content\"><strong>Skischule&#8230;\u00a0<\/strong>Um sicherzustellen, dass Sie nur das Beste aus Ihrem Urlaub herausholen, empfehlen wir Ihnen, die 4 Vall\u00e9es Skischule und Bergf\u00fchrer schon von Zuhause aus zu buchen. Teilen Sie uns Ihre W\u00fcnsche einfach mit und wir werden uns bem\u00fchen, sie gemeinsam mit der einheimischen Skischule und unseren Bergf\u00fchrern zu befriedigen.<\/div><\/li>\n\n<\/ul>\n<p><strong>Bitte kontaktieren Sie uns f\u00fcr weitere Informationen \u00fcber Buchungen von Skilehrern und den Skiverleih. Bei Reservationen direkt mit uns, garantieren wir einen Rabatt von 15%.<\/strong><div class=\"fusion-clearfix\"><\/div><\/div><\/div><\/div><\/div>\n","protected":false},"excerpt":{"rendered":"","protected":false},"author":1,"featured_media":0,"parent":9658,"menu_order":30,"comment_status":"open","ping_status":"closed","template":"side-navigation.php","meta":{"footnotes":""},"class_list":["post-4507","page","type-page","status-publish","hentry"],"yoast_head":"<!-- This site is optimized with the Yoast SEO plugin v27.3 - https:\/\/yoast.com\/product\/yoast-seo-wordpress\/ -->\n<title>4 Vall\u00e9es Skischule | Ski Material Nendaz, Verbier, Schweiz<\/title>\n<meta name=\"description\" content=\"Dass Sie nur das Beste aus Ihrem Urlaub herausholen, empfehlen wir Ihnen, die 4 Vall\u00e9es Skischule und Bergf\u00fchrer in Nendaz schon von Zuhause aus zu buchen\" \/>\n<meta name=\"robots\" content=\"index, follow, max-snippet:-1, max-image-preview:large, max-video-preview:-1\" \/>\n<link rel=\"canonical\" href=\"https:\/\/alpine-comfort.com\/de\/4-vallees\/4-vallees-skischule\/\" \/>\n<meta property=\"og:locale\" content=\"de_DE\" \/>\n<meta property=\"og:type\" content=\"article\" \/>\n<meta property=\"og:title\" content=\"4 Vall\u00e9es Skischule | Ski Material Nendaz, Verbier, Schweiz\" \/>\n<meta property=\"og:description\" content=\"Dass Sie nur das Beste aus Ihrem Urlaub herausholen, empfehlen wir Ihnen, die 4 Vall\u00e9es Skischule und Bergf\u00fchrer in Nendaz schon von Zuhause aus zu buchen\" \/>\n<meta property=\"og:url\" content=\"https:\/\/alpine-comfort.com\/de\/4-vallees\/4-vallees-skischule\/\" \/>\n<meta property=\"og:site_name\" content=\"Alpine Comfort\" \/>\n<meta property=\"article:modified_time\" content=\"2017-04-17T06:22:11+00:00\" \/>\n<meta name=\"twitter:label1\" content=\"Gesch\u00e4tzte Lesezeit\" \/>\n\t<meta name=\"twitter:data1\" content=\"2\u00a0Minuten\" \/>\n<script type=\"application\/ld+json\" class=\"yoast-schema-graph\">{\"@context\":\"https:\\\/\\\/schema.org\",\"@graph\":[{\"@type\":\"WebPage\",\"@id\":\"https:\\\/\\\/alpine-comfort.com\\\/de\\\/4-vallees\\\/4-vallees-skischule\\\/\",\"url\":\"https:\\\/\\\/alpine-comfort.com\\\/de\\\/4-vallees\\\/4-vallees-skischule\\\/\",\"name\":\"4 Vall\u00e9es Skischule | Ski Material Nendaz, Verbier, Schweiz\",\"isPartOf\":{\"@id\":\"https:\\\/\\\/alpine-comfort.com\\\/#website\"},\"datePublished\":\"2013-04-17T06:10:22+00:00\",\"dateModified\":\"2017-04-17T06:22:11+00:00\",\"description\":\"Dass Sie nur das Beste aus Ihrem Urlaub herausholen, empfehlen wir Ihnen, die 4 Vall\u00e9es Skischule und Bergf\u00fchrer in Nendaz schon von Zuhause aus zu buchen\",\"breadcrumb\":{\"@id\":\"https:\\\/\\\/alpine-comfort.com\\\/de\\\/4-vallees\\\/4-vallees-skischule\\\/#breadcrumb\"},\"inLanguage\":\"de\",\"potentialAction\":[{\"@type\":\"ReadAction\",\"target\":[\"https:\\\/\\\/alpine-comfort.com\\\/de\\\/4-vallees\\\/4-vallees-skischule\\\/\"]}]},{\"@type\":\"BreadcrumbList\",\"@id\":\"https:\\\/\\\/alpine-comfort.com\\\/de\\\/4-vallees\\\/4-vallees-skischule\\\/#breadcrumb\",\"itemListElement\":[{\"@type\":\"ListItem\",\"position\":1,\"name\":\"4 Vall\u00e9es\",\"item\":\"https:\\\/\\\/alpine-comfort.com\\\/de\\\/4-vallees\\\/\"},{\"@type\":\"ListItem\",\"position\":2,\"name\":\"Skischule\\\/Ausr\u00fcstung\"}]},{\"@type\":\"WebSite\",\"@id\":\"https:\\\/\\\/alpine-comfort.com\\\/#website\",\"url\":\"https:\\\/\\\/alpine-comfort.com\\\/\",\"name\":\"Alpine Comfort\",\"description\":\"Pure Luxury Mountain Accommodation\",\"potentialAction\":[{\"@type\":\"SearchAction\",\"target\":{\"@type\":\"EntryPoint\",\"urlTemplate\":\"https:\\\/\\\/alpine-comfort.com\\\/?s={search_term_string}\"},\"query-input\":{\"@type\":\"PropertyValueSpecification\",\"valueRequired\":true,\"valueName\":\"search_term_string\"}}],\"inLanguage\":\"de\"}]}<\/script>\n<!-- \/ Yoast SEO plugin. -->","yoast_head_json":{"title":"4 Vall\u00e9es Skischule | Ski Material Nendaz, Verbier, Schweiz","description":"Dass Sie nur das Beste aus Ihrem Urlaub herausholen, empfehlen wir Ihnen, die 4 Vall\u00e9es Skischule und Bergf\u00fchrer in Nendaz schon von Zuhause aus zu buchen","robots":{"index":"index","follow":"follow","max-snippet":"max-snippet:-1","max-image-preview":"max-image-preview:large","max-video-preview":"max-video-preview:-1"},"canonical":"https:\/\/alpine-comfort.com\/de\/4-vallees\/4-vallees-skischule\/","og_locale":"de_DE","og_type":"article","og_title":"4 Vall\u00e9es Skischule | Ski Material Nendaz, Verbier, Schweiz","og_description":"Dass Sie nur das Beste aus Ihrem Urlaub herausholen, empfehlen wir Ihnen, die 4 Vall\u00e9es Skischule und Bergf\u00fchrer in Nendaz schon von Zuhause aus zu buchen","og_url":"https:\/\/alpine-comfort.com\/de\/4-vallees\/4-vallees-skischule\/","og_site_name":"Alpine Comfort","article_modified_time":"2017-04-17T06:22:11+00:00","twitter_misc":{"Gesch\u00e4tzte Lesezeit":"2\u00a0Minuten"},"schema":{"@context":"https:\/\/schema.org","@graph":[{"@type":"WebPage","@id":"https:\/\/alpine-comfort.com\/de\/4-vallees\/4-vallees-skischule\/","url":"https:\/\/alpine-comfort.com\/de\/4-vallees\/4-vallees-skischule\/","name":"4 Vall\u00e9es Skischule | Ski Material Nendaz, Verbier, Schweiz","isPartOf":{"@id":"https:\/\/alpine-comfort.com\/#website"},"datePublished":"2013-04-17T06:10:22+00:00","dateModified":"2017-04-17T06:22:11+00:00","description":"Dass Sie nur das Beste aus Ihrem Urlaub herausholen, empfehlen wir Ihnen, die 4 Vall\u00e9es Skischule und Bergf\u00fchrer in Nendaz schon von Zuhause aus zu buchen","breadcrumb":{"@id":"https:\/\/alpine-comfort.com\/de\/4-vallees\/4-vallees-skischule\/#breadcrumb"},"inLanguage":"de","potentialAction":[{"@type":"ReadAction","target":["https:\/\/alpine-comfort.com\/de\/4-vallees\/4-vallees-skischule\/"]}]},{"@type":"BreadcrumbList","@id":"https:\/\/alpine-comfort.com\/de\/4-vallees\/4-vallees-skischule\/#breadcrumb","itemListElement":[{"@type":"ListItem","position":1,"name":"4 Vall\u00e9es","item":"https:\/\/alpine-comfort.com\/de\/4-vallees\/"},{"@type":"ListItem","position":2,"name":"Skischule\/Ausr\u00fcstung"}]},{"@type":"WebSite","@id":"https:\/\/alpine-comfort.com\/#website","url":"https:\/\/alpine-comfort.com\/","name":"Alpine Comfort","description":"Pure Luxury Mountain Accommodation","potentialAction":[{"@type":"SearchAction","target":{"@type":"EntryPoint","urlTemplate":"https:\/\/alpine-comfort.com\/?s={search_term_string}"},"query-input":{"@type":"PropertyValueSpecification","valueRequired":true,"valueName":"search_term_string"}}],"inLanguage":"de"}]}},"_links":{"self":[{"href":"https:\/\/alpine-comfort.com\/de\/wp-json\/wp\/v2\/pages\/4507","targetHints":{"allow":["GET"]}}],"collection":[{"href":"https:\/\/alpine-comfort.com\/de\/wp-json\/wp\/v2\/pages"}],"about":[{"href":"https:\/\/alpine-comfort.com\/de\/wp-json\/wp\/v2\/types\/page"}],"author":[{"embeddable":true,"href":"https:\/\/alpine-comfort.com\/de\/wp-json\/wp\/v2\/users\/1"}],"replies":[{"embeddable":true,"href":"https:\/\/alpine-comfort.com\/de\/wp-json\/wp\/v2\/comments?post=4507"}],"version-history":[{"count":5,"href":"https:\/\/alpine-comfort.com\/de\/wp-json\/wp\/v2\/pages\/4507\/revisions"}],"predecessor-version":[{"id":11768,"href":"https:\/\/alpine-comfort.com\/de\/wp-json\/wp\/v2\/pages\/4507\/revisions\/11768"}],"up":[{"embeddable":true,"href":"https:\/\/alpine-comfort.com\/de\/wp-json\/wp\/v2\/pages\/9658"}],"wp:attachment":[{"href":"https:\/\/alpine-comfort.com\/de\/wp-json\/wp\/v2\/media?parent=4507"}],"curies":[{"name":"wp","href":"https:\/\/api.w.org\/{rel}","templated":true}]}}