{"id":4509,"date":"2013-04-17T06:07:10","date_gmt":"2013-04-17T06:07:10","guid":{"rendered":"http:\/\/www.alpine-comfort.ch\/4-valleys-activities-2\/"},"modified":"2017-05-30T18:19:51","modified_gmt":"2017-05-30T18:19:51","slug":"winter-aktivitaten","status":"publish","type":"page","link":"https:\/\/alpine-comfort.com\/de\/4-vallees\/winter-aktivitaten\/","title":{"rendered":"Winter Aktivitaten"},"content":{"rendered":"<div class=\"fusion-fullwidth fullwidth-box fusion-builder-row-1 hundred-percent-fullwidth non-hundred-percent-height-scrolling\" style=\"--awb-border-radius-top-left:0px;--awb-border-radius-top-right:0px;--awb-border-radius-bottom-right:0px;--awb-border-radius-bottom-left:0px;--awb-overflow:visible;--awb-flex-wrap:wrap;\" ><div class=\"fusion-builder-row fusion-row\"><div class=\"fusion-layout-column fusion_builder_column fusion-builder-column-0 fusion_builder_column_1_1 1_1 fusion-one-full fusion-column-first fusion-column-last fusion-column-no-min-height\" style=\"--awb-bg-size:cover;--awb-margin-bottom:0px;\"><div class=\"fusion-column-wrapper fusion-flex-column-wrapper-legacy\"><div class=\"fusion-title title fusion-title-1 fusion-title-text fusion-title-size-two\" style=\"--awb-margin-top-small:10px;--awb-margin-right-small:0px;--awb-margin-bottom-small:10px;--awb-margin-left-small:0px;\"><h2 class=\"fusion-title-heading title-heading-left\" style=\"margin:0;\">4 Vall\u00e9es<\/h2><span class=\"awb-title-spacer\"><\/span><div class=\"title-sep-container\"><div class=\"title-sep sep-double sep-solid\" style=\"border-color:var(--awb-color3);\"><\/div><\/div><\/div>\n<p><strong>Skiing &amp; Snowboarding<\/strong><br \/>\nDer Mont-Fort markiert den H\u00f6hepunkt der 4-Vall\u00e9es-Domain mit hervorragenden Ski- und Schneebedingungen w\u00e4hrend der ganzen Saison. Es gibt zwei Skipaesse &#8211; den Printze-Pass f\u00fcr den Bereich Nendaz, Siviez, Veysonnaz und Thyon und den 4 Vall\u00e9es Pass f\u00fcr die Mont-Fort-Seilbahn und f\u00fcr das Verbier-Skigebiet. Jederzeit ist der Printze-Pass erweiterbar auf den 4 Vall\u00e9es Pass.<br \/>\n<a title=\"gebiet\" href=\"http:\/\/www.nendaz.ch\/tourismus\/skifahren-1080.html\" target=\"_blank\" rel=\"noopener noreferrer\">Ski Plan<\/a>\u00a0&amp;\u00a0<a title=\"preise\" href=\"http:\/\/www.nendaz.ch\/tourismus\/preislist-3199.html\" target=\"_blank\" rel=\"noopener noreferrer\">Tarife<\/a><\/p>\n<p><strong>Freeride<\/strong><br \/>\nFreerider auf der Suche nach Freiheit, unber\u00fchrter Natur und Pulverschnee finden hier, was sie suchen.<br \/>\n<a title=\"Freeride\" href=\"http:\/\/www.nendaz.ch\/tourismus\/freeride-1089.html\" target=\"_blank\" rel=\"noopener noreferrer\">Freeride information<\/a><\/p>\n<p><strong>Freestyle<\/strong><br \/>\nIm Snowpark von Nendaz finden Sie verschiedene Kickers, Rails und Box\u2026 Zwei Parks f\u00fcr zwei verschiedene Niveaus, Wettk\u00e4mpfe, einen Mini Snow-Skate Park, etc\u2026<br \/>\nDer Nendaz Snowpark bietet zwei Schwierigkeitsgrade, verschiedene Module, einen kleinen Snow-Skate Park, Veranstaltungen, Musik und vieles mehr. Zudem wird er t\u00e4glich unterhalten.<br \/>\n<a title=\"Freestyle\" href=\"http:\/\/www.nendaz.ch\/tourismus\/freestyle-1088.html\" target=\"_blank\" rel=\"noopener noreferrer\">Parks &amp; Events<\/a><\/p>\n<p><strong>Tourenskifahren &amp; Schnee-Schuh Wandern<\/strong><br \/>\nEine einmalige Erfahrung ist es das Winterwunderland zu Fuss zu entdecken. Markierte Wege werden Sie durch eine Atemberaubende Gegend f\u00fchren.<br \/>\n<a title=\"wanderwege\" href=\"http:\/\/www.nendaz.ch\/tourismus\/winterwanderwege-517.html\" target=\"_blank\" rel=\"noopener noreferrer\">Wanderwege<\/a><br \/>\nProfessionelle Bergf\u00fchrer f\u00fcr mehr Advanced touren stehen zur Verf\u00fcgung. Reservationen w\u00e4hrend der Hochsaison sind wichtig.<br \/>\nProfessionelle Bergf\u00fchrer <a title=\"Guide valais\" href=\"http:\/\/www.en-montagne.ch\/\" target=\"_blank\" rel=\"noopener noreferrer\">&#8222;en-montagne&#8220;<\/a> und <a title=\"Guide valais\" href=\"http:\/\/www.guidesvalais.com\/\" target=\"_blank\" rel=\"noopener noreferrer\">&#8222;Guide Valais&#8220;<\/a><\/p>\n<p><strong>Schlitteln<\/strong><br \/>\nDie wahrscheinlich lustigste Aktivit\u00e4t f\u00fcr Gross und Klein.<br \/>\nDie Rodelbahn liegt wenige Meter abseits der Skipiste Tortin. Sie bietet mehr als 3 Kilometer Gleitspass f\u00fcr jung und alt. Das ideale Abenteuer f\u00fcr Familien w\u00e4hrend der ganzen Saison ! Wir haben einige Schlitten im Chalet zu Verf\u00fcgung.<br \/>\n<a title=\"schlitteln\" href=\"http:\/\/www.nendaz.ch\/tourismus\/gleiten-3500.html\" target=\"_blank\" rel=\"noopener noreferrer\">Vermietung &amp; Informationen<\/a><\/p>\n<p><strong>Kinder &amp; Snow tubing<\/strong><br \/>\nNendaz rollt den weissen Teppich aus. Tracouet ist der ideale Ort, um die ersten Erfahrungen im Schnee zu machen. Zahlreiche Aktivit\u00e4ten wie das Snowtubing, das Karussell und der Magic Carpet wartet alles, von Ihren Lieben entdeckt zu werden. \u00c4hnliche Aktivit\u00e4ten gibt es auch in Siviez gleich neben der Skipiste.<br \/>\n<a title=\"tubing\" href=\"http:\/\/www.nendaz.ch\/tourismus\/snowtubing-1091.html\" target=\"_blank\" rel=\"noopener noreferrer\">Mehr Infos<\/a><\/p>\n<p><strong>Langlaufen<\/strong><br \/>\nIn Haute-Nendaz finden Sie zwei Strecken, die \u00fcber einen Waldweg f\u00fchren, davon einer f\u00fcr Anf\u00e4nger (4 km) und ein zweiter f\u00fcr gewohnte Langl\u00e4ufer (6 km). Diese Pisten stehen Ihnen frei zur Verf\u00fcgung.<br \/>\n<a title=\"langlaufen\" href=\"http:\/\/www.nendaz.ch\/tourismus\/langlauf-1094.html\" target=\"_blank\" rel=\"noopener noreferrer\">Mehr Infos<\/a><div class=\"fusion-clearfix\"><\/div><\/div><\/div><\/div><\/div>\n","protected":false},"excerpt":{"rendered":"","protected":false},"author":1,"featured_media":0,"parent":9658,"menu_order":10,"comment_status":"open","ping_status":"closed","template":"side-navigation.php","meta":{"footnotes":""},"class_list":["post-4509","page","type-page","status-publish","hentry"],"yoast_head":"<!-- This site is optimized with the Yoast SEO plugin v27.3 - https:\/\/yoast.com\/product\/yoast-seo-wordpress\/ -->\n<title>4 Vall\u00e9es Ski Aktivit\u00e4ten| Ski Lift ABO Nendaz, Verbier, Schweiz<\/title>\n<meta name=\"description\" content=\"4 Vall\u00e9es Luxus-Ski-Chalet in einer ruhigen Lage etwas au\u00dferhalb von Nendaz in den Schweizer Alpen gelegen. Die 4 Vall\u00e9es bieten Skiurlaub f\u00fcr jeden.\" \/>\n<meta name=\"robots\" content=\"index, follow, max-snippet:-1, max-image-preview:large, max-video-preview:-1\" \/>\n<link rel=\"canonical\" href=\"https:\/\/alpine-comfort.com\/de\/4-vallees\/winter-aktivitaten\/\" \/>\n<meta property=\"og:locale\" content=\"de_DE\" \/>\n<meta property=\"og:type\" content=\"article\" \/>\n<meta property=\"og:title\" content=\"4 Vall\u00e9es Ski Aktivit\u00e4ten| Ski Lift ABO Nendaz, Verbier, Schweiz\" \/>\n<meta property=\"og:description\" content=\"4 Vall\u00e9es Luxus-Ski-Chalet in einer ruhigen Lage etwas au\u00dferhalb von Nendaz in den Schweizer Alpen gelegen. Die 4 Vall\u00e9es bieten Skiurlaub f\u00fcr jeden.\" \/>\n<meta property=\"og:url\" content=\"https:\/\/alpine-comfort.com\/de\/4-vallees\/winter-aktivitaten\/\" \/>\n<meta property=\"og:site_name\" content=\"Alpine Comfort\" \/>\n<meta property=\"article:modified_time\" content=\"2017-05-30T18:19:51+00:00\" \/>\n<meta name=\"twitter:label1\" content=\"Gesch\u00e4tzte Lesezeit\" \/>\n\t<meta name=\"twitter:data1\" content=\"2\u00a0Minuten\" \/>\n<script type=\"application\/ld+json\" class=\"yoast-schema-graph\">{\"@context\":\"https:\\\/\\\/schema.org\",\"@graph\":[{\"@type\":\"WebPage\",\"@id\":\"https:\\\/\\\/alpine-comfort.com\\\/de\\\/4-vallees\\\/winter-aktivitaten\\\/\",\"url\":\"https:\\\/\\\/alpine-comfort.com\\\/de\\\/4-vallees\\\/winter-aktivitaten\\\/\",\"name\":\"4 Vall\u00e9es Ski Aktivit\u00e4ten| Ski Lift ABO Nendaz, Verbier, Schweiz\",\"isPartOf\":{\"@id\":\"https:\\\/\\\/alpine-comfort.com\\\/#website\"},\"datePublished\":\"2013-04-17T06:07:10+00:00\",\"dateModified\":\"2017-05-30T18:19:51+00:00\",\"description\":\"4 Vall\u00e9es Luxus-Ski-Chalet in einer ruhigen Lage etwas au\u00dferhalb von Nendaz in den Schweizer Alpen gelegen. Die 4 Vall\u00e9es bieten Skiurlaub f\u00fcr jeden.\",\"breadcrumb\":{\"@id\":\"https:\\\/\\\/alpine-comfort.com\\\/de\\\/4-vallees\\\/winter-aktivitaten\\\/#breadcrumb\"},\"inLanguage\":\"de\",\"potentialAction\":[{\"@type\":\"ReadAction\",\"target\":[\"https:\\\/\\\/alpine-comfort.com\\\/de\\\/4-vallees\\\/winter-aktivitaten\\\/\"]}]},{\"@type\":\"BreadcrumbList\",\"@id\":\"https:\\\/\\\/alpine-comfort.com\\\/de\\\/4-vallees\\\/winter-aktivitaten\\\/#breadcrumb\",\"itemListElement\":[{\"@type\":\"ListItem\",\"position\":1,\"name\":\"4 Vall\u00e9es\",\"item\":\"https:\\\/\\\/alpine-comfort.com\\\/de\\\/4-vallees\\\/\"},{\"@type\":\"ListItem\",\"position\":2,\"name\":\"Winter Aktivitaten\"}]},{\"@type\":\"WebSite\",\"@id\":\"https:\\\/\\\/alpine-comfort.com\\\/#website\",\"url\":\"https:\\\/\\\/alpine-comfort.com\\\/\",\"name\":\"Alpine Comfort\",\"description\":\"Pure Luxury Mountain Accommodation\",\"potentialAction\":[{\"@type\":\"SearchAction\",\"target\":{\"@type\":\"EntryPoint\",\"urlTemplate\":\"https:\\\/\\\/alpine-comfort.com\\\/?s={search_term_string}\"},\"query-input\":{\"@type\":\"PropertyValueSpecification\",\"valueRequired\":true,\"valueName\":\"search_term_string\"}}],\"inLanguage\":\"de\"}]}<\/script>\n<!-- \/ Yoast SEO plugin. -->","yoast_head_json":{"title":"4 Vall\u00e9es Ski Aktivit\u00e4ten| Ski Lift ABO Nendaz, Verbier, Schweiz","description":"4 Vall\u00e9es Luxus-Ski-Chalet in einer ruhigen Lage etwas au\u00dferhalb von Nendaz in den Schweizer Alpen gelegen. Die 4 Vall\u00e9es bieten Skiurlaub f\u00fcr jeden.","robots":{"index":"index","follow":"follow","max-snippet":"max-snippet:-1","max-image-preview":"max-image-preview:large","max-video-preview":"max-video-preview:-1"},"canonical":"https:\/\/alpine-comfort.com\/de\/4-vallees\/winter-aktivitaten\/","og_locale":"de_DE","og_type":"article","og_title":"4 Vall\u00e9es Ski Aktivit\u00e4ten| Ski Lift ABO Nendaz, Verbier, Schweiz","og_description":"4 Vall\u00e9es Luxus-Ski-Chalet in einer ruhigen Lage etwas au\u00dferhalb von Nendaz in den Schweizer Alpen gelegen. Die 4 Vall\u00e9es bieten Skiurlaub f\u00fcr jeden.","og_url":"https:\/\/alpine-comfort.com\/de\/4-vallees\/winter-aktivitaten\/","og_site_name":"Alpine Comfort","article_modified_time":"2017-05-30T18:19:51+00:00","twitter_misc":{"Gesch\u00e4tzte Lesezeit":"2\u00a0Minuten"},"schema":{"@context":"https:\/\/schema.org","@graph":[{"@type":"WebPage","@id":"https:\/\/alpine-comfort.com\/de\/4-vallees\/winter-aktivitaten\/","url":"https:\/\/alpine-comfort.com\/de\/4-vallees\/winter-aktivitaten\/","name":"4 Vall\u00e9es Ski Aktivit\u00e4ten| Ski Lift ABO Nendaz, Verbier, Schweiz","isPartOf":{"@id":"https:\/\/alpine-comfort.com\/#website"},"datePublished":"2013-04-17T06:07:10+00:00","dateModified":"2017-05-30T18:19:51+00:00","description":"4 Vall\u00e9es Luxus-Ski-Chalet in einer ruhigen Lage etwas au\u00dferhalb von Nendaz in den Schweizer Alpen gelegen. Die 4 Vall\u00e9es bieten Skiurlaub f\u00fcr jeden.","breadcrumb":{"@id":"https:\/\/alpine-comfort.com\/de\/4-vallees\/winter-aktivitaten\/#breadcrumb"},"inLanguage":"de","potentialAction":[{"@type":"ReadAction","target":["https:\/\/alpine-comfort.com\/de\/4-vallees\/winter-aktivitaten\/"]}]},{"@type":"BreadcrumbList","@id":"https:\/\/alpine-comfort.com\/de\/4-vallees\/winter-aktivitaten\/#breadcrumb","itemListElement":[{"@type":"ListItem","position":1,"name":"4 Vall\u00e9es","item":"https:\/\/alpine-comfort.com\/de\/4-vallees\/"},{"@type":"ListItem","position":2,"name":"Winter Aktivitaten"}]},{"@type":"WebSite","@id":"https:\/\/alpine-comfort.com\/#website","url":"https:\/\/alpine-comfort.com\/","name":"Alpine Comfort","description":"Pure Luxury Mountain Accommodation","potentialAction":[{"@type":"SearchAction","target":{"@type":"EntryPoint","urlTemplate":"https:\/\/alpine-comfort.com\/?s={search_term_string}"},"query-input":{"@type":"PropertyValueSpecification","valueRequired":true,"valueName":"search_term_string"}}],"inLanguage":"de"}]}},"_links":{"self":[{"href":"https:\/\/alpine-comfort.com\/de\/wp-json\/wp\/v2\/pages\/4509","targetHints":{"allow":["GET"]}}],"collection":[{"href":"https:\/\/alpine-comfort.com\/de\/wp-json\/wp\/v2\/pages"}],"about":[{"href":"https:\/\/alpine-comfort.com\/de\/wp-json\/wp\/v2\/types\/page"}],"author":[{"embeddable":true,"href":"https:\/\/alpine-comfort.com\/de\/wp-json\/wp\/v2\/users\/1"}],"replies":[{"embeddable":true,"href":"https:\/\/alpine-comfort.com\/de\/wp-json\/wp\/v2\/comments?post=4509"}],"version-history":[{"count":9,"href":"https:\/\/alpine-comfort.com\/de\/wp-json\/wp\/v2\/pages\/4509\/revisions"}],"predecessor-version":[{"id":11986,"href":"https:\/\/alpine-comfort.com\/de\/wp-json\/wp\/v2\/pages\/4509\/revisions\/11986"}],"up":[{"embeddable":true,"href":"https:\/\/alpine-comfort.com\/de\/wp-json\/wp\/v2\/pages\/9658"}],"wp:attachment":[{"href":"https:\/\/alpine-comfort.com\/de\/wp-json\/wp\/v2\/media?parent=4509"}],"curies":[{"name":"wp","href":"https:\/\/api.w.org\/{rel}","templated":true}]}}