{"id":9658,"date":"2015-02-24T21:22:36","date_gmt":"2015-02-24T21:22:36","guid":{"rendered":"http:\/\/www.alpine-comfort.com\/4-valleys-2\/"},"modified":"2017-05-30T18:10:39","modified_gmt":"2017-05-30T18:10:39","slug":"4-vallees","status":"publish","type":"page","link":"https:\/\/alpine-comfort.com\/de\/4-vallees\/","title":{"rendered":"4 Vall\u00e9es"},"content":{"rendered":"<h2>Sommer Ferien\u00a0in Nendaz<\/h2>\n<p>Nendaz hat alles zu bieten, was einen Sommer in den Schweizer Alpen so reizvoll macht. Zweifellos geh\u00f6rt es mit zu den am besten geh\u00fcteten Geheimnissen\u00a0der Schweiz.<\/p>\n<p>Das Dorf Haute-Nendaz finden Sie auf einem 1.350 m hoch gelegenen Plateau. Von hier aus haben Sie einen atemberaubenden Panoramalick auf die Berner und Waadtl\u00e4nder Alpen.<br \/>\nDas Dorf ist charmant und l\u00e4sst keine W\u00fcnsche, die sich f\u00fcr Sie mit einem typischen Schweizer Bergdorf verbinden, offen. Entdecken Sie lokale Gesch\u00e4fte, Bars, Restaurants und die freundlichsten Einheimischen, die Sie sich nur vorstellen k\u00f6nnen.<\/p>\n<p>Die Zahl der Aktivit\u00e4ten, durch die Ihre Sommerferien in den Schweizer Alpen einfach perfekt werden, ist sehr gro\u00df \u2013 idealer kann ein Spielplatz f\u00fcr Familien, Kinder und Erwachsene nicht sein.<\/p>\n<ul>\n<li>Besuchen Sie unsere\u00a0<a href=\"http:\/\/alpine-comfort.com\/de\/4-vallees\/sommer-aktivitaten\/\">SommerAktivit\u00e4ten\u00a0Seite<\/a>\u00a0uns lassen sie es uns wissen wenn wir Behilflich sein k\u00f6nnen.<\/li>\n<li>Ebenfalls finden sie N\u00fctzliche Informationen auf der Folgenden Webseite\u00a0<a title=\"Nendaz Tourism\" href=\"http:\/\/www.nendaz.ch\/tourism\/welcome-nendaz-1542.html\">Nendaz Website<\/a>.<\/li>\n<li><a href=\"http:\/\/www.alpine-comfort.ch\/photos\/summer-photos\/\">Photos<\/a><\/li>\n<\/ul>\n<h2>Winter Ski Ferien\u00a0in Nendaz<\/h2>\n<p>Nendaz hei\u00dft eines der am besten geh\u00fcteten Geheimnisse in den Schweizer Alpen. Es liegt in der Mitte des Verbier\/Mont Fort\/ 4Vall\u00e9es Ski \u2013 Bereichs, einem von weltweit insgesamt nur sieben 5-Sterne-Skigebieten, das sich von der Rhone-Ebene bis hin zu den mit Schnee bedeckten Gipfeln auf 3.330 m erstreckt.<\/p>\n<p>Das Dorf Nendaz finden Sie auf einem 1.350 m hoch gelegenen Plateau. Von hier aus haben Sie einen atemberaubenden Blick auf die Berner und Waadtl\u00e4nder Alpen.<br \/>\nDas charmante Dorf \u00a0l\u00e4sst keine W\u00fcnsche \u00fcbrig, es bietet eine\u00a0typische Schweizer Bergdorf Ambiente.<\/p>\n<p>Im Gegensatz zu vielen anderen Ferienorten herrscht in Nendaz das ganze Jahr \u00fcber Betrieb. Im Winter ist es Austragungsort verschiedener Snowboard-Weltcups und Ski-Rennen. Mit einem Wort: Es ist wirklich der ideale Erwachsenen- und Familienspielplatz.<\/p>\n<p>Stehen Sie auf der Spitze des Mont Fort, 3.330 m \u00fcber Verbier, dann \u00fcberblicken Sie\u00a0 eine der sch\u00f6nsten Ski-und Wanderregionen der Welt. Sie genie\u00dfen einen wundervollen Ausblick auf das Matterhorn, den Grand Combin und den Mont-Blanc &#8211; mit 4.807m der h\u00f6chste Berg Europas.<\/p>\n","protected":false},"excerpt":{"rendered":"<p>Sommer Ferien\u00a0in Nendaz Nendaz hat alles zu bieten, was einen Sommer in den Schweizer Alpen so reizvoll macht. Zweifellos geh\u00f6rt es mit zu den am besten geh\u00fcteten Geheimnissen\u00a0der Schweiz. Das Dorf Haute-Nendaz finden Sie auf einem 1.350 m hoch gelegenen Plateau. Von hier aus haben Sie einen atemberaubenden Panoramalick auf die Berner und Waadtl\u00e4nder Alpen. Das Dorf ist charmant und l\u00e4sst keine W\u00fcnsche, die sich f\u00fcr Sie mit einem typischen Schweizer Bergdorf verbinden, offen. Entdecken Sie lokale Gesch\u00e4fte, Bars, Restaurants und die freundlichsten Einheimischen, die Sie sich nur vorstellen k\u00f6nnen. Die Zahl der Aktivit\u00e4ten, durch die Ihre Sommerferien in den Schweizer Alpen einfach perfekt werden, ist sehr gro\u00df \u2013 idealer kann ein Spielplatz f\u00fcr Familien, Kinder und Erwachsene nicht sein. Besuchen Sie unsere\u00a0SommerAktivit\u00e4ten\u00a0Seite\u00a0uns lassen sie es uns wissen wenn wir Behilflich sein k\u00f6nnen. Ebenfalls finden sie N\u00fctzliche Informationen auf der Folgenden Webseite\u00a0Nendaz Website. Photos Winter Ski Ferien\u00a0in Nendaz Nendaz hei\u00dft eines der am besten geh\u00fcteten Geheimnisse in den Schweizer Alpen. Es liegt in der Mitte des Verbier\/Mont Fort\/ 4Vall\u00e9es Ski \u2013 Bereichs, einem von weltweit insgesamt nur sieben 5-Sterne-Skigebieten, das sich von der Rhone-Ebene bis hin zu den mit Schnee bedeckten Gipfeln auf 3.330 m erstreckt. Das Dorf Nendaz finden Sie auf einem 1.350 m hoch gelegenen Plateau. Von hier aus haben Sie einen atemberaubenden Blick auf die Berner und Waadtl\u00e4nder Alpen. Das charmante Dorf \u00a0l\u00e4sst keine W\u00fcnsche \u00fcbrig, es bietet eine\u00a0typische Schweizer Bergdorf Ambiente. Im Gegensatz zu vielen anderen Ferienorten herrscht in Nendaz das ganze Jahr \u00fcber Betrieb. Im Winter ist es Austragungsort verschiedener Snowboard-Weltcups und Ski-Rennen. Mit einem Wort: Es ist wirklich der ideale Erwachsenen- und Familienspielplatz. Stehen Sie auf der Spitze des Mont Fort, 3.330 m \u00fcber Verbier, dann \u00fcberblicken Sie\u00a0 eine  [&#8230;]<\/p>\n","protected":false},"author":1,"featured_media":0,"parent":0,"menu_order":0,"comment_status":"open","ping_status":"open","template":"side-navigation.php","meta":{"footnotes":""},"class_list":["post-9658","page","type-page","status-publish","hentry"],"yoast_head":"<!-- This site is optimized with the Yoast SEO plugin v27.3 - https:\/\/yoast.com\/product\/yoast-seo-wordpress\/ -->\n<title>Luxus Chalet Ferien | 4 Vall\u00e9es Nendaz - Alpine Comfort<\/title>\n<meta name=\"description\" content=\"Unser luxuri\u00f6ses Nendaz B&amp;B Chalet ist eines der besten Geheimnisse der Schweiz und bietet alles, was man von einem luxuri\u00f6sen Urlaub in den Schweizer Alpen\" \/>\n<meta name=\"robots\" content=\"index, follow, max-snippet:-1, max-image-preview:large, max-video-preview:-1\" \/>\n<link rel=\"canonical\" href=\"https:\/\/alpine-comfort.com\/de\/4-vallees\/\" \/>\n<meta property=\"og:locale\" content=\"de_DE\" \/>\n<meta property=\"og:type\" content=\"article\" \/>\n<meta property=\"og:title\" content=\"Luxus Chalet Ferien | 4 Vall\u00e9es Nendaz - Alpine Comfort\" \/>\n<meta property=\"og:description\" content=\"Unser luxuri\u00f6ses Nendaz B&amp;B Chalet ist eines der besten Geheimnisse der Schweiz und bietet alles, was man von einem luxuri\u00f6sen Urlaub in den Schweizer Alpen\" \/>\n<meta property=\"og:url\" content=\"https:\/\/alpine-comfort.com\/de\/4-vallees\/\" \/>\n<meta property=\"og:site_name\" content=\"Alpine Comfort\" \/>\n<meta property=\"article:modified_time\" content=\"2017-05-30T18:10:39+00:00\" \/>\n<meta name=\"twitter:label1\" content=\"Gesch\u00e4tzte Lesezeit\" \/>\n\t<meta name=\"twitter:data1\" content=\"2\u00a0Minuten\" \/>\n<script type=\"application\/ld+json\" class=\"yoast-schema-graph\">{\"@context\":\"https:\\\/\\\/schema.org\",\"@graph\":[{\"@type\":\"WebPage\",\"@id\":\"https:\\\/\\\/alpine-comfort.com\\\/de\\\/4-vallees\\\/\",\"url\":\"https:\\\/\\\/alpine-comfort.com\\\/de\\\/4-vallees\\\/\",\"name\":\"Luxus Chalet Ferien | 4 Vall\u00e9es Nendaz - Alpine Comfort\",\"isPartOf\":{\"@id\":\"https:\\\/\\\/alpine-comfort.com\\\/#website\"},\"datePublished\":\"2015-02-24T21:22:36+00:00\",\"dateModified\":\"2017-05-30T18:10:39+00:00\",\"description\":\"Unser luxuri\u00f6ses Nendaz B&B Chalet ist eines der besten Geheimnisse der Schweiz und bietet alles, was man von einem luxuri\u00f6sen Urlaub in den Schweizer Alpen\",\"inLanguage\":\"de\",\"potentialAction\":[{\"@type\":\"ReadAction\",\"target\":[\"https:\\\/\\\/alpine-comfort.com\\\/de\\\/4-vallees\\\/\"]}]},{\"@type\":\"WebSite\",\"@id\":\"https:\\\/\\\/alpine-comfort.com\\\/#website\",\"url\":\"https:\\\/\\\/alpine-comfort.com\\\/\",\"name\":\"Alpine Comfort\",\"description\":\"Pure Luxury Mountain Accommodation\",\"potentialAction\":[{\"@type\":\"SearchAction\",\"target\":{\"@type\":\"EntryPoint\",\"urlTemplate\":\"https:\\\/\\\/alpine-comfort.com\\\/?s={search_term_string}\"},\"query-input\":{\"@type\":\"PropertyValueSpecification\",\"valueRequired\":true,\"valueName\":\"search_term_string\"}}],\"inLanguage\":\"de\"}]}<\/script>\n<!-- \/ Yoast SEO plugin. -->","yoast_head_json":{"title":"Luxus Chalet Ferien | 4 Vall\u00e9es Nendaz - Alpine Comfort","description":"Unser luxuri\u00f6ses Nendaz B&B Chalet ist eines der besten Geheimnisse der Schweiz und bietet alles, was man von einem luxuri\u00f6sen Urlaub in den Schweizer Alpen","robots":{"index":"index","follow":"follow","max-snippet":"max-snippet:-1","max-image-preview":"max-image-preview:large","max-video-preview":"max-video-preview:-1"},"canonical":"https:\/\/alpine-comfort.com\/de\/4-vallees\/","og_locale":"de_DE","og_type":"article","og_title":"Luxus Chalet Ferien | 4 Vall\u00e9es Nendaz - Alpine Comfort","og_description":"Unser luxuri\u00f6ses Nendaz B&B Chalet ist eines der besten Geheimnisse der Schweiz und bietet alles, was man von einem luxuri\u00f6sen Urlaub in den Schweizer Alpen","og_url":"https:\/\/alpine-comfort.com\/de\/4-vallees\/","og_site_name":"Alpine Comfort","article_modified_time":"2017-05-30T18:10:39+00:00","twitter_misc":{"Gesch\u00e4tzte Lesezeit":"2\u00a0Minuten"},"schema":{"@context":"https:\/\/schema.org","@graph":[{"@type":"WebPage","@id":"https:\/\/alpine-comfort.com\/de\/4-vallees\/","url":"https:\/\/alpine-comfort.com\/de\/4-vallees\/","name":"Luxus Chalet Ferien | 4 Vall\u00e9es Nendaz - Alpine Comfort","isPartOf":{"@id":"https:\/\/alpine-comfort.com\/#website"},"datePublished":"2015-02-24T21:22:36+00:00","dateModified":"2017-05-30T18:10:39+00:00","description":"Unser luxuri\u00f6ses Nendaz B&B Chalet ist eines der besten Geheimnisse der Schweiz und bietet alles, was man von einem luxuri\u00f6sen Urlaub in den Schweizer Alpen","inLanguage":"de","potentialAction":[{"@type":"ReadAction","target":["https:\/\/alpine-comfort.com\/de\/4-vallees\/"]}]},{"@type":"WebSite","@id":"https:\/\/alpine-comfort.com\/#website","url":"https:\/\/alpine-comfort.com\/","name":"Alpine Comfort","description":"Pure Luxury Mountain Accommodation","potentialAction":[{"@type":"SearchAction","target":{"@type":"EntryPoint","urlTemplate":"https:\/\/alpine-comfort.com\/?s={search_term_string}"},"query-input":{"@type":"PropertyValueSpecification","valueRequired":true,"valueName":"search_term_string"}}],"inLanguage":"de"}]}},"_links":{"self":[{"href":"https:\/\/alpine-comfort.com\/de\/wp-json\/wp\/v2\/pages\/9658","targetHints":{"allow":["GET"]}}],"collection":[{"href":"https:\/\/alpine-comfort.com\/de\/wp-json\/wp\/v2\/pages"}],"about":[{"href":"https:\/\/alpine-comfort.com\/de\/wp-json\/wp\/v2\/types\/page"}],"author":[{"embeddable":true,"href":"https:\/\/alpine-comfort.com\/de\/wp-json\/wp\/v2\/users\/1"}],"replies":[{"embeddable":true,"href":"https:\/\/alpine-comfort.com\/de\/wp-json\/wp\/v2\/comments?post=9658"}],"version-history":[{"count":8,"href":"https:\/\/alpine-comfort.com\/de\/wp-json\/wp\/v2\/pages\/9658\/revisions"}],"predecessor-version":[{"id":11960,"href":"https:\/\/alpine-comfort.com\/de\/wp-json\/wp\/v2\/pages\/9658\/revisions\/11960"}],"wp:attachment":[{"href":"https:\/\/alpine-comfort.com\/de\/wp-json\/wp\/v2\/media?parent=9658"}],"curies":[{"name":"wp","href":"https:\/\/api.w.org\/{rel}","templated":true}]}}