{"id":9662,"date":"2015-02-24T21:32:00","date_gmt":"2015-02-24T21:32:00","guid":{"rendered":"http:\/\/www.alpine-comfort.com\/service-2\/"},"modified":"2026-04-04T15:41:03","modified_gmt":"2026-04-04T15:41:03","slug":"unser-service","status":"publish","type":"page","link":"https:\/\/alpine-comfort.com\/de\/unser-service\/","title":{"rendered":"Unser Service"},"content":{"rendered":"<p>Wir verf\u00fcgen \u00fcber eine F\u00fclle an Informationen und Ortskenntnissen, die wir gerne mit Ihnen teilen, damit Sie Ihren perfekten Winterurlaub in den Schweizer Alpen planen und genie\u00dfen k\u00f6nnen.<\/p>\n<p>F\u00fcr manche sind es vielleicht die kleinen Aufmerksamkeiten wie die Pflegeprodukte von Molton Brown, die Sie in Ihrem Zimmer vorfinden, oder einfach der Komfort in unserem gem\u00fctlichen, einladenden Chalet.<\/p>\n<p>Unser hochwertiger Service bietet Ihnen alles, was Sie brauchen<\/p>\n<p>Unterst\u00fctzung bei der Buchung Ihres Urlaubs<\/p>\n<ul>\n<li>Ortskenntnisse<\/li>\n<li>Luxuri\u00f6ser Au\u00dfenwhirlpool<\/li>\n<li>Toilettenartikel von Molton Brown<\/li>\n<li>Unterst\u00fctzung bei allen Sommeraktivit\u00e4ten<\/li>\n<li>Unterst\u00fctzung und Rabatt bei der Skiauswahl und der Abholung von Skip\u00e4ssen<\/li>\n<\/ul>\n<p>&nbsp;<\/p>\n<p>&nbsp;<\/p>\n","protected":false},"excerpt":{"rendered":"<p>Wir verf\u00fcgen \u00fcber eine F\u00fclle an Informationen und Ortskenntnissen, die wir gerne mit Ihnen teilen, damit Sie Ihren perfekten Winterurlaub in den Schweizer Alpen planen und genie\u00dfen k\u00f6nnen. F\u00fcr manche sind es vielleicht die kleinen Aufmerksamkeiten wie die Pflegeprodukte von Molton Brown, die Sie in Ihrem Zimmer vorfinden, oder einfach der Komfort in unserem gem\u00fctlichen, einladenden Chalet. Unser hochwertiger Service bietet Ihnen alles, was Sie brauchen Unterst\u00fctzung bei der Buchung Ihres Urlaubs Ortskenntnisse Luxuri\u00f6ser Au\u00dfenwhirlpool Toilettenartikel von Molton Brown Unterst\u00fctzung bei allen Sommeraktivit\u00e4ten Unterst\u00fctzung und Rabatt bei der Skiauswahl und der Abholung von Skip\u00e4ssen &nbsp; &nbsp;<\/p>\n","protected":false},"author":1,"featured_media":0,"parent":0,"menu_order":0,"comment_status":"open","ping_status":"open","template":"side-navigation.php","meta":{"footnotes":""},"class_list":["post-9662","page","type-page","status-publish","hentry"],"yoast_head":"<!-- This site is optimized with the Yoast SEO plugin v27.3 - https:\/\/yoast.com\/product\/yoast-seo-wordpress\/ -->\n<title>Luxus Service Ski Chalets | Chauffeur, Champagne &amp; Skiing<\/title>\n<meta name=\"description\" content=\"Luxus-Service in unseren Ski-Chalets in Nendaz, 4 Vall\u00e9es, Schweiz. Bed &amp; Breakfast oder Catering-Chalet, fantastische Aussicht von unserer Terrassen.\" \/>\n<meta name=\"robots\" content=\"index, follow, max-snippet:-1, max-image-preview:large, max-video-preview:-1\" \/>\n<link rel=\"canonical\" href=\"https:\/\/alpine-comfort.com\/de\/unser-service\/\" \/>\n<meta property=\"og:locale\" content=\"de_DE\" \/>\n<meta property=\"og:type\" content=\"article\" \/>\n<meta property=\"og:title\" content=\"Luxus Service Ski Chalets | Chauffeur, Champagne &amp; Skiing\" \/>\n<meta property=\"og:description\" content=\"Luxus-Service in unseren Ski-Chalets in Nendaz, 4 Vall\u00e9es, Schweiz. Bed &amp; Breakfast oder Catering-Chalet, fantastische Aussicht von unserer Terrassen.\" \/>\n<meta property=\"og:url\" content=\"https:\/\/alpine-comfort.com\/de\/unser-service\/\" \/>\n<meta property=\"og:site_name\" content=\"Alpine Comfort\" \/>\n<meta property=\"article:modified_time\" content=\"2026-04-04T15:41:03+00:00\" \/>\n<meta name=\"twitter:label1\" content=\"Gesch\u00e4tzte Lesezeit\" \/>\n\t<meta name=\"twitter:data1\" content=\"1\u00a0Minute\" \/>\n<script type=\"application\/ld+json\" class=\"yoast-schema-graph\">{\"@context\":\"https:\\\/\\\/schema.org\",\"@graph\":[{\"@type\":\"WebPage\",\"@id\":\"https:\\\/\\\/alpine-comfort.com\\\/de\\\/unser-service\\\/\",\"url\":\"https:\\\/\\\/alpine-comfort.com\\\/de\\\/unser-service\\\/\",\"name\":\"Luxus Service Ski Chalets | Chauffeur, Champagne & Skiing\",\"isPartOf\":{\"@id\":\"https:\\\/\\\/alpine-comfort.com\\\/#website\"},\"datePublished\":\"2015-02-24T21:32:00+00:00\",\"dateModified\":\"2026-04-04T15:41:03+00:00\",\"description\":\"Luxus-Service in unseren Ski-Chalets in Nendaz, 4 Vall\u00e9es, Schweiz. Bed & Breakfast oder Catering-Chalet, fantastische Aussicht von unserer Terrassen.\",\"inLanguage\":\"de\",\"potentialAction\":[{\"@type\":\"ReadAction\",\"target\":[\"https:\\\/\\\/alpine-comfort.com\\\/de\\\/unser-service\\\/\"]}]},{\"@type\":\"WebSite\",\"@id\":\"https:\\\/\\\/alpine-comfort.com\\\/#website\",\"url\":\"https:\\\/\\\/alpine-comfort.com\\\/\",\"name\":\"Alpine Comfort\",\"description\":\"Pure Luxury Mountain Accommodation\",\"potentialAction\":[{\"@type\":\"SearchAction\",\"target\":{\"@type\":\"EntryPoint\",\"urlTemplate\":\"https:\\\/\\\/alpine-comfort.com\\\/?s={search_term_string}\"},\"query-input\":{\"@type\":\"PropertyValueSpecification\",\"valueRequired\":true,\"valueName\":\"search_term_string\"}}],\"inLanguage\":\"de\"}]}<\/script>\n<!-- \/ Yoast SEO plugin. -->","yoast_head_json":{"title":"Luxus Service Ski Chalets | Chauffeur, Champagne & Skiing","description":"Luxus-Service in unseren Ski-Chalets in Nendaz, 4 Vall\u00e9es, Schweiz. Bed & Breakfast oder Catering-Chalet, fantastische Aussicht von unserer Terrassen.","robots":{"index":"index","follow":"follow","max-snippet":"max-snippet:-1","max-image-preview":"max-image-preview:large","max-video-preview":"max-video-preview:-1"},"canonical":"https:\/\/alpine-comfort.com\/de\/unser-service\/","og_locale":"de_DE","og_type":"article","og_title":"Luxus Service Ski Chalets | Chauffeur, Champagne & Skiing","og_description":"Luxus-Service in unseren Ski-Chalets in Nendaz, 4 Vall\u00e9es, Schweiz. Bed & Breakfast oder Catering-Chalet, fantastische Aussicht von unserer Terrassen.","og_url":"https:\/\/alpine-comfort.com\/de\/unser-service\/","og_site_name":"Alpine Comfort","article_modified_time":"2026-04-04T15:41:03+00:00","twitter_misc":{"Gesch\u00e4tzte Lesezeit":"1\u00a0Minute"},"schema":{"@context":"https:\/\/schema.org","@graph":[{"@type":"WebPage","@id":"https:\/\/alpine-comfort.com\/de\/unser-service\/","url":"https:\/\/alpine-comfort.com\/de\/unser-service\/","name":"Luxus Service Ski Chalets | Chauffeur, Champagne & Skiing","isPartOf":{"@id":"https:\/\/alpine-comfort.com\/#website"},"datePublished":"2015-02-24T21:32:00+00:00","dateModified":"2026-04-04T15:41:03+00:00","description":"Luxus-Service in unseren Ski-Chalets in Nendaz, 4 Vall\u00e9es, Schweiz. Bed & Breakfast oder Catering-Chalet, fantastische Aussicht von unserer Terrassen.","inLanguage":"de","potentialAction":[{"@type":"ReadAction","target":["https:\/\/alpine-comfort.com\/de\/unser-service\/"]}]},{"@type":"WebSite","@id":"https:\/\/alpine-comfort.com\/#website","url":"https:\/\/alpine-comfort.com\/","name":"Alpine Comfort","description":"Pure Luxury Mountain Accommodation","potentialAction":[{"@type":"SearchAction","target":{"@type":"EntryPoint","urlTemplate":"https:\/\/alpine-comfort.com\/?s={search_term_string}"},"query-input":{"@type":"PropertyValueSpecification","valueRequired":true,"valueName":"search_term_string"}}],"inLanguage":"de"}]}},"_links":{"self":[{"href":"https:\/\/alpine-comfort.com\/de\/wp-json\/wp\/v2\/pages\/9662","targetHints":{"allow":["GET"]}}],"collection":[{"href":"https:\/\/alpine-comfort.com\/de\/wp-json\/wp\/v2\/pages"}],"about":[{"href":"https:\/\/alpine-comfort.com\/de\/wp-json\/wp\/v2\/types\/page"}],"author":[{"embeddable":true,"href":"https:\/\/alpine-comfort.com\/de\/wp-json\/wp\/v2\/users\/1"}],"replies":[{"embeddable":true,"href":"https:\/\/alpine-comfort.com\/de\/wp-json\/wp\/v2\/comments?post=9662"}],"version-history":[{"count":5,"href":"https:\/\/alpine-comfort.com\/de\/wp-json\/wp\/v2\/pages\/9662\/revisions"}],"predecessor-version":[{"id":12115,"href":"https:\/\/alpine-comfort.com\/de\/wp-json\/wp\/v2\/pages\/9662\/revisions\/12115"}],"wp:attachment":[{"href":"https:\/\/alpine-comfort.com\/de\/wp-json\/wp\/v2\/media?parent=9662"}],"curies":[{"name":"wp","href":"https:\/\/api.w.org\/{rel}","templated":true}]}}