{"id":9664,"date":"2015-02-24T21:36:44","date_gmt":"2015-02-24T21:36:44","guid":{"rendered":"http:\/\/www.alpine-comfort.com\/service\/self-catered\/"},"modified":"2017-06-19T20:14:25","modified_gmt":"2017-06-19T20:14:25","slug":"self-catered","status":"publish","type":"page","link":"https:\/\/alpine-comfort.com\/de\/unser-service\/self-catered\/","title":{"rendered":"Self Catered \/ Ohne Hotelservice"},"content":{"rendered":"<p>Unser sch\u00f6nes Chalet-Appartement auf 2 Etagen ist jetzt auch auf Selbstverpflegung verf\u00fcgbar. Die 2 gem\u00fctlichen Schlafzimmer mit jeweils eigenem Bad befinden sich auf der obersten Etage und teilen sich einen Balkon.<\/p>\n<p>Es gibt einen ger\u00e4umigen Wohn- und Essbereich mit Holzfeuer und Fu\u00dfbodenheizung. Die K\u00fcche hat alles was man braucht, Mikrowelle, Nespresso Maschine, Mixer und vieles mehr, um sicherzustellen, dass Ihre hausgemachten Mahlzeiten wie zu Hause sind.<\/p>\n<p>Unser privater Au\u00dfen-Jacuzzi bietet Panoramablick, w\u00e4hrend die Massaged\u00fcsen helfen, Ihren K\u00f6rper zu entspannen.<\/p>\n<p>Bei Ihrer Ankunft werden wir Sie willkommen hei\u00dfen und einige kleine Dinge rund um das Chalet erkl\u00e4ren. Wichtige Informationen \u00fcber die Gegend, markieren wir Ihnen gerne vor Ort auf einer Lokalen-Karte die im Chalet verf\u00fcgbar ist.<\/p>\n<p>Bei einem Wochenaufenthalt wird das Chalet Cygnet geputzt und die Badet\u00fccher gewechselt. Der Whirlpool wird regelm\u00e4\u00dfig von uns \u00fcberpr\u00fcfen, um sicher zu stellen dass alles in Ordnung ist.<\/p>\n<p>Das Chalet hat eine abgetrennte untere Wohnung, wo die Besitzer leben. Beide Wohnr\u00e4ume sind selbst ausreichend, und es gibt 2 separate Eintr\u00e4ge, so dass Ihre Privatsph\u00e4re garantiert ist.<\/p>\n<p>Es gibt 20% Rabatt auf Ihre Skiausr\u00fcstung und 5-10% Rabatt auf Gruppen-Skikurs w\u00e4hrend der Skisaison.<\/p>\n<h2>Im Preis inbegriffen ist<\/h2>\n<ul>\n<li>Alleinige Chalet Benutzung<\/li>\n<li>Willkommens Geschenk<\/li>\n<li>Voll Ausgestattete K\u00fcche<\/li>\n<li>Gratis W\u00e4sche Service<\/li>\n<li>Bettw\u00e4sche und Frott\u00e9t\u00fccher<\/li>\n<li>Jacuzzi Badet\u00fccher und Bademantel<\/li>\n<li>Luxus Molton Brown Artikel<\/li>\n<li>Brown Harf\u00f6n<\/li>\n<li>Endreinigung<\/li>\n<li>Kleine Reinigung mitter der Woche<\/li>\n<li>Gratis WIFI<\/li>\n<li>TV and DVD\u2019s<\/li>\n<li>Information\u2019s Brosch\u00fcre<\/li>\n<li>Assistenz im Ferienort<\/li>\n<\/ul>\n<h2>Nicht im Preis inbegriffen<\/h2>\n<ul>\n<li>Touristen Taxen<\/li>\n<li>Alle Aktivit\u00e4ten<\/li>\n<\/ul>\n","protected":false},"excerpt":{"rendered":"<p>Unser sch\u00f6nes Chalet-Appartement auf 2 Etagen ist jetzt auch auf Selbstverpflegung verf\u00fcgbar. Die 2 gem\u00fctlichen Schlafzimmer mit jeweils eigenem Bad befinden sich auf der obersten Etage und teilen sich einen Balkon. Es gibt einen ger\u00e4umigen Wohn- und Essbereich mit Holzfeuer und Fu\u00dfbodenheizung. Die K\u00fcche hat alles was man braucht, Mikrowelle, Nespresso Maschine, Mixer und vieles mehr, um sicherzustellen, dass Ihre hausgemachten Mahlzeiten wie zu Hause sind. Unser privater Au\u00dfen-Jacuzzi bietet Panoramablick, w\u00e4hrend die Massaged\u00fcsen helfen, Ihren K\u00f6rper zu entspannen. Bei Ihrer Ankunft werden wir Sie willkommen hei\u00dfen und einige kleine Dinge rund um das Chalet erkl\u00e4ren. Wichtige Informationen \u00fcber die Gegend, markieren wir Ihnen gerne vor Ort auf einer Lokalen-Karte die im Chalet verf\u00fcgbar ist. Bei einem Wochenaufenthalt wird das Chalet Cygnet geputzt und die Badet\u00fccher gewechselt. Der Whirlpool wird regelm\u00e4\u00dfig von uns \u00fcberpr\u00fcfen, um sicher zu stellen dass alles in Ordnung ist. Das Chalet hat eine abgetrennte untere Wohnung, wo die Besitzer leben. Beide Wohnr\u00e4ume sind selbst ausreichend, und es gibt 2 separate Eintr\u00e4ge, so dass Ihre Privatsph\u00e4re garantiert ist. Es gibt 20% Rabatt auf Ihre Skiausr\u00fcstung und 5-10% Rabatt auf Gruppen-Skikurs w\u00e4hrend der Skisaison. Im Preis inbegriffen ist Alleinige Chalet Benutzung Willkommens Geschenk Voll Ausgestattete K\u00fcche Gratis W\u00e4sche Service Bettw\u00e4sche und Frott\u00e9t\u00fccher Jacuzzi Badet\u00fccher und Bademantel Luxus Molton Brown Artikel Brown Harf\u00f6n Endreinigung Kleine Reinigung mitter der Woche Gratis WIFI TV and DVD\u2019s Information\u2019s Brosch\u00fcre Assistenz im Ferienort Nicht im Preis inbegriffen Touristen Taxen Alle Aktivit\u00e4ten<\/p>\n","protected":false},"author":1,"featured_media":0,"parent":9662,"menu_order":43,"comment_status":"open","ping_status":"open","template":"side-navigation.php","meta":{"footnotes":""},"class_list":["post-9664","page","type-page","status-publish","hentry"],"yoast_head":"<!-- This site is optimized with the Yoast SEO plugin v27.3 - https:\/\/yoast.com\/product\/yoast-seo-wordpress\/ -->\n<title>Luxus Self Catered Chalets in Nendaz, 4 Vall\u00e9es, Schweiz<\/title>\n<meta name=\"description\" content=\"Entdecken Sie, was unser hochwertiges Ski Chalet alles bietet. Es geh\u00f6rt zu den beliebtesten Luxus-Destinationen in den 4Vall\u00e9es \/ Verbier Schweizer Alpen\" \/>\n<meta name=\"robots\" content=\"index, follow, max-snippet:-1, max-image-preview:large, max-video-preview:-1\" \/>\n<link rel=\"canonical\" href=\"https:\/\/alpine-comfort.com\/de\/unser-service\/self-catered\/\" \/>\n<meta property=\"og:locale\" content=\"de_DE\" \/>\n<meta property=\"og:type\" content=\"article\" \/>\n<meta property=\"og:title\" content=\"Luxus Self Catered Chalets in Nendaz, 4 Vall\u00e9es, Schweiz\" \/>\n<meta property=\"og:description\" content=\"Entdecken Sie, was unser hochwertiges Ski Chalet alles bietet. Es geh\u00f6rt zu den beliebtesten Luxus-Destinationen in den 4Vall\u00e9es \/ Verbier Schweizer Alpen\" \/>\n<meta property=\"og:url\" content=\"https:\/\/alpine-comfort.com\/de\/unser-service\/self-catered\/\" \/>\n<meta property=\"og:site_name\" content=\"Alpine Comfort\" \/>\n<meta property=\"article:modified_time\" content=\"2017-06-19T20:14:25+00:00\" \/>\n<meta name=\"twitter:label1\" content=\"Gesch\u00e4tzte Lesezeit\" \/>\n\t<meta name=\"twitter:data1\" content=\"1\u00a0Minute\" \/>\n<script type=\"application\/ld+json\" class=\"yoast-schema-graph\">{\"@context\":\"https:\\\/\\\/schema.org\",\"@graph\":[{\"@type\":\"WebPage\",\"@id\":\"https:\\\/\\\/alpine-comfort.com\\\/de\\\/unser-service\\\/self-catered\\\/\",\"url\":\"https:\\\/\\\/alpine-comfort.com\\\/de\\\/unser-service\\\/self-catered\\\/\",\"name\":\"Luxus Self Catered Chalets in Nendaz, 4 Vall\u00e9es, Schweiz\",\"isPartOf\":{\"@id\":\"https:\\\/\\\/alpine-comfort.com\\\/#website\"},\"datePublished\":\"2015-02-24T21:36:44+00:00\",\"dateModified\":\"2017-06-19T20:14:25+00:00\",\"description\":\"Entdecken Sie, was unser hochwertiges Ski Chalet alles bietet. Es geh\u00f6rt zu den beliebtesten Luxus-Destinationen in den 4Vall\u00e9es \\\/ Verbier Schweizer Alpen\",\"breadcrumb\":{\"@id\":\"https:\\\/\\\/alpine-comfort.com\\\/de\\\/unser-service\\\/self-catered\\\/#breadcrumb\"},\"inLanguage\":\"de\",\"potentialAction\":[{\"@type\":\"ReadAction\",\"target\":[\"https:\\\/\\\/alpine-comfort.com\\\/de\\\/unser-service\\\/self-catered\\\/\"]}]},{\"@type\":\"BreadcrumbList\",\"@id\":\"https:\\\/\\\/alpine-comfort.com\\\/de\\\/unser-service\\\/self-catered\\\/#breadcrumb\",\"itemListElement\":[{\"@type\":\"ListItem\",\"position\":1,\"name\":\"Unser Service\",\"item\":\"https:\\\/\\\/alpine-comfort.com\\\/de\\\/unser-service\\\/\"},{\"@type\":\"ListItem\",\"position\":2,\"name\":\"Self Catered \\\/ Ohne Hotelservice\"}]},{\"@type\":\"WebSite\",\"@id\":\"https:\\\/\\\/alpine-comfort.com\\\/#website\",\"url\":\"https:\\\/\\\/alpine-comfort.com\\\/\",\"name\":\"Alpine Comfort\",\"description\":\"Pure Luxury Mountain Accommodation\",\"potentialAction\":[{\"@type\":\"SearchAction\",\"target\":{\"@type\":\"EntryPoint\",\"urlTemplate\":\"https:\\\/\\\/alpine-comfort.com\\\/?s={search_term_string}\"},\"query-input\":{\"@type\":\"PropertyValueSpecification\",\"valueRequired\":true,\"valueName\":\"search_term_string\"}}],\"inLanguage\":\"de\"}]}<\/script>\n<!-- \/ Yoast SEO plugin. -->","yoast_head_json":{"title":"Luxus Self Catered Chalets in Nendaz, 4 Vall\u00e9es, Schweiz","description":"Entdecken Sie, was unser hochwertiges Ski Chalet alles bietet. Es geh\u00f6rt zu den beliebtesten Luxus-Destinationen in den 4Vall\u00e9es \/ Verbier Schweizer Alpen","robots":{"index":"index","follow":"follow","max-snippet":"max-snippet:-1","max-image-preview":"max-image-preview:large","max-video-preview":"max-video-preview:-1"},"canonical":"https:\/\/alpine-comfort.com\/de\/unser-service\/self-catered\/","og_locale":"de_DE","og_type":"article","og_title":"Luxus Self Catered Chalets in Nendaz, 4 Vall\u00e9es, Schweiz","og_description":"Entdecken Sie, was unser hochwertiges Ski Chalet alles bietet. Es geh\u00f6rt zu den beliebtesten Luxus-Destinationen in den 4Vall\u00e9es \/ Verbier Schweizer Alpen","og_url":"https:\/\/alpine-comfort.com\/de\/unser-service\/self-catered\/","og_site_name":"Alpine Comfort","article_modified_time":"2017-06-19T20:14:25+00:00","twitter_misc":{"Gesch\u00e4tzte Lesezeit":"1\u00a0Minute"},"schema":{"@context":"https:\/\/schema.org","@graph":[{"@type":"WebPage","@id":"https:\/\/alpine-comfort.com\/de\/unser-service\/self-catered\/","url":"https:\/\/alpine-comfort.com\/de\/unser-service\/self-catered\/","name":"Luxus Self Catered Chalets in Nendaz, 4 Vall\u00e9es, Schweiz","isPartOf":{"@id":"https:\/\/alpine-comfort.com\/#website"},"datePublished":"2015-02-24T21:36:44+00:00","dateModified":"2017-06-19T20:14:25+00:00","description":"Entdecken Sie, was unser hochwertiges Ski Chalet alles bietet. Es geh\u00f6rt zu den beliebtesten Luxus-Destinationen in den 4Vall\u00e9es \/ Verbier Schweizer Alpen","breadcrumb":{"@id":"https:\/\/alpine-comfort.com\/de\/unser-service\/self-catered\/#breadcrumb"},"inLanguage":"de","potentialAction":[{"@type":"ReadAction","target":["https:\/\/alpine-comfort.com\/de\/unser-service\/self-catered\/"]}]},{"@type":"BreadcrumbList","@id":"https:\/\/alpine-comfort.com\/de\/unser-service\/self-catered\/#breadcrumb","itemListElement":[{"@type":"ListItem","position":1,"name":"Unser Service","item":"https:\/\/alpine-comfort.com\/de\/unser-service\/"},{"@type":"ListItem","position":2,"name":"Self Catered \/ Ohne Hotelservice"}]},{"@type":"WebSite","@id":"https:\/\/alpine-comfort.com\/#website","url":"https:\/\/alpine-comfort.com\/","name":"Alpine Comfort","description":"Pure Luxury Mountain Accommodation","potentialAction":[{"@type":"SearchAction","target":{"@type":"EntryPoint","urlTemplate":"https:\/\/alpine-comfort.com\/?s={search_term_string}"},"query-input":{"@type":"PropertyValueSpecification","valueRequired":true,"valueName":"search_term_string"}}],"inLanguage":"de"}]}},"_links":{"self":[{"href":"https:\/\/alpine-comfort.com\/de\/wp-json\/wp\/v2\/pages\/9664","targetHints":{"allow":["GET"]}}],"collection":[{"href":"https:\/\/alpine-comfort.com\/de\/wp-json\/wp\/v2\/pages"}],"about":[{"href":"https:\/\/alpine-comfort.com\/de\/wp-json\/wp\/v2\/types\/page"}],"author":[{"embeddable":true,"href":"https:\/\/alpine-comfort.com\/de\/wp-json\/wp\/v2\/users\/1"}],"replies":[{"embeddable":true,"href":"https:\/\/alpine-comfort.com\/de\/wp-json\/wp\/v2\/comments?post=9664"}],"version-history":[{"count":6,"href":"https:\/\/alpine-comfort.com\/de\/wp-json\/wp\/v2\/pages\/9664\/revisions"}],"predecessor-version":[{"id":11978,"href":"https:\/\/alpine-comfort.com\/de\/wp-json\/wp\/v2\/pages\/9664\/revisions\/11978"}],"up":[{"embeddable":true,"href":"https:\/\/alpine-comfort.com\/de\/wp-json\/wp\/v2\/pages\/9662"}],"wp:attachment":[{"href":"https:\/\/alpine-comfort.com\/de\/wp-json\/wp\/v2\/media?parent=9664"}],"curies":[{"name":"wp","href":"https:\/\/api.w.org\/{rel}","templated":true}]}}