{"id":9675,"date":"2013-04-19T19:40:16","date_gmt":"2013-04-19T19:40:16","guid":{"rendered":"http:\/\/www.alpine-comfort.com\/4-vallees\/summer-activities\/"},"modified":"2017-06-19T20:08:56","modified_gmt":"2017-06-19T20:08:56","slug":"sommer-aktivitaten","status":"publish","type":"page","link":"https:\/\/alpine-comfort.com\/de\/4-vallees\/sommer-aktivitaten\/","title":{"rendered":"Sommer Aktivit\u00e4ten"},"content":{"rendered":"<div class=\"fusion-fullwidth fullwidth-box fusion-builder-row-1 hundred-percent-fullwidth non-hundred-percent-height-scrolling\" style=\"--awb-border-radius-top-left:0px;--awb-border-radius-top-right:0px;--awb-border-radius-bottom-right:0px;--awb-border-radius-bottom-left:0px;--awb-overflow:visible;--awb-flex-wrap:wrap;\" ><div class=\"fusion-builder-row fusion-row\"><div class=\"fusion-layout-column fusion_builder_column fusion-builder-column-0 fusion_builder_column_1_1 1_1 fusion-one-full fusion-column-first fusion-column-last fusion-column-no-min-height\" style=\"--awb-bg-size:cover;--awb-margin-bottom:0px;\"><div class=\"fusion-column-wrapper fusion-flex-column-wrapper-legacy\"><div class=\"fusion-title title fusion-title-1 fusion-title-text fusion-title-size-two\" style=\"--awb-margin-top-small:10px;--awb-margin-right-small:0px;--awb-margin-bottom-small:10px;--awb-margin-left-small:0px;\"><h2 class=\"fusion-title-heading title-heading-left\" style=\"margin:0;\">4 Valleys &#8211;\u00a0Sommer Aktivit\u00e4ten<\/h2><span class=\"awb-title-spacer\"><\/span><div class=\"title-sep-container\"><div class=\"title-sep sep-double sep-solid\" style=\"border-color:var(--awb-color3);\"><\/div><\/div><\/div>\n<p>Die 4 Vall\u00e9es der Schweizer Alpen bieten ausgezeichnete Wander- und Mountainbike-Aktivit\u00e4ten.<br \/>\nAber Ihr Aktive-Urlaub in den 4 Vall\u00e9es, hat viel mehr zu bieten, Ihren Aufenthalt in Nendaz und den 4 Vall\u00e9es werden unvergesslich sein.<br \/>\nGenie\u00dfen Sie Tagesausfl\u00fcge zu einigen der h\u00f6chsten Gipfeln der Schweiz, die \u00fcber 4000m hoch sind, oder einen Besuch der Gletscherspalten des ber\u00fchmten Aletschgletschers. Nicht zu vergessen die vielen Klettersteige, die nur eine kurze Fahrt von unserem Luxus Chalet Cygnet zu erreichen sind.<br \/>\nWir arbeiten in enger Beziehung mit einem der besten professionellen Bergf\u00fchrer in der Schweiz. Sicherheit ist die oberste Priorit\u00e4t.<\/p>\n<p>F\u00fcr mehr Informationen, oder falls wir ihnen behilflich sein d\u00fcrfen mit ihrer Planung, dann z\u00f6gern sie nicht und nehmen mit uns Kontakt auf. Wir lieben die Bergwelt hier und w\u00fcrden uns freuen sie mit Ihnen zu teilen.<\/p>\n<div class=\"fusion-clearfix\"><\/div><\/div><\/div><div class=\"fusion-layout-column fusion_builder_column fusion-builder-column-1 fusion_builder_column_1_1 1_1 fusion-one-full fusion-column-first fusion-column-last fusion-column-no-min-height\" style=\"--awb-bg-size:cover;--awb-margin-bottom:0px;\"><div class=\"fusion-column-wrapper fusion-flex-column-wrapper-legacy\"><div class=\"fusion-title title fusion-title-2 fusion-title-text fusion-title-size-three\" style=\"--awb-margin-top-small:10px;--awb-margin-right-small:0px;--awb-margin-bottom-small:10px;--awb-margin-left-small:0px;\"><h3 class=\"fusion-title-heading title-heading-left\" style=\"margin:0;\">Wanderungen &amp; Spazierg\u00e4nge<\/h3><span class=\"awb-title-spacer\"><\/span><div class=\"title-sep-container\"><div class=\"title-sep sep-double sep-solid\" style=\"border-color:var(--awb-color3);\"><\/div><\/div><\/div> Nendaz bietet mehr als 250 km Wanderwege, beginnend in der Rhone-Ebene und endend an den Gletschern vorbei neben den teilweise mehr als f\u00fcnfhundert Jahre alten &#8222;Suonen&#8220; Damit Sie in den vollen Genuss unserer Natur kommen k\u00f6nnen, ist eine Wander-Brosch\u00fcre mit Karte und detaillierter Routenbeschreibung bei uns kostenlos erh\u00e4ltlich.<\/p>\n<div class=\"fusion-clearfix\"><\/div><\/div><\/div><div class=\"fusion-layout-column fusion_builder_column fusion-builder-column-2 fusion_builder_column_1_1 1_1 fusion-one-full fusion-column-first fusion-column-last fusion-column-no-min-height\" style=\"--awb-bg-size:cover;--awb-margin-bottom:0px;\"><div class=\"fusion-column-wrapper fusion-flex-column-wrapper-legacy\"><div class=\"fusion-title title fusion-title-3 fusion-title-text fusion-title-size-three\" style=\"--awb-margin-top-small:10px;--awb-margin-right-small:0px;--awb-margin-bottom-small:10px;--awb-margin-left-small:0px;\"><h3 class=\"fusion-title-heading title-heading-left\" style=\"margin:0;\">Rock climbing\/ Klettersteig<\/h3><span class=\"awb-title-spacer\"><\/span><div class=\"title-sep-container\"><div class=\"title-sep sep-double sep-solid\" style=\"border-color:var(--awb-color3);\"><\/div><\/div><\/div>\nMehr als 28 Standorte mit mehr als 1211 ausgestatteten Strecken von 3c &#8211; 8c sind f\u00fcr Sie bereit. Das Wallis ist das gr\u00f6\u00dfte Klettergebiet der Schweiz und die meisten dieser Orte sind zwischen 5 und 90 Minuten Fahrt vom Chalet Cygnet entfernt. Wenn Sie ein Anf\u00e4nger sind oder lernen wollen, genie\u00dfen Sie eine Mehr-Seil-Route \/ Multi-Pitch oder machen Sie eine Expedition, wir haben die Informationen und einen perfekten F\u00fchrer f\u00fcr Sie. Bei schlechtem Wetter und nur 30 Minuten Fahrt vom Chalet ist Wallis &#8218;gr\u00f6\u00dfte Indoor Kletter und Boulder-halle. \u00a0Ausr\u00fcstungsverleih in der Kletterhalle m\u00f6glich.<\/p>\n<div class=\"fusion-clearfix\"><\/div><\/div><\/div><div class=\"fusion-layout-column fusion_builder_column fusion-builder-column-3 fusion_builder_column_1_1 1_1 fusion-one-full fusion-column-first fusion-column-last fusion-column-no-min-height\" style=\"--awb-bg-size:cover;--awb-margin-bottom:0px;\"><div class=\"fusion-column-wrapper fusion-flex-column-wrapper-legacy\"><div class=\"fusion-title title fusion-title-4 fusion-title-text fusion-title-size-three\" style=\"--awb-margin-top-small:10px;--awb-margin-right-small:0px;--awb-margin-bottom-small:10px;--awb-margin-left-small:0px;\"><h3 class=\"fusion-title-heading title-heading-left\" style=\"margin:0;\">Ein Tag auf dem Gletscher<\/h3><span class=\"awb-title-spacer\"><\/span><div class=\"title-sep-container\"><div class=\"title-sep sep-double sep-solid\" style=\"border-color:var(--awb-color3);\"><\/div><\/div><\/div>Haben sie sich mal gefragt, wie es sich anf\u00fchlt, in der N\u00e4he einer Gletscherspalte zu stehen oder wollten sie immer schon mal einen Gletscher durchqueren und einen Blick in das endlose Eis werfen?<br \/>\nGemeinsam mit einem professionellen F\u00fchrer lernen Sie die Gefahr und die Sch\u00f6nheit eines der ber\u00fchmtesten Gletscher der Welt, der Aletsch kennen. Diese Aktivit\u00e4t ist f\u00fcr jedermann und Kinder ab dem Alter von 5-6 Jahren.<br \/>\nDies ist eine ganzt\u00e4gige Aktivit\u00e4t und der Gletscher ist ca. 1h15 Fahrt vom Chalet entfernt.<\/p>\n<div class=\"fusion-clearfix\"><\/div><\/div><\/div><div class=\"fusion-layout-column fusion_builder_column fusion-builder-column-4 fusion_builder_column_1_1 1_1 fusion-one-full fusion-column-first fusion-column-last fusion-column-no-min-height\" style=\"--awb-bg-size:cover;--awb-margin-bottom:0px;\"><div class=\"fusion-column-wrapper fusion-flex-column-wrapper-legacy\"><div class=\"fusion-title title fusion-title-5 fusion-title-text fusion-title-size-three\" style=\"--awb-margin-top-small:10px;--awb-margin-right-small:0px;--awb-margin-bottom-small:10px;--awb-margin-left-small:0px;\"><h3 class=\"fusion-title-heading title-heading-left\" style=\"margin:0;\">Gef\u00fchrte Wanderungen und Bergtouren&#8230;<\/h3><span class=\"awb-title-spacer\"><\/span><div class=\"title-sep-container\"><div class=\"title-sep sep-double sep-solid\" style=\"border-color:var(--awb-color3);\"><\/div><\/div><\/div>\nK\u00f6nnen wir gerne f\u00fcr Sie organisieren. Dazu stehen wir in Verbindung mit den besten lokalen Berg- und Wanderf\u00fchrern. Besteigen die den Rosablanche zu Fu\u00df und erleben Sie den sch\u00f6nsten Ausblick der gesamten Gegend. An dieser Wanderung kann \u00fcbrigens jeder teilnehmen.<\/p>\n<div class=\"fusion-clearfix\"><\/div><\/div><\/div><div class=\"fusion-layout-column fusion_builder_column fusion-builder-column-5 fusion_builder_column_1_1 1_1 fusion-one-full fusion-column-first fusion-column-last fusion-column-no-min-height\" style=\"--awb-bg-size:cover;--awb-margin-bottom:0px;\"><div class=\"fusion-column-wrapper fusion-flex-column-wrapper-legacy\"><div class=\"fusion-title title fusion-title-6 fusion-title-text fusion-title-size-three\" style=\"--awb-margin-top-small:10px;--awb-margin-right-small:0px;--awb-margin-bottom-small:10px;--awb-margin-left-small:0px;\"><h3 class=\"fusion-title-heading title-heading-left\" style=\"margin:0;\">Mountain biking<\/h3><span class=\"awb-title-spacer\"><\/span><div class=\"title-sep-container\"><div class=\"title-sep sep-double sep-solid\" style=\"border-color:var(--awb-color3);\"><\/div><\/div><\/div>\nEs existieren 10 Bike-Strecken mit einer Gesamtl\u00e4nge von mehr als 200 km. Die Wahl liegt ganz in Ihrer Hand! Sind Sie mehr der &#8222;Take-it-easy&#8220;-Biker, bleiben Ihnen dennoch die hoch gelegenen Strecken nicht versperrt. Denn Ihr Rad reist kostenlos mit, wenn Sie im Besitz eines Liftpasses sind.<br \/>\nNew! Elektrick Mountain Bike Verleih in Nendaz.<\/p>\n<div class=\"fusion-clearfix\"><\/div><\/div><\/div><div class=\"fusion-layout-column fusion_builder_column fusion-builder-column-6 fusion_builder_column_1_1 1_1 fusion-one-full fusion-column-first fusion-column-last fusion-column-no-min-height\" style=\"--awb-bg-size:cover;--awb-margin-bottom:0px;\"><div class=\"fusion-column-wrapper fusion-flex-column-wrapper-legacy\"><div class=\"fusion-title title fusion-title-7 fusion-title-text fusion-title-size-three\" style=\"--awb-margin-top-small:10px;--awb-margin-right-small:0px;--awb-margin-bottom-small:10px;--awb-margin-left-small:0px;\"><h3 class=\"fusion-title-heading title-heading-left\" style=\"margin:0;\">Wein Degustieren<\/h3><span class=\"awb-title-spacer\"><\/span><div class=\"title-sep-container\"><div class=\"title-sep sep-double sep-solid\" style=\"border-color:var(--awb-color3);\"><\/div><\/div><\/div>Wir befinden uns oberhalb von Hunderten von Weinbergen, die sich vom Genfersee bis nach Salgesch, der Hauptstadt der Weinbau im Wallis, erstrecken.\u00a0Besuchen Sie eines der Weinberge und lernen Sie das Schweizer Geheimniss der Herstellung von einigen der besten Weine. Die Weinberge sind nur 20- bis 45 Autominuten vom Chalet entfernt und sind einen Besuch wert.\u00a0Jedes Jahr im September gibt es den Weinweg, \u00fcber 35 Weinproduzenten aus der bietet Weinprobe, Raclette-Grill und Wallis Spezialit\u00e4ten an. Die Strecke ist 6 km und ist f\u00fcr jedermann zug\u00e4nglich. Kontaktieren Sie uns f\u00fcr die genauen Termine und Verf\u00fcgbarkeit.<\/p>\n<div class=\"fusion-clearfix\"><\/div><\/div><\/div><div class=\"fusion-layout-column fusion_builder_column fusion-builder-column-7 fusion_builder_column_1_1 1_1 fusion-one-full fusion-column-first fusion-column-last fusion-column-no-min-height\" style=\"--awb-bg-size:cover;--awb-margin-bottom:0px;\"><div class=\"fusion-column-wrapper fusion-flex-column-wrapper-legacy\"><div class=\"fusion-title title fusion-title-8 fusion-title-text fusion-title-size-three\" style=\"--awb-margin-top-small:10px;--awb-margin-right-small:0px;--awb-margin-bottom-small:10px;--awb-margin-left-small:0px;\"><h3 class=\"fusion-title-heading title-heading-left\" style=\"margin:0;\">Explore<\/h3><span class=\"awb-title-spacer\"><\/span><div class=\"title-sep-container\"><div class=\"title-sep sep-double sep-solid\" style=\"border-color:var(--awb-color3);\"><\/div><\/div><\/div>\nDie einheimischen Sitten und Gebr\u00e4uche in der Hauptstadt des Kantons Wallis oder unternehmen Sie einen Tagesausflug zum Genfer See inclusive eines Besuchs in Montreux, der Stadt des Jazz.<br \/>\nOder besuchen Sie das sch\u00f6ne, autofreie Dorf Zermatt, das dominiert wird von dem ber\u00fchmtesten Berg der Schweiz, dem Matterhorn! Alpine Comfort bietet Ihnen den Transport dorthin in unserem privaten Mini-Bus zu guenstigen Preisen an.<\/p>\n<div class=\"fusion-clearfix\"><\/div><\/div><\/div><div class=\"fusion-layout-column fusion_builder_column fusion-builder-column-8 fusion_builder_column_1_1 1_1 fusion-one-full fusion-column-first fusion-column-last fusion-column-no-min-height\" style=\"--awb-bg-size:cover;--awb-margin-bottom:0px;\"><div class=\"fusion-column-wrapper fusion-flex-column-wrapper-legacy\"><div class=\"fusion-title title fusion-title-9 fusion-title-text fusion-title-size-three\" style=\"--awb-margin-top-small:10px;--awb-margin-right-small:0px;--awb-margin-bottom-small:10px;--awb-margin-left-small:0px;\"><h3 class=\"fusion-title-heading title-heading-left\" style=\"margin:0;\">Kinder<\/h3><span class=\"awb-title-spacer\"><\/span><div class=\"title-sep-container\"><div class=\"title-sep sep-double sep-solid\" style=\"border-color:var(--awb-color3);\"><\/div><\/div><\/div>\nDie Gemeinde Nendaz organisiert w\u00e4hrend des Sommers zahlreiche Innen- und Au\u00dfenaktivit\u00e4ten, die jedes Kind besuchen kann.<br \/>\nKinder im Alter von sieben oder unter Reise gratis innerhalb dem 4 Vall\u00e9es\u00a0Lift System.<div class=\"fusion-clearfix\"><\/div><\/div><\/div><\/div><\/div>\n","protected":false},"excerpt":{"rendered":"","protected":false},"author":1,"featured_media":0,"parent":9658,"menu_order":20,"comment_status":"open","ping_status":"closed","template":"side-navigation.php","meta":{"footnotes":""},"class_list":["post-9675","page","type-page","status-publish","hentry"],"yoast_head":"<!-- This site is optimized with the Yoast SEO plugin v27.3 - https:\/\/yoast.com\/product\/yoast-seo-wordpress\/ -->\n<title>4 Vall\u00e9es Aktivit\u00e4ten | Alpine Klettersteig, Biken, Wandern<\/title>\n<meta name=\"description\" content=\"Die 4 Vall\u00e9es Urlaub Aktivit\u00e4ten, haben viel zu bieten f\u00fcr einen unvergesslichen Aufenthalt in Nendaz und den 4 Vall\u00e9es. Klettern, Bergsteigen\" \/>\n<meta name=\"robots\" content=\"index, follow, max-snippet:-1, max-image-preview:large, max-video-preview:-1\" \/>\n<link rel=\"canonical\" href=\"https:\/\/alpine-comfort.com\/de\/4-vallees\/sommer-aktivitaten\/\" \/>\n<meta property=\"og:locale\" content=\"de_DE\" \/>\n<meta property=\"og:type\" content=\"article\" \/>\n<meta property=\"og:title\" content=\"4 Vall\u00e9es Aktivit\u00e4ten | Alpine Klettersteig, Biken, Wandern\" \/>\n<meta property=\"og:description\" content=\"Die 4 Vall\u00e9es Urlaub Aktivit\u00e4ten, haben viel zu bieten f\u00fcr einen unvergesslichen Aufenthalt in Nendaz und den 4 Vall\u00e9es. Klettern, Bergsteigen\" \/>\n<meta property=\"og:url\" content=\"https:\/\/alpine-comfort.com\/de\/4-vallees\/sommer-aktivitaten\/\" \/>\n<meta property=\"og:site_name\" content=\"Alpine Comfort\" \/>\n<meta property=\"article:modified_time\" content=\"2017-06-19T20:08:56+00:00\" \/>\n<meta name=\"twitter:label1\" content=\"Gesch\u00e4tzte Lesezeit\" \/>\n\t<meta name=\"twitter:data1\" content=\"6\u00a0Minuten\" \/>\n<script type=\"application\/ld+json\" class=\"yoast-schema-graph\">{\"@context\":\"https:\\\/\\\/schema.org\",\"@graph\":[{\"@type\":\"WebPage\",\"@id\":\"https:\\\/\\\/alpine-comfort.com\\\/de\\\/4-vallees\\\/sommer-aktivitaten\\\/\",\"url\":\"https:\\\/\\\/alpine-comfort.com\\\/de\\\/4-vallees\\\/sommer-aktivitaten\\\/\",\"name\":\"4 Vall\u00e9es Aktivit\u00e4ten | Alpine Klettersteig, Biken, Wandern\",\"isPartOf\":{\"@id\":\"https:\\\/\\\/alpine-comfort.com\\\/#website\"},\"datePublished\":\"2013-04-19T19:40:16+00:00\",\"dateModified\":\"2017-06-19T20:08:56+00:00\",\"description\":\"Die 4 Vall\u00e9es Urlaub Aktivit\u00e4ten, haben viel zu bieten f\u00fcr einen unvergesslichen Aufenthalt in Nendaz und den 4 Vall\u00e9es. Klettern, Bergsteigen\",\"breadcrumb\":{\"@id\":\"https:\\\/\\\/alpine-comfort.com\\\/de\\\/4-vallees\\\/sommer-aktivitaten\\\/#breadcrumb\"},\"inLanguage\":\"de\",\"potentialAction\":[{\"@type\":\"ReadAction\",\"target\":[\"https:\\\/\\\/alpine-comfort.com\\\/de\\\/4-vallees\\\/sommer-aktivitaten\\\/\"]}]},{\"@type\":\"BreadcrumbList\",\"@id\":\"https:\\\/\\\/alpine-comfort.com\\\/de\\\/4-vallees\\\/sommer-aktivitaten\\\/#breadcrumb\",\"itemListElement\":[{\"@type\":\"ListItem\",\"position\":1,\"name\":\"4 Vall\u00e9es\",\"item\":\"https:\\\/\\\/alpine-comfort.com\\\/de\\\/4-vallees\\\/\"},{\"@type\":\"ListItem\",\"position\":2,\"name\":\"Sommer Aktivit\u00e4ten\"}]},{\"@type\":\"WebSite\",\"@id\":\"https:\\\/\\\/alpine-comfort.com\\\/#website\",\"url\":\"https:\\\/\\\/alpine-comfort.com\\\/\",\"name\":\"Alpine Comfort\",\"description\":\"Pure Luxury Mountain Accommodation\",\"potentialAction\":[{\"@type\":\"SearchAction\",\"target\":{\"@type\":\"EntryPoint\",\"urlTemplate\":\"https:\\\/\\\/alpine-comfort.com\\\/?s={search_term_string}\"},\"query-input\":{\"@type\":\"PropertyValueSpecification\",\"valueRequired\":true,\"valueName\":\"search_term_string\"}}],\"inLanguage\":\"de\"}]}<\/script>\n<!-- \/ Yoast SEO plugin. -->","yoast_head_json":{"title":"4 Vall\u00e9es Aktivit\u00e4ten | Alpine Klettersteig, Biken, Wandern","description":"Die 4 Vall\u00e9es Urlaub Aktivit\u00e4ten, haben viel zu bieten f\u00fcr einen unvergesslichen Aufenthalt in Nendaz und den 4 Vall\u00e9es. Klettern, Bergsteigen","robots":{"index":"index","follow":"follow","max-snippet":"max-snippet:-1","max-image-preview":"max-image-preview:large","max-video-preview":"max-video-preview:-1"},"canonical":"https:\/\/alpine-comfort.com\/de\/4-vallees\/sommer-aktivitaten\/","og_locale":"de_DE","og_type":"article","og_title":"4 Vall\u00e9es Aktivit\u00e4ten | Alpine Klettersteig, Biken, Wandern","og_description":"Die 4 Vall\u00e9es Urlaub Aktivit\u00e4ten, haben viel zu bieten f\u00fcr einen unvergesslichen Aufenthalt in Nendaz und den 4 Vall\u00e9es. Klettern, Bergsteigen","og_url":"https:\/\/alpine-comfort.com\/de\/4-vallees\/sommer-aktivitaten\/","og_site_name":"Alpine Comfort","article_modified_time":"2017-06-19T20:08:56+00:00","twitter_misc":{"Gesch\u00e4tzte Lesezeit":"6\u00a0Minuten"},"schema":{"@context":"https:\/\/schema.org","@graph":[{"@type":"WebPage","@id":"https:\/\/alpine-comfort.com\/de\/4-vallees\/sommer-aktivitaten\/","url":"https:\/\/alpine-comfort.com\/de\/4-vallees\/sommer-aktivitaten\/","name":"4 Vall\u00e9es Aktivit\u00e4ten | Alpine Klettersteig, Biken, Wandern","isPartOf":{"@id":"https:\/\/alpine-comfort.com\/#website"},"datePublished":"2013-04-19T19:40:16+00:00","dateModified":"2017-06-19T20:08:56+00:00","description":"Die 4 Vall\u00e9es Urlaub Aktivit\u00e4ten, haben viel zu bieten f\u00fcr einen unvergesslichen Aufenthalt in Nendaz und den 4 Vall\u00e9es. Klettern, Bergsteigen","breadcrumb":{"@id":"https:\/\/alpine-comfort.com\/de\/4-vallees\/sommer-aktivitaten\/#breadcrumb"},"inLanguage":"de","potentialAction":[{"@type":"ReadAction","target":["https:\/\/alpine-comfort.com\/de\/4-vallees\/sommer-aktivitaten\/"]}]},{"@type":"BreadcrumbList","@id":"https:\/\/alpine-comfort.com\/de\/4-vallees\/sommer-aktivitaten\/#breadcrumb","itemListElement":[{"@type":"ListItem","position":1,"name":"4 Vall\u00e9es","item":"https:\/\/alpine-comfort.com\/de\/4-vallees\/"},{"@type":"ListItem","position":2,"name":"Sommer Aktivit\u00e4ten"}]},{"@type":"WebSite","@id":"https:\/\/alpine-comfort.com\/#website","url":"https:\/\/alpine-comfort.com\/","name":"Alpine Comfort","description":"Pure Luxury Mountain Accommodation","potentialAction":[{"@type":"SearchAction","target":{"@type":"EntryPoint","urlTemplate":"https:\/\/alpine-comfort.com\/?s={search_term_string}"},"query-input":{"@type":"PropertyValueSpecification","valueRequired":true,"valueName":"search_term_string"}}],"inLanguage":"de"}]}},"_links":{"self":[{"href":"https:\/\/alpine-comfort.com\/de\/wp-json\/wp\/v2\/pages\/9675","targetHints":{"allow":["GET"]}}],"collection":[{"href":"https:\/\/alpine-comfort.com\/de\/wp-json\/wp\/v2\/pages"}],"about":[{"href":"https:\/\/alpine-comfort.com\/de\/wp-json\/wp\/v2\/types\/page"}],"author":[{"embeddable":true,"href":"https:\/\/alpine-comfort.com\/de\/wp-json\/wp\/v2\/users\/1"}],"replies":[{"embeddable":true,"href":"https:\/\/alpine-comfort.com\/de\/wp-json\/wp\/v2\/comments?post=9675"}],"version-history":[{"count":16,"href":"https:\/\/alpine-comfort.com\/de\/wp-json\/wp\/v2\/pages\/9675\/revisions"}],"predecessor-version":[{"id":11985,"href":"https:\/\/alpine-comfort.com\/de\/wp-json\/wp\/v2\/pages\/9675\/revisions\/11985"}],"up":[{"embeddable":true,"href":"https:\/\/alpine-comfort.com\/de\/wp-json\/wp\/v2\/pages\/9658"}],"wp:attachment":[{"href":"https:\/\/alpine-comfort.com\/de\/wp-json\/wp\/v2\/media?parent=9675"}],"curies":[{"name":"wp","href":"https:\/\/api.w.org\/{rel}","templated":true}]}}