{"id":4285,"date":"2012-12-04T17:27:32","date_gmt":"2012-12-04T17:27:32","guid":{"rendered":"http:\/\/www.alpine-comfort.ch\/your-stay-2\/"},"modified":"2026-04-04T16:31:31","modified_gmt":"2026-04-04T16:31:31","slug":"votre-sejour","status":"publish","type":"page","link":"https:\/\/alpine-comfort.com\/fr\/","title":{"rendered":"Votre S\u00e9jour"},"content":{"rendered":"<div class=\"fusion-fullwidth fullwidth-box fusion-builder-row-1 hundred-percent-fullwidth non-hundred-percent-height-scrolling\" style=\"--awb-border-radius-top-left:0px;--awb-border-radius-top-right:0px;--awb-border-radius-bottom-right:0px;--awb-border-radius-bottom-left:0px;--awb-overflow:visible;--awb-flex-wrap:wrap;\" ><div class=\"fusion-builder-row fusion-row\"><div class=\"fusion-layout-column fusion_builder_column fusion-builder-column-0 fusion_builder_column_1_1 1_1 fusion-one-full fusion-column-first fusion-column-last fusion-column-no-min-height\" style=\"--awb-bg-size:cover;--awb-margin-bottom:30px;\"><div class=\"fusion-column-wrapper fusion-flex-column-wrapper-legacy\"><div class=\"fusion-reading-box-container reading-box-container-1\" style=\"--awb-title-color:#ad0202;--awb-margin-top:0px;--awb-margin-bottom:0px;\"><div class=\"reading-box\" style=\"background-color:#f0f0f0;border-width:0px;border-color:#f0f0f0;border-left-width:3px;border-left-color:var(--primary_color);border-style:solid;\"><div class=\"reading-box-additional\">\n<p><em>\u00ab\u00a0Alpine Comfort est une petite entreprise familiale fournissant un service de s\u00e9jours en chalet-pension de luxe \u00e0 Saclentse\/Nendaz, dans la r\u00e9gion de Verbier 4 Vall\u00e9es, au c\u0153ur des Alpes suisses.<\/em><em>\u00ab\u00a0<\/em><\/p>\n<\/div><div class=\"fusion-clearfix\"><\/div><\/div><\/div><div class=\"fusion-clearfix\"><\/div><\/div><\/div><div class=\"fusion-layout-column fusion_builder_column fusion-builder-column-1 fusion_builder_column_1_2 1_2 fusion-one-half fusion-column-first\" style=\"--awb-bg-size:cover;width:50%;width:calc(50% - ( ( 4% ) * 0.5 ) );margin-right: 4%;\"><div class=\"fusion-column-wrapper fusion-flex-column-wrapper-legacy\"><div class=\"fusion-image-element in-legacy-container\" style=\"--awb-caption-title-font-family:var(--h2_typography-font-family);--awb-caption-title-font-weight:var(--h2_typography-font-weight);--awb-caption-title-font-style:var(--h2_typography-font-style);--awb-caption-title-size:var(--h2_typography-font-size);--awb-caption-title-transform:var(--h2_typography-text-transform);--awb-caption-title-line-height:var(--h2_typography-line-height);--awb-caption-title-letter-spacing:var(--h2_typography-letter-spacing);\"><span class=\" fusion-imageframe imageframe-none imageframe-1 hover-type-zoomin\"><a class=\"fusion-no-lightbox\" href=\"\/fr\/votre-sejour\/chalet-de-luxe-cygnet\" target=\"_self\" aria-label=\"chalet_cygnet_036\"><img decoding=\"async\" width=\"960\" height=\"350\" src=\"http:\/\/alpine-comfort.com\/wp-content\/uploads\/2013\/05\/chalet_cygnet_036.jpg\" alt class=\"img-responsive wp-image-10328\" srcset=\"https:\/\/alpine-comfort.com\/wp-content\/uploads\/2013\/05\/chalet_cygnet_036-300x109.jpg 300w, https:\/\/alpine-comfort.com\/wp-content\/uploads\/2013\/05\/chalet_cygnet_036.jpg 960w\" sizes=\"(max-width: 960px) 100vw, 960px\" \/><\/a><\/span><\/div><div class=\"fusion-title title fusion-title-1 fusion-title-text fusion-title-size-two\" style=\"--awb-margin-top:20px;--awb-margin-top-small:10px;--awb-margin-right-small:0px;--awb-margin-bottom-small:10px;--awb-margin-left-small:0px;\"><h2 class=\"fusion-title-heading title-heading-left\" style=\"margin:0;\">Chalet Cygnet<\/h2><span class=\"awb-title-spacer\"><\/span><div class=\"title-sep-container\"><div class=\"title-sep sep-double sep-solid\" style=\"border-color:var(--awb-color3);\"><\/div><\/div><\/div><div class=\"fusion-text fusion-text-1\"><p>Situ\u00e9 au c\u0153ur du domaine skiable des 4 Vall\u00e9es, le Chalet Cygnet \u00e0 Nendaz est un charmant refuge alpin alliant le style traditionnel suisse au confort moderne.<\/p>\n<\/div><div class=\"fusion-button-wrapper\"><a class=\"fusion-button button-flat fusion-button-default-size button-default fusion-button-default button-1 fusion-button-default-span fusion-button-default-type\" target=\"_self\" href=\"\/fr\/votre-sejour\/chalet-de-luxe-cygnet\"><span class=\"fusion-button-text awb-button__text awb-button__text--default\">Voir le Chalet Cygnet<\/span><\/a><\/div><div class=\"fusion-clearfix\"><\/div><\/div><\/div>\n<div class=\"fusion-layout-column fusion_builder_column fusion-builder-column-2 fusion_builder_column_1_2 1_2 fusion-one-half fusion-column-last\" style=\"--awb-bg-size:cover;width:50%;width:calc(50% - ( ( 4% ) * 0.5 ) );\"><div class=\"fusion-column-wrapper fusion-flex-column-wrapper-legacy\"><div class=\"fusion-image-element in-legacy-container\" style=\"--awb-caption-title-font-family:var(--h2_typography-font-family);--awb-caption-title-font-weight:var(--h2_typography-font-weight);--awb-caption-title-font-style:var(--h2_typography-font-style);--awb-caption-title-size:var(--h2_typography-font-size);--awb-caption-title-transform:var(--h2_typography-text-transform);--awb-caption-title-line-height:var(--h2_typography-line-height);--awb-caption-title-letter-spacing:var(--h2_typography-letter-spacing);\"><span class=\" fusion-imageframe imageframe-none imageframe-2 hover-type-zoomin\"><a class=\"fusion-no-lightbox\" href=\"\/fr\/chalets-de-luxe-a-nendaz\" target=\"_self\" aria-label=\"summer_chalet_ann1\"><img decoding=\"async\" width=\"960\" height=\"350\" alt=\"Self-catered chalets\" src=\"http:\/\/alpine-comfort.com\/wp-content\/uploads\/2013\/05\/summer_chalet_ann1.jpg\" class=\"img-responsive wp-image-10649\" srcset=\"https:\/\/alpine-comfort.com\/wp-content\/uploads\/2013\/05\/summer_chalet_ann1-300x109.jpg 300w, https:\/\/alpine-comfort.com\/wp-content\/uploads\/2013\/05\/summer_chalet_ann1.jpg 960w\" sizes=\"(max-width: 960px) 100vw, 960px\" \/><\/a><\/span><\/div><div class=\"fusion-title title fusion-title-2 fusion-title-text fusion-title-size-two\" style=\"--awb-margin-top:20px;--awb-margin-top-small:10px;--awb-margin-right-small:0px;--awb-margin-bottom-small:10px;--awb-margin-left-small:0px;\"><h2 class=\"fusion-title-heading title-heading-left\" style=\"margin:0;\">Location de Chalets<\/h2><span class=\"awb-title-spacer\"><\/span><div class=\"title-sep-container\"><div class=\"title-sep sep-double sep-solid\" style=\"border-color:var(--awb-color3);\"><\/div><\/div><\/div><div class=\"fusion-text fusion-text-2\"><p>Les chalets de luxe \u00e0 Nendaz pr\u00e9sent\u00e9s ci-dessous sont tous situ\u00e9s au-dessus du village de Haute-Nendaz et offrent des panoramas exceptionnels sur les Alpes Bernoises et la Vall\u00e9e du Rh\u00f4ne.<\/p>\n<\/div><div class=\"fusion-button-wrapper\"><a class=\"fusion-button button-flat fusion-button-default-size button-default fusion-button-default button-2 fusion-button-default-span fusion-button-default-type\" target=\"_self\" href=\"\/fr\/chalets-de-luxe-a-nendaz\"><span class=\"fusion-button-text awb-button__text awb-button__text--default\">Voir les Autres Chalets<\/span><\/a><\/div><div class=\"fusion-clearfix\"><\/div><\/div><\/div>\n<div class=\"fusion-layout-column fusion_builder_column fusion-builder-column-3 fusion_builder_column_1_1 1_1 fusion-one-full fusion-column-first fusion-column-last fusion-column-no-min-height\" style=\"--awb-bg-size:cover;--awb-margin-bottom:0px;\"><div class=\"fusion-column-wrapper fusion-flex-column-wrapper-legacy\"><div class=\"fusion-sep-clear\"><\/div><div class=\"fusion-separator fusion-full-width-sep\" style=\"margin-left: auto;margin-right: auto;margin-top:30px;margin-bottom:40px;width:100%;\"><div class=\"fusion-separator-border sep-double sep-solid\" style=\"--awb-height:20px;--awb-amount:20px;border-color:var(--awb-color3);border-top-width:1px;border-bottom-width:1px;\"><\/div><\/div><div class=\"fusion-sep-clear\"><\/div><div class=\"fusion-clearfix\"><\/div><\/div><\/div>\n<div class=\"fusion-layout-column fusion_builder_column fusion-builder-column-4 fusion_builder_column_1_2 1_2 fusion-one-half fusion-column-first\" style=\"--awb-bg-size:cover;width:50%;width:calc(50% - ( ( 4% ) * 0.5 ) );margin-right: 4%;\"><div class=\"fusion-column-wrapper fusion-flex-column-wrapper-legacy\"><div class=\"fusion-title title fusion-title-3 fusion-title-text fusion-title-size-two\" style=\"--awb-margin-top-small:10px;--awb-margin-right-small:0px;--awb-margin-bottom-small:10px;--awb-margin-left-small:0px;\"><h2 class=\"fusion-title-heading title-heading-left\" style=\"margin:0;\">Notre chalet de luxe<\/h2><span class=\"awb-title-spacer\"><\/span><div class=\"title-sep-container\"><div class=\"title-sep sep-double sep-solid\" style=\"border-color:var(--awb-color3);\"><\/div><\/div><\/div><div class=\"fusion-text fusion-text-3\"><p>Vous recherchez un chalet haut de gamme \u00e0 louer \u00e0 Nendaz, au c\u0153ur des Alpes suisses ? Le Chalet Cygnet vous propose un s\u00e9jour de luxe en location, con\u00e7u pour vous offrir confort, espace et une vue imprenable sur les montagnes. Situ\u00e9 dans le domaine skiable de renomm\u00e9e mondiale des 4 Vall\u00e9es, il permet d\u2019acc\u00e9der facilement \u00e0 des pistes de ski exceptionnelles ainsi qu\u2019\u00e0 des activit\u00e9s tout au long de l\u2019ann\u00e9e, notamment la randonn\u00e9e, le v\u00e9lo et les balades panoramiques en montagne.<\/p>\n<p>Ce chalet de luxe \u00e0 Nendaz est id\u00e9al pour les familles, les groupes et les couples \u00e0 la recherche d&rsquo;un h\u00e9bergement de grande qualit\u00e9 et flexible. Avec ses int\u00e9rieurs \u00e9l\u00e9gants, ses espaces de vie spacieux et sa cuisine enti\u00e8rement \u00e9quip\u00e9e, vous pourrez profiter de votre s\u00e9jour \u00e0 votre rythme tout en vous relaxant dans un cadre paisible offrant une vue panoramique sur les montagnes.<\/p>\n<p style=\"text-align: center;\">\n<\/div><div class=\"fusion-clearfix\"><\/div><\/div><\/div><div class=\"fusion-layout-column fusion_builder_column fusion-builder-column-5 fusion_builder_column_1_2 1_2 fusion-one-half fusion-column-last\" style=\"--awb-bg-size:cover;width:50%;width:calc(50% - ( ( 4% ) * 0.5 ) );\"><div class=\"fusion-column-wrapper fusion-flex-column-wrapper-legacy\"><div class=\"fusion-title title fusion-title-4 fusion-title-text fusion-title-size-two\" style=\"--awb-margin-top-small:10px;--awb-margin-right-small:0px;--awb-margin-bottom-small:10px;--awb-margin-left-small:0px;\"><h2 class=\"fusion-title-heading title-heading-left\" style=\"margin:0;\"><p>Vacances \u00e0 Nendaz, en Suisse<\/h2><span class=\"awb-title-spacer\"><\/span><div class=\"title-sep-container\"><div class=\"title-sep sep-double sep-solid\" style=\"border-color:var(--awb-color3);\"><\/div><\/div><\/div><div class=\"fusion-text fusion-text-4\"><p>En hiver, les 4 Vall\u00e9es offrent une neige parfaite et des conditions de ski exceptionnelles qui rendront votre s\u00e9jour dans notre chalet de luxe inoubliable.<\/p>\n<p>En choisissant l&rsquo;exp\u00e9rience luxueuse et raffin\u00e9e que nous vous proposons, vous ne le regretterez pas. Vous garderez un souvenir imp\u00e9rissable du charme et du confort du Chalet Cygnet.<\/p>\n<p>Nous sommes ravis d&rsquo;accueillir nos nouveaux clients ainsi que ceux qui reviennent, tous appr\u00e9ciant le service personnalis\u00e9 et exceptionnel que nous offrons.<\/p>\n<p>Chez Alpine Comfort, notre objectif est de vous offrir tout ce qui pr\u00e9c\u00e8de et m\u00eame un peu plus\u2026 C&rsquo;est ce que nous aimons faire, et c&rsquo;est ce que nous faisons le mieux.<\/p>\n<p style=\"text-align: center;\"><div class=\"fusion-text fusion-text-4\"><\/div><div class=\"fusion-text fusion-text-5\"><\/div><\/p>\n<\/div><div class=\"fusion-clearfix\"><\/div><\/div><\/div><div class=\"fusion-layout-column fusion_builder_column fusion-builder-column-6 fusion_builder_column_1_4 1_4 fusion-one-fourth fusion-column-first fusion-column-no-min-height\" style=\"--awb-bg-size:cover;--awb-margin-bottom:0px;width:25%;width:calc(25% - ( ( 4% + 4% + 4% ) * 0.25 ) );margin-right: 4%;\"><div class=\"fusion-column-wrapper fusion-flex-column-wrapper-legacy\"><div class=\"fusion-title title fusion-title-5 fusion-title-text fusion-title-size-two\" style=\"--awb-margin-top-small:10px;--awb-margin-right-small:0px;--awb-margin-bottom-small:10px;--awb-margin-left-small:0px;\"><h2 class=\"fusion-title-heading title-heading-left\" style=\"margin:0;\">Events<\/h2><span class=\"awb-title-spacer\"><\/span><div class=\"title-sep-container\"><div class=\"title-sep sep-double sep-solid\" style=\"border-color:var(--awb-color3);\"><\/div><\/div><\/div><div class=\"fusion-text fusion-text-7\"><p><a href=\"http:\/\/www.nendaz.ch\/tourisme\/valais-drink-pure-festival-4414.html\" target=\"_blank\" rel=\"noopener noreferrer\">Festival de cor des Alpes<\/a><\/p>\n<p>24. au 26 Juillet 2026<br \/>\nCette manifestation est une v\u00e9ritable f\u00eate populaire autour du folklore suisse.<\/p>\n<p>F\u00eate National Suisse, 1er aout.<br \/>\nVenez f\u00eate notre anniversaire avec nous.<\/p>\n<p>Autres <a href=\"http:\/\/www.nendaz.ch\/tourisme\/events-3825.html\">\u00e9v\u00e9nement\u00a0<\/a><\/p>\n<\/div><div class=\"fusion-clearfix\"><\/div><\/div><\/div><div class=\"fusion-layout-column fusion_builder_column fusion-builder-column-7 fusion_builder_column_1_4 1_4 fusion-one-fourth\" style=\"--awb-bg-size:cover;width:25%;width:calc(25% - ( ( 4% + 4% + 4% ) * 0.25 ) );margin-right: 4%;\"><div class=\"fusion-column-wrapper fusion-flex-column-wrapper-legacy\"><div class=\"fusion-title title fusion-title-6 fusion-title-text fusion-title-size-two\" style=\"--awb-margin-top-small:10px;--awb-margin-right-small:0px;--awb-margin-bottom-small:10px;--awb-margin-left-small:0px;\"><h2 class=\"fusion-title-heading title-heading-left\" style=\"margin:0;\">Offres Sp\u00e9ciales<\/h2><span class=\"awb-title-spacer\"><\/span><div class=\"title-sep-container\"><div class=\"title-sep sep-double sep-solid\" style=\"border-color:var(--awb-color3);\"><\/div><\/div><\/div><div class=\"fusion-text fusion-text-8\"><p><a href=\"https:\/\/alpine-comfort.com\/fr\/?page_id=4486\"><img decoding=\"async\" src=\"http:\/\/www.alpine-comfort.ch\/wp-content\/uploads\/2012\/12\/home_special_offer.jpg\" alt=\"special offer\" width=\"640\" height=\"350\" \/><\/a><\/p>\n<p><a href=\"https:\/\/alpine-comfort.com\/fr\/?page_id=4486\">Euro prix sp\u00e9cial<\/a><br \/>\n5% rabat sur toutes les prix ficher au Chalet Cygnet<\/p>\n<\/div><div class=\"fusion-clearfix\"><\/div><\/div><\/div><div class=\"fusion-layout-column fusion_builder_column fusion-builder-column-8 fusion_builder_column_1_4 1_4 fusion-one-fourth\" style=\"--awb-bg-size:cover;width:25%;width:calc(25% - ( ( 4% + 4% + 4% ) * 0.25 ) );margin-right: 4%;\"><div class=\"fusion-column-wrapper fusion-flex-column-wrapper-legacy\"><div class=\"fusion-title title fusion-title-7 fusion-title-text fusion-title-size-two\" style=\"--awb-margin-top-small:10px;--awb-margin-right-small:0px;--awb-margin-bottom-small:10px;--awb-margin-left-small:0px;\"><h2 class=\"fusion-title-heading title-heading-left\" style=\"margin:0;\">Chalets de Location<\/h2><span class=\"awb-title-spacer\"><\/span><div class=\"title-sep-container\"><div class=\"title-sep sep-double sep-solid\" style=\"border-color:var(--awb-color3);\"><\/div><\/div><\/div><div class=\"fusion-text fusion-text-9\"><p><a title=\"4 valleys chalet rental\" href=\"http:\/\/www.4valleyschaletrental.com\/fr\/\" target=\"_blank\" rel=\"noopener noreferrer\"><img decoding=\"async\" src=\"http:\/\/www.alpine-comfort.ch\/wp-content\/uploads\/2012\/12\/home_page_chalet_rental.jpg\" alt=\"chalet with pool\" width=\"640\" height=\"350\" \/><\/a><\/p>\n<p>Trouvez votre s\u00e9jour de r\u00eave parmi nos <a href=\"https:\/\/alpine-comfort.com\/fr\/chalets-de-luxe-a-nendaz\/\">chalets de luxe<\/a> qui plairont aux familles, groupe d&rsquo;amis ou sorties d&rsquo;entreprises.<br \/>\n<a title=\"Chalet Rental\" href=\"http:\/\/www.4valleyschaletrental.com\/fr\/\" target=\"_blank\" rel=\"noopener noreferrer\">4 Valleys Chalet Rental<\/a><\/p>\n<\/div><div class=\"fusion-clearfix\"><\/div><\/div><\/div><div class=\"fusion-layout-column fusion_builder_column fusion-builder-column-9 fusion_builder_column_1_4 1_4 fusion-one-fourth fusion-column-last\" style=\"--awb-bg-size:cover;width:25%;width:calc(25% - ( ( 4% + 4% + 4% ) * 0.25 ) );\"><div class=\"fusion-column-wrapper fusion-flex-column-wrapper-legacy\"><div class=\"fusion-title title fusion-title-8 fusion-title-text fusion-title-size-two\" style=\"--awb-margin-top-small:10px;--awb-margin-right-small:0px;--awb-margin-bottom-small:10px;--awb-margin-left-small:0px;\"><h2 class=\"fusion-title-heading title-heading-left\" style=\"margin:0;\">Nos Clients<\/h2><span class=\"awb-title-spacer\"><\/span><div class=\"title-sep-container\"><div class=\"title-sep sep-double sep-solid\" style=\"border-color:var(--awb-color3);\"><\/div><\/div><\/div><div class=\"fusion-testimonials classic awb-speech-bubble-show fusion-testimonials-1\" style=\"--awb-textcolor:var(--awb-color8);--awb-backgroundcolor:var(--awb-color2);--awb-testimonial-border-style:solid;--awb-testimonial-border-color:var(--awb-color3);--awb-border-top-left-radius:0px;--awb-border-top-right-radius:0px;--awb-border-bottom-left-radius:0px;--awb-border-bottom-right-radius:0px;--testimonial-border-width-top:0px;--testimonial-border-width-right:0px;--testimonial-border-width-bottom:0px;--testimonial-border-width-left:0px;\" data-random=\"0\" data-speed=\"4000\"><div class=\"reviews\">\n<div class=\"review active-testimonial male\"><blockquote><div class=\"awb-quote\"><div class=\"awb-quote-content\">Inoubliable, nous y retournerons<br \/>\nVacances de r\u00eave dans un cadre unique.<\/div><\/div><span class=\"awb-triangle\"><\/span><\/blockquote><div class=\"author\"><span class=\"testimonial-thumbnail doe\"><\/span><span class=\"company-name\"><strong>Claude<\/strong><span>, <\/span><span>Belgique<\/span><\/span><\/div><\/div>\n<div class=\"review female\"><blockquote><div class=\"awb-quote\"><div class=\"awb-quote-content\">Pour la deuxi\u00e8me fois, tout \u00e9tait une fois de plus parfait, l&rsquo;accueil, de la d\u00e9coration ou encore de la cuisine. Nous nous r\u00e9jouissons d\u00e9j\u00e0 d&rsquo;y retourner!<\/div><\/div><span class=\"awb-triangle\"><\/span><\/blockquote><div class=\"author\"><span class=\"testimonial-thumbnail doe\"><\/span><span class=\"company-name\"><strong>Murielle<\/strong><span>, <\/span><span>Suisse<\/span><\/span><\/div><\/div><\/div><\/div><div class=\"fusion-clearfix\"><\/div><\/div><\/div><\/div><\/div>\n","protected":false},"excerpt":{"rendered":"","protected":false},"author":1,"featured_media":0,"parent":0,"menu_order":30,"comment_status":"closed","ping_status":"closed","template":"","meta":{"footnotes":""},"class_list":["post-4285","page","type-page","status-publish","hentry"],"yoast_head":"<!-- This site is optimized with the Yoast SEO plugin v27.3 - https:\/\/yoast.com\/product\/yoast-seo-wordpress\/ -->\n<title>Chalet B&amp;B de luxe | Nendaz | 4 Vall\u00e9es Verbier Suisse Alpine<\/title>\n<meta name=\"description\" content=\"Ce chalet B&amp;B de luxe situ\u00e9 \u00e0 Nendaz, dans les 4 Vall\u00e9es a \u00e9t\u00e9 nomm\u00e9 meilleur chalet B&amp;B ... Un jacuzzi ext\u00e9rieur avec une vue sur le Mont Fort\" \/>\n<meta name=\"robots\" content=\"index, follow, max-snippet:-1, max-image-preview:large, max-video-preview:-1\" \/>\n<link rel=\"canonical\" href=\"https:\/\/alpine-comfort.com\/fr\/\" \/>\n<meta property=\"og:locale\" content=\"fr_FR\" \/>\n<meta property=\"og:type\" content=\"article\" \/>\n<meta property=\"og:title\" content=\"Chalet B&amp;B de luxe | Nendaz | 4 Vall\u00e9es Verbier Suisse Alpine\" \/>\n<meta property=\"og:description\" content=\"Ce chalet B&amp;B de luxe situ\u00e9 \u00e0 Nendaz, dans les 4 Vall\u00e9es a \u00e9t\u00e9 nomm\u00e9 meilleur chalet B&amp;B ... Un jacuzzi ext\u00e9rieur avec une vue sur le Mont Fort\" \/>\n<meta property=\"og:url\" content=\"https:\/\/alpine-comfort.com\/fr\/\" \/>\n<meta property=\"og:site_name\" content=\"Alpine Comfort\" \/>\n<meta property=\"article:modified_time\" content=\"2026-04-04T16:31:31+00:00\" \/>\n<meta property=\"og:image\" content=\"http:\/\/www.alpine-comfort.ch\/wp-content\/uploads\/2012\/12\/home_special_offer.jpg\" \/>\n<meta name=\"twitter:label1\" content=\"Dur\u00e9e de lecture estim\u00e9e\" \/>\n\t<meta name=\"twitter:data1\" content=\"3 minutes\" \/>\n<script type=\"application\/ld+json\" class=\"yoast-schema-graph\">{\"@context\":\"https:\\\/\\\/schema.org\",\"@graph\":[{\"@type\":\"WebPage\",\"@id\":\"https:\\\/\\\/alpine-comfort.com\\\/fr\\\/\",\"url\":\"https:\\\/\\\/alpine-comfort.com\\\/fr\\\/\",\"name\":\"Chalet B&B de luxe | Nendaz | 4 Vall\u00e9es Verbier Suisse Alpine\",\"isPartOf\":{\"@id\":\"https:\\\/\\\/alpine-comfort.com\\\/#website\"},\"primaryImageOfPage\":{\"@id\":\"https:\\\/\\\/alpine-comfort.com\\\/fr\\\/#primaryimage\"},\"image\":{\"@id\":\"https:\\\/\\\/alpine-comfort.com\\\/fr\\\/#primaryimage\"},\"thumbnailUrl\":\"http:\\\/\\\/www.alpine-comfort.ch\\\/wp-content\\\/uploads\\\/2012\\\/12\\\/home_special_offer.jpg\",\"datePublished\":\"2012-12-04T17:27:32+00:00\",\"dateModified\":\"2026-04-04T16:31:31+00:00\",\"description\":\"Ce chalet B&B de luxe situ\u00e9 \u00e0 Nendaz, dans les 4 Vall\u00e9es a \u00e9t\u00e9 nomm\u00e9 meilleur chalet B&B ... Un jacuzzi ext\u00e9rieur avec une vue sur le Mont Fort\",\"inLanguage\":\"fr-FR\",\"potentialAction\":[{\"@type\":\"ReadAction\",\"target\":[\"https:\\\/\\\/alpine-comfort.com\\\/fr\\\/\"]}]},{\"@type\":\"ImageObject\",\"inLanguage\":\"fr-FR\",\"@id\":\"https:\\\/\\\/alpine-comfort.com\\\/fr\\\/#primaryimage\",\"url\":\"http:\\\/\\\/www.alpine-comfort.ch\\\/wp-content\\\/uploads\\\/2012\\\/12\\\/home_special_offer.jpg\",\"contentUrl\":\"http:\\\/\\\/www.alpine-comfort.ch\\\/wp-content\\\/uploads\\\/2012\\\/12\\\/home_special_offer.jpg\"},{\"@type\":\"WebSite\",\"@id\":\"https:\\\/\\\/alpine-comfort.com\\\/#website\",\"url\":\"https:\\\/\\\/alpine-comfort.com\\\/\",\"name\":\"Alpine Comfort\",\"description\":\"Pure Luxury Mountain Accommodation\",\"potentialAction\":[{\"@type\":\"SearchAction\",\"target\":{\"@type\":\"EntryPoint\",\"urlTemplate\":\"https:\\\/\\\/alpine-comfort.com\\\/?s={search_term_string}\"},\"query-input\":{\"@type\":\"PropertyValueSpecification\",\"valueRequired\":true,\"valueName\":\"search_term_string\"}}],\"inLanguage\":\"fr-FR\"}]}<\/script>\n<!-- \/ Yoast SEO plugin. -->","yoast_head_json":{"title":"Chalet B&B de luxe | Nendaz | 4 Vall\u00e9es Verbier Suisse Alpine","description":"Ce chalet B&B de luxe situ\u00e9 \u00e0 Nendaz, dans les 4 Vall\u00e9es a \u00e9t\u00e9 nomm\u00e9 meilleur chalet B&B ... Un jacuzzi ext\u00e9rieur avec une vue sur le Mont Fort","robots":{"index":"index","follow":"follow","max-snippet":"max-snippet:-1","max-image-preview":"max-image-preview:large","max-video-preview":"max-video-preview:-1"},"canonical":"https:\/\/alpine-comfort.com\/fr\/","og_locale":"fr_FR","og_type":"article","og_title":"Chalet B&B de luxe | Nendaz | 4 Vall\u00e9es Verbier Suisse Alpine","og_description":"Ce chalet B&B de luxe situ\u00e9 \u00e0 Nendaz, dans les 4 Vall\u00e9es a \u00e9t\u00e9 nomm\u00e9 meilleur chalet B&B ... Un jacuzzi ext\u00e9rieur avec une vue sur le Mont Fort","og_url":"https:\/\/alpine-comfort.com\/fr\/","og_site_name":"Alpine Comfort","article_modified_time":"2026-04-04T16:31:31+00:00","og_image":[{"url":"http:\/\/www.alpine-comfort.ch\/wp-content\/uploads\/2012\/12\/home_special_offer.jpg","type":"","width":"","height":""}],"twitter_misc":{"Dur\u00e9e de lecture estim\u00e9e":"3 minutes"},"schema":{"@context":"https:\/\/schema.org","@graph":[{"@type":"WebPage","@id":"https:\/\/alpine-comfort.com\/fr\/","url":"https:\/\/alpine-comfort.com\/fr\/","name":"Chalet B&B de luxe | Nendaz | 4 Vall\u00e9es Verbier Suisse Alpine","isPartOf":{"@id":"https:\/\/alpine-comfort.com\/#website"},"primaryImageOfPage":{"@id":"https:\/\/alpine-comfort.com\/fr\/#primaryimage"},"image":{"@id":"https:\/\/alpine-comfort.com\/fr\/#primaryimage"},"thumbnailUrl":"http:\/\/www.alpine-comfort.ch\/wp-content\/uploads\/2012\/12\/home_special_offer.jpg","datePublished":"2012-12-04T17:27:32+00:00","dateModified":"2026-04-04T16:31:31+00:00","description":"Ce chalet B&B de luxe situ\u00e9 \u00e0 Nendaz, dans les 4 Vall\u00e9es a \u00e9t\u00e9 nomm\u00e9 meilleur chalet B&B ... Un jacuzzi ext\u00e9rieur avec une vue sur le Mont Fort","inLanguage":"fr-FR","potentialAction":[{"@type":"ReadAction","target":["https:\/\/alpine-comfort.com\/fr\/"]}]},{"@type":"ImageObject","inLanguage":"fr-FR","@id":"https:\/\/alpine-comfort.com\/fr\/#primaryimage","url":"http:\/\/www.alpine-comfort.ch\/wp-content\/uploads\/2012\/12\/home_special_offer.jpg","contentUrl":"http:\/\/www.alpine-comfort.ch\/wp-content\/uploads\/2012\/12\/home_special_offer.jpg"},{"@type":"WebSite","@id":"https:\/\/alpine-comfort.com\/#website","url":"https:\/\/alpine-comfort.com\/","name":"Alpine Comfort","description":"Pure Luxury Mountain Accommodation","potentialAction":[{"@type":"SearchAction","target":{"@type":"EntryPoint","urlTemplate":"https:\/\/alpine-comfort.com\/?s={search_term_string}"},"query-input":{"@type":"PropertyValueSpecification","valueRequired":true,"valueName":"search_term_string"}}],"inLanguage":"fr-FR"}]}},"_links":{"self":[{"href":"https:\/\/alpine-comfort.com\/fr\/wp-json\/wp\/v2\/pages\/4285","targetHints":{"allow":["GET"]}}],"collection":[{"href":"https:\/\/alpine-comfort.com\/fr\/wp-json\/wp\/v2\/pages"}],"about":[{"href":"https:\/\/alpine-comfort.com\/fr\/wp-json\/wp\/v2\/types\/page"}],"author":[{"embeddable":true,"href":"https:\/\/alpine-comfort.com\/fr\/wp-json\/wp\/v2\/users\/1"}],"replies":[{"embeddable":true,"href":"https:\/\/alpine-comfort.com\/fr\/wp-json\/wp\/v2\/comments?post=4285"}],"version-history":[{"count":68,"href":"https:\/\/alpine-comfort.com\/fr\/wp-json\/wp\/v2\/pages\/4285\/revisions"}],"predecessor-version":[{"id":12136,"href":"https:\/\/alpine-comfort.com\/fr\/wp-json\/wp\/v2\/pages\/4285\/revisions\/12136"}],"wp:attachment":[{"href":"https:\/\/alpine-comfort.com\/fr\/wp-json\/wp\/v2\/media?parent=4285"}],"curies":[{"name":"wp","href":"https:\/\/api.w.org\/{rel}","templated":true}]}}