{"id":4389,"date":"2013-04-18T06:50:19","date_gmt":"2013-04-18T06:50:19","guid":{"rendered":"http:\/\/www.alpine-comfort.ch\/your-stay\/chalet-cygnet\/"},"modified":"2026-04-04T15:46:39","modified_gmt":"2026-04-04T15:46:39","slug":"chalet-de-luxe-cygnet","status":"publish","type":"page","link":"https:\/\/alpine-comfort.com\/fr\/votre-sejour\/chalet-de-luxe-cygnet\/","title":{"rendered":"Chalet Cygnet"},"content":{"rendered":"<div class=\"fusion-fullwidth fullwidth-box fusion-builder-row-1 hundred-percent-fullwidth non-hundred-percent-height-scrolling\" style=\"--awb-border-radius-top-left:0px;--awb-border-radius-top-right:0px;--awb-border-radius-bottom-right:0px;--awb-border-radius-bottom-left:0px;--awb-overflow:visible;--awb-flex-wrap:wrap;\" ><div class=\"fusion-builder-row fusion-row\"><div class=\"fusion-layout-column fusion_builder_column fusion-builder-column-0 fusion_builder_column_1_1 1_1 fusion-one-full fusion-column-first fusion-column-last fusion-column-no-min-height\" style=\"--awb-bg-size:cover;--awb-margin-bottom:0px;\"><div class=\"fusion-column-wrapper fusion-flex-column-wrapper-legacy\"><div class=\"fusion-title title fusion-title-1 fusion-title-text fusion-title-size-two\" style=\"--awb-margin-top-small:10px;--awb-margin-right-small:0px;--awb-margin-bottom-small:10px;--awb-margin-left-small:0px;\"><h2 class=\"fusion-title-heading title-heading-left\" style=\"margin:0;\">Le Chalet de luxe Cygnet<\/h2><span class=\"awb-title-spacer\"><\/span><div class=\"title-sep-container\"><div class=\"title-sep sep-double sep-solid\" style=\"border-color:var(--awb-color3);\"><\/div><\/div><\/div>\n<p>&nbsp;<\/p>\n<div class=\"fusion-clearfix\"><\/div><\/div><\/div><div class=\"fusion-layout-column fusion_builder_column fusion-builder-column-1 fusion_builder_column_1_1 1_1 fusion-one-full fusion-column-first fusion-column-last fusion-column-no-min-height\" style=\"--awb-bg-size:cover;--awb-margin-bottom:0px;\"><div class=\"fusion-column-wrapper fusion-flex-column-wrapper-legacy\"><div class=\"fusion-title title fusion-title-2 fusion-title-text fusion-title-size-two\" style=\"--awb-margin-top-small:10px;--awb-margin-right-small:0px;--awb-margin-bottom-small:10px;--awb-margin-left-small:0px;\"><h2 class=\"fusion-title-heading title-heading-left\" style=\"margin:0;\">\u00c0 propos du chalet<\/h2><span class=\"awb-title-spacer\"><\/span><div class=\"title-sep-container\"><div class=\"title-sep sep-double sep-solid\" style=\"border-color:var(--awb-color3);\"><\/div><\/div><\/div>\nLe Chalet Cygnet est un chalet de luxe en Suisse et l\u2019int\u00e9rieur a \u00e9t\u00e9 soigneusement pens\u00e9 pour apporter \u00e0 votre s\u00e9jour un confort absolu et r\u00e9pondre \u00e0 vos besoins de tous ordres. Le Chalet, que surplombe le majestueux Mont-Fort, est situ\u00e9 dans un lieu paisible \u00e0 mi-chemin entre les principales remont\u00e9es m\u00e9caniques. En moins de cinq minutes, vous arrive soit \u00e0 la principale station de remont\u00e9es m\u00e9caniques de Nendaz, soit aux remont\u00e9es m\u00e9caniques de Veysonnaz ou encore \u00e0 la gondole du Mont-Fort qui m\u00e8ne directement dans la r\u00e9gion de Verbier.<\/p>\n<p>Le chalet est id\u00e9al pour un couple, une jeune famille ou\u00a0 les petits groupes.<\/p>\n<p>Les \u00e9quipements modernes incluent une t\u00e9l\u00e9vision \u00e0 \u00e9cran plat avec des cha\u00eenes fran\u00e7aises, un lecteur DVD et une connexion Internet sans fil. Pourquoi ne pas profiter d\u2019une soir\u00e9e agr\u00e9able devant un feu de bois \u00e0 participer \u00e0 un jeu de soci\u00e9t\u00e9 tout en d\u00e9gustant un vin.<\/p>\n<p>Lors de votre s\u00e9jour, admirez depuis notre belle terrasse les paysages \u00e9poustouflants de la vall\u00e9e du Rh\u00f4ne. De m\u00e9morables couchers de soleil deviendront au fil des jours le point fort de vos vacances.<\/p>\n<p>Les murs de nos deux chambres sont rev\u00eatus de pin. Nos chambres de grand confort disposent de duvets et d&rsquo;oreillers d\u2019une blancheur immacul\u00e9e et allient harmonieusement modernit\u00e9 et tradition.<\/p>\n<p>Les deux chambres situ\u00e9es \u00e0 l\u2019\u00e9tage sont toutes deux \u00e9quip\u00e9es d\u2019une salle de bain avec douche ou baignoire. Toutes sont pourvues de serviettes \u00e9ponges ultra-moelleuses, de doux peignoirs et d&rsquo;un s\u00e8che-cheveux. Le parfum des produits de toilette de luxe gracieusement offerts ajouteront ces petites notes agr\u00e9ables que vous n\u2019oublierez pas.<\/p>\n<p>Veuillez noter que le Chalet Cygnet est NON FUMEUR.<\/p>\n<div class=\"fusion-sep-clear\"><\/div><div class=\"fusion-separator fusion-full-width-sep\" style=\"margin-left: auto;margin-right: auto;margin-top:40px;margin-bottom:40px;width:100%;\"><\/div><div class=\"fusion-sep-clear\"><\/div>\n<div class=\"fusion-clearfix\"><\/div><\/div><\/div><div class=\"fusion-layout-column fusion_builder_column fusion-builder-column-2 fusion_builder_column_1_1 1_1 fusion-one-full fusion-column-first fusion-column-last fusion-column-no-min-height\" style=\"--awb-bg-size:cover;--awb-margin-bottom:0px;\"><div class=\"fusion-column-wrapper fusion-flex-column-wrapper-legacy\"><div class=\"fusion-title title fusion-title-3 fusion-title-text fusion-title-size-two\" style=\"--awb-margin-top-small:10px;--awb-margin-right-small:0px;--awb-margin-bottom-small:10px;--awb-margin-left-small:0px;\"><h2 class=\"fusion-title-heading title-heading-left\" style=\"margin:0;\">Des Vacances de Luxe en Montagne<\/h2><span class=\"awb-title-spacer\"><\/span><div class=\"title-sep-container\"><div class=\"title-sep sep-double sep-solid\" style=\"border-color:var(--awb-color3);\"><\/div><\/div><\/div>\n<div class=\"fusion-clearfix\"><\/div><\/div><\/div><div class=\"fusion-layout-column fusion_builder_column fusion-builder-column-3 fusion_builder_column_1_2 1_2 fusion-one-half fusion-column-first\" style=\"--awb-bg-size:cover;width:50%;width:calc(50% - ( ( 4% ) * 0.5 ) );margin-right: 4%;\"><div class=\"fusion-column-wrapper fusion-flex-column-wrapper-legacy\">\n<ul style=\"--awb-line-height:27.2px;--awb-icon-width:27.2px;--awb-icon-height:27.2px;--awb-icon-margin:11.2px;--awb-content-margin:38.4px;--awb-circlecolor:#a0ce4e;--awb-circle-yes-font-size:14.08px;\" class=\"fusion-checklist fusion-checklist-1 fusion-checklist-default type-icons\">\n\n<li class=\"fusion-li-item\" style=\"\"><span class=\"icon-wrapper circle-yes\"><i class=\"fusion-li-icon awb-icon-check\" aria-hidden=\"true\"><\/i><\/span><div class=\"fusion-li-item-content\">R\u00e9servations exclusives<\/div><\/li>\n<li class=\"fusion-li-item\" style=\"\"><span class=\"icon-wrapper circle-yes\"><i class=\"fusion-li-icon awb-icon-check\" aria-hidden=\"true\"><\/i><\/span><div class=\"fusion-li-item-content\">De 2 chambres \u00e0 coucher ; deux avec la salle de bains priv\u00e9e<\/div><\/li>\n<li class=\"fusion-li-item\" style=\"\"><span class=\"icon-wrapper circle-yes\"><i class=\"fusion-li-icon awb-icon-check\" aria-hidden=\"true\"><\/i><\/span><div class=\"fusion-li-item-content\">Les produits de toilette de luxe Molton Brown<\/div><\/li>\n<li class=\"fusion-li-item\" style=\"\"><span class=\"icon-wrapper circle-yes\"><i class=\"fusion-li-icon awb-icon-check\" aria-hidden=\"true\"><\/i><\/span><div class=\"fusion-li-item-content\">Les serviettes de bain et les peignoirs ultra-moelleux<\/div><\/li>\n<li class=\"fusion-li-item\" style=\"\"><span class=\"icon-wrapper circle-yes\"><i class=\"fusion-li-icon awb-icon-check\" aria-hidden=\"true\"><\/i><\/span><div class=\"fusion-li-item-content\">Feu \u00e0 bois<\/div><\/li>\n\n<\/ul>\n<div class=\"fusion-clearfix\"><\/div><\/div><\/div>\n<div class=\"fusion-layout-column fusion_builder_column fusion-builder-column-4 fusion_builder_column_1_2 1_2 fusion-one-half fusion-column-last\" style=\"--awb-bg-size:cover;width:50%;width:calc(50% - ( ( 4% ) * 0.5 ) );\"><div class=\"fusion-column-wrapper fusion-flex-column-wrapper-legacy\">\n<ul style=\"--awb-line-height:27.2px;--awb-icon-width:27.2px;--awb-icon-height:27.2px;--awb-icon-margin:11.2px;--awb-content-margin:38.4px;--awb-circlecolor:#a0ce4e;--awb-circle-yes-font-size:14.08px;\" class=\"fusion-checklist fusion-checklist-2 fusion-checklist-default type-icons\">\n\n<li class=\"fusion-li-item\" style=\"\"><span class=\"icon-wrapper circle-yes\"><i class=\"fusion-li-icon awb-icon-check\" aria-hidden=\"true\"><\/i><\/span><div class=\"fusion-li-item-content\">Un lieu paisible \u00e0 mi-chemin entre les principales remont\u00e9es m\u00e9caniques<\/div><\/li>\n<li class=\"fusion-li-item\" style=\"\"><span class=\"icon-wrapper circle-yes\"><i class=\"fusion-li-icon awb-icon-check\" aria-hidden=\"true\"><\/i><\/span><div class=\"fusion-li-item-content\">La belle terrasse avec une vue fantastique<\/div><\/li>\n<li class=\"fusion-li-item\" style=\"\"><span class=\"icon-wrapper circle-yes\"><i class=\"fusion-li-icon awb-icon-check\" aria-hidden=\"true\"><\/i><\/span><div class=\"fusion-li-item-content\">La TV et un lecteur DVD<\/div><\/li>\n<li class=\"fusion-li-item\" style=\"\"><span class=\"icon-wrapper circle-yes\"><i class=\"fusion-li-icon awb-icon-check\" aria-hidden=\"true\"><\/i><\/span><div class=\"fusion-li-item-content\">Le WIFI et un docking station pour IPod<\/div><\/li>\n<li class=\"fusion-li-item\" style=\"\"><span class=\"icon-wrapper circle-yes\"><i class=\"fusion-li-icon awb-icon-check\" aria-hidden=\"true\"><\/i><\/span><div class=\"fusion-li-item-content\">Le syst\u00e8me Wii<\/div><\/li>\n\n<\/ul>\n<div class=\"fusion-clearfix\"><\/div><\/div><\/div>\n<div class=\"fusion-layout-column fusion_builder_column fusion-builder-column-5 fusion_builder_column_1_1 1_1 fusion-one-full fusion-column-first fusion-column-last fusion-column-no-min-height\" style=\"--awb-bg-size:cover;--awb-margin-bottom:0px;\"><div class=\"fusion-column-wrapper fusion-flex-column-wrapper-legacy\"><ul style=\"--awb-line-height:27.2px;--awb-icon-width:27.2px;--awb-icon-height:27.2px;--awb-icon-margin:11.2px;--awb-content-margin:38.4px;--awb-circlecolor:#a0ce4e;--awb-circle-yes-font-size:14.08px;\" class=\"fusion-checklist fusion-checklist-3 fusion-checklist-default type-icons\">\n\n<li class=\"fusion-li-item\" style=\"\"><span class=\"icon-wrapper circle-yes\"><i class=\"fusion-li-icon awb-icon-check\" aria-hidden=\"true\"><\/i><\/span><div class=\"fusion-li-item-content\"><a title=\"Chalet Cygnet - Floor Plan PDF\" href=\"\/wp-content\/uploads\/2013\/04\/chalet_cygnet_floorplan.pdf\">Chalet Cygnet &#8211; Plan (PDF)<\/a><\/div><\/li>\n<li class=\"fusion-li-item\" style=\"\"><span class=\"icon-wrapper circle-yes\"><i class=\"fusion-li-icon awb-icon-check\" aria-hidden=\"true\"><\/i><\/span><div class=\"fusion-li-item-content\"><a title=\"Photos\" href=\"https:\/\/alpine-comfort.com\/fr\/photos\/\">Photos du Chalet<\/a><\/div><\/li>\n\n<\/ul><div class=\"fusion-clearfix\"><\/div><\/div><\/div><\/div><\/div>\n","protected":false},"excerpt":{"rendered":"","protected":false},"author":1,"featured_media":0,"parent":4285,"menu_order":31,"comment_status":"open","ping_status":"open","template":"side-navigation.php","meta":{"footnotes":""},"class_list":["post-4389","page","type-page","status-publish","hentry"],"yoast_head":"<!-- This site is optimized with the Yoast SEO plugin v27.3 - https:\/\/yoast.com\/product\/yoast-seo-wordpress\/ -->\n<title>Nendaz Information | 4 Vall\u00e9es, Verbier, Switzerland<\/title>\n<meta name=\"description\" content=\"Le Chalet Cygnet est un chalet de luxe en Suisse et est nomm\u00e9 l&#039;un des meilleurs chalet de luxe avec service h\u00f4telier dans la r\u00e9gion des 4 Vall\u00e9es.\" \/>\n<meta name=\"robots\" content=\"index, follow, max-snippet:-1, max-image-preview:large, max-video-preview:-1\" \/>\n<link rel=\"canonical\" href=\"https:\/\/alpine-comfort.com\/fr\/votre-sejour\/chalet-de-luxe-cygnet\/\" \/>\n<meta property=\"og:locale\" content=\"fr_FR\" \/>\n<meta property=\"og:type\" content=\"article\" \/>\n<meta property=\"og:title\" content=\"Nendaz Information | 4 Vall\u00e9es, Verbier, Switzerland\" \/>\n<meta property=\"og:description\" content=\"Le Chalet Cygnet est un chalet de luxe en Suisse et est nomm\u00e9 l&#039;un des meilleurs chalet de luxe avec service h\u00f4telier dans la r\u00e9gion des 4 Vall\u00e9es.\" \/>\n<meta property=\"og:url\" content=\"https:\/\/alpine-comfort.com\/fr\/votre-sejour\/chalet-de-luxe-cygnet\/\" \/>\n<meta property=\"og:site_name\" content=\"Alpine Comfort\" \/>\n<meta property=\"article:modified_time\" content=\"2026-04-04T15:46:39+00:00\" \/>\n<meta name=\"twitter:label1\" content=\"Dur\u00e9e de lecture estim\u00e9e\" \/>\n\t<meta name=\"twitter:data1\" content=\"2 minutes\" \/>\n<script type=\"application\/ld+json\" class=\"yoast-schema-graph\">{\"@context\":\"https:\\\/\\\/schema.org\",\"@graph\":[{\"@type\":\"WebPage\",\"@id\":\"https:\\\/\\\/alpine-comfort.com\\\/fr\\\/votre-sejour\\\/chalet-de-luxe-cygnet\\\/\",\"url\":\"https:\\\/\\\/alpine-comfort.com\\\/fr\\\/votre-sejour\\\/chalet-de-luxe-cygnet\\\/\",\"name\":\"Nendaz Information | 4 Vall\u00e9es, Verbier, Switzerland\",\"isPartOf\":{\"@id\":\"https:\\\/\\\/alpine-comfort.com\\\/#website\"},\"datePublished\":\"2013-04-18T06:50:19+00:00\",\"dateModified\":\"2026-04-04T15:46:39+00:00\",\"description\":\"Le Chalet Cygnet est un chalet de luxe en Suisse et est nomm\u00e9 l'un des meilleurs chalet de luxe avec service h\u00f4telier dans la r\u00e9gion des 4 Vall\u00e9es.\",\"breadcrumb\":{\"@id\":\"https:\\\/\\\/alpine-comfort.com\\\/fr\\\/votre-sejour\\\/chalet-de-luxe-cygnet\\\/#breadcrumb\"},\"inLanguage\":\"fr-FR\",\"potentialAction\":[{\"@type\":\"ReadAction\",\"target\":[\"https:\\\/\\\/alpine-comfort.com\\\/fr\\\/votre-sejour\\\/chalet-de-luxe-cygnet\\\/\"]}]},{\"@type\":\"BreadcrumbList\",\"@id\":\"https:\\\/\\\/alpine-comfort.com\\\/fr\\\/votre-sejour\\\/chalet-de-luxe-cygnet\\\/#breadcrumb\",\"itemListElement\":[{\"@type\":\"ListItem\",\"position\":1,\"name\":\"Votre S\u00e9jour\",\"item\":\"https:\\\/\\\/alpine-comfort.com\\\/fr\\\/\"},{\"@type\":\"ListItem\",\"position\":2,\"name\":\"Chalet Cygnet\"}]},{\"@type\":\"WebSite\",\"@id\":\"https:\\\/\\\/alpine-comfort.com\\\/#website\",\"url\":\"https:\\\/\\\/alpine-comfort.com\\\/\",\"name\":\"Alpine Comfort\",\"description\":\"Pure Luxury Mountain Accommodation\",\"potentialAction\":[{\"@type\":\"SearchAction\",\"target\":{\"@type\":\"EntryPoint\",\"urlTemplate\":\"https:\\\/\\\/alpine-comfort.com\\\/?s={search_term_string}\"},\"query-input\":{\"@type\":\"PropertyValueSpecification\",\"valueRequired\":true,\"valueName\":\"search_term_string\"}}],\"inLanguage\":\"fr-FR\"}]}<\/script>\n<!-- \/ Yoast SEO plugin. -->","yoast_head_json":{"title":"Nendaz Information | 4 Vall\u00e9es, Verbier, Switzerland","description":"Le Chalet Cygnet est un chalet de luxe en Suisse et est nomm\u00e9 l'un des meilleurs chalet de luxe avec service h\u00f4telier dans la r\u00e9gion des 4 Vall\u00e9es.","robots":{"index":"index","follow":"follow","max-snippet":"max-snippet:-1","max-image-preview":"max-image-preview:large","max-video-preview":"max-video-preview:-1"},"canonical":"https:\/\/alpine-comfort.com\/fr\/votre-sejour\/chalet-de-luxe-cygnet\/","og_locale":"fr_FR","og_type":"article","og_title":"Nendaz Information | 4 Vall\u00e9es, Verbier, Switzerland","og_description":"Le Chalet Cygnet est un chalet de luxe en Suisse et est nomm\u00e9 l'un des meilleurs chalet de luxe avec service h\u00f4telier dans la r\u00e9gion des 4 Vall\u00e9es.","og_url":"https:\/\/alpine-comfort.com\/fr\/votre-sejour\/chalet-de-luxe-cygnet\/","og_site_name":"Alpine Comfort","article_modified_time":"2026-04-04T15:46:39+00:00","twitter_misc":{"Dur\u00e9e de lecture estim\u00e9e":"2 minutes"},"schema":{"@context":"https:\/\/schema.org","@graph":[{"@type":"WebPage","@id":"https:\/\/alpine-comfort.com\/fr\/votre-sejour\/chalet-de-luxe-cygnet\/","url":"https:\/\/alpine-comfort.com\/fr\/votre-sejour\/chalet-de-luxe-cygnet\/","name":"Nendaz Information | 4 Vall\u00e9es, Verbier, Switzerland","isPartOf":{"@id":"https:\/\/alpine-comfort.com\/#website"},"datePublished":"2013-04-18T06:50:19+00:00","dateModified":"2026-04-04T15:46:39+00:00","description":"Le Chalet Cygnet est un chalet de luxe en Suisse et est nomm\u00e9 l'un des meilleurs chalet de luxe avec service h\u00f4telier dans la r\u00e9gion des 4 Vall\u00e9es.","breadcrumb":{"@id":"https:\/\/alpine-comfort.com\/fr\/votre-sejour\/chalet-de-luxe-cygnet\/#breadcrumb"},"inLanguage":"fr-FR","potentialAction":[{"@type":"ReadAction","target":["https:\/\/alpine-comfort.com\/fr\/votre-sejour\/chalet-de-luxe-cygnet\/"]}]},{"@type":"BreadcrumbList","@id":"https:\/\/alpine-comfort.com\/fr\/votre-sejour\/chalet-de-luxe-cygnet\/#breadcrumb","itemListElement":[{"@type":"ListItem","position":1,"name":"Votre S\u00e9jour","item":"https:\/\/alpine-comfort.com\/fr\/"},{"@type":"ListItem","position":2,"name":"Chalet Cygnet"}]},{"@type":"WebSite","@id":"https:\/\/alpine-comfort.com\/#website","url":"https:\/\/alpine-comfort.com\/","name":"Alpine Comfort","description":"Pure Luxury Mountain Accommodation","potentialAction":[{"@type":"SearchAction","target":{"@type":"EntryPoint","urlTemplate":"https:\/\/alpine-comfort.com\/?s={search_term_string}"},"query-input":{"@type":"PropertyValueSpecification","valueRequired":true,"valueName":"search_term_string"}}],"inLanguage":"fr-FR"}]}},"_links":{"self":[{"href":"https:\/\/alpine-comfort.com\/fr\/wp-json\/wp\/v2\/pages\/4389","targetHints":{"allow":["GET"]}}],"collection":[{"href":"https:\/\/alpine-comfort.com\/fr\/wp-json\/wp\/v2\/pages"}],"about":[{"href":"https:\/\/alpine-comfort.com\/fr\/wp-json\/wp\/v2\/types\/page"}],"author":[{"embeddable":true,"href":"https:\/\/alpine-comfort.com\/fr\/wp-json\/wp\/v2\/users\/1"}],"replies":[{"embeddable":true,"href":"https:\/\/alpine-comfort.com\/fr\/wp-json\/wp\/v2\/comments?post=4389"}],"version-history":[{"count":11,"href":"https:\/\/alpine-comfort.com\/fr\/wp-json\/wp\/v2\/pages\/4389\/revisions"}],"predecessor-version":[{"id":12118,"href":"https:\/\/alpine-comfort.com\/fr\/wp-json\/wp\/v2\/pages\/4389\/revisions\/12118"}],"up":[{"embeddable":true,"href":"https:\/\/alpine-comfort.com\/fr\/wp-json\/wp\/v2\/pages\/4285"}],"wp:attachment":[{"href":"https:\/\/alpine-comfort.com\/fr\/wp-json\/wp\/v2\/media?parent=4389"}],"curies":[{"name":"wp","href":"https:\/\/api.w.org\/{rel}","templated":true}]}}