{"id":4484,"date":"2013-04-20T07:36:10","date_gmt":"2013-04-20T07:36:10","guid":{"rendered":"http:\/\/www.alpine-comfort.ch\/photos-2\/"},"modified":"2017-06-05T14:23:08","modified_gmt":"2017-06-05T14:23:08","slug":"photos","status":"publish","type":"page","link":"https:\/\/alpine-comfort.com\/fr\/photos\/","title":{"rendered":"Photos du Chalet Cygnet"},"content":{"rendered":"<div id=\"jig1\" class=\"justified-image-grid jig-6bafd30d0e5dba9c220be045655e2dc1 jig-preset-global\"><div class=\"jig-clearfix\"><\/div><noscript id=\"jig1-html\" class=\"justified-image-grid-html\" data-lazy-src=\"skiplazyload\" data-src=\"skipunveillazyload\"><ul><li><a href=\"https:\/\/alpine-comfort.com\/wp-content\/uploads\/2013\/04\/bedroom4_1.jpg\" title=\"bedroom4_1\"><img decoding=\"async\" src=\"https:\/\/alpine-comfort.com\/wp-content\/plugins\/justified-image-grid\/timthumb.php?src=https%3A%2F%2Falpine-comfort.com%2Fwp-content%2Fuploads%2F2013%2F04%2Fbedroom4_1.jpg&amp;h=190&amp;q=90&amp;f=.jpg\" alt=\"bedroom4_1\" width=\"285\" height=\"190\" \/><\/a><p class=\"jig-HTMLdescription\">bedroom4_1<\/p><\/li><li><a href=\"https:\/\/alpine-comfort.com\/wp-content\/uploads\/2013\/04\/cygnet_in_summer.jpg\" title=\"cygnet_in_summer\"><img decoding=\"async\" src=\"https:\/\/alpine-comfort.com\/wp-content\/plugins\/justified-image-grid\/timthumb.php?src=https%3A%2F%2Falpine-comfort.com%2Fwp-content%2Fuploads%2F2013%2F04%2Fcygnet_in_summer.jpg&amp;h=190&amp;q=90&amp;f=.jpg\" alt=\"cygnet_in_summer\" width=\"282\" height=\"190\" \/><\/a><p class=\"jig-HTMLdescription\">cygnet_in_summer<\/p><\/li><li><a href=\"https:\/\/alpine-comfort.com\/wp-content\/uploads\/2013\/04\/diningarea1.jpg\" title=\"diningarea1\"><img decoding=\"async\" src=\"https:\/\/alpine-comfort.com\/wp-content\/plugins\/justified-image-grid\/timthumb.php?src=https%3A%2F%2Falpine-comfort.com%2Fwp-content%2Fuploads%2F2013%2F04%2Fdiningarea1.jpg&amp;h=190&amp;q=90&amp;f=.jpg\" alt=\"diningarea1\" width=\"285\" height=\"190\" \/><\/a><p class=\"jig-HTMLdescription\">diningarea1<\/p><\/li><li><a href=\"https:\/\/alpine-comfort.com\/wp-content\/uploads\/2013\/04\/master-bedroom-1024x679.jpg\"><img decoding=\"async\" src=\"https:\/\/alpine-comfort.com\/wp-content\/plugins\/justified-image-grid\/timthumb.php?src=https%3A%2F%2Falpine-comfort.com%2Fwp-content%2Fuploads%2F2013%2F04%2Fmaster-bedroom-1024x679.jpg&amp;h=190&amp;q=90&amp;f=.jpg\" alt=\"\" width=\"286\" height=\"190\" \/><\/a><\/li><li><a href=\"https:\/\/alpine-comfort.com\/wp-content\/uploads\/2013\/04\/bedroom_cygnet3-1024x679.jpg\"><img decoding=\"async\" src=\"https:\/\/alpine-comfort.com\/wp-content\/plugins\/justified-image-grid\/timthumb.php?src=https%3A%2F%2Falpine-comfort.com%2Fwp-content%2Fuploads%2F2013%2F04%2Fbedroom_cygnet3-1024x679.jpg&amp;h=190&amp;q=90&amp;f=.jpg\" alt=\"\" width=\"286\" height=\"190\" \/><\/a><\/li><li><a href=\"https:\/\/alpine-comfort.com\/wp-content\/uploads\/2013\/04\/chalet_cygnet_christmas_lig.jpg\" title=\"chalet_cygnet_christmas_lig\"><img decoding=\"async\" src=\"https:\/\/alpine-comfort.com\/wp-content\/plugins\/justified-image-grid\/timthumb.php?src=https%3A%2F%2Falpine-comfort.com%2Fwp-content%2Fuploads%2F2013%2F04%2Fchalet_cygnet_christmas_lig.jpg&amp;h=190&amp;q=90&amp;f=.jpg\" alt=\"chalet_cygnet_christmas_lig\" width=\"271\" height=\"190\" \/><\/a><p class=\"jig-HTMLdescription\">chalet_cygnet_christmas_lig<\/p><\/li><li><a href=\"https:\/\/alpine-comfort.com\/wp-content\/uploads\/2013\/04\/bedroom_cygnet2-1024x679.jpg\"><img decoding=\"async\" src=\"https:\/\/alpine-comfort.com\/wp-content\/plugins\/justified-image-grid\/timthumb.php?src=https%3A%2F%2Falpine-comfort.com%2Fwp-content%2Fuploads%2F2013%2F04%2Fbedroom_cygnet2-1024x679.jpg&amp;h=190&amp;q=90&amp;f=.jpg\" alt=\"\" width=\"286\" height=\"190\" \/><\/a><\/li><li><a href=\"https:\/\/alpine-comfort.com\/wp-content\/uploads\/2013\/04\/deco-4.jpg\"><img decoding=\"async\" src=\"https:\/\/alpine-comfort.com\/wp-content\/plugins\/justified-image-grid\/timthumb.php?src=https%3A%2F%2Falpine-comfort.com%2Fwp-content%2Fuploads%2F2013%2F04%2Fdeco-4.jpg&amp;h=190&amp;q=90&amp;f=.jpg\" alt=\"\" width=\"285\" height=\"190\" \/><\/a><\/li><li><a href=\"https:\/\/alpine-comfort.com\/wp-content\/uploads\/2013\/04\/bedroom_33-1024x679.jpg\"><img decoding=\"async\" src=\"https:\/\/alpine-comfort.com\/wp-content\/plugins\/justified-image-grid\/timthumb.php?src=https%3A%2F%2Falpine-comfort.com%2Fwp-content%2Fuploads%2F2013%2F04%2Fbedroom_33-1024x679.jpg&amp;h=190&amp;q=90&amp;f=.jpg\" alt=\"\" width=\"286\" height=\"190\" \/><\/a><\/li><li><a href=\"https:\/\/alpine-comfort.com\/wp-content\/uploads\/2013\/04\/bedroom_32-1024x679.jpg\"><img decoding=\"async\" src=\"https:\/\/alpine-comfort.com\/wp-content\/plugins\/justified-image-grid\/timthumb.php?src=https%3A%2F%2Falpine-comfort.com%2Fwp-content%2Fuploads%2F2013%2F04%2Fbedroom_32-1024x679.jpg&amp;h=190&amp;q=90&amp;f=.jpg\" alt=\"\" width=\"286\" height=\"190\" \/><\/a><\/li><li><a href=\"https:\/\/alpine-comfort.com\/wp-content\/uploads\/2013\/04\/bedroom_cygnet-1024x679.jpg\"><img decoding=\"async\" src=\"https:\/\/alpine-comfort.com\/wp-content\/plugins\/justified-image-grid\/timthumb.php?src=https%3A%2F%2Falpine-comfort.com%2Fwp-content%2Fuploads%2F2013%2F04%2Fbedroom_cygnet-1024x679.jpg&amp;h=190&amp;q=90&amp;f=.jpg\" alt=\"\" width=\"286\" height=\"190\" \/><\/a><\/li><li><a href=\"https:\/\/alpine-comfort.com\/wp-content\/uploads\/2013\/04\/master-bedroom3-1024x679.jpg\"><img decoding=\"async\" src=\"https:\/\/alpine-comfort.com\/wp-content\/plugins\/justified-image-grid\/timthumb.php?src=https%3A%2F%2Falpine-comfort.com%2Fwp-content%2Fuploads%2F2013%2F04%2Fmaster-bedroom3-1024x679.jpg&amp;h=190&amp;q=90&amp;f=.jpg\" alt=\"\" width=\"286\" height=\"190\" \/><\/a><\/li><li><a href=\"https:\/\/alpine-comfort.com\/wp-content\/uploads\/2013\/04\/master-bedroom2-1024x679.jpg\"><img decoding=\"async\" src=\"https:\/\/alpine-comfort.com\/wp-content\/plugins\/justified-image-grid\/timthumb.php?src=https%3A%2F%2Falpine-comfort.com%2Fwp-content%2Fuploads%2F2013%2F04%2Fmaster-bedroom2-1024x679.jpg&amp;h=190&amp;q=90&amp;f=.jpg\" alt=\"\" width=\"286\" height=\"190\" \/><\/a><\/li><li><a href=\"https:\/\/alpine-comfort.com\/wp-content\/uploads\/2013\/04\/room1_ousdide_New1.jpg\" title=\"room1_ousdide_New1\"><img decoding=\"async\" src=\"https:\/\/alpine-comfort.com\/wp-content\/plugins\/justified-image-grid\/timthumb.php?src=https%3A%2F%2Falpine-comfort.com%2Fwp-content%2Fuploads%2F2013%2F04%2Froom1_ousdide_New1.jpg&amp;h=190&amp;q=90&amp;f=.jpg\" alt=\"room1_ousdide_New1\" width=\"285\" height=\"190\" \/><\/a><p class=\"jig-HTMLdescription\">room1_ousdide_New1<\/p><\/li><li><a href=\"https:\/\/alpine-comfort.com\/wp-content\/uploads\/2013\/04\/bathroom2_1.jpg\" title=\"bathroom2_1\"><img decoding=\"async\" src=\"https:\/\/alpine-comfort.com\/wp-content\/plugins\/justified-image-grid\/timthumb.php?src=https%3A%2F%2Falpine-comfort.com%2Fwp-content%2Fuploads%2F2013%2F04%2Fbathroom2_1.jpg&amp;h=190&amp;q=90&amp;f=.jpg\" alt=\"bathroom2_1\" width=\"285\" height=\"190\" \/><\/a><p class=\"jig-HTMLdescription\">bathroom2_1<\/p><\/li><li><a href=\"https:\/\/alpine-comfort.com\/wp-content\/uploads\/2013\/04\/chalet_cygnet_winter.gif\" title=\"chalet_cygnet_winter\"><img decoding=\"async\" src=\"https:\/\/alpine-comfort.com\/wp-content\/plugins\/justified-image-grid\/timthumb.php?src=https%3A%2F%2Falpine-comfort.com%2Fwp-content%2Fuploads%2F2013%2F04%2Fchalet_cygnet_winter.gif&amp;h=190&amp;q=90&amp;f=.gif\" alt=\"chalet_cygnet_winter\" width=\"127\" height=\"190\" \/><\/a><p class=\"jig-HTMLdescription\">chalet_cygnet_winter<\/p><\/li><li><a href=\"https:\/\/alpine-comfort.com\/wp-content\/uploads\/2013\/04\/chalet_cygnet_summer_1.jpg\" title=\"chalet_cygnet_summer_1\"><img decoding=\"async\" src=\"https:\/\/alpine-comfort.com\/wp-content\/plugins\/justified-image-grid\/timthumb.php?src=https%3A%2F%2Falpine-comfort.com%2Fwp-content%2Fuploads%2F2013%2F04%2Fchalet_cygnet_summer_1.jpg&amp;h=190&amp;q=90&amp;f=.jpg\" alt=\"chalet_cygnet_summer_1\" width=\"253\" height=\"190\" \/><\/a><p class=\"jig-HTMLdescription\">chalet_cygnet_summer_1<\/p><\/li><li><a href=\"https:\/\/alpine-comfort.com\/wp-content\/uploads\/2013\/04\/bedroom_3-1024x679.jpg\"><img decoding=\"async\" src=\"https:\/\/alpine-comfort.com\/wp-content\/plugins\/justified-image-grid\/timthumb.php?src=https%3A%2F%2Falpine-comfort.com%2Fwp-content%2Fuploads%2F2013%2F04%2Fbedroom_3-1024x679.jpg&amp;h=190&amp;q=90&amp;f=.jpg\" alt=\"\" width=\"286\" height=\"190\" \/><\/a><\/li><li><a href=\"https:\/\/alpine-comfort.com\/wp-content\/uploads\/2013\/04\/decor_new1.jpg\" title=\"decor_new1\"><img decoding=\"async\" src=\"https:\/\/alpine-comfort.com\/wp-content\/plugins\/justified-image-grid\/timthumb.php?src=https%3A%2F%2Falpine-comfort.com%2Fwp-content%2Fuploads%2F2013%2F04%2Fdecor_new1.jpg&amp;h=190&amp;q=90&amp;f=.jpg\" alt=\"decor_new1\" width=\"285\" height=\"190\" \/><\/a><p class=\"jig-HTMLdescription\">decor_new1<\/p><\/li><\/ul><\/noscript><\/div>\n","protected":false},"excerpt":{"rendered":"","protected":false},"author":1,"featured_media":0,"parent":0,"menu_order":100,"comment_status":"open","ping_status":"open","template":"side-navigation.php","meta":{"footnotes":""},"class_list":["post-4484","page","type-page","status-publish","hentry"],"yoast_head":"<!-- This site is optimized with the Yoast SEO plugin v27.3 - https:\/\/yoast.com\/product\/yoast-seo-wordpress\/ -->\n<title>Chalet Cygnet de luxe, Photos | Alpine Comfort 4 Vall\u00e9es<\/title>\n<meta name=\"description\" content=\"Nous esp\u00e9rons que vous aimez nos photos et que nous pouvons vous accueillir bient\u00f4t. Nos chambres ne sont pas les plus grandes, service est g\u00e9nial!\" \/>\n<meta name=\"robots\" content=\"index, follow, max-snippet:-1, max-image-preview:large, max-video-preview:-1\" \/>\n<link rel=\"canonical\" href=\"https:\/\/alpine-comfort.com\/fr\/photos\/\" \/>\n<meta property=\"og:locale\" content=\"fr_FR\" \/>\n<meta property=\"og:type\" content=\"article\" \/>\n<meta property=\"og:title\" content=\"Chalet Cygnet de luxe, Photos | Alpine Comfort 4 Vall\u00e9es\" \/>\n<meta property=\"og:description\" content=\"Nous esp\u00e9rons que vous aimez nos photos et que nous pouvons vous accueillir bient\u00f4t. Nos chambres ne sont pas les plus grandes, service est g\u00e9nial!\" \/>\n<meta property=\"og:url\" content=\"https:\/\/alpine-comfort.com\/fr\/photos\/\" \/>\n<meta property=\"og:site_name\" content=\"Alpine Comfort\" \/>\n<meta property=\"article:modified_time\" content=\"2017-06-05T14:23:08+00:00\" \/>\n<meta property=\"og:image\" content=\"http:\/\/skiplazyload\" \/>\n<script type=\"application\/ld+json\" class=\"yoast-schema-graph\">{\"@context\":\"https:\\\/\\\/schema.org\",\"@graph\":[{\"@type\":\"WebPage\",\"@id\":\"https:\\\/\\\/alpine-comfort.com\\\/fr\\\/photos\\\/\",\"url\":\"https:\\\/\\\/alpine-comfort.com\\\/fr\\\/photos\\\/\",\"name\":\"Chalet Cygnet de luxe, Photos | Alpine Comfort 4 Vall\u00e9es\",\"isPartOf\":{\"@id\":\"https:\\\/\\\/alpine-comfort.com\\\/#website\"},\"datePublished\":\"2013-04-20T07:36:10+00:00\",\"dateModified\":\"2017-06-05T14:23:08+00:00\",\"description\":\"Nous esp\u00e9rons que vous aimez nos photos et que nous pouvons vous accueillir bient\u00f4t. Nos chambres ne sont pas les plus grandes, service est g\u00e9nial!\",\"inLanguage\":\"fr-FR\",\"potentialAction\":[{\"@type\":\"ReadAction\",\"target\":[\"https:\\\/\\\/alpine-comfort.com\\\/fr\\\/photos\\\/\"]}]},{\"@type\":\"WebSite\",\"@id\":\"https:\\\/\\\/alpine-comfort.com\\\/#website\",\"url\":\"https:\\\/\\\/alpine-comfort.com\\\/\",\"name\":\"Alpine Comfort\",\"description\":\"Pure Luxury Mountain Accommodation\",\"potentialAction\":[{\"@type\":\"SearchAction\",\"target\":{\"@type\":\"EntryPoint\",\"urlTemplate\":\"https:\\\/\\\/alpine-comfort.com\\\/?s={search_term_string}\"},\"query-input\":{\"@type\":\"PropertyValueSpecification\",\"valueRequired\":true,\"valueName\":\"search_term_string\"}}],\"inLanguage\":\"fr-FR\"}]}<\/script>\n<!-- \/ Yoast SEO plugin. -->","yoast_head_json":{"title":"Chalet Cygnet de luxe, Photos | Alpine Comfort 4 Vall\u00e9es","description":"Nous esp\u00e9rons que vous aimez nos photos et que nous pouvons vous accueillir bient\u00f4t. Nos chambres ne sont pas les plus grandes, service est g\u00e9nial!","robots":{"index":"index","follow":"follow","max-snippet":"max-snippet:-1","max-image-preview":"max-image-preview:large","max-video-preview":"max-video-preview:-1"},"canonical":"https:\/\/alpine-comfort.com\/fr\/photos\/","og_locale":"fr_FR","og_type":"article","og_title":"Chalet Cygnet de luxe, Photos | Alpine Comfort 4 Vall\u00e9es","og_description":"Nous esp\u00e9rons que vous aimez nos photos et que nous pouvons vous accueillir bient\u00f4t. Nos chambres ne sont pas les plus grandes, service est g\u00e9nial!","og_url":"https:\/\/alpine-comfort.com\/fr\/photos\/","og_site_name":"Alpine Comfort","article_modified_time":"2017-06-05T14:23:08+00:00","og_image":[{"url":"skiplazyload","type":"","width":"","height":""}],"schema":{"@context":"https:\/\/schema.org","@graph":[{"@type":"WebPage","@id":"https:\/\/alpine-comfort.com\/fr\/photos\/","url":"https:\/\/alpine-comfort.com\/fr\/photos\/","name":"Chalet Cygnet de luxe, Photos | Alpine Comfort 4 Vall\u00e9es","isPartOf":{"@id":"https:\/\/alpine-comfort.com\/#website"},"datePublished":"2013-04-20T07:36:10+00:00","dateModified":"2017-06-05T14:23:08+00:00","description":"Nous esp\u00e9rons que vous aimez nos photos et que nous pouvons vous accueillir bient\u00f4t. Nos chambres ne sont pas les plus grandes, service est g\u00e9nial!","inLanguage":"fr-FR","potentialAction":[{"@type":"ReadAction","target":["https:\/\/alpine-comfort.com\/fr\/photos\/"]}]},{"@type":"WebSite","@id":"https:\/\/alpine-comfort.com\/#website","url":"https:\/\/alpine-comfort.com\/","name":"Alpine Comfort","description":"Pure Luxury Mountain Accommodation","potentialAction":[{"@type":"SearchAction","target":{"@type":"EntryPoint","urlTemplate":"https:\/\/alpine-comfort.com\/?s={search_term_string}"},"query-input":{"@type":"PropertyValueSpecification","valueRequired":true,"valueName":"search_term_string"}}],"inLanguage":"fr-FR"}]}},"_links":{"self":[{"href":"https:\/\/alpine-comfort.com\/fr\/wp-json\/wp\/v2\/pages\/4484","targetHints":{"allow":["GET"]}}],"collection":[{"href":"https:\/\/alpine-comfort.com\/fr\/wp-json\/wp\/v2\/pages"}],"about":[{"href":"https:\/\/alpine-comfort.com\/fr\/wp-json\/wp\/v2\/types\/page"}],"author":[{"embeddable":true,"href":"https:\/\/alpine-comfort.com\/fr\/wp-json\/wp\/v2\/users\/1"}],"replies":[{"embeddable":true,"href":"https:\/\/alpine-comfort.com\/fr\/wp-json\/wp\/v2\/comments?post=4484"}],"version-history":[{"count":12,"href":"https:\/\/alpine-comfort.com\/fr\/wp-json\/wp\/v2\/pages\/4484\/revisions"}],"predecessor-version":[{"id":10237,"href":"https:\/\/alpine-comfort.com\/fr\/wp-json\/wp\/v2\/pages\/4484\/revisions\/10237"}],"wp:attachment":[{"href":"https:\/\/alpine-comfort.com\/fr\/wp-json\/wp\/v2\/media?parent=4484"}],"curies":[{"name":"wp","href":"https:\/\/api.w.org\/{rel}","templated":true}]}}