{"id":4494,"date":"2013-04-19T19:52:00","date_gmt":"2013-04-19T19:52:00","guid":{"rendered":"http:\/\/www.alpine-comfort.ch\/prices-bookings-2\/"},"modified":"2017-06-05T14:20:29","modified_gmt":"2017-06-05T14:20:29","slug":"prix-reservations","status":"publish","type":"page","link":"https:\/\/alpine-comfort.com\/fr\/prix-reservations\/","title":{"rendered":"Prix &#038; R\u00e9servations"},"content":{"rendered":"<div class=\"fusion-fullwidth fullwidth-box fusion-builder-row-1 hundred-percent-fullwidth non-hundred-percent-height-scrolling\" style=\"--awb-border-radius-top-left:0px;--awb-border-radius-top-right:0px;--awb-border-radius-bottom-right:0px;--awb-border-radius-bottom-left:0px;--awb-overflow:visible;--awb-flex-wrap:wrap;\" ><div class=\"fusion-builder-row fusion-row\"><div class=\"fusion-layout-column fusion_builder_column fusion-builder-column-0 fusion_builder_column_1_1 1_1 fusion-one-full fusion-column-first fusion-column-last fusion-column-no-min-height\" style=\"--awb-bg-size:cover;--awb-margin-bottom:0px;\"><div class=\"fusion-column-wrapper fusion-flex-column-wrapper-legacy\"><div class=\"fusion-title title fusion-title-1 fusion-title-text fusion-title-size-two\" style=\"--awb-margin-top-small:10px;--awb-margin-right-small:0px;--awb-margin-bottom-small:10px;--awb-margin-left-small:0px;\"><h2 class=\"fusion-title-heading title-heading-left\" style=\"margin:0;\">Comment R\u00e9server<\/h2><span class=\"awb-title-spacer\"><\/span><div class=\"title-sep-container\"><div class=\"title-sep sep-double sep-solid\" style=\"border-color:var(--awb-color3);\"><\/div><\/div><\/div>\n<p>Nous vous remercions de bien vouloir nous t\u00e9l\u00e9phoner au +41 (0) 27 288 22 12 ou de nous contacter par email au<a href=\"mailto:info@alpine-comfort.com\">info@alpine-comfort.com<\/a>\u00a0: nous serons ravis de vous conseiller sur vos besoins lors de votre s\u00e9jour.<\/p>\n<p>Si vous le pr\u00e9f\u00e9rez, vous pouvez remplir notre formulaire de demande de renseignements concernant votre s\u00e9jour et nous vous contacterons soit par t\u00e9l\u00e9phone soit par e-mail selon votre pr\u00e9f\u00e9rence.<\/p>\n<p>Nous pourrons fournir des renseignements sur la disponibilit\u00e9 du chalet, \u00e9tudier avec vous les besoins particuliers que vous pourrez avoir durant votre s\u00e9jour et vous communiquer un devis personnalis\u00e9 et d\u00e9taill\u00e9 sur votre semaine parmi nous. Veuillez noter que le chalet peut loger un maximum de huit personnes plus un enfant en bas \u00e2ge dormant dans un lit b\u00e9b\u00e9 et dans la m\u00eame chambre que ses parents ou la personne l&rsquo;accompagnant.<\/p>\n<p><strong>R\u00c9SERVATIONS PR\u00c9ALABLES<\/strong><br \/>\nIl est possible d&rsquo;effectuer une r\u00e9servation pr\u00e9alable n&rsquo;entra\u00eenant aucun frais de votre part. Pour vous donner le temps de confirmer avec les autres membres de votre groupe les renseignements que vous nous aurez fournis, votre r\u00e9servation pr\u00e9alable vous permet d&rsquo;\u00eatre la premi\u00e8re option sur le chalet pendant trois jours. Si entre-temps vous ne confirmez pas la r\u00e9servation, cette option expirera et le chalet sera de nouveau disponible. Toutefois, une fois le d\u00e9lai atteint et s\u2019il n\u2019y a pas d&rsquo;autre demande aux dates choisies, nous pourrons si vous le souhaitez prolonger le d\u00e9lai de validit\u00e9 de cette option.<\/p>\n<p><strong>POUR GARANTIR VOTRE R\u00c9SERVATION<\/strong><br \/>\nSi vous \u00eates pr\u00eat \u00e0 confirmer la r\u00e9servation, nous vous enverrons le formulaire de r\u00e9servation. Apr\u00e8s avoir lu et approuv\u00e9 nos conditions de r\u00e9servation, il vous suffira de signer votre accord de r\u00e9servation du chalet et de nous le retourner accompagn\u00e9 de la caution non remboursable de Chf 300.- n\u00e9cessaire pour chaque personne. En p\u00e9riode estivale, une caution de 50 % non remboursable est requise pour des r\u00e9servations de moins d\u2019une semaine afin de garantir vos r\u00e9servations.<br \/>\nDans le cas o\u00f9 le papier sign\u00e9 nous est envoy\u00e9 sans paiement ou sans preuve de virement bancaire, les coordonn\u00e9es de votre carte de d\u00e9bit\/cr\u00e9dit devront alors \u00eatre not\u00e9s sur l\u2019accord sign\u00e9 du prix du s\u00e9jour dans le chalet de fa\u00e7on que nous puissions continuer de maintenir votre r\u00e9servation. En fournissant ces coordonn\u00e9es, vous confirmez votre accord, dans le cas o\u00f9 nous n\u2019aurions jusqu&rsquo;alors pas re\u00e7u le paiement, autorisant Alpine Comfort \u00e0 d\u00e9biter de votre carte de paiement la somme totale 7 jours apr\u00e8s la r\u00e9ception du de<\/p>\n<div class=\"fusion-clearfix\"><\/div><\/div><\/div><div class=\"fusion-layout-column fusion_builder_column fusion-builder-column-1 fusion_builder_column_1_1 1_1 fusion-one-full fusion-column-first fusion-column-last fusion-column-no-min-height\" style=\"--awb-bg-size:cover;--awb-margin-bottom:0px;\"><div class=\"fusion-column-wrapper fusion-flex-column-wrapper-legacy\"><ul style=\"--awb-line-height:27.2px;--awb-icon-width:27.2px;--awb-icon-height:27.2px;--awb-icon-margin:11.2px;--awb-content-margin:38.4px;--awb-circlecolor:#a0ce4e;--awb-circle-yes-font-size:14.08px;\" class=\"fusion-checklist fusion-checklist-1 fusion-checklist-default type-icons\">\n\n<li class=\"fusion-li-item\" style=\"\"><span class=\"icon-wrapper circle-yes\"><i class=\"fusion-li-icon awb-icon-check\" aria-hidden=\"true\"><\/i><\/span><div class=\"fusion-li-item-content\">Pour votre convenance, le formulaire et les documents peuvent \u00eatre renvoy\u00e9s par fax au +41 (0)27 288 22 12<\/div><\/li>\n<li class=\"fusion-li-item\" style=\"\"><span class=\"icon-wrapper circle-yes\"><i class=\"fusion-li-icon awb-icon-check\" aria-hidden=\"true\"><\/i><\/span><div class=\"fusion-li-item-content\">Le paiement final est requis dans un d\u00e9lai de 56 jours pr\u00e9c\u00e9dant votre d\u00e9part. La totalit\u00e9 du paiement est n\u00e9cessaire si la r\u00e9servation est effectu\u00e9e \u00e0 cette p\u00e9riode.<\/div><\/li>\n\n<\/ul>\n<p><strong>CONFIRMATION<br \/>\n<\/strong>\u00c0 r\u00e9ception de votre devis sign\u00e9 et des paiement n\u00e9cessaires, nous \u00e9mettrons une facture de confirmation. C\u2019est \u00e0 ce stade seulement que votre r\u00e9servation sera confirm\u00e9e, selon nos conditions de r\u00e9servation. Veuillez ne pas r\u00e9server vos billets d&rsquo;avion ou de train avant d&rsquo;avoir re\u00e7u notre confirmation de r\u00e9servation. Nous vous remercions de v\u00e9rifier attentivement votre facture de confirmation et de nous informer, dans un d\u00e9lai de 10 jours, des modifications \u00e9ventuelles \u00e0 apporter \u00e0 cette facture.<\/p>\n<p>PAIEMENT<br \/>\nLe paiement avant votre s\u00e9jour est accept\u00e9 dans la plupart des devises par ch\u00e8que, virement bancaire (net de charges) ou carte de cr\u00e9dit. Nous acceptons les cartes Visa et MasterCard. Tout paiement par carte de cr\u00e9dit entra\u00eene un surco\u00fbt de 3,7 %. Nous n&rsquo;acceptons pas les ch\u00e8ques.<\/p>\n<div class=\"fusion-clearfix\"><\/div><\/div><\/div><div class=\"fusion-layout-column fusion_builder_column fusion-builder-column-2 fusion_builder_column_1_1 1_1 fusion-one-full fusion-column-first fusion-column-last fusion-column-no-min-height\" style=\"--awb-bg-size:cover;--awb-margin-bottom:0px;\"><div class=\"fusion-column-wrapper fusion-flex-column-wrapper-legacy\"><ul style=\"--awb-line-height:27.2px;--awb-icon-width:27.2px;--awb-icon-height:27.2px;--awb-icon-margin:11.2px;--awb-content-margin:38.4px;--awb-circlecolor:#a0ce4e;--awb-circle-yes-font-size:14.08px;\" class=\"fusion-checklist fusion-checklist-2 fusion-checklist-default type-icons\"><\/ul>\n<ul>\n<li>Pour les virements bancaires ou le paiement dans des devises autres que les francs suisses (CHF), veuillez nous contacter pour obtenir nos coordonn\u00e9es bancaires et conna\u00eetre le taux de change en vigueur.<\/li>\n<\/ul>\n<ul style=\"--awb-line-height:27.2px;--awb-icon-width:27.2px;--awb-icon-height:27.2px;--awb-icon-margin:11.2px;--awb-content-margin:38.4px;--awb-circlecolor:#a0ce4e;--awb-circle-yes-font-size:14.08px;\" class=\"fusion-checklist fusion-checklist-3 fusion-checklist-default type-icons\"><\/ul>\n<p>Paiements dans la station. Les paiements en esp\u00e8ces sont accept\u00e9s dans la devise locale uniquement. Les paiements par carte Visa et MasterCard seront trait\u00e9s en francs suisses (CHF) seulement. La grande majorit\u00e9 des services que nous fournissons dans la station vous sont propos\u00e9s \u00e0 prix co\u00fbtant et sans frais de traitement. Un suppl\u00e9ment de 3,7 % est donc pr\u00e9lev\u00e9 sur tous les paiements par carte de cr\u00e9dit dans la station pour couvrir les frais g\u00e9n\u00e9r\u00e9s par les paiements par carte de cr\u00e9dit ou de d\u00e9bit.<br \/>\n<strong><br \/>\nR\u00c9SERVATION PAR L&rsquo;INTERM\u00c9DIAIRE D&rsquo;UNE AGENCE DE VOYAGES\u00a0<\/strong><br \/>\nVeuillez envoyer vos documents sign\u00e9s et accompagn\u00e9s des paiements \u00e0 votre agence de voyages. N&rsquo;h\u00e9sitez pas \u00e0 contacter directement Alpine Comfort pour votre Chalet de luxe R\u00e9servations pour toute information.<div class=\"fusion-clearfix\"><\/div><\/div><\/div><\/div><\/div>\n","protected":false},"excerpt":{"rendered":"","protected":false},"author":1,"featured_media":0,"parent":0,"menu_order":50,"comment_status":"open","ping_status":"open","template":"side-navigation.php","meta":{"footnotes":""},"class_list":["post-4494","page","type-page","status-publish","hentry"],"yoast_head":"<!-- This site is optimized with the Yoast SEO plugin v27.3 - https:\/\/yoast.com\/product\/yoast-seo-wordpress\/ -->\n<title>Chalet de luxe R\u00e9servations | Chalet \/ B &amp; B Location Tarifs<\/title>\n<meta name=\"description\" content=\"N&#039;h\u00e9sitez pas \u00e0 contacter directement Alpine Comfort pour vos r\u00e9servations des Chalets de luxedans les 4 Vall\u00e9es et tout autres information.\" \/>\n<meta name=\"robots\" content=\"index, follow, max-snippet:-1, max-image-preview:large, max-video-preview:-1\" \/>\n<link rel=\"canonical\" href=\"https:\/\/alpine-comfort.com\/fr\/prix-reservations\/\" \/>\n<meta property=\"og:locale\" content=\"fr_FR\" \/>\n<meta property=\"og:type\" content=\"article\" \/>\n<meta property=\"og:title\" content=\"Chalet de luxe R\u00e9servations | Chalet \/ B &amp; B Location Tarifs\" \/>\n<meta property=\"og:description\" content=\"N&#039;h\u00e9sitez pas \u00e0 contacter directement Alpine Comfort pour vos r\u00e9servations des Chalets de luxedans les 4 Vall\u00e9es et tout autres information.\" \/>\n<meta property=\"og:url\" content=\"https:\/\/alpine-comfort.com\/fr\/prix-reservations\/\" \/>\n<meta property=\"og:site_name\" content=\"Alpine Comfort\" \/>\n<meta property=\"article:modified_time\" content=\"2017-06-05T14:20:29+00:00\" \/>\n<meta name=\"twitter:label1\" content=\"Dur\u00e9e de lecture estim\u00e9e\" \/>\n\t<meta name=\"twitter:data1\" content=\"5 minutes\" \/>\n<script type=\"application\/ld+json\" class=\"yoast-schema-graph\">{\"@context\":\"https:\\\/\\\/schema.org\",\"@graph\":[{\"@type\":\"WebPage\",\"@id\":\"https:\\\/\\\/alpine-comfort.com\\\/fr\\\/prix-reservations\\\/\",\"url\":\"https:\\\/\\\/alpine-comfort.com\\\/fr\\\/prix-reservations\\\/\",\"name\":\"Chalet de luxe R\u00e9servations | Chalet \\\/ B & B Location Tarifs\",\"isPartOf\":{\"@id\":\"https:\\\/\\\/alpine-comfort.com\\\/#website\"},\"datePublished\":\"2013-04-19T19:52:00+00:00\",\"dateModified\":\"2017-06-05T14:20:29+00:00\",\"description\":\"N'h\u00e9sitez pas \u00e0 contacter directement Alpine Comfort pour vos r\u00e9servations des Chalets de luxedans les 4 Vall\u00e9es et tout autres information.\",\"inLanguage\":\"fr-FR\",\"potentialAction\":[{\"@type\":\"ReadAction\",\"target\":[\"https:\\\/\\\/alpine-comfort.com\\\/fr\\\/prix-reservations\\\/\"]}]},{\"@type\":\"WebSite\",\"@id\":\"https:\\\/\\\/alpine-comfort.com\\\/#website\",\"url\":\"https:\\\/\\\/alpine-comfort.com\\\/\",\"name\":\"Alpine Comfort\",\"description\":\"Pure Luxury Mountain Accommodation\",\"potentialAction\":[{\"@type\":\"SearchAction\",\"target\":{\"@type\":\"EntryPoint\",\"urlTemplate\":\"https:\\\/\\\/alpine-comfort.com\\\/?s={search_term_string}\"},\"query-input\":{\"@type\":\"PropertyValueSpecification\",\"valueRequired\":true,\"valueName\":\"search_term_string\"}}],\"inLanguage\":\"fr-FR\"}]}<\/script>\n<!-- \/ Yoast SEO plugin. -->","yoast_head_json":{"title":"Chalet de luxe R\u00e9servations | Chalet \/ B & B Location Tarifs","description":"N'h\u00e9sitez pas \u00e0 contacter directement Alpine Comfort pour vos r\u00e9servations des Chalets de luxedans les 4 Vall\u00e9es et tout autres information.","robots":{"index":"index","follow":"follow","max-snippet":"max-snippet:-1","max-image-preview":"max-image-preview:large","max-video-preview":"max-video-preview:-1"},"canonical":"https:\/\/alpine-comfort.com\/fr\/prix-reservations\/","og_locale":"fr_FR","og_type":"article","og_title":"Chalet de luxe R\u00e9servations | Chalet \/ B & B Location Tarifs","og_description":"N'h\u00e9sitez pas \u00e0 contacter directement Alpine Comfort pour vos r\u00e9servations des Chalets de luxedans les 4 Vall\u00e9es et tout autres information.","og_url":"https:\/\/alpine-comfort.com\/fr\/prix-reservations\/","og_site_name":"Alpine Comfort","article_modified_time":"2017-06-05T14:20:29+00:00","twitter_misc":{"Dur\u00e9e de lecture estim\u00e9e":"5 minutes"},"schema":{"@context":"https:\/\/schema.org","@graph":[{"@type":"WebPage","@id":"https:\/\/alpine-comfort.com\/fr\/prix-reservations\/","url":"https:\/\/alpine-comfort.com\/fr\/prix-reservations\/","name":"Chalet de luxe R\u00e9servations | Chalet \/ B & B Location Tarifs","isPartOf":{"@id":"https:\/\/alpine-comfort.com\/#website"},"datePublished":"2013-04-19T19:52:00+00:00","dateModified":"2017-06-05T14:20:29+00:00","description":"N'h\u00e9sitez pas \u00e0 contacter directement Alpine Comfort pour vos r\u00e9servations des Chalets de luxedans les 4 Vall\u00e9es et tout autres information.","inLanguage":"fr-FR","potentialAction":[{"@type":"ReadAction","target":["https:\/\/alpine-comfort.com\/fr\/prix-reservations\/"]}]},{"@type":"WebSite","@id":"https:\/\/alpine-comfort.com\/#website","url":"https:\/\/alpine-comfort.com\/","name":"Alpine Comfort","description":"Pure Luxury Mountain Accommodation","potentialAction":[{"@type":"SearchAction","target":{"@type":"EntryPoint","urlTemplate":"https:\/\/alpine-comfort.com\/?s={search_term_string}"},"query-input":{"@type":"PropertyValueSpecification","valueRequired":true,"valueName":"search_term_string"}}],"inLanguage":"fr-FR"}]}},"_links":{"self":[{"href":"https:\/\/alpine-comfort.com\/fr\/wp-json\/wp\/v2\/pages\/4494","targetHints":{"allow":["GET"]}}],"collection":[{"href":"https:\/\/alpine-comfort.com\/fr\/wp-json\/wp\/v2\/pages"}],"about":[{"href":"https:\/\/alpine-comfort.com\/fr\/wp-json\/wp\/v2\/types\/page"}],"author":[{"embeddable":true,"href":"https:\/\/alpine-comfort.com\/fr\/wp-json\/wp\/v2\/users\/1"}],"replies":[{"embeddable":true,"href":"https:\/\/alpine-comfort.com\/fr\/wp-json\/wp\/v2\/comments?post=4494"}],"version-history":[{"count":6,"href":"https:\/\/alpine-comfort.com\/fr\/wp-json\/wp\/v2\/pages\/4494\/revisions"}],"predecessor-version":[{"id":12001,"href":"https:\/\/alpine-comfort.com\/fr\/wp-json\/wp\/v2\/pages\/4494\/revisions\/12001"}],"wp:attachment":[{"href":"https:\/\/alpine-comfort.com\/fr\/wp-json\/wp\/v2\/media?parent=4494"}],"curies":[{"name":"wp","href":"https:\/\/api.w.org\/{rel}","templated":true}]}}