{"id":4506,"date":"2013-04-17T06:10:22","date_gmt":"2013-04-17T06:10:22","guid":{"rendered":"http:\/\/www.alpine-comfort.ch\/ski-lessons-hire\/"},"modified":"2017-04-17T06:22:11","modified_gmt":"2017-04-17T06:22:11","slug":"4-vallees-lecons-de-ski","status":"publish","type":"page","link":"https:\/\/alpine-comfort.com\/fr\/4-vallees\/4-vallees-lecons-de-ski\/","title":{"rendered":"Le\u00e7ons \/ Location de ski"},"content":{"rendered":"<div class=\"fusion-fullwidth fullwidth-box fusion-builder-row-1 hundred-percent-fullwidth non-hundred-percent-height-scrolling\" style=\"--awb-border-radius-top-left:0px;--awb-border-radius-top-right:0px;--awb-border-radius-bottom-right:0px;--awb-border-radius-bottom-left:0px;--awb-overflow:visible;--awb-flex-wrap:wrap;\" ><div class=\"fusion-builder-row fusion-row\"><div class=\"fusion-layout-column fusion_builder_column fusion-builder-column-0 fusion_builder_column_1_1 1_1 fusion-one-full fusion-column-first fusion-column-last fusion-column-no-min-height\" style=\"--awb-bg-size:cover;--awb-margin-bottom:0px;\"><div class=\"fusion-column-wrapper fusion-flex-column-wrapper-legacy\"><div class=\"fusion-title title fusion-title-1 fusion-title-text fusion-title-size-two\" style=\"--awb-margin-top-small:10px;--awb-margin-right-small:0px;--awb-margin-bottom-small:10px;--awb-margin-left-small:0px;\"><h2 class=\"fusion-title-heading title-heading-left\" style=\"margin:0;\">4 Vall\u00e9es le\u00e7ons de ski et location<\/h2><span class=\"awb-title-spacer\"><\/span><div class=\"title-sep-container\"><div class=\"title-sep sep-double sep-solid\" style=\"border-color:var(--awb-color3);\"><\/div><\/div><\/div>\n<p>Nous entretenons d&rsquo;excellentes relations avec l&rsquo;\u00e9cole de ski locale et l&rsquo;espace \u00e9quipements. Des instructeurs et des guides passionn\u00e9s et tr\u00e8s professionnels s&rsquo;assureront que vous tiriez le maximum de vos le\u00e7ons ou de votre journ\u00e9e de ski accompagn\u00e9 d&rsquo;un guide. Votre satisfaction est essentielle pour nous.<\/p>\n<div class=\"fusion-clearfix\"><\/div><\/div><\/div><div class=\"fusion-layout-column fusion_builder_column fusion-builder-column-1 fusion_builder_column_1_1 1_1 fusion-one-full fusion-column-first fusion-column-last fusion-column-no-min-height\" style=\"--awb-bg-size:cover;--awb-margin-bottom:0px;\"><div class=\"fusion-column-wrapper fusion-flex-column-wrapper-legacy\"><ul style=\"--awb-line-height:27.2px;--awb-icon-width:27.2px;--awb-icon-height:27.2px;--awb-icon-margin:11.2px;--awb-content-margin:38.4px;--awb-circlecolor:#a0ce4e;--awb-circle-yes-font-size:14.08px;\" class=\"fusion-checklist fusion-checklist-1 fusion-checklist-default type-icons\">\n\n<li class=\"fusion-li-item\" style=\"\"><span class=\"icon-wrapper circle-yes\"><i class=\"fusion-li-icon awb-icon-check\" aria-hidden=\"true\"><\/i><\/span><div class=\"fusion-li-item-content\"><strong>\u00c9quipements&#8230;\u00a0<\/strong>Tous vos \u00e9quipements peuvent \u00eatre command\u00e9s et pay\u00e9s \u00e0 l&rsquo;avance, vous permettant ainsi de bien profiter de votre premier jour \u00e0 Nendaz, sans avoir \u00e0 vous soucier de quoi que ce soit. La fourchette de prix varie beaucoup selon le type d&rsquo;\u00e9quipement dont vous avez besoin. Attendez-vous \u00e0 payer environ Chf 300.-\u00a0 par semaine pour un \u00e9quipement complet. Veuillez noter que le co\u00fbt de l&rsquo;\u00e9quipement technique le plus r\u00e9cent sera plus \u00e9lev\u00e9.<br \/>\nNous serons heureux de vous accompagner aux espaces de location d&rsquo;\u00e9quipement de ski les plus recommand\u00e9es apr\u00e8s votre arriv\u00e9e. Vous pourrez ainsi avoir une bonne id\u00e9e de la grande vari\u00e9t\u00e9 d&rsquo;\u00e9quipements qui vous est propos\u00e9e. Si vous savez d\u00e9j\u00e0 pr\u00e9cis\u00e9ment celui que vous souhaitez louer, nous nous ferons un plaisir de le r\u00e9server pour vous \u00e0 l&rsquo;avance. \u00c0 la fin de votre s\u00e9jour, vous pourrez tout simplement laisser l&rsquo;\u00e9quipement lou\u00e9 au Chalet Cygnet : nous nous chargerons de les rapporter.<strong><br \/>\n<\/strong><\/div><\/li>\n<li class=\"fusion-li-item\" style=\"\"><span class=\"icon-wrapper circle-yes\"><i class=\"fusion-li-icon awb-icon-check\" aria-hidden=\"true\"><\/i><\/span><div class=\"fusion-li-item-content\"><strong>\u00c9cole de ski&#8230;\u00a0<\/strong>Nous vous recommandons vivement de r\u00e9server \u00e0 l&rsquo;avance toutes les 4 Vall\u00e9es le\u00e7ons de ski et les guides de montagne avec lesquels vous souhaitez \u00eatre accompagn\u00e9s. Faites-nous juste part de vos v\u0153ux et nous ferons de notre mieux pour les organiser \u00e0 l&rsquo;\u00e9cole locale de ski.<\/div><\/li>\n\n<\/ul>\n<p><strong>Veuillez nous contacter pour tout renseignement suppl\u00e9mentaire sur les r\u00e9servations \u00e0 l&rsquo;\u00e9cole de ski et de location d&rsquo;\u00e9quipements. Si vous effectuez vos r\u00e9servations par notre interm\u00e9diaire, nous pouvons vous garantir une r\u00e9duction de 15% sur le tarif.<\/strong><div class=\"fusion-clearfix\"><\/div><\/div><\/div><\/div><\/div>\n","protected":false},"excerpt":{"rendered":"","protected":false},"author":1,"featured_media":0,"parent":9657,"menu_order":30,"comment_status":"open","ping_status":"closed","template":"side-navigation.php","meta":{"footnotes":""},"class_list":["post-4506","page","type-page","status-publish","hentry"],"yoast_head":"<!-- This site is optimized with the Yoast SEO plugin v27.3 - https:\/\/yoast.com\/product\/yoast-seo-wordpress\/ -->\n<title>4 Vall\u00e9es Le\u00e7ons de ski | Mat\u00e9riel de ski Nendaz, Verbier, Suisse<\/title>\n<meta name=\"description\" content=\"Nous vous recommandons vivement de r\u00e9server \u00e0 l&#039;avance toutes les 4 Vall\u00e9es le\u00e7ons de ski et les mat\u00e9riel de ski ici \u00e0 Nendaz Verbier Suisse\" \/>\n<meta name=\"robots\" content=\"index, follow, max-snippet:-1, max-image-preview:large, max-video-preview:-1\" \/>\n<link rel=\"canonical\" href=\"https:\/\/alpine-comfort.com\/fr\/4-vallees\/4-vallees-lecons-de-ski\/\" \/>\n<meta property=\"og:locale\" content=\"fr_FR\" \/>\n<meta property=\"og:type\" content=\"article\" \/>\n<meta property=\"og:title\" content=\"4 Vall\u00e9es Le\u00e7ons de ski | Mat\u00e9riel de ski Nendaz, Verbier, Suisse\" \/>\n<meta property=\"og:description\" content=\"Nous vous recommandons vivement de r\u00e9server \u00e0 l&#039;avance toutes les 4 Vall\u00e9es le\u00e7ons de ski et les mat\u00e9riel de ski ici \u00e0 Nendaz Verbier Suisse\" \/>\n<meta property=\"og:url\" content=\"https:\/\/alpine-comfort.com\/fr\/4-vallees\/4-vallees-lecons-de-ski\/\" \/>\n<meta property=\"og:site_name\" content=\"Alpine Comfort\" \/>\n<meta property=\"article:modified_time\" content=\"2017-04-17T06:22:11+00:00\" \/>\n<meta name=\"twitter:label1\" content=\"Dur\u00e9e de lecture estim\u00e9e\" \/>\n\t<meta name=\"twitter:data1\" content=\"2 minutes\" \/>\n<script type=\"application\/ld+json\" class=\"yoast-schema-graph\">{\"@context\":\"https:\\\/\\\/schema.org\",\"@graph\":[{\"@type\":\"WebPage\",\"@id\":\"https:\\\/\\\/alpine-comfort.com\\\/fr\\\/4-vallees\\\/4-vallees-lecons-de-ski\\\/\",\"url\":\"https:\\\/\\\/alpine-comfort.com\\\/fr\\\/4-vallees\\\/4-vallees-lecons-de-ski\\\/\",\"name\":\"4 Vall\u00e9es Le\u00e7ons de ski | Mat\u00e9riel de ski Nendaz, Verbier, Suisse\",\"isPartOf\":{\"@id\":\"https:\\\/\\\/alpine-comfort.com\\\/#website\"},\"datePublished\":\"2013-04-17T06:10:22+00:00\",\"dateModified\":\"2017-04-17T06:22:11+00:00\",\"description\":\"Nous vous recommandons vivement de r\u00e9server \u00e0 l'avance toutes les 4 Vall\u00e9es le\u00e7ons de ski et les mat\u00e9riel de ski ici \u00e0 Nendaz Verbier Suisse\",\"breadcrumb\":{\"@id\":\"https:\\\/\\\/alpine-comfort.com\\\/fr\\\/4-vallees\\\/4-vallees-lecons-de-ski\\\/#breadcrumb\"},\"inLanguage\":\"fr-FR\",\"potentialAction\":[{\"@type\":\"ReadAction\",\"target\":[\"https:\\\/\\\/alpine-comfort.com\\\/fr\\\/4-vallees\\\/4-vallees-lecons-de-ski\\\/\"]}]},{\"@type\":\"BreadcrumbList\",\"@id\":\"https:\\\/\\\/alpine-comfort.com\\\/fr\\\/4-vallees\\\/4-vallees-lecons-de-ski\\\/#breadcrumb\",\"itemListElement\":[{\"@type\":\"ListItem\",\"position\":1,\"name\":\"4 Vall\u00e9es\",\"item\":\"https:\\\/\\\/alpine-comfort.com\\\/fr\\\/4-vallees\\\/\"},{\"@type\":\"ListItem\",\"position\":2,\"name\":\"Le\u00e7ons \\\/ Location de ski\"}]},{\"@type\":\"WebSite\",\"@id\":\"https:\\\/\\\/alpine-comfort.com\\\/#website\",\"url\":\"https:\\\/\\\/alpine-comfort.com\\\/\",\"name\":\"Alpine Comfort\",\"description\":\"Pure Luxury Mountain Accommodation\",\"potentialAction\":[{\"@type\":\"SearchAction\",\"target\":{\"@type\":\"EntryPoint\",\"urlTemplate\":\"https:\\\/\\\/alpine-comfort.com\\\/?s={search_term_string}\"},\"query-input\":{\"@type\":\"PropertyValueSpecification\",\"valueRequired\":true,\"valueName\":\"search_term_string\"}}],\"inLanguage\":\"fr-FR\"}]}<\/script>\n<!-- \/ Yoast SEO plugin. -->","yoast_head_json":{"title":"4 Vall\u00e9es Le\u00e7ons de ski | Mat\u00e9riel de ski Nendaz, Verbier, Suisse","description":"Nous vous recommandons vivement de r\u00e9server \u00e0 l'avance toutes les 4 Vall\u00e9es le\u00e7ons de ski et les mat\u00e9riel de ski ici \u00e0 Nendaz Verbier Suisse","robots":{"index":"index","follow":"follow","max-snippet":"max-snippet:-1","max-image-preview":"max-image-preview:large","max-video-preview":"max-video-preview:-1"},"canonical":"https:\/\/alpine-comfort.com\/fr\/4-vallees\/4-vallees-lecons-de-ski\/","og_locale":"fr_FR","og_type":"article","og_title":"4 Vall\u00e9es Le\u00e7ons de ski | Mat\u00e9riel de ski Nendaz, Verbier, Suisse","og_description":"Nous vous recommandons vivement de r\u00e9server \u00e0 l'avance toutes les 4 Vall\u00e9es le\u00e7ons de ski et les mat\u00e9riel de ski ici \u00e0 Nendaz Verbier Suisse","og_url":"https:\/\/alpine-comfort.com\/fr\/4-vallees\/4-vallees-lecons-de-ski\/","og_site_name":"Alpine Comfort","article_modified_time":"2017-04-17T06:22:11+00:00","twitter_misc":{"Dur\u00e9e de lecture estim\u00e9e":"2 minutes"},"schema":{"@context":"https:\/\/schema.org","@graph":[{"@type":"WebPage","@id":"https:\/\/alpine-comfort.com\/fr\/4-vallees\/4-vallees-lecons-de-ski\/","url":"https:\/\/alpine-comfort.com\/fr\/4-vallees\/4-vallees-lecons-de-ski\/","name":"4 Vall\u00e9es Le\u00e7ons de ski | Mat\u00e9riel de ski Nendaz, Verbier, Suisse","isPartOf":{"@id":"https:\/\/alpine-comfort.com\/#website"},"datePublished":"2013-04-17T06:10:22+00:00","dateModified":"2017-04-17T06:22:11+00:00","description":"Nous vous recommandons vivement de r\u00e9server \u00e0 l'avance toutes les 4 Vall\u00e9es le\u00e7ons de ski et les mat\u00e9riel de ski ici \u00e0 Nendaz Verbier Suisse","breadcrumb":{"@id":"https:\/\/alpine-comfort.com\/fr\/4-vallees\/4-vallees-lecons-de-ski\/#breadcrumb"},"inLanguage":"fr-FR","potentialAction":[{"@type":"ReadAction","target":["https:\/\/alpine-comfort.com\/fr\/4-vallees\/4-vallees-lecons-de-ski\/"]}]},{"@type":"BreadcrumbList","@id":"https:\/\/alpine-comfort.com\/fr\/4-vallees\/4-vallees-lecons-de-ski\/#breadcrumb","itemListElement":[{"@type":"ListItem","position":1,"name":"4 Vall\u00e9es","item":"https:\/\/alpine-comfort.com\/fr\/4-vallees\/"},{"@type":"ListItem","position":2,"name":"Le\u00e7ons \/ Location de ski"}]},{"@type":"WebSite","@id":"https:\/\/alpine-comfort.com\/#website","url":"https:\/\/alpine-comfort.com\/","name":"Alpine Comfort","description":"Pure Luxury Mountain Accommodation","potentialAction":[{"@type":"SearchAction","target":{"@type":"EntryPoint","urlTemplate":"https:\/\/alpine-comfort.com\/?s={search_term_string}"},"query-input":{"@type":"PropertyValueSpecification","valueRequired":true,"valueName":"search_term_string"}}],"inLanguage":"fr-FR"}]}},"_links":{"self":[{"href":"https:\/\/alpine-comfort.com\/fr\/wp-json\/wp\/v2\/pages\/4506","targetHints":{"allow":["GET"]}}],"collection":[{"href":"https:\/\/alpine-comfort.com\/fr\/wp-json\/wp\/v2\/pages"}],"about":[{"href":"https:\/\/alpine-comfort.com\/fr\/wp-json\/wp\/v2\/types\/page"}],"author":[{"embeddable":true,"href":"https:\/\/alpine-comfort.com\/fr\/wp-json\/wp\/v2\/users\/1"}],"replies":[{"embeddable":true,"href":"https:\/\/alpine-comfort.com\/fr\/wp-json\/wp\/v2\/comments?post=4506"}],"version-history":[{"count":7,"href":"https:\/\/alpine-comfort.com\/fr\/wp-json\/wp\/v2\/pages\/4506\/revisions"}],"predecessor-version":[{"id":11769,"href":"https:\/\/alpine-comfort.com\/fr\/wp-json\/wp\/v2\/pages\/4506\/revisions\/11769"}],"up":[{"embeddable":true,"href":"https:\/\/alpine-comfort.com\/fr\/wp-json\/wp\/v2\/pages\/9657"}],"wp:attachment":[{"href":"https:\/\/alpine-comfort.com\/fr\/wp-json\/wp\/v2\/media?parent=4506"}],"curies":[{"name":"wp","href":"https:\/\/api.w.org\/{rel}","templated":true}]}}