{"id":4508,"date":"2013-04-17T06:07:10","date_gmt":"2013-04-17T06:07:10","guid":{"rendered":"http:\/\/www.alpine-comfort.ch\/4-valleys-activities\/"},"modified":"2017-04-17T06:22:11","modified_gmt":"2017-04-17T06:22:11","slug":"activites-hivernales","status":"publish","type":"page","link":"https:\/\/alpine-comfort.com\/fr\/4-vallees\/activites-hivernales\/","title":{"rendered":"Activit\u00e9s Hivernales"},"content":{"rendered":"<div class=\"fusion-fullwidth fullwidth-box fusion-builder-row-1 hundred-percent-fullwidth non-hundred-percent-height-scrolling\" style=\"--awb-border-radius-top-left:0px;--awb-border-radius-top-right:0px;--awb-border-radius-bottom-right:0px;--awb-border-radius-bottom-left:0px;--awb-overflow:visible;--awb-flex-wrap:wrap;\" ><div class=\"fusion-builder-row fusion-row\"><div class=\"fusion-layout-column fusion_builder_column fusion-builder-column-0 fusion_builder_column_1_1 1_1 fusion-one-full fusion-column-first fusion-column-last fusion-column-no-min-height\" style=\"--awb-bg-size:cover;--awb-margin-bottom:0px;\"><div class=\"fusion-column-wrapper fusion-flex-column-wrapper-legacy\"><div class=\"fusion-title title fusion-title-1 fusion-title-text fusion-title-size-two\" style=\"--awb-margin-top-small:10px;--awb-margin-right-small:0px;--awb-margin-bottom-small:10px;--awb-margin-left-small:0px;\"><h2 class=\"fusion-title-heading title-heading-left\" style=\"margin:0;\">4 Vall\u00e9es activit\u00e9s &#8211; Vivez la Neige!<\/h2><span class=\"awb-title-spacer\"><\/span><div class=\"title-sep-container\"><div class=\"title-sep sep-double sep-solid\" style=\"border-color:var(--awb-color3);\"><\/div><\/div><\/div>\n<div class=\"fusion-clearfix\"><\/div><\/div><\/div><div class=\"fusion-layout-column fusion_builder_column fusion-builder-column-1 fusion_builder_column_1_1 1_1 fusion-one-full fusion-column-first fusion-column-last fusion-column-no-min-height\" style=\"--awb-bg-size:cover;--awb-margin-bottom:0px;\"><div class=\"fusion-column-wrapper fusion-flex-column-wrapper-legacy\"><div class=\"fusion-title title fusion-title-2 fusion-title-text fusion-title-size-three\" style=\"--awb-margin-top-small:10px;--awb-margin-right-small:0px;--awb-margin-bottom-small:10px;--awb-margin-left-small:0px;\"><h3 class=\"fusion-title-heading title-heading-left\" style=\"margin:0;\">Skiing and Snowboarding<\/h3><span class=\"awb-title-spacer\"><\/span><div class=\"title-sep-container\"><div class=\"title-sep sep-double sep-solid\" style=\"border-color:var(--awb-color3);\"><\/div><\/div><\/div>\nLe Mont-Fort est le symbole du point culminant du domaine des 4 vall\u00e9es. Les conditions skiables y sont toujours excellentes. Il existe deux niveaux de forfaits Remont\u00e9es m\u00e9caniques: l&rsquo;un couvre la r\u00e9gion de Printze qui inclut Nendaz, Siviez, Thyon et Veysonnaz; l&rsquo;autre, le forfait 4 Vall\u00e9es, est n\u00e9cessaire pour utiliser le t\u00e9l\u00e9ph\u00e9rique du Mont-Fort et pour skier \u00e0 Verbier. Il est de plus chaque jour possible de passer du niveau forfait Printze \u00e0 celui des 4 Vall\u00e9es.<br \/>\n<a title=\"ski\" href=\"http:\/\/www.nendaz.ch\/tourisme\/alpin-1080.html\" target=\"_blank\">Domaine Skiable<\/a>\u00a0&amp;\u00a0<a href=\"http:\/\/www.nendaz.ch\/tourisme\/tarifs-remontees-mecaniques.html\" target=\"_blank\">Tarifs<\/a><\/p>\n<div class=\"fusion-clearfix\"><\/div><\/div><\/div><div class=\"fusion-layout-column fusion_builder_column fusion-builder-column-2 fusion_builder_column_1_1 1_1 fusion-one-full fusion-column-first fusion-column-last fusion-column-no-min-height\" style=\"--awb-bg-size:cover;--awb-margin-bottom:0px;\"><div class=\"fusion-column-wrapper fusion-flex-column-wrapper-legacy\"><div class=\"fusion-title title fusion-title-3 fusion-title-text fusion-title-size-three\" style=\"--awb-margin-top-small:10px;--awb-margin-right-small:0px;--awb-margin-bottom-small:10px;--awb-margin-left-small:0px;\"><h3 class=\"fusion-title-heading title-heading-left\" style=\"margin:0;\">Freeriders<\/h3><span class=\"awb-title-spacer\"><\/span><div class=\"title-sep-container\"><div class=\"title-sep sep-double sep-solid\" style=\"border-color:var(--awb-color3);\"><\/div><\/div><\/div>\nLes freeriders en qu\u00eate de libert\u00e9, de nature intacte et de poudreuse pourront eux aussi y trouver ce qu&rsquo;ils recherchent. Une excellence 4 Vall\u00e9es activit\u00e9s.<br \/>\n<a title=\"Freeride\" href=\"http:\/\/www.nendaz.ch\/tourisme\/freeride-1089.html\" target=\"_blank\">Information sur le Freeride<\/a><a href=\"http:\/\/www.nendaz.ch\/tourisme\/freeride.html\" target=\"_blank\"><br \/>\n<\/a><div class=\"fusion-clearfix\"><\/div><\/div><\/div><div class=\"fusion-layout-column fusion_builder_column fusion-builder-column-3 fusion_builder_column_1_1 1_1 fusion-one-full fusion-column-first fusion-column-last fusion-column-no-min-height\" style=\"--awb-bg-size:cover;--awb-margin-bottom:0px;\"><div class=\"fusion-column-wrapper fusion-flex-column-wrapper-legacy\"><div class=\"fusion-title title fusion-title-4 fusion-title-text fusion-title-size-three\" style=\"--awb-margin-top-small:10px;--awb-margin-right-small:0px;--awb-margin-bottom-small:10px;--awb-margin-left-small:0px;\"><h3 class=\"fusion-title-heading title-heading-left\" style=\"margin:0;\">Freestyle et Parks<\/h3><span class=\"awb-title-spacer\"><\/span><div class=\"title-sep-container\"><div class=\"title-sep sep-double sep-solid\" style=\"border-color:var(--awb-color3);\"><\/div><\/div><\/div>\nLe Nendaz Snowpark vous offre diff\u00e9rents kickers, rails et box&#8230; Deux parks de niveau diff\u00e9rent. Pour les d\u00e9butants essayer vos bases sur un park d\u00e9di\u00e9 \u00e0 la d\u00e9couverte du freestyle : Le Burton Progression Park. Unique en Suisse et une exclusivit\u00e9 europ\u00e9enne pour Nendaz!<br \/>\nPour ce qui sont plus advanced,\u00a0 sur la piste de la Jean-Pierre vous attend le Wood Park. le tout nouveau concept de park et ses nouveaux modules uniques et originaux construits en bois vous attendent. Let\u2019s ride natural!<br \/>\n<a title=\"Freestyle\" href=\"http:\/\/www.nendaz.ch\/tourisme\/freestyle-1088.html\" target=\"_blank\">Freestyle parks &amp; Ev\u00e9nements<\/a><\/p>\n<div class=\"fusion-clearfix\"><\/div><\/div><\/div><div class=\"fusion-layout-column fusion_builder_column fusion-builder-column-4 fusion_builder_column_1_1 1_1 fusion-one-full fusion-column-first fusion-column-last fusion-column-no-min-height\" style=\"--awb-bg-size:cover;--awb-margin-bottom:0px;\"><div class=\"fusion-column-wrapper fusion-flex-column-wrapper-legacy\"><div class=\"fusion-title title fusion-title-5 fusion-title-text fusion-title-size-three\" style=\"--awb-margin-top-small:10px;--awb-margin-right-small:0px;--awb-margin-bottom-small:10px;--awb-margin-left-small:0px;\"><h3 class=\"fusion-title-heading title-heading-left\" style=\"margin:0;\">Ski de randonn\u00e9e &amp; Raquette<\/h3><span class=\"awb-title-spacer\"><\/span><div class=\"title-sep-container\"><div class=\"title-sep sep-double sep-solid\" style=\"border-color:var(--awb-color3);\"><\/div><\/div><\/div>\nUne exp\u00e9rience unique est de d\u00e9couvrir les merveilles d&rsquo;hiver \u00e0 pied. Chemins d\u00e9di\u00e9s et marqu\u00e9 va vous guider \u00e0 travers les bois et le long des paysages magnifique.<br \/>\n<a title=\"randonnees\" href=\"http:\/\/www.nendaz.ch\/tourisme\/randonnees-hivernales-517.html\" target=\"_blank\">Les randonn\u00e9es<\/a><br \/>\nLes guides de montagne pour certains circuits les plus avanc\u00e9es disponibles sur demande. R\u00e9servez t\u00f4t essentielles pendant les haute-semaines.<br \/>\nGuides de montagne professionnels\u00a0 <a title=\"Guide valais\" href=\"http:\/\/www.en-montagne.ch\/\" target=\"_blank\">\u00a0\u00bb en montagne\u00a0\u00bb<\/a>\u00a0 et <a title=\"Guide valais\" href=\"http:\/\/www.guidesvalais.com\/\" target=\"_blank\">\u00ab\u00a0Guides Valais\u00a0\u00bb<\/a><\/p>\n<div class=\"fusion-clearfix\"><\/div><\/div><\/div><div class=\"fusion-layout-column fusion_builder_column fusion-builder-column-5 fusion_builder_column_1_1 1_1 fusion-one-full fusion-column-first fusion-column-last fusion-column-no-min-height\" style=\"--awb-bg-size:cover;--awb-margin-bottom:0px;\"><div class=\"fusion-column-wrapper fusion-flex-column-wrapper-legacy\"><div class=\"fusion-title title fusion-title-6 fusion-title-text fusion-title-size-three\" style=\"--awb-margin-top-small:10px;--awb-margin-right-small:0px;--awb-margin-bottom-small:10px;--awb-margin-left-small:0px;\"><h3 class=\"fusion-title-heading title-heading-left\" style=\"margin:0;\">Luge<\/h3><span class=\"awb-title-spacer\"><\/span><div class=\"title-sep-container\"><div class=\"title-sep sep-double sep-solid\" style=\"border-color:var(--awb-color3);\"><\/div><\/div><\/div>\nProbl\u00e8mes un des plus dr\u00f4le activit\u00e9s pour tout les \u00e2ges.<br \/>\nAm\u00e9nag\u00e9e \u00e0 l&rsquo;\u00e9cart de la zone d\u00e9volue au ski, la piste de luge de Tortin, longue de plus de 3km, offre une glissade d\u00e9lirante adapt\u00e9e aux grands comme aux petits. Plaisir en famille garantis tout au long de la saison ! Nous avons des luges \u00e0 disponibilit\u00e9 au chalet.<br \/>\n<a title=\"luge\" href=\"http:\/\/www.nendaz.ch\/tourisme\/glisse-3500.html\" target=\"_blank\">Location &amp; Plus d&rsquo;Informations<\/a><\/p>\n<div class=\"fusion-clearfix\"><\/div><\/div><\/div><div class=\"fusion-layout-column fusion_builder_column fusion-builder-column-6 fusion_builder_column_1_1 1_1 fusion-one-full fusion-column-first fusion-column-last fusion-column-no-min-height\" style=\"--awb-bg-size:cover;--awb-margin-bottom:0px;\"><div class=\"fusion-column-wrapper fusion-flex-column-wrapper-legacy\"><div class=\"fusion-title title fusion-title-7 fusion-title-text fusion-title-size-three\" style=\"--awb-margin-top-small:10px;--awb-margin-right-small:0px;--awb-margin-bottom-small:10px;--awb-margin-left-small:0px;\"><h3 class=\"fusion-title-heading title-heading-left\" style=\"margin:0;\">Enfant et Snowtubing<\/h3><span class=\"awb-title-spacer\"><\/span><div class=\"title-sep-container\"><div class=\"title-sep sep-double sep-solid\" style=\"border-color:var(--awb-color3);\"><\/div><\/div><\/div>\nNendaz d\u00e9ploie le tapis blanc pour les enfants: Un grand nombre d&rsquo;activit\u00e9s comme Snowtubing, caruselle de neige, et le tapi magique vous attendent, vous et vos enfants gratuitement.<br \/>\n<a title=\"tubing\" href=\"http:\/\/www.nendaz.ch\/tourisme\/snowtubing-1091.html\" target=\"_blank\">Infrastructures pour Enfants<\/a><\/p>\n<div class=\"fusion-clearfix\"><\/div><\/div><\/div><div class=\"fusion-layout-column fusion_builder_column fusion-builder-column-7 fusion_builder_column_1_1 1_1 fusion-one-full fusion-column-first fusion-column-last fusion-column-no-min-height\" style=\"--awb-bg-size:cover;--awb-margin-bottom:0px;\"><div class=\"fusion-column-wrapper fusion-flex-column-wrapper-legacy\"><div class=\"fusion-title title fusion-title-8 fusion-title-text fusion-title-size-three\" style=\"--awb-margin-top-small:10px;--awb-margin-right-small:0px;--awb-margin-bottom-small:10px;--awb-margin-left-small:0px;\"><h3 class=\"fusion-title-heading title-heading-left\" style=\"margin:0;\">Ski de fond<\/h3><span class=\"awb-title-spacer\"><\/span><div class=\"title-sep-container\"><div class=\"title-sep sep-double sep-solid\" style=\"border-color:var(--awb-color3);\"><\/div><\/div><\/div>\nA Haute-Nendaz, vous trouverez deux parcours empruntant des chemins forestiers: un circuit de 4km pour d\u00e9butants et une boucle de 6km pour fondeurs habitu\u00e9s.<br \/>\nLe r\u00e9seau de ski de fond totalise 10km et est gratuitement mis \u00e0 disposition.<br \/>\n<a title=\"cross country\" href=\"http:\/\/www.nendaz.ch\/tourisme\/fond-1094.html\" target=\"_blank\">Plus d&rsquo;Informations<\/a><div class=\"fusion-clearfix\"><\/div><\/div><\/div><\/div><\/div>\n","protected":false},"excerpt":{"rendered":"","protected":false},"author":1,"featured_media":0,"parent":9657,"menu_order":10,"comment_status":"open","ping_status":"closed","template":"side-navigation.php","meta":{"footnotes":""},"class_list":["post-4508","page","type-page","status-publish","hentry"],"yoast_head":"<!-- This site is optimized with the Yoast SEO plugin v27.3 - https:\/\/yoast.com\/product\/yoast-seo-wordpress\/ -->\n<title>4 Vall\u00e9es Activit\u00e9s de ski | Ski Forfait Nendaz, Verbier, Suisse<\/title>\n<meta name=\"description\" content=\"Freeriders en qu\u00eate de libert\u00e9, de nature intacte et de poudreuse pourront eux aussi y trouver ce qu&#039;ils recherchent. Une excellence 4 Vall\u00e9es activit\u00e9s.\" \/>\n<meta name=\"robots\" content=\"index, follow, max-snippet:-1, max-image-preview:large, max-video-preview:-1\" \/>\n<link rel=\"canonical\" href=\"https:\/\/alpine-comfort.com\/fr\/4-vallees\/activites-hivernales\/\" \/>\n<meta property=\"og:locale\" content=\"fr_FR\" \/>\n<meta property=\"og:type\" content=\"article\" \/>\n<meta property=\"og:title\" content=\"4 Vall\u00e9es Activit\u00e9s de ski | Ski Forfait Nendaz, Verbier, Suisse\" \/>\n<meta property=\"og:description\" content=\"Freeriders en qu\u00eate de libert\u00e9, de nature intacte et de poudreuse pourront eux aussi y trouver ce qu&#039;ils recherchent. Une excellence 4 Vall\u00e9es activit\u00e9s.\" \/>\n<meta property=\"og:url\" content=\"https:\/\/alpine-comfort.com\/fr\/4-vallees\/activites-hivernales\/\" \/>\n<meta property=\"og:site_name\" content=\"Alpine Comfort\" \/>\n<meta property=\"article:modified_time\" content=\"2017-04-17T06:22:11+00:00\" \/>\n<meta name=\"twitter:label1\" content=\"Dur\u00e9e de lecture estim\u00e9e\" \/>\n\t<meta name=\"twitter:data1\" content=\"5 minutes\" \/>\n<script type=\"application\/ld+json\" class=\"yoast-schema-graph\">{\"@context\":\"https:\\\/\\\/schema.org\",\"@graph\":[{\"@type\":\"WebPage\",\"@id\":\"https:\\\/\\\/alpine-comfort.com\\\/fr\\\/4-vallees\\\/activites-hivernales\\\/\",\"url\":\"https:\\\/\\\/alpine-comfort.com\\\/fr\\\/4-vallees\\\/activites-hivernales\\\/\",\"name\":\"4 Vall\u00e9es Activit\u00e9s de ski | Ski Forfait Nendaz, Verbier, Suisse\",\"isPartOf\":{\"@id\":\"https:\\\/\\\/alpine-comfort.com\\\/#website\"},\"datePublished\":\"2013-04-17T06:07:10+00:00\",\"dateModified\":\"2017-04-17T06:22:11+00:00\",\"description\":\"Freeriders en qu\u00eate de libert\u00e9, de nature intacte et de poudreuse pourront eux aussi y trouver ce qu'ils recherchent. Une excellence 4 Vall\u00e9es activit\u00e9s.\",\"breadcrumb\":{\"@id\":\"https:\\\/\\\/alpine-comfort.com\\\/fr\\\/4-vallees\\\/activites-hivernales\\\/#breadcrumb\"},\"inLanguage\":\"fr-FR\",\"potentialAction\":[{\"@type\":\"ReadAction\",\"target\":[\"https:\\\/\\\/alpine-comfort.com\\\/fr\\\/4-vallees\\\/activites-hivernales\\\/\"]}]},{\"@type\":\"BreadcrumbList\",\"@id\":\"https:\\\/\\\/alpine-comfort.com\\\/fr\\\/4-vallees\\\/activites-hivernales\\\/#breadcrumb\",\"itemListElement\":[{\"@type\":\"ListItem\",\"position\":1,\"name\":\"4 Vall\u00e9es\",\"item\":\"https:\\\/\\\/alpine-comfort.com\\\/fr\\\/4-vallees\\\/\"},{\"@type\":\"ListItem\",\"position\":2,\"name\":\"Activit\u00e9s Hivernales\"}]},{\"@type\":\"WebSite\",\"@id\":\"https:\\\/\\\/alpine-comfort.com\\\/#website\",\"url\":\"https:\\\/\\\/alpine-comfort.com\\\/\",\"name\":\"Alpine Comfort\",\"description\":\"Pure Luxury Mountain Accommodation\",\"potentialAction\":[{\"@type\":\"SearchAction\",\"target\":{\"@type\":\"EntryPoint\",\"urlTemplate\":\"https:\\\/\\\/alpine-comfort.com\\\/?s={search_term_string}\"},\"query-input\":{\"@type\":\"PropertyValueSpecification\",\"valueRequired\":true,\"valueName\":\"search_term_string\"}}],\"inLanguage\":\"fr-FR\"}]}<\/script>\n<!-- \/ Yoast SEO plugin. -->","yoast_head_json":{"title":"4 Vall\u00e9es Activit\u00e9s de ski | Ski Forfait Nendaz, Verbier, Suisse","description":"Freeriders en qu\u00eate de libert\u00e9, de nature intacte et de poudreuse pourront eux aussi y trouver ce qu'ils recherchent. Une excellence 4 Vall\u00e9es activit\u00e9s.","robots":{"index":"index","follow":"follow","max-snippet":"max-snippet:-1","max-image-preview":"max-image-preview:large","max-video-preview":"max-video-preview:-1"},"canonical":"https:\/\/alpine-comfort.com\/fr\/4-vallees\/activites-hivernales\/","og_locale":"fr_FR","og_type":"article","og_title":"4 Vall\u00e9es Activit\u00e9s de ski | Ski Forfait Nendaz, Verbier, Suisse","og_description":"Freeriders en qu\u00eate de libert\u00e9, de nature intacte et de poudreuse pourront eux aussi y trouver ce qu'ils recherchent. Une excellence 4 Vall\u00e9es activit\u00e9s.","og_url":"https:\/\/alpine-comfort.com\/fr\/4-vallees\/activites-hivernales\/","og_site_name":"Alpine Comfort","article_modified_time":"2017-04-17T06:22:11+00:00","twitter_misc":{"Dur\u00e9e de lecture estim\u00e9e":"5 minutes"},"schema":{"@context":"https:\/\/schema.org","@graph":[{"@type":"WebPage","@id":"https:\/\/alpine-comfort.com\/fr\/4-vallees\/activites-hivernales\/","url":"https:\/\/alpine-comfort.com\/fr\/4-vallees\/activites-hivernales\/","name":"4 Vall\u00e9es Activit\u00e9s de ski | Ski Forfait Nendaz, Verbier, Suisse","isPartOf":{"@id":"https:\/\/alpine-comfort.com\/#website"},"datePublished":"2013-04-17T06:07:10+00:00","dateModified":"2017-04-17T06:22:11+00:00","description":"Freeriders en qu\u00eate de libert\u00e9, de nature intacte et de poudreuse pourront eux aussi y trouver ce qu'ils recherchent. Une excellence 4 Vall\u00e9es activit\u00e9s.","breadcrumb":{"@id":"https:\/\/alpine-comfort.com\/fr\/4-vallees\/activites-hivernales\/#breadcrumb"},"inLanguage":"fr-FR","potentialAction":[{"@type":"ReadAction","target":["https:\/\/alpine-comfort.com\/fr\/4-vallees\/activites-hivernales\/"]}]},{"@type":"BreadcrumbList","@id":"https:\/\/alpine-comfort.com\/fr\/4-vallees\/activites-hivernales\/#breadcrumb","itemListElement":[{"@type":"ListItem","position":1,"name":"4 Vall\u00e9es","item":"https:\/\/alpine-comfort.com\/fr\/4-vallees\/"},{"@type":"ListItem","position":2,"name":"Activit\u00e9s Hivernales"}]},{"@type":"WebSite","@id":"https:\/\/alpine-comfort.com\/#website","url":"https:\/\/alpine-comfort.com\/","name":"Alpine Comfort","description":"Pure Luxury Mountain Accommodation","potentialAction":[{"@type":"SearchAction","target":{"@type":"EntryPoint","urlTemplate":"https:\/\/alpine-comfort.com\/?s={search_term_string}"},"query-input":{"@type":"PropertyValueSpecification","valueRequired":true,"valueName":"search_term_string"}}],"inLanguage":"fr-FR"}]}},"_links":{"self":[{"href":"https:\/\/alpine-comfort.com\/fr\/wp-json\/wp\/v2\/pages\/4508","targetHints":{"allow":["GET"]}}],"collection":[{"href":"https:\/\/alpine-comfort.com\/fr\/wp-json\/wp\/v2\/pages"}],"about":[{"href":"https:\/\/alpine-comfort.com\/fr\/wp-json\/wp\/v2\/types\/page"}],"author":[{"embeddable":true,"href":"https:\/\/alpine-comfort.com\/fr\/wp-json\/wp\/v2\/users\/1"}],"replies":[{"embeddable":true,"href":"https:\/\/alpine-comfort.com\/fr\/wp-json\/wp\/v2\/comments?post=4508"}],"version-history":[{"count":13,"href":"https:\/\/alpine-comfort.com\/fr\/wp-json\/wp\/v2\/pages\/4508\/revisions"}],"predecessor-version":[{"id":11771,"href":"https:\/\/alpine-comfort.com\/fr\/wp-json\/wp\/v2\/pages\/4508\/revisions\/11771"}],"up":[{"embeddable":true,"href":"https:\/\/alpine-comfort.com\/fr\/wp-json\/wp\/v2\/pages\/9657"}],"wp:attachment":[{"href":"https:\/\/alpine-comfort.com\/fr\/wp-json\/wp\/v2\/media?parent=4508"}],"curies":[{"name":"wp","href":"https:\/\/api.w.org\/{rel}","templated":true}]}}