{"id":9657,"date":"2015-02-24T21:22:36","date_gmt":"2015-02-24T21:22:36","guid":{"rendered":"http:\/\/www.alpine-comfort.com\/4-valleys-2\/"},"modified":"2017-04-17T06:22:10","modified_gmt":"2017-04-17T06:22:10","slug":"4-vallees","status":"publish","type":"page","link":"https:\/\/alpine-comfort.com\/fr\/4-vallees\/","title":{"rendered":"4 Vall\u00e9es"},"content":{"rendered":"<h2>Des vacances d&rsquo;\u00e9t\u00e9 S\u00e9jours \u00e0 Nendaz<\/h2>\n<p>Notre luxe chalet chambre d&rsquo;h\u00f4tes \u00e0 Nendaz est l&rsquo;un des secrets les mieux gard\u00e9s de la Suisse et offre tout ce que vous pourriez attendre de vacances d&rsquo;\u00e9t\u00e9 dans les Alpes suisses. Notre \u00e9tablissement est id\u00e9alement situ\u00e9 entre deux grands station remonter qui fournissent un acc\u00e8s facile \u00e0 toutes les attractions et les activit\u00e9s estivales locales dans les 4 Vall\u00e9es et de la r\u00e9gion Verbier \u00e0 proximit\u00e9.<\/p>\n<p>A Nendaz vous y trouverez des commerces, des bars et des restaurants typiques ainsi que les habitants parmi les plus amicaux que vous pouvez esp\u00e9rer rencontrer.<\/p>\n<p>Lorsque vous vous tiendrez en haut du Mont-Fort, \u00e0 3 330 m d&rsquo;altitude au-dessus de Verbier, vous serez au sommet de l&rsquo;un des meilleurs domaines de ski et de randonn\u00e9e au monde. S&rsquo;\u00e9tendra alors devant vos yeux un splendide panorama sur le Matterhorn, le Grand Combin et le Mont-Blanc qui est le plus haut sommet d&rsquo;Europe et culmine \u00e0 4 807 m.<br \/>\nVous serez dans une des plus belles randonn\u00e9es p\u00e9destres et cyclistes domaines dans le monde. Une vue imprenable sur le Cervin, le Grand Combin et le Mont-Blanc peut \u00eatre vu de plusieurs points de vue \u00e9lev\u00e9es. Il ya de nombreuses activit\u00e9s qui rendront vos vacances d&rsquo;\u00e9t\u00e9 dans les Alpes suisses tout simplement parfait.<\/p>\n<ul>\n<li>Visitez notre page <a title=\"activite ete\" href=\"http:\/\/alpine-comfort.com\/fr\/4-vallees\/activites-estivales\/\">4 Vall\u00e9es activit\u00e9 d\u2019\u00e9t\u00e9<\/a> et laissez-nous savoir si nous pouvons vous assister dans l&rsquo;organisation de vos vacances d\u2019\u00e9t\u00e9.<\/li>\n<li>Vous pouvez \u00e9galement trouver des informations sur le site Internet de <a title=\"nendaz\" href=\"http:\/\/www.nendaz.ch\/?theme=T2\" target=\"_blank\">Nendaz<\/a> .<\/li>\n<li><a title=\"summer photos\" href=\"http:\/\/alpine-comfort.com\/photos\/summer-photos\/\">Photos d&rsquo;\u00e9t\u00e9<\/a><\/li>\n<\/ul>\n<h2>Hiver Vacances au ski \u00e0 Nendaz<\/h2>\n<p>Nendaz est l&rsquo;un des secrets les mieux gard\u00e9s des Alpes pour passer des luxueux vacance de ski. Situ\u00e9 au centre du Verbier (dans la r\u00e9gion de Mont-Fort 4 Vall\u00e9es), Nendaz est l&rsquo;un des sept rares domaines skiables au monde \u00e0 d\u00e9tenir 5 \u00e9toiles d&rsquo;excellence.<\/p>\n<p>Son territoire s&rsquo;\u00e9tend de la plaine du Rh\u00f4ne aux pics enneig\u00e9s de 3 330 m d&rsquo;altitude. Situ\u00e9e sur un plateau \u00e0 1 350 m, la station offre une vue panoramique des Alpes des comt\u00e9s de Berne et de Vaud.<\/p>\n<p>Pleine de charmes, elle pr\u00e9sente tout ce que vous pouvez imaginer d&rsquo;un v\u00e9ritable village de montagne suisse.<br \/>\n\u00c0 la diff\u00e9rence d&rsquo;un grand nombre de stations de ski, Nendaz est toute l&rsquo;ann\u00e9e un village vivant qui accueille en hiver plusieurs championnats du monde de snowboarding et de ski. C&rsquo;est v\u00e9ritablement l&rsquo;aire de jeux id\u00e9als des adultes et de toute la famille.<\/p>\n<p>Le Mont-Fort, \u00e0 3 330 m au-dessus de Verbier, vous serez au sommet de l&rsquo;un des meilleurs domaines de ski et de randonn\u00e9e au monde : une vue spectaculaire du Matterhorn, du Grand Combin et du Mont-Blanc (le plus haut sommet d&rsquo;Europe qui culmine \u00e0 4 807 m) s&rsquo;\u00e9tendra alors devant vous.<\/p>\n<p>&nbsp;<\/p>\n","protected":false},"excerpt":{"rendered":"<p>Des vacances d&rsquo;\u00e9t\u00e9 S\u00e9jours \u00e0 Nendaz Notre luxe chalet chambre d&rsquo;h\u00f4tes \u00e0 Nendaz est l&rsquo;un des secrets les mieux gard\u00e9s de la Suisse et offre tout ce que vous pourriez attendre de vacances d&rsquo;\u00e9t\u00e9 dans les Alpes suisses. Notre \u00e9tablissement est id\u00e9alement situ\u00e9 entre deux grands station remonter qui fournissent un acc\u00e8s facile \u00e0 toutes les attractions et les activit\u00e9s estivales locales dans les 4 Vall\u00e9es et de la r\u00e9gion Verbier \u00e0 proximit\u00e9. A Nendaz vous y trouverez des commerces, des bars et des restaurants typiques ainsi que les habitants parmi les plus amicaux que vous pouvez esp\u00e9rer rencontrer. Lorsque vous vous tiendrez en haut du Mont-Fort, \u00e0 3 330 m d&rsquo;altitude au-dessus de Verbier, vous serez au sommet de l&rsquo;un des meilleurs domaines de ski et de randonn\u00e9e au monde. S&rsquo;\u00e9tendra alors devant vos yeux un splendide panorama sur le Matterhorn, le Grand Combin et le Mont-Blanc qui est le plus haut sommet d&rsquo;Europe et culmine \u00e0 4 807 m. Vous serez dans une des plus belles randonn\u00e9es p\u00e9destres et cyclistes domaines dans le monde. Une vue imprenable sur le Cervin, le Grand Combin et le Mont-Blanc peut \u00eatre vu de plusieurs points de vue \u00e9lev\u00e9es. Il ya de nombreuses activit\u00e9s qui rendront vos vacances d&rsquo;\u00e9t\u00e9 dans les Alpes suisses tout simplement parfait. Visitez notre page 4 Vall\u00e9es activit\u00e9 d\u2019\u00e9t\u00e9 et laissez-nous savoir si nous pouvons vous assister dans l&rsquo;organisation de vos vacances d\u2019\u00e9t\u00e9. Vous pouvez \u00e9galement trouver des informations sur le site Internet de Nendaz . Photos d&rsquo;\u00e9t\u00e9 Hiver Vacances au ski \u00e0 Nendaz Nendaz est l&rsquo;un des secrets les mieux gard\u00e9s des Alpes pour passer des luxueux vacance de ski. Situ\u00e9 au centre du Verbier (dans la r\u00e9gion de Mont-Fort 4 Vall\u00e9es),  [&#8230;]<\/p>\n","protected":false},"author":1,"featured_media":0,"parent":0,"menu_order":0,"comment_status":"open","ping_status":"open","template":"side-navigation.php","meta":{"footnotes":""},"class_list":["post-9657","page","type-page","status-publish","hentry"],"yoast_head":"<!-- This site is optimized with the Yoast SEO plugin v27.3 - https:\/\/yoast.com\/product\/yoast-seo-wordpress\/ -->\n<title>4 Vall\u00e9es - Alpine Comfort<\/title>\n<meta name=\"description\" content=\"Notre luxe chalet chambre d&#039;h\u00f4tes \u00e0 Nendaz - 4 vallees, est l&#039;un des secrets les mieux gard\u00e9s de la Suisse.\" \/>\n<meta name=\"robots\" content=\"index, follow, max-snippet:-1, max-image-preview:large, max-video-preview:-1\" \/>\n<link rel=\"canonical\" href=\"https:\/\/alpine-comfort.com\/fr\/4-vallees\/\" \/>\n<meta property=\"og:locale\" content=\"fr_FR\" \/>\n<meta property=\"og:type\" content=\"article\" \/>\n<meta property=\"og:title\" content=\"4 Vall\u00e9es - Alpine Comfort\" \/>\n<meta property=\"og:description\" content=\"Notre luxe chalet chambre d&#039;h\u00f4tes \u00e0 Nendaz - 4 vallees, est l&#039;un des secrets les mieux gard\u00e9s de la Suisse.\" \/>\n<meta property=\"og:url\" content=\"https:\/\/alpine-comfort.com\/fr\/4-vallees\/\" \/>\n<meta property=\"og:site_name\" content=\"Alpine Comfort\" \/>\n<meta property=\"article:modified_time\" content=\"2017-04-17T06:22:10+00:00\" \/>\n<meta name=\"twitter:label1\" content=\"Dur\u00e9e de lecture estim\u00e9e\" \/>\n\t<meta name=\"twitter:data1\" content=\"2 minutes\" \/>\n<script type=\"application\/ld+json\" class=\"yoast-schema-graph\">{\"@context\":\"https:\\\/\\\/schema.org\",\"@graph\":[{\"@type\":\"WebPage\",\"@id\":\"https:\\\/\\\/alpine-comfort.com\\\/fr\\\/4-vallees\\\/\",\"url\":\"https:\\\/\\\/alpine-comfort.com\\\/fr\\\/4-vallees\\\/\",\"name\":\"4 Vall\u00e9es - Alpine Comfort\",\"isPartOf\":{\"@id\":\"https:\\\/\\\/alpine-comfort.com\\\/#website\"},\"datePublished\":\"2015-02-24T21:22:36+00:00\",\"dateModified\":\"2017-04-17T06:22:10+00:00\",\"description\":\"Notre luxe chalet chambre d'h\u00f4tes \u00e0 Nendaz - 4 vallees, est l'un des secrets les mieux gard\u00e9s de la Suisse.\",\"inLanguage\":\"fr-FR\",\"potentialAction\":[{\"@type\":\"ReadAction\",\"target\":[\"https:\\\/\\\/alpine-comfort.com\\\/fr\\\/4-vallees\\\/\"]}]},{\"@type\":\"WebSite\",\"@id\":\"https:\\\/\\\/alpine-comfort.com\\\/#website\",\"url\":\"https:\\\/\\\/alpine-comfort.com\\\/\",\"name\":\"Alpine Comfort\",\"description\":\"Pure Luxury Mountain Accommodation\",\"potentialAction\":[{\"@type\":\"SearchAction\",\"target\":{\"@type\":\"EntryPoint\",\"urlTemplate\":\"https:\\\/\\\/alpine-comfort.com\\\/?s={search_term_string}\"},\"query-input\":{\"@type\":\"PropertyValueSpecification\",\"valueRequired\":true,\"valueName\":\"search_term_string\"}}],\"inLanguage\":\"fr-FR\"}]}<\/script>\n<!-- \/ Yoast SEO plugin. -->","yoast_head_json":{"title":"4 Vall\u00e9es - Alpine Comfort","description":"Notre luxe chalet chambre d'h\u00f4tes \u00e0 Nendaz - 4 vallees, est l'un des secrets les mieux gard\u00e9s de la Suisse.","robots":{"index":"index","follow":"follow","max-snippet":"max-snippet:-1","max-image-preview":"max-image-preview:large","max-video-preview":"max-video-preview:-1"},"canonical":"https:\/\/alpine-comfort.com\/fr\/4-vallees\/","og_locale":"fr_FR","og_type":"article","og_title":"4 Vall\u00e9es - Alpine Comfort","og_description":"Notre luxe chalet chambre d'h\u00f4tes \u00e0 Nendaz - 4 vallees, est l'un des secrets les mieux gard\u00e9s de la Suisse.","og_url":"https:\/\/alpine-comfort.com\/fr\/4-vallees\/","og_site_name":"Alpine Comfort","article_modified_time":"2017-04-17T06:22:10+00:00","twitter_misc":{"Dur\u00e9e de lecture estim\u00e9e":"2 minutes"},"schema":{"@context":"https:\/\/schema.org","@graph":[{"@type":"WebPage","@id":"https:\/\/alpine-comfort.com\/fr\/4-vallees\/","url":"https:\/\/alpine-comfort.com\/fr\/4-vallees\/","name":"4 Vall\u00e9es - Alpine Comfort","isPartOf":{"@id":"https:\/\/alpine-comfort.com\/#website"},"datePublished":"2015-02-24T21:22:36+00:00","dateModified":"2017-04-17T06:22:10+00:00","description":"Notre luxe chalet chambre d'h\u00f4tes \u00e0 Nendaz - 4 vallees, est l'un des secrets les mieux gard\u00e9s de la Suisse.","inLanguage":"fr-FR","potentialAction":[{"@type":"ReadAction","target":["https:\/\/alpine-comfort.com\/fr\/4-vallees\/"]}]},{"@type":"WebSite","@id":"https:\/\/alpine-comfort.com\/#website","url":"https:\/\/alpine-comfort.com\/","name":"Alpine Comfort","description":"Pure Luxury Mountain Accommodation","potentialAction":[{"@type":"SearchAction","target":{"@type":"EntryPoint","urlTemplate":"https:\/\/alpine-comfort.com\/?s={search_term_string}"},"query-input":{"@type":"PropertyValueSpecification","valueRequired":true,"valueName":"search_term_string"}}],"inLanguage":"fr-FR"}]}},"_links":{"self":[{"href":"https:\/\/alpine-comfort.com\/fr\/wp-json\/wp\/v2\/pages\/9657","targetHints":{"allow":["GET"]}}],"collection":[{"href":"https:\/\/alpine-comfort.com\/fr\/wp-json\/wp\/v2\/pages"}],"about":[{"href":"https:\/\/alpine-comfort.com\/fr\/wp-json\/wp\/v2\/types\/page"}],"author":[{"embeddable":true,"href":"https:\/\/alpine-comfort.com\/fr\/wp-json\/wp\/v2\/users\/1"}],"replies":[{"embeddable":true,"href":"https:\/\/alpine-comfort.com\/fr\/wp-json\/wp\/v2\/comments?post=9657"}],"version-history":[{"count":4,"href":"https:\/\/alpine-comfort.com\/fr\/wp-json\/wp\/v2\/pages\/9657\/revisions"}],"predecessor-version":[{"id":9763,"href":"https:\/\/alpine-comfort.com\/fr\/wp-json\/wp\/v2\/pages\/9657\/revisions\/9763"}],"wp:attachment":[{"href":"https:\/\/alpine-comfort.com\/fr\/wp-json\/wp\/v2\/media?parent=9657"}],"curies":[{"name":"wp","href":"https:\/\/api.w.org\/{rel}","templated":true}]}}