{"id":9661,"date":"2015-02-24T21:32:00","date_gmt":"2015-02-24T21:32:00","guid":{"rendered":"http:\/\/www.alpine-comfort.com\/service-2\/"},"modified":"2026-04-04T15:39:56","modified_gmt":"2026-04-04T15:39:56","slug":"notre-service","status":"publish","type":"page","link":"https:\/\/alpine-comfort.com\/fr\/notre-service\/","title":{"rendered":"Notre Service"},"content":{"rendered":"<p>Nous disposons d&rsquo;une mine d&rsquo;informations et de connaissances locales que nous sommes ravis de partager avec vous pour vous aider \u00e0 organiser et \u00e0 profiter pleinement de vos vacances d&rsquo;hiver de r\u00eave dans les Alpes suisses.<\/p>\n<p>Pour certains, ce sont peut-\u00eatre les petites attentions, comme les produits de toilette Molton Brown que vous trouverez dans votre chambre, ou tout simplement le confort de notre chalet chaleureux et accueillant.<\/p>\n<p>Notre service de qualit\u00e9 vous offre tout ce dont vous avez besoin<\/p>\n<ul>\n<li>Aide \u00e0 la r\u00e9servation de vos vacances<\/li>\n<li>Connaissance du terroir<\/li>\n<li>Jacuzzi ext\u00e9rieur de luxe<\/li>\n<li>Produits de toilette Molton Brown<\/li>\n<li>Aide pour toutes les activit\u00e9s estivales<\/li>\n<li>Aide et r\u00e9duction pour l&rsquo;ajustement du mat\u00e9riel de ski et le retrait des forfaits<\/li>\n<\/ul>\n","protected":false},"excerpt":{"rendered":"<p>Nous disposons d&rsquo;une mine d&rsquo;informations et de connaissances locales que nous sommes ravis de partager avec vous pour vous aider \u00e0 organiser et \u00e0 profiter pleinement de vos vacances d&rsquo;hiver de r\u00eave dans les Alpes suisses. Pour certains, ce sont peut-\u00eatre les petites attentions, comme les produits de toilette Molton Brown que vous trouverez dans votre chambre, ou tout simplement le confort de notre chalet chaleureux et accueillant. Notre service de qualit\u00e9 vous offre tout ce dont vous avez besoin Aide \u00e0 la r\u00e9servation de vos vacances Connaissance du terroir Jacuzzi ext\u00e9rieur de luxe Produits de toilette Molton Brown Aide pour toutes les activit\u00e9s estivales Aide et r\u00e9duction pour l&rsquo;ajustement du mat\u00e9riel de ski et le retrait des forfaits<\/p>\n","protected":false},"author":1,"featured_media":0,"parent":0,"menu_order":0,"comment_status":"open","ping_status":"open","template":"side-navigation.php","meta":{"footnotes":""},"class_list":["post-9661","page","type-page","status-publish","hentry"],"yoast_head":"<!-- This site is optimized with the Yoast SEO plugin v27.3 - https:\/\/yoast.com\/product\/yoast-seo-wordpress\/ -->\n<title>Service de luxe Chalets de ski | Chauffeur, Champagne &amp; Ski<\/title>\n<meta name=\"description\" content=\"Au Chalet Cygnet vous pouvez r\u00e9server le chalet sur un paquet en pension compl\u00e8te, un s\u00e9jour en B &amp; B ou sur uniquement la location sans service.\" \/>\n<meta name=\"robots\" content=\"index, follow, max-snippet:-1, max-image-preview:large, max-video-preview:-1\" \/>\n<link rel=\"canonical\" href=\"https:\/\/alpine-comfort.com\/fr\/notre-service\/\" \/>\n<meta property=\"og:locale\" content=\"fr_FR\" \/>\n<meta property=\"og:type\" content=\"article\" \/>\n<meta property=\"og:title\" content=\"Service de luxe Chalets de ski | Chauffeur, Champagne &amp; Ski\" \/>\n<meta property=\"og:description\" content=\"Au Chalet Cygnet vous pouvez r\u00e9server le chalet sur un paquet en pension compl\u00e8te, un s\u00e9jour en B &amp; B ou sur uniquement la location sans service.\" \/>\n<meta property=\"og:url\" content=\"https:\/\/alpine-comfort.com\/fr\/notre-service\/\" \/>\n<meta property=\"og:site_name\" content=\"Alpine Comfort\" \/>\n<meta property=\"article:modified_time\" content=\"2026-04-04T15:39:56+00:00\" \/>\n<meta name=\"twitter:label1\" content=\"Dur\u00e9e de lecture estim\u00e9e\" \/>\n\t<meta name=\"twitter:data1\" content=\"1 minute\" \/>\n<script type=\"application\/ld+json\" class=\"yoast-schema-graph\">{\"@context\":\"https:\\\/\\\/schema.org\",\"@graph\":[{\"@type\":\"WebPage\",\"@id\":\"https:\\\/\\\/alpine-comfort.com\\\/fr\\\/notre-service\\\/\",\"url\":\"https:\\\/\\\/alpine-comfort.com\\\/fr\\\/notre-service\\\/\",\"name\":\"Service de luxe Chalets de ski | Chauffeur, Champagne & Ski\",\"isPartOf\":{\"@id\":\"https:\\\/\\\/alpine-comfort.com\\\/#website\"},\"datePublished\":\"2015-02-24T21:32:00+00:00\",\"dateModified\":\"2026-04-04T15:39:56+00:00\",\"description\":\"Au Chalet Cygnet vous pouvez r\u00e9server le chalet sur un paquet en pension compl\u00e8te, un s\u00e9jour en B & B ou sur uniquement la location sans service.\",\"inLanguage\":\"fr-FR\",\"potentialAction\":[{\"@type\":\"ReadAction\",\"target\":[\"https:\\\/\\\/alpine-comfort.com\\\/fr\\\/notre-service\\\/\"]}]},{\"@type\":\"WebSite\",\"@id\":\"https:\\\/\\\/alpine-comfort.com\\\/#website\",\"url\":\"https:\\\/\\\/alpine-comfort.com\\\/\",\"name\":\"Alpine Comfort\",\"description\":\"Pure Luxury Mountain Accommodation\",\"potentialAction\":[{\"@type\":\"SearchAction\",\"target\":{\"@type\":\"EntryPoint\",\"urlTemplate\":\"https:\\\/\\\/alpine-comfort.com\\\/?s={search_term_string}\"},\"query-input\":{\"@type\":\"PropertyValueSpecification\",\"valueRequired\":true,\"valueName\":\"search_term_string\"}}],\"inLanguage\":\"fr-FR\"}]}<\/script>\n<!-- \/ Yoast SEO plugin. -->","yoast_head_json":{"title":"Service de luxe Chalets de ski | Chauffeur, Champagne & Ski","description":"Au Chalet Cygnet vous pouvez r\u00e9server le chalet sur un paquet en pension compl\u00e8te, un s\u00e9jour en B & B ou sur uniquement la location sans service.","robots":{"index":"index","follow":"follow","max-snippet":"max-snippet:-1","max-image-preview":"max-image-preview:large","max-video-preview":"max-video-preview:-1"},"canonical":"https:\/\/alpine-comfort.com\/fr\/notre-service\/","og_locale":"fr_FR","og_type":"article","og_title":"Service de luxe Chalets de ski | Chauffeur, Champagne & Ski","og_description":"Au Chalet Cygnet vous pouvez r\u00e9server le chalet sur un paquet en pension compl\u00e8te, un s\u00e9jour en B & B ou sur uniquement la location sans service.","og_url":"https:\/\/alpine-comfort.com\/fr\/notre-service\/","og_site_name":"Alpine Comfort","article_modified_time":"2026-04-04T15:39:56+00:00","twitter_misc":{"Dur\u00e9e de lecture estim\u00e9e":"1 minute"},"schema":{"@context":"https:\/\/schema.org","@graph":[{"@type":"WebPage","@id":"https:\/\/alpine-comfort.com\/fr\/notre-service\/","url":"https:\/\/alpine-comfort.com\/fr\/notre-service\/","name":"Service de luxe Chalets de ski | Chauffeur, Champagne & Ski","isPartOf":{"@id":"https:\/\/alpine-comfort.com\/#website"},"datePublished":"2015-02-24T21:32:00+00:00","dateModified":"2026-04-04T15:39:56+00:00","description":"Au Chalet Cygnet vous pouvez r\u00e9server le chalet sur un paquet en pension compl\u00e8te, un s\u00e9jour en B & B ou sur uniquement la location sans service.","inLanguage":"fr-FR","potentialAction":[{"@type":"ReadAction","target":["https:\/\/alpine-comfort.com\/fr\/notre-service\/"]}]},{"@type":"WebSite","@id":"https:\/\/alpine-comfort.com\/#website","url":"https:\/\/alpine-comfort.com\/","name":"Alpine Comfort","description":"Pure Luxury Mountain Accommodation","potentialAction":[{"@type":"SearchAction","target":{"@type":"EntryPoint","urlTemplate":"https:\/\/alpine-comfort.com\/?s={search_term_string}"},"query-input":{"@type":"PropertyValueSpecification","valueRequired":true,"valueName":"search_term_string"}}],"inLanguage":"fr-FR"}]}},"_links":{"self":[{"href":"https:\/\/alpine-comfort.com\/fr\/wp-json\/wp\/v2\/pages\/9661","targetHints":{"allow":["GET"]}}],"collection":[{"href":"https:\/\/alpine-comfort.com\/fr\/wp-json\/wp\/v2\/pages"}],"about":[{"href":"https:\/\/alpine-comfort.com\/fr\/wp-json\/wp\/v2\/types\/page"}],"author":[{"embeddable":true,"href":"https:\/\/alpine-comfort.com\/fr\/wp-json\/wp\/v2\/users\/1"}],"replies":[{"embeddable":true,"href":"https:\/\/alpine-comfort.com\/fr\/wp-json\/wp\/v2\/comments?post=9661"}],"version-history":[{"count":5,"href":"https:\/\/alpine-comfort.com\/fr\/wp-json\/wp\/v2\/pages\/9661\/revisions"}],"predecessor-version":[{"id":12114,"href":"https:\/\/alpine-comfort.com\/fr\/wp-json\/wp\/v2\/pages\/9661\/revisions\/12114"}],"wp:attachment":[{"href":"https:\/\/alpine-comfort.com\/fr\/wp-json\/wp\/v2\/media?parent=9661"}],"curies":[{"name":"wp","href":"https:\/\/api.w.org\/{rel}","templated":true}]}}