{"id":9663,"date":"2015-02-24T21:36:44","date_gmt":"2015-02-24T21:36:44","guid":{"rendered":"http:\/\/www.alpine-comfort.com\/notre-service\/self-catered\/"},"modified":"2017-06-05T13:27:47","modified_gmt":"2017-06-05T13:27:47","slug":"gestion-autonome","status":"publish","type":"page","link":"https:\/\/alpine-comfort.com\/fr\/notre-service\/gestion-autonome\/","title":{"rendered":"Gestion Autonome"},"content":{"rendered":"<p>Notre bel appartement de chalet sur deux \u00e9tages est maintenant \u00e9galement disponible sur une base autonome, sans service. Les deux chambres confortables, chacune avec salle de bains privative sont situ\u00e9es au premier \u00e9tage et partagent un balcon.<\/p>\n<p>Il ya un salon et salle \u00e0 manger spacieuse avec feu de la combustion du bois et chauffage au sol. La cuisine \u00e0 tout ce dont vous avez besoin, micro-ondes, machine \u00e0 caf\u00e9 Nespresso, mixeur et beaucoup plus pour vous assurer que vos repas sont faits maison comme \u00e0 la maison.<\/p>\n<p>Notre jacuzzi ext\u00e9rieur priv\u00e9 offre des vues panoramiques tandis que les jets de massage aident \u00e0 d\u00e9tendre votre corps.<\/p>\n<p>A votre arriv\u00e9e, nous vous accueillir et expliquer quelques petites choses autour du chalet. Si vous avez besoin des informations vitales sur la r\u00e9gion, nous sommes heureux de marquer le tout sur une carte locale disponible au chalet.<\/p>\n<p>Deux fois par semaine, notre personnel viendra pour\u00a0 donner un petit nettoyage au chalet, consultez le bain \u00e0 remous et juste se assurer que tout est bien.<br \/>\nLe chalet dispose d&rsquo;un appartement inf\u00e9rieur s\u00e9par\u00e9 o\u00f9 vivent les propri\u00e9taires. Les deux quartiers d&rsquo;habitation sont autonomes, et il ya deux entr\u00e9es s\u00e9par\u00e9es de sorte que votre vie priv\u00e9e est garantie.<br \/>\nNous pouvons \u00e9galement offrir 20% de votre location de mat\u00e9riel de ski<\/p>\n<h2>Inclus dans le prix<strong><br \/>\n<\/strong><\/h2>\n<ul>\n<li>Chalet appartement utilisation de luxe exclusif<strong>\u00a0\u00a0\u00a0\u00a0 <\/strong><\/li>\n<li>cadeau de bienvenue<\/li>\n<li>Cuisine \u00e9quip\u00e9e<\/li>\n<li>Service de blanchisserie gratuit<\/li>\n<li>Toute la literie et des serviettes pour les clients ayant r\u00e9serv\u00e9<\/li>\n<li>Serviette de jacuzzi et d&rsquo;un peignoir<\/li>\n<li>Les produits de toilette de luxe Molton Brown<\/li>\n<li>S\u00e8che-cheveux Brown<\/li>\n<li>Fin de s\u00e9jour chalet propre<\/li>\n<li>2 nettoyage durent la semain<\/li>\n<li>WIFI gratuit<\/li>\n<li>TV et DVD<\/li>\n<li>Informations Resort brochure<\/li>\n<li>Dans aide de dernier recours<\/li>\n<\/ul>\n<h2>Ne pas compris<\/h2>\n<div class=\"fusion-one-half one_half fusion-column\">\n<ul class=\"fusion-checklist\">\n<li class=\"fusion-li-item size-small\"><span class=\"fusion-li-item-content\">Le voyage \u00e0 destination de la station de ski<\/span><\/li>\n<li class=\"fusion-li-item size-small\"><i class=\"fusion-li-icon fa fa-check\"><\/i><span class=\"fusion-li-item-content\">Les taxes touristiques locales<\/span><\/li>\n<li class=\"fusion-li-item size-small\"><i class=\"fusion-li-icon fa fa-check\"><\/i><span class=\"fusion-li-item-content\">L\u2019assurance<\/span><\/li>\n<li class=\"fusion-li-item size-small\"><i class=\"fusion-li-icon fa fa-check\"><\/i><span class=\"fusion-li-item-content\">Le forfait Remont\u00e9es m\u00e9caniques<\/span><\/li>\n<li class=\"fusion-li-item size-small\"><i class=\"fusion-li-icon fa fa-check\"><\/i><span class=\"fusion-li-item-content\">Toute autre activit\u00e9<\/span><\/li>\n<\/ul>\n<\/div>\n","protected":false},"excerpt":{"rendered":"<p>Notre bel appartement de chalet sur deux \u00e9tages est maintenant \u00e9galement disponible sur une base autonome, sans service. Les deux chambres confortables, chacune avec salle de bains privative sont situ\u00e9es au premier \u00e9tage et partagent un balcon. Il ya un salon et salle \u00e0 manger spacieuse avec feu de la combustion du bois et chauffage au sol. La cuisine \u00e0 tout ce dont vous avez besoin, micro-ondes, machine \u00e0 caf\u00e9 Nespresso, mixeur et beaucoup plus pour vous assurer que vos repas sont faits maison comme \u00e0 la maison. Notre jacuzzi ext\u00e9rieur priv\u00e9 offre des vues panoramiques tandis que les jets de massage aident \u00e0 d\u00e9tendre votre corps. A votre arriv\u00e9e, nous vous accueillir et expliquer quelques petites choses autour du chalet. Si vous avez besoin des informations vitales sur la r\u00e9gion, nous sommes heureux de marquer le tout sur une carte locale disponible au chalet. Deux fois par semaine, notre personnel viendra pour\u00a0 donner un petit nettoyage au chalet, consultez le bain \u00e0 remous et juste se assurer que tout est bien. Le chalet dispose d&rsquo;un appartement inf\u00e9rieur s\u00e9par\u00e9 o\u00f9 vivent les propri\u00e9taires. Les deux quartiers d&rsquo;habitation sont autonomes, et il ya deux entr\u00e9es s\u00e9par\u00e9es de sorte que votre vie priv\u00e9e est garantie. Nous pouvons \u00e9galement offrir 20% de votre location de mat\u00e9riel de ski Inclus dans le prix Chalet appartement utilisation de luxe exclusif\u00a0\u00a0\u00a0\u00a0 cadeau de bienvenue Cuisine \u00e9quip\u00e9e Service de blanchisserie gratuit Toute la literie et des serviettes pour les clients ayant r\u00e9serv\u00e9 Serviette de jacuzzi et d&rsquo;un peignoir Les produits de toilette de luxe Molton Brown S\u00e8che-cheveux Brown Fin de s\u00e9jour chalet propre 2 nettoyage durent la semain WIFI gratuit TV et DVD Informations Resort brochure Dans aide de dernier recours Ne  [&#8230;]<\/p>\n","protected":false},"author":1,"featured_media":0,"parent":9661,"menu_order":43,"comment_status":"open","ping_status":"open","template":"side-navigation.php","meta":{"footnotes":""},"class_list":["post-9663","page","type-page","status-publish","hentry"],"yoast_head":"<!-- This site is optimized with the Yoast SEO plugin v27.3 - https:\/\/yoast.com\/product\/yoast-seo-wordpress\/ -->\n<title>Alpine Chalets de luxe \u00e0 Nendaz, 4 Vall\u00e9es, Suisse<\/title>\n<meta name=\"description\" content=\"Notre bel appartement de chalet sur deux \u00e9tages est maintenant \u00e9galement disponible sur une base autonome, sans service. Chalet location Nendaz\" \/>\n<meta name=\"robots\" content=\"index, follow, max-snippet:-1, max-image-preview:large, max-video-preview:-1\" \/>\n<link rel=\"canonical\" href=\"https:\/\/alpine-comfort.com\/fr\/notre-service\/gestion-autonome\/\" \/>\n<meta property=\"og:locale\" content=\"fr_FR\" \/>\n<meta property=\"og:type\" content=\"article\" \/>\n<meta property=\"og:title\" content=\"Alpine Chalets de luxe \u00e0 Nendaz, 4 Vall\u00e9es, Suisse\" \/>\n<meta property=\"og:description\" content=\"Notre bel appartement de chalet sur deux \u00e9tages est maintenant \u00e9galement disponible sur une base autonome, sans service. Chalet location Nendaz\" \/>\n<meta property=\"og:url\" content=\"https:\/\/alpine-comfort.com\/fr\/notre-service\/gestion-autonome\/\" \/>\n<meta property=\"og:site_name\" content=\"Alpine Comfort\" \/>\n<meta property=\"article:modified_time\" content=\"2017-06-05T13:27:47+00:00\" \/>\n<meta name=\"twitter:label1\" content=\"Dur\u00e9e de lecture estim\u00e9e\" \/>\n\t<meta name=\"twitter:data1\" content=\"2 minutes\" \/>\n<script type=\"application\/ld+json\" class=\"yoast-schema-graph\">{\"@context\":\"https:\\\/\\\/schema.org\",\"@graph\":[{\"@type\":\"WebPage\",\"@id\":\"https:\\\/\\\/alpine-comfort.com\\\/fr\\\/notre-service\\\/gestion-autonome\\\/\",\"url\":\"https:\\\/\\\/alpine-comfort.com\\\/fr\\\/notre-service\\\/gestion-autonome\\\/\",\"name\":\"Alpine Chalets de luxe \u00e0 Nendaz, 4 Vall\u00e9es, Suisse\",\"isPartOf\":{\"@id\":\"https:\\\/\\\/alpine-comfort.com\\\/#website\"},\"datePublished\":\"2015-02-24T21:36:44+00:00\",\"dateModified\":\"2017-06-05T13:27:47+00:00\",\"description\":\"Notre bel appartement de chalet sur deux \u00e9tages est maintenant \u00e9galement disponible sur une base autonome, sans service. Chalet location Nendaz\",\"breadcrumb\":{\"@id\":\"https:\\\/\\\/alpine-comfort.com\\\/fr\\\/notre-service\\\/gestion-autonome\\\/#breadcrumb\"},\"inLanguage\":\"fr-FR\",\"potentialAction\":[{\"@type\":\"ReadAction\",\"target\":[\"https:\\\/\\\/alpine-comfort.com\\\/fr\\\/notre-service\\\/gestion-autonome\\\/\"]}]},{\"@type\":\"BreadcrumbList\",\"@id\":\"https:\\\/\\\/alpine-comfort.com\\\/fr\\\/notre-service\\\/gestion-autonome\\\/#breadcrumb\",\"itemListElement\":[{\"@type\":\"ListItem\",\"position\":1,\"name\":\"Notre Service\",\"item\":\"https:\\\/\\\/alpine-comfort.com\\\/fr\\\/notre-service\\\/\"},{\"@type\":\"ListItem\",\"position\":2,\"name\":\"Gestion Autonome\"}]},{\"@type\":\"WebSite\",\"@id\":\"https:\\\/\\\/alpine-comfort.com\\\/#website\",\"url\":\"https:\\\/\\\/alpine-comfort.com\\\/\",\"name\":\"Alpine Comfort\",\"description\":\"Pure Luxury Mountain Accommodation\",\"potentialAction\":[{\"@type\":\"SearchAction\",\"target\":{\"@type\":\"EntryPoint\",\"urlTemplate\":\"https:\\\/\\\/alpine-comfort.com\\\/?s={search_term_string}\"},\"query-input\":{\"@type\":\"PropertyValueSpecification\",\"valueRequired\":true,\"valueName\":\"search_term_string\"}}],\"inLanguage\":\"fr-FR\"}]}<\/script>\n<!-- \/ Yoast SEO plugin. -->","yoast_head_json":{"title":"Alpine Chalets de luxe \u00e0 Nendaz, 4 Vall\u00e9es, Suisse","description":"Notre bel appartement de chalet sur deux \u00e9tages est maintenant \u00e9galement disponible sur une base autonome, sans service. Chalet location Nendaz","robots":{"index":"index","follow":"follow","max-snippet":"max-snippet:-1","max-image-preview":"max-image-preview:large","max-video-preview":"max-video-preview:-1"},"canonical":"https:\/\/alpine-comfort.com\/fr\/notre-service\/gestion-autonome\/","og_locale":"fr_FR","og_type":"article","og_title":"Alpine Chalets de luxe \u00e0 Nendaz, 4 Vall\u00e9es, Suisse","og_description":"Notre bel appartement de chalet sur deux \u00e9tages est maintenant \u00e9galement disponible sur une base autonome, sans service. Chalet location Nendaz","og_url":"https:\/\/alpine-comfort.com\/fr\/notre-service\/gestion-autonome\/","og_site_name":"Alpine Comfort","article_modified_time":"2017-06-05T13:27:47+00:00","twitter_misc":{"Dur\u00e9e de lecture estim\u00e9e":"2 minutes"},"schema":{"@context":"https:\/\/schema.org","@graph":[{"@type":"WebPage","@id":"https:\/\/alpine-comfort.com\/fr\/notre-service\/gestion-autonome\/","url":"https:\/\/alpine-comfort.com\/fr\/notre-service\/gestion-autonome\/","name":"Alpine Chalets de luxe \u00e0 Nendaz, 4 Vall\u00e9es, Suisse","isPartOf":{"@id":"https:\/\/alpine-comfort.com\/#website"},"datePublished":"2015-02-24T21:36:44+00:00","dateModified":"2017-06-05T13:27:47+00:00","description":"Notre bel appartement de chalet sur deux \u00e9tages est maintenant \u00e9galement disponible sur une base autonome, sans service. Chalet location Nendaz","breadcrumb":{"@id":"https:\/\/alpine-comfort.com\/fr\/notre-service\/gestion-autonome\/#breadcrumb"},"inLanguage":"fr-FR","potentialAction":[{"@type":"ReadAction","target":["https:\/\/alpine-comfort.com\/fr\/notre-service\/gestion-autonome\/"]}]},{"@type":"BreadcrumbList","@id":"https:\/\/alpine-comfort.com\/fr\/notre-service\/gestion-autonome\/#breadcrumb","itemListElement":[{"@type":"ListItem","position":1,"name":"Notre Service","item":"https:\/\/alpine-comfort.com\/fr\/notre-service\/"},{"@type":"ListItem","position":2,"name":"Gestion Autonome"}]},{"@type":"WebSite","@id":"https:\/\/alpine-comfort.com\/#website","url":"https:\/\/alpine-comfort.com\/","name":"Alpine Comfort","description":"Pure Luxury Mountain Accommodation","potentialAction":[{"@type":"SearchAction","target":{"@type":"EntryPoint","urlTemplate":"https:\/\/alpine-comfort.com\/?s={search_term_string}"},"query-input":{"@type":"PropertyValueSpecification","valueRequired":true,"valueName":"search_term_string"}}],"inLanguage":"fr-FR"}]}},"_links":{"self":[{"href":"https:\/\/alpine-comfort.com\/fr\/wp-json\/wp\/v2\/pages\/9663","targetHints":{"allow":["GET"]}}],"collection":[{"href":"https:\/\/alpine-comfort.com\/fr\/wp-json\/wp\/v2\/pages"}],"about":[{"href":"https:\/\/alpine-comfort.com\/fr\/wp-json\/wp\/v2\/types\/page"}],"author":[{"embeddable":true,"href":"https:\/\/alpine-comfort.com\/fr\/wp-json\/wp\/v2\/users\/1"}],"replies":[{"embeddable":true,"href":"https:\/\/alpine-comfort.com\/fr\/wp-json\/wp\/v2\/comments?post=9663"}],"version-history":[{"count":4,"href":"https:\/\/alpine-comfort.com\/fr\/wp-json\/wp\/v2\/pages\/9663\/revisions"}],"predecessor-version":[{"id":9766,"href":"https:\/\/alpine-comfort.com\/fr\/wp-json\/wp\/v2\/pages\/9663\/revisions\/9766"}],"up":[{"embeddable":true,"href":"https:\/\/alpine-comfort.com\/fr\/wp-json\/wp\/v2\/pages\/9661"}],"wp:attachment":[{"href":"https:\/\/alpine-comfort.com\/fr\/wp-json\/wp\/v2\/media?parent=9663"}],"curies":[{"name":"wp","href":"https:\/\/api.w.org\/{rel}","templated":true}]}}